{"id":10003,"date":"2016-12-01T15:18:52","date_gmt":"2016-12-01T13:18:52","guid":{"rendered":"http:\/\/www.worldofart.org\/aktualno\/?page_id=10003"},"modified":"2018-07-17T09:00:46","modified_gmt":"2018-07-17T07:00:46","slug":"v-branje","status":"publish","type":"page","link":"https:\/\/www.worldofart.org\/arhiv.worldofart.org\/aktualno\/v-branje","title":{"rendered":"V branje"},"content":{"rendered":"<div class=\"scca-articles-grid\">\n<div class=\"col-md-12 col-sm-12 grid\">\n<div class=\"featured-thumb col-md-4 col-sm-4\"><a href=\"https:\/\/www.worldofart.org\/arhiv.worldofart.org\/aktualno\/zborniki\"><img loading=\"lazy\" decoding=\"async\" src=\"https:\/\/www.worldofart.org\/arhiv.worldofart.org\/aktualno\/wp-content\/uploads\/2012\/10\/svet7-14-big-338x430.jpg\" alt=\"\" width=\"338\" height=\"430\" class=\"alignnone size-medium wp-image-13082\" srcset=\"https:\/\/www.worldofart.org\/arhiv.worldofart.org\/aktualno\/wp-content\/uploads\/2012\/10\/svet7-14-big-338x430.jpg 338w, https:\/\/www.worldofart.org\/arhiv.worldofart.org\/aktualno\/wp-content\/uploads\/2012\/10\/svet7-14-big.jpg 500w\" sizes=\"(max-width: 338px) 100vw, 338px\" \/><\/a><\/div>\n<div class=\"out-thumb col-md-8 col-sm-8\">\n<h4><a href=\"https:\/\/www.worldofart.org\/arhiv.worldofart.org\/aktualno\/zborniki\"><strong>Zborniki Svet umetnosti<\/strong><\/a><br \/>\n<a href=\"https:\/\/www.worldofart.org\/arhiv.worldofart.org\/aktualno\/archives\/category\/iz-arhiva\"><strong>Iz arhiva<\/strong><\/a><\/h4>\n<\/div>\n<\/div>\n<hr \/>\n<div class=\"col-md-12 col-sm-12 grid\">\n<div class=\"featured-thumb col-md-4 col-sm-4\"><a href=\"https:\/\/www.worldofart.org\/arhiv.worldofart.org\/aktualno\/publikacije\"><img loading=\"lazy\" decoding=\"async\" src=\"https:\/\/www.worldofart.org\/arhiv.worldofart.org\/aktualno\/wp-content\/uploads\/2018\/06\/ONCURATING_Issue14-1-338x478.png\" alt=\"\" width=\"338\" height=\"478\" class=\"alignnone size-medium wp-image-13004\" srcset=\"https:\/\/www.worldofart.org\/arhiv.worldofart.org\/aktualno\/wp-content\/uploads\/2018\/06\/ONCURATING_Issue14-1-338x478.png 338w, https:\/\/www.worldofart.org\/arhiv.worldofart.org\/aktualno\/wp-content\/uploads\/2018\/06\/ONCURATING_Issue14-1-768x1086.png 768w, https:\/\/www.worldofart.org\/arhiv.worldofart.org\/aktualno\/wp-content\/uploads\/2018\/06\/ONCURATING_Issue14-1-730x1032.png 730w, https:\/\/www.worldofart.org\/arhiv.worldofart.org\/aktualno\/wp-content\/uploads\/2018\/06\/ONCURATING_Issue14-1.png 800w\" sizes=\"(max-width: 338px) 100vw, 338px\" \/><\/a><\/div>\n<div class=\"out-thumb col-md-8 col-sm-8\">\n<h4><a href=\"https:\/\/www.worldofart.org\/arhiv.worldofart.org\/aktualno\/publikacije\"><strong>Spletne publikacije in publikacije mednarodnih projektov<\/strong><\/a><\/h4>\n<\/div>\n<\/div>\n<hr \/>\n<div class=\"col-md-12 col-sm-12 grid\">\n<div class=\"featured-thumb col-md-4 col-sm-4\"><a href=\"https:\/\/www.worldofart.org\/arhiv.worldofart.org\/aktualno\/v-branje\/katalogi-koncnih-razstav-sveta-umetnosti\"><img loading=\"lazy\" decoding=\"async\" src=\"https:\/\/www.worldofart.org\/arhiv.worldofart.org\/aktualno\/wp-content\/uploads\/2018\/06\/katalog_naslovnica_2-338x424.png\" alt=\"\" width=\"338\" height=\"424\" class=\"alignnone size-medium wp-image-12988\" srcset=\"https:\/\/www.worldofart.org\/arhiv.worldofart.org\/aktualno\/wp-content\/uploads\/2018\/06\/katalog_naslovnica_2-338x424.png 338w, https:\/\/www.worldofart.org\/arhiv.worldofart.org\/aktualno\/wp-content\/uploads\/2018\/06\/katalog_naslovnica_2.png 400w\" sizes=\"(max-width: 338px) 100vw, 338px\" \/><\/a><\/div>\n<div class=\"out-thumb col-md-8 col-sm-8\">\n<h4><a href=\"https:\/\/www.worldofart.org\/arhiv.worldofart.org\/aktualno\/v-branje\/katalogi-koncnih-razstav-sveta-umetnosti\"><strong>Katalogi kon\u010dnih razstav Sveta umetnosti<\/strong><\/a><\/h4>\n<\/div>\n<\/div>\n<hr \/>\n<div class=\"col-md-12 col-sm-12 grid\">\n<div class=\"featured-thumb col-md-4 col-sm-4\"><img decoding=\"async\" src=\"https:\/\/www.worldofart.org\/arhiv.worldofart.org\/aktualno\/wp-content\/uploads\/2016\/01\/Narobe-obrnjeno-ne-tako-bela-kocka_foto-matevz-paternoster2.jpg\" alt=\"\" width=\"338\" class=\"alignnone size-full wp-image-8290\" srcset=\"https:\/\/www.worldofart.org\/arhiv.worldofart.org\/aktualno\/wp-content\/uploads\/2016\/01\/Narobe-obrnjeno-ne-tako-bela-kocka_foto-matevz-paternoster2.jpg 600w, https:\/\/www.worldofart.org\/arhiv.worldofart.org\/aktualno\/wp-content\/uploads\/2016\/01\/Narobe-obrnjeno-ne-tako-bela-kocka_foto-matevz-paternoster2-300x225.jpg 300w\" sizes=\"(max-width: 600px) 100vw, 600px\" \/><\/div>\n<div class=\"out-thumb col-md-8 col-sm-8\">\n<h4><a href=\"https:\/\/www.worldofart.org\/arhiv.worldofart.org\/aktualno\/archives\/category\/kritike-razstav-analize-del\"><strong>Kritike razstav \/ analize del<\/strong><\/a><br \/>\n<a href=\"https:\/\/www.worldofart.org\/arhiv.worldofart.org\/aktualno\/archives\/category\/porocila\"><strong>Poro\u010dila<\/strong><\/a><\/h4>\n<p>Vabljeni k branju kritik razstav, analiz umetni\u0161kih del, poro\u010dil, ki so jih na seminarju iz pisanja spisali udele\u017eenci in udele\u017eenke \u0161ole.\n<\/p><\/div>\n<\/div>\n<hr \/>\n<div class=\"col-md-12 col-sm-12 grid\">\n<div class=\"featured-thumb col-md-4 col-sm-4\"><img decoding=\"async\" src=\"https:\/\/www.worldofart.org\/arhiv.worldofart.org\/aktualno\/wp-content\/uploads\/2016\/03\/Predavanje_Thijs-Lijster_Projektna_2.jpg\" alt=\"\" width=\"338\" class=\"alignnone size-full wp-image-8534\" srcset=\"https:\/\/www.worldofart.org\/arhiv.worldofart.org\/aktualno\/wp-content\/uploads\/2016\/03\/Predavanje_Thijs-Lijster_Projektna_2.jpg 800w, https:\/\/www.worldofart.org\/arhiv.worldofart.org\/aktualno\/wp-content\/uploads\/2016\/03\/Predavanje_Thijs-Lijster_Projektna_2-300x225.jpg 300w, https:\/\/www.worldofart.org\/arhiv.worldofart.org\/aktualno\/wp-content\/uploads\/2016\/03\/Predavanje_Thijs-Lijster_Projektna_2-768x576.jpg 768w\" sizes=\"(max-width: 800px) 100vw, 800px\" \/><\/div>\n<div class=\"out-thumb col-md-8 col-sm-8\">\n<h4><a href=\"https:\/\/www.worldofart.org\/arhiv.worldofart.org\/aktualno\/archives\/category\/predavanja-in-pogovori\"><strong>Predavanja in pogovori<\/strong><\/a><br \/>\n<a href=\"https:\/\/www.worldofart.org\/arhiv.worldofart.org\/aktualno\/archives\/category\/simpoziji-in-posveti\"><strong>Simpoziji in posveti<\/strong><\/a><\/h4>\n<\/div>\n<\/div>\n<hr \/>\n<div class=\"col-md-12 col-sm-12 grid\">\n<div class=\"featured-thumb col-md-4 col-sm-4\"><a href=\"https:\/\/www.worldofart.org\/arhiv.worldofart.org\/aktualno\/rubrika-su-v-likovnih-besedah\"><img decoding=\"async\" src=\"https:\/\/www.worldofart.org\/arhiv.worldofart.org\/aktualno\/wp-content\/uploads\/2012\/08\/likovne-besede.jpg\" alt=\"\" width=\"338\" class=\"alignnone size-full wp-image-9872\" srcset=\"https:\/\/www.worldofart.org\/arhiv.worldofart.org\/aktualno\/wp-content\/uploads\/2012\/08\/likovne-besede.jpg 947w, https:\/\/www.worldofart.org\/arhiv.worldofart.org\/aktualno\/wp-content\/uploads\/2012\/08\/likovne-besede-300x65.jpg 300w, https:\/\/www.worldofart.org\/arhiv.worldofart.org\/aktualno\/wp-content\/uploads\/2012\/08\/likovne-besede-768x165.jpg 768w\" sizes=\"(max-width: 947px) 100vw, 947px\" \/><\/a><\/div>\n<div class=\"out-thumb col-md-8 col-sm-8\">\n<h4><a href=\"https:\/\/www.worldofart.org\/arhiv.worldofart.org\/aktualno\/rubrika-su-v-likovnih-besedah\"><strong>Rubrika Sveta umetnosti v reviji Likovne besede<\/strong><\/a><\/h4>\n<\/div>\n<\/div>\n<hr \/>\n<div class=\"col-md-12 col-sm-12 grid\">\n<div class=\"featured-thumb col-md-4 col-sm-4\"><a href=\"https:\/\/www.worldofart.org\/arhiv.worldofart.org\/aktualno\/objave-v-medijih\"><img loading=\"lazy\" decoding=\"async\" src=\"https:\/\/www.worldofart.org\/arhiv.worldofart.org\/aktualno\/wp-content\/uploads\/2018\/07\/mediji-sken2-338x175.jpg\" alt=\"\" width=\"338\" height=\"175\" class=\"alignnone size-medium wp-image-13437\" srcset=\"https:\/\/www.worldofart.org\/arhiv.worldofart.org\/aktualno\/wp-content\/uploads\/2018\/07\/mediji-sken2-338x175.jpg 338w, https:\/\/www.worldofart.org\/arhiv.worldofart.org\/aktualno\/wp-content\/uploads\/2018\/07\/mediji-sken2.jpg 372w\" sizes=\"(max-width: 338px) 100vw, 338px\" \/><\/a><\/div>\n<div class=\"out-thumb col-md-8 col-sm-8\">\n<h4><a href=\"https:\/\/www.worldofart.org\/arhiv.worldofart.org\/aktualno\/objave-v-medijih\"><strong>Objave v medijih<\/strong><\/a><\/h4>\n<\/div>\n<\/div>\n<\/div>\n","protected":false},"excerpt":{"rendered":"<p>Zborniki Svet umetnosti Iz arhiva Spletne publikacije in publikacije mednarodnih projektov Katalogi kon\u010dnih razstav Sveta umetnosti Kritike razstav \/ analize del Poro\u010dila Vabljeni k branju kritik razstav, analiz umetni\u0161kih del, poro\u010dil, ki so jih na seminarju iz pisanja spisali udele\u017eenci in udele\u017eenke \u0161ole. Predavanja in pogovori Simpoziji in posveti Rubrika Sveta umetnosti v reviji Likovne [&hellip;]<\/p>\n","protected":false},"author":1,"featured_media":0,"parent":0,"menu_order":0,"comment_status":"closed","ping_status":"closed","template":"","meta":{"footnotes":""},"categories":[],"tags":[],"_links":{"self":[{"href":"https:\/\/www.worldofart.org\/arhiv.worldofart.org\/aktualno\/wp-json\/wp\/v2\/pages\/10003"}],"collection":[{"href":"https:\/\/www.worldofart.org\/arhiv.worldofart.org\/aktualno\/wp-json\/wp\/v2\/pages"}],"about":[{"href":"https:\/\/www.worldofart.org\/arhiv.worldofart.org\/aktualno\/wp-json\/wp\/v2\/types\/page"}],"author":[{"embeddable":true,"href":"https:\/\/www.worldofart.org\/arhiv.worldofart.org\/aktualno\/wp-json\/wp\/v2\/users\/1"}],"replies":[{"embeddable":true,"href":"https:\/\/www.worldofart.org\/arhiv.worldofart.org\/aktualno\/wp-json\/wp\/v2\/comments?post=10003"}],"version-history":[{"count":22,"href":"https:\/\/www.worldofart.org\/arhiv.worldofart.org\/aktualno\/wp-json\/wp\/v2\/pages\/10003\/revisions"}],"predecessor-version":[{"id":13440,"href":"https:\/\/www.worldofart.org\/arhiv.worldofart.org\/aktualno\/wp-json\/wp\/v2\/pages\/10003\/revisions\/13440"}],"wp:attachment":[{"href":"https:\/\/www.worldofart.org\/arhiv.worldofart.org\/aktualno\/wp-json\/wp\/v2\/media?parent=10003"}],"wp:term":[{"taxonomy":"category","embeddable":true,"href":"https:\/\/www.worldofart.org\/arhiv.worldofart.org\/aktualno\/wp-json\/wp\/v2\/categories?post=10003"},{"taxonomy":"post_tag","embeddable":true,"href":"https:\/\/www.worldofart.org\/arhiv.worldofart.org\/aktualno\/wp-json\/wp\/v2\/tags?post=10003"}],"curies":[{"name":"wp","href":"https:\/\/api.w.org\/{rel}","templated":true}]}}