{"id":10343,"date":"2017-01-31T15:58:23","date_gmt":"2017-01-31T13:58:23","guid":{"rendered":"http:\/\/www.worldofart.org\/aktualno\/?page_id=10343"},"modified":"2018-08-16T09:48:46","modified_gmt":"2018-08-16T07:48:46","slug":"udelezenci-sole-20172018","status":"publish","type":"page","link":"https:\/\/www.worldofart.org\/arhiv.worldofart.org\/aktualno\/sestnajsto-leto-2017-2018\/udelezenci-sole-20172018","title":{"rendered":"Udele\u017eenci in udele\u017eenke \u0161ole 2017\/2018"},"content":{"rendered":"<p>Ve\u010d o programu, udele\u017eencih in udele\u017eenkah 16. leta \u0161ole Svet umetnosti v segmentu <a href=\"https:\/\/www.worldofart.org\/arhiv.worldofart.org\/aktualno\/zgodovina\" target=\"_blank\" rel=\"noopener\">Zgodovina<\/a>.<\/p>\n<h3>2. letnik<\/h3>\n<p><img loading=\"lazy\" decoding=\"async\" class=\"alignleft size-full wp-image-10350\" src=\"https:\/\/www.worldofart.org\/arhiv.worldofart.org\/aktualno\/wp-content\/uploads\/2017\/01\/Urska-Aplinc.jpg\" alt=\"\" width=\"100\" height=\"100\" \/><strong>Ur\u0161ka Aplinc<\/strong> (1992) je diplomirala iz kiparstva na ljubljanski Akademiji za likovno umetnost in oblikovanje. Za svojo diplomsko delo je prejela \u0161tudentsko nagrado UL ALUO. Udele\u017eila se je Erasmus + izmenjave na Kunstuniversit\u00e4t Linz v Avstriji, trenutno pa kon\u010duje podiplomski \u0161tudij kiparstva na ALUO. Sodelovala je na \u0161tevilnih razstavah in festivalih v Sloveniji in tujini. V njeni umetni\u0161ki praksi jo zanimajo meje in pogoji umetni\u0161kega dela s poudarkom na raziskovanju lastnega procesa ustvarjanja, pri \u010demer se prej kot s postavljanjem kon\u010dnih trditev ukvarja z na\u010dini vzpostavljanja dela, ki je negotovo, in spodletelostjo njegovega branja. Skozi to prizmo \u017eeli pristopati h kuratorskim praksam kot polju, ki ustanavlja in omogo\u010da na\u010dine recepcije in delovanja v svetu umetnosti.<\/p>\n<hr \/>\n<p><img loading=\"lazy\" decoding=\"async\" class=\"alignleft size-full wp-image-10348\" src=\"https:\/\/www.worldofart.org\/arhiv.worldofart.org\/aktualno\/wp-content\/uploads\/2017\/01\/Maja-Burja.jpg\" alt=\"\" width=\"100\" height=\"100\" \/><strong>Maja Burja<\/strong> (1992) je leta 2015 diplomirala na oddelku za slikarstvo na Akademiji za likovno umetnost in oblikovanje v Ljubljani. Vklju\u010dena je bila v ve\u010d skupinskih razstav in festivalov. Trenutno zaklju\u010duje podiplomski \u0161tudij na oddelku za kiparstvo (ALUO). V svoji umetni\u0161ki praksi raziskuje teme, vezane na procesualno, performans, participacijo in diskurzivni prostor. V delih pozorno spremlja lastno pozicijo ustvarjalke in problematizira izbrane medije, specifi\u010dni kontekst, ki ga z razstavljanjem pomaga ustvariti in razli\u010dne odtenke objektnosti, ki jih tak\u0161na aktivnost odkriva. Njene umetni\u0161ke strategije so se za\u010dele pribli\u017eevati kuratorskim praksam, v kolikor so te medsebojno \u0161e jasno razlo\u010dljive. V prihodnosti bi se tako rada posvetila raziskovanju specifik tovrstne dejavnosti.<\/p>\n<hr \/>\n<p><img loading=\"lazy\" decoding=\"async\" class=\"alignleft size-full wp-image-10346\" src=\"https:\/\/www.worldofart.org\/arhiv.worldofart.org\/aktualno\/wp-content\/uploads\/2017\/01\/Anja-Guid.jpg\" alt=\"\" width=\"100\" height=\"100\" \/><strong>Anja Guid <\/strong>(1990) je rojena v Ljubljani. Leta 2016 je diplomirala iz umetnostne zgodovine na Filozofski fakulteti v Ljubljani, kjer trenutno nadaljuje z magistrskim \u0161tudijem. Del dodiplomskega \u0161tudija je pre\u017eivela na Univerzi lepih umetnosti Mimar Sinan v Istanbulu. Kot \u0161tudentka je delala v ve\u010d ljubljanskih galerijah (Mestna galerija, Kulturni center Toba\u010dna), od leta 2014 pa redno sodeluje pri pripravi in izvedbi pedago\u0161kih programov v ljubljanskem Mednarodnem grafi\u010dnem likovnem centru. \u0160irok repertoar zanimanj: od muzeologije in muzejske pedagogike, razstavljanja in recepcije umetni\u0161kih del, do kuriranja (in) sodobne umetnosti.<\/p>\n<hr \/>\n<p><img loading=\"lazy\" decoding=\"async\" class=\"alignleft size-full wp-image-10344\" src=\"https:\/\/www.worldofart.org\/arhiv.worldofart.org\/aktualno\/wp-content\/uploads\/2017\/01\/Ajda-Ana-Kocutar.jpg\" alt=\"\" width=\"100\" height=\"100\" \/><strong>Ajda Ana Kocutar <\/strong>(1994), rojena v Mariboru, je \u0161tudentka filozofije na Filozofski fakulteti Univerze v Ljubljani. O umetnostni zgodovini se je dodatno izobra\u017eevala na Univerzi v Utrechtu (Nizozemska), kjer je poleti 2016 tudi asistirala. Od leta 2014 pi\u0161e likovno kritiko, intervjuje in reporta\u017ee za Koridor \u2013 kri\u017ei\u0161\u010da umetnosti. Od 2015 je tudi del uredni\u0161kega tandema uredni\u0161tva za vizualno umetnost. V sodelovanju z galerijo DobraVaga s sourednico pripravlja in vodi niz dogodkov <em>Z umetniki osebno<\/em>. V Mestnem muzeju in Ple\u010dnikovi hi\u0161i od jeseni 2016 dela na pedago\u0161kih in andrago\u0161kih programih kot zunanja sodelavka.<\/p>\n<hr \/>\n<p><strong><img loading=\"lazy\" decoding=\"async\" class=\" wp-image-11005 alignleft\" src=\"https:\/\/www.worldofart.org\/arhiv.worldofart.org\/aktualno\/wp-content\/uploads\/2017\/01\/profil.jpg\" alt=\"\" width=\"96\" height=\"96\" \/>Iza Pevec <\/strong>(1987) je kon\u010dala \u0161tudij umetnostne zgodovine in primerjalne knji\u017eevnosti. \u017de dlje pi\u0161e o umetnosti in kulturi, bila je sodelavka Radia \u0160tudent, od leta 2014 pa je tudi honorarna sodelavka Radia Ars. Kot mlada kuratorka je sodelovala v projektu Galerije \u0160kuc <em>ZAGON<\/em> in programu Centra in Galerije P74<em> Inkubator za mlade kustose<\/em>. Od leta 2013 sodeluje tudi z revijo Fotografija.<\/p>\n<hr \/>\n<p><img loading=\"lazy\" decoding=\"async\" class=\"alignleft wp-image-11190\" src=\"https:\/\/www.worldofart.org\/arhiv.worldofart.org\/aktualno\/wp-content\/uploads\/2017\/01\/Adrijan-Praznik.jpg\" alt=\"\" width=\"98\" height=\"98\" \/><strong>Adrijan Praznik<\/strong> (1988) je leta 2016 diplomiral na Akademiji za likovno umetnost in oblikovanje (ALUO), smer slikarstvo, pri mentorju mag. \u017digi Kari\u017eu in somentorju dr. Tomislavu Vignjevi\u0107u. Prejemal je \u0161tipendijo Mestne ob\u010dine Ljubljana za nadarjene \u0161tudente ter prejel nagrado ALUO za posebne umetni\u0161ke dose\u017eke v akademskem letu 2011\/2012. Razstavljal je na \u0161tevilnih skupinskih in samostojnih razstavah v Sloveniji in v mednarodnem prostoru (\u010ce\u0161ka, Bosna in Hercegovina, Gr\u010dija, Italija, Nem\u010dija) ter bil na rezidencah v Rigi in v Berlinu. Ministrstvo za kulturo Republike Slovenije ga je leta 2015 nagradilo z delovno \u0161tipendijo za perspektivne umetnike. Njegova dela so vklju\u010dena v zbirko Mednarodnega grafi\u010dnega likovnega centra. \u017divi in dela v Ljubljani.<\/p>\n<p>&nbsp;<\/p>\n<hr \/>\n<h3>1. letnik<\/h3>\n<p><img loading=\"lazy\" decoding=\"async\" class=\"alignleft size-full wp-image-10350\" style=\"margin: 3px 10px 5px 0px;\" src=\"https:\/\/www.worldofart.org\/arhiv.worldofart.org\/aktualno\/wp-content\/uploads\/2017\/01\/Urska-Aplinc.jpg\" alt=\"\" width=\"100\" height=\"100\" \/><strong>Ur\u0161ka Aplinc<\/strong> (1992) je diplomirala iz kiparstva na ljubljanski Akademiji za likovno umetnost in oblikovanje. Za svojo diplomsko delo je prejela \u0161tudentsko nagrado UL ALUO. Udele\u017eila se je Erasmus + izmenjave na Kunstuniversit\u00e4t Linz v Avstriji, trenutno pa kon\u010duje podiplomski \u0161tudij kiparstva na ALUO. Sodelovala je na \u0161tevilnih razstavah in festivalih v Sloveniji in tujini. V njeni umetni\u0161ki praksi jo zanimajo meje in pogoji umetni\u0161kega dela s poudarkom na raziskovanju lastnega procesa ustvarjanja, pri \u010demer se prej kot s postavljanjem kon\u010dnih trditev ukvarja z na\u010dini vzpostavljanja dela, ki je negotovo, in spodletelostjo njegovega branja. Skozi to prizmo \u017eeli pristopati h kuratorskim praksam kot polju, ki ustanavlja in omogo\u010da na\u010dine recepcije in delovanja v svetu umetnosti.<\/p>\n<hr \/>\n<p><img loading=\"lazy\" decoding=\"async\" class=\"alignleft size-full wp-image-10912\" style=\"margin: 3px 10px 5px 0px;\" src=\"https:\/\/www.worldofart.org\/arhiv.worldofart.org\/aktualno\/wp-content\/uploads\/2017\/01\/ziva-brglez.jpg\" alt=\"\u017diva Brglez\" width=\"100\" height=\"100\" \/><strong>\u017diva Brglez <\/strong>(1991) je kon\u010dala \u0161tudij filozofije in umetnostne zgodovine in za diplomo prejela fakultetno Pre\u0161ernovo nagrado, sedaj pa je vpisana na podiplomski \u0161tudij umetnostne zgodovine. Sodelovala je pri dokumentarni razstavi o arhitektu Antonu La\u0161\u010daku v Umetnostnem centru Hanager v Kairu, trenutno pa sodeluje pri snovanju razstave <em>Neprimerni spomeniki<\/em> v MSUM. Ob\u010dasno pi\u0161e za \u0161tudentsko umetnostnozgodovinsko revijo <em>Artfiks<\/em>. Zanimajo jo teoretiziranje sodobnosti in sodobne umetnosti ter strategije pribli\u017eanja le-te \u010dim \u0161ir\u0161emu ob\u010dinstvu<strong><br \/>\n<\/strong><\/p>\n<hr \/>\n<p><img loading=\"lazy\" decoding=\"async\" class=\"alignleft size-full wp-image-10348\" style=\"margin: 3px 10px 5px 0px;\" src=\"https:\/\/www.worldofart.org\/arhiv.worldofart.org\/aktualno\/wp-content\/uploads\/2017\/01\/Maja-Burja.jpg\" alt=\"\" width=\"100\" height=\"100\" \/><strong>Maja Burja<\/strong> (1992) je leta 2015 diplomirala na oddelku za slikarstvo na Akademiji za likovno umetnost in oblikovanje v Ljubljani. Vklju\u010dena je bila v ve\u010d skupinskih razstav in festivalov. Trenutno zaklju\u010duje podiplomski \u0161tudij na oddelku za kiparstvo (ALUO). V svoji umetni\u0161ki praksi raziskuje teme, vezane na procesualno, performans, participacijo in diskurzivni prostor. V delih pozorno spremlja lastno pozicijo ustvarjalke in problematizira izbrane medije, specifi\u010dni kontekst, ki ga z razstavljanjem pomaga ustvariti in razli\u010dne odtenke objektnosti, ki jih tak\u0161na aktivnost odkriva. Njene umetni\u0161ke strategije so se za\u010dele pribli\u017eevati kuratorskim praksam, v kolikor so te medsebojno \u0161e jasno razlo\u010dljive. V prihodnosti bi se tako rada posvetila raziskovanju specifik tovrstne dejavnosti.<\/p>\n<hr \/>\n<p><img loading=\"lazy\" decoding=\"async\" class=\"alignleft size-full wp-image-10345\" style=\"margin: 3px 10px 5px 0px;\" src=\"https:\/\/www.worldofart.org\/arhiv.worldofart.org\/aktualno\/wp-content\/uploads\/2017\/01\/Anabel-Cernohorski.jpg\" alt=\"\" width=\"100\" height=\"100\" \/><strong>Anabel \u010cernohorski<\/strong> (1991) je rojena v Ljubljani. Leta 2013 je diplomirala na Oddelku za umetnostno zgodovino na Filozofski fakulteti v Ljubljani. Od leta 2013 dela v Galeriji Alkatraz, kjer je kurirala tudi nekaj razstav. Od leta 2014 je \u010dlanica umetni\u0161kega odbora in kustosinja Galerije No\u010dna izlo\u017eba Pe\u0161ak (AKC Metelkova mesto). \u017divi in dela v Ljubljani.<\/p>\n<hr \/>\n<p><strong>Magdalena Germek<\/strong><\/p>\n<hr \/>\n<p><img loading=\"lazy\" decoding=\"async\" class=\"alignleft size-full wp-image-10346\" style=\"margin: 3px 10px 5px 0px;\" src=\"https:\/\/www.worldofart.org\/arhiv.worldofart.org\/aktualno\/wp-content\/uploads\/2017\/01\/Anja-Guid.jpg\" alt=\"\" width=\"100\" height=\"100\" \/><strong>Anja Guid <\/strong>(1990) je rojena v Ljubljani. Leta 2016 je diplomirala iz umetnostne zgodovine na Filozofski fakulteti v Ljubljani, kjer trenutno nadaljuje z magistrskim \u0161tudijem. Del dodiplomskega \u0161tudija je pre\u017eivela na Univerzi lepih umetnosti Mimar Sinan v Istanbulu. Kot \u0161tudentka je delala v ve\u010d ljubljanskih galerijah (Mestna galerija, Kulturni center Toba\u010dna), od leta 2014 pa redno sodeluje pri pripravi in izvedbi pedago\u0161kih programov v ljubljanskem Mednarodnem grafi\u010dnem likovnem centru. \u0160irok repertoar zanimanj: od muzeologije in muzejske pedagogike, razstavljanja in recepcije umetni\u0161kih del, do kuriranja (in) sodobne umetnosti.<\/p>\n<hr \/>\n<p><strong><img loading=\"lazy\" decoding=\"async\" class=\"alignleft size-full wp-image-10990\" src=\"https:\/\/www.worldofart.org\/arhiv.worldofart.org\/aktualno\/wp-content\/uploads\/2017\/01\/nika-ham.jpg\" alt=\"\" width=\"100\" height=\"100\" \/>Nika Ham<\/strong> (1991) je diplomirana slikarka. Trenutno zaklju\u010duje podiplomski \u0161tudij na Akademiji za likovno umetnost in oblikovanje v Ljubljani. \u0160tudijsko se je izpopolnjevala v Veliki Britaniji. Sodelovala je pri raznih projektih, ki jih je podprla Mestna ob\u010dina Ljubljana, in na ve\u010d skupinskih in samostojnih razstav. V svojih delih se ukvarja prete\u017eno s politi\u010dno tematiko in dru\u017ebo, v zadnjih letih pa se zanima tudi za digitalno obliko umetnosti, ki ji nudi potrebno razse\u017enost pri prikazu dru\u017ebenih in politi\u010dnih stanj. Leta 2017 je opravila \u0161tudijsko prakso na Dunaju za filmski festival LET&#8217;S CEE kot vodja grafi\u010dnega oddelka, trenutno pa je \u0161tudentsko zaposlena v Moderni galeriji.<\/p>\n<hr \/>\n<p><img loading=\"lazy\" decoding=\"async\" class=\"alignleft size-full wp-image-10344\" style=\"margin: 3px 10px 5px 0px;\" src=\"https:\/\/www.worldofart.org\/arhiv.worldofart.org\/aktualno\/wp-content\/uploads\/2017\/01\/Ajda-Ana-Kocutar.jpg\" alt=\"\" width=\"100\" height=\"100\" \/><strong>Ajda Ana Kocutar <\/strong>(1994), rojena v Mariboru, je \u0161tudentka filozofije na Filozofski fakulteti Univerze v Ljubljani. O umetnostni zgodovini se je dodatno izobra\u017eevala na Univerzi v Utrechtu (Nizozemska), kjer je poleti 2016 tudi asistirala. Od leta 2014 pi\u0161e likovno kritiko, intervjuje in reporta\u017ee za Koridor \u2013 kri\u017ei\u0161\u010da umetnosti. Od 2015 je tudi del uredni\u0161kega tandema uredni\u0161tva za vizualno umetnost. V sodelovanju z galerijo DobraVaga s sourednico pripravlja in vodi niz dogodkov <em>Z umetniki osebno<\/em>. V Mestnem muzeju in Ple\u010dnikovi hi\u0161i od jeseni 2016 dela na pedago\u0161kih in andrago\u0161kih programih kot zunanja sodelavka.<\/p>\n<hr \/>\n<p><strong><img loading=\"lazy\" decoding=\"async\" class=\"size-full wp-image-11005 alignleft\" src=\"https:\/\/www.worldofart.org\/arhiv.worldofart.org\/aktualno\/wp-content\/uploads\/2017\/01\/profil.jpg\" alt=\"\" width=\"100\" height=\"100\" \/>Iza Pevec <\/strong>(1987) je kon\u010dala \u0161tudij umetnostne zgodovine in primerjalne knji\u017eevnosti. \u017de dlje pi\u0161e o umetnosti in kulturi, bila je sodelavka Radia \u0160tudent, od leta 2014 pa je tudi honorarna sodelavka Radia Ars. Kot mlada kuratorka je sodelovala v projektu Galerije \u0160kuc <em>ZAGON<\/em> in programu Centra in Galerije P74<em> Inkubator za mlade kustose<\/em>. Od leta 2013 sodeluje tudi z revijo Fotografija.<\/p>\n<hr \/>\n<p><img loading=\"lazy\" decoding=\"async\" class=\"alignleft size-full wp-image-11190\" style=\"margin: 3px 10px 5px 0px;\" src=\"https:\/\/www.worldofart.org\/arhiv.worldofart.org\/aktualno\/wp-content\/uploads\/2017\/01\/Adrijan-Praznik.jpg\" alt=\"\" width=\"100\" height=\"100\" \/><strong>Adrijan Praznik<\/strong> (1988) je leta 2016 diplomiral na Akademiji za likovno umetnost in oblikovanje (ALUO), smer slikarstvo, pri mentorju mag. \u017digi Kari\u017eu in somentorju dr. Tomislavu Vignjevi\u0107u. Prejemal je \u0161tipendijo Mestne ob\u010dine Ljubljana za nadarjene \u0161tudente ter prejel nagrado ALUO za posebne umetni\u0161ke dose\u017eke v akademskem letu 2011\/2012. Razstavljal je na \u0161tevilnih skupinskih in samostojnih razstavah v Sloveniji in v mednarodnem prostoru (\u010ce\u0161ka, Bosna in Hercegovina, Gr\u010dija, Italija, Nem\u010dija) ter bil na rezidencah v Rigi in v Berlinu. Ministrstvo za kulturo Republike Slovenije ga je leta 2015 nagradilo z delovno \u0161tipendijo za perspektivne umetnike. Njegova dela so vklju\u010dena v zbirko Mednarodnega grafi\u010dnega likovnega centra. \u017divi in dela v Ljubljani.<\/p>\n<hr \/>\n<p><img loading=\"lazy\" decoding=\"async\" class=\"alignleft size-full wp-image-10349\" style=\"margin: 3px 10px 5px 0px;\" src=\"https:\/\/www.worldofart.org\/arhiv.worldofart.org\/aktualno\/wp-content\/uploads\/2017\/01\/Nina-Tepes.jpg\" alt=\"\" width=\"100\" height=\"100\" \/><strong>Nina Tepe\u0161<\/strong> je pravnica z raznovrstnimi interesi. Veliko zanimanje za umetnost jo je vodilo od aktivnega udele\u017eevanja strokovnih ekskurzij in predavanj do opravljanja izpitov iz umetnostne zgodovine na Akademiji za vizualne umetnosti (AVA) Ljubljana med letoma 2013 in 2016. Trenutno obiskuje \u0160olo za kuratorske prakse in kriti\u0161ko pisanje, ki deluje v okviru Zavoda za sodobno umetnost, SCCA-Ljubljana. Na Pravnem centru za varstvo \u010dlovekovih pravic v Kopru od leta 2016 deluje kot vodja projektov in se v tej vlogi udele\u017euje usposabljanja za projektni mened\u017ement. Usposabljanje poteka v okviru projekta NVO s potencialom, ki je del programa Iskra \u2013 Sti\u010di\u0161\u010de NVO Istre in Krasa. Od leta 2015 je direktorica In\u0161tituta ERGO SUM, zavoda za sodobne umetnosti in kulture. Poleg opravljanja poslovodnih nalog aktivno sodeluje pri umetni\u0161kih projektih In\u0161tituta kot kuratorka in sokuratorka.<\/p>\n","protected":false},"excerpt":{"rendered":"<p>Ve\u010d o programu, udele\u017eencih in udele\u017eenkah 16. leta \u0161ole Svet umetnosti v segmentu Zgodovina. 2. letnik Ur\u0161ka Aplinc (1992) je diplomirala iz kiparstva na ljubljanski Akademiji za likovno umetnost in oblikovanje. Za svojo diplomsko delo je prejela \u0161tudentsko nagrado UL ALUO. Udele\u017eila se je Erasmus + izmenjave na Kunstuniversit\u00e4t Linz v Avstriji, trenutno pa kon\u010duje [&hellip;]<\/p>\n","protected":false},"author":1,"featured_media":0,"parent":9611,"menu_order":0,"comment_status":"closed","ping_status":"closed","template":"","meta":{"footnotes":""},"categories":[],"tags":[],"_links":{"self":[{"href":"https:\/\/www.worldofart.org\/arhiv.worldofart.org\/aktualno\/wp-json\/wp\/v2\/pages\/10343"}],"collection":[{"href":"https:\/\/www.worldofart.org\/arhiv.worldofart.org\/aktualno\/wp-json\/wp\/v2\/pages"}],"about":[{"href":"https:\/\/www.worldofart.org\/arhiv.worldofart.org\/aktualno\/wp-json\/wp\/v2\/types\/page"}],"author":[{"embeddable":true,"href":"https:\/\/www.worldofart.org\/arhiv.worldofart.org\/aktualno\/wp-json\/wp\/v2\/users\/1"}],"replies":[{"embeddable":true,"href":"https:\/\/www.worldofart.org\/arhiv.worldofart.org\/aktualno\/wp-json\/wp\/v2\/comments?post=10343"}],"version-history":[{"count":22,"href":"https:\/\/www.worldofart.org\/arhiv.worldofart.org\/aktualno\/wp-json\/wp\/v2\/pages\/10343\/revisions"}],"predecessor-version":[{"id":13543,"href":"https:\/\/www.worldofart.org\/arhiv.worldofart.org\/aktualno\/wp-json\/wp\/v2\/pages\/10343\/revisions\/13543"}],"up":[{"embeddable":true,"href":"https:\/\/www.worldofart.org\/arhiv.worldofart.org\/aktualno\/wp-json\/wp\/v2\/pages\/9611"}],"wp:attachment":[{"href":"https:\/\/www.worldofart.org\/arhiv.worldofart.org\/aktualno\/wp-json\/wp\/v2\/media?parent=10343"}],"wp:term":[{"taxonomy":"category","embeddable":true,"href":"https:\/\/www.worldofart.org\/arhiv.worldofart.org\/aktualno\/wp-json\/wp\/v2\/categories?post=10343"},{"taxonomy":"post_tag","embeddable":true,"href":"https:\/\/www.worldofart.org\/arhiv.worldofart.org\/aktualno\/wp-json\/wp\/v2\/tags?post=10343"}],"curies":[{"name":"wp","href":"https:\/\/api.w.org\/{rel}","templated":true}]}}