{"id":11183,"date":"2017-04-26T15:08:41","date_gmt":"2017-04-26T13:08:41","guid":{"rendered":"http:\/\/www.worldofart.org\/aktualno\/?page_id=11183"},"modified":"2018-12-17T13:30:41","modified_gmt":"2018-12-17T11:30:41","slug":"re-razstava","status":"publish","type":"page","link":"https:\/\/www.worldofart.org\/arhiv.worldofart.org\/aktualno\/sestnajsto-leto-2017-2018\/re-razstava","title":{"rendered":"20 let \u0161ole Svet umetnosti"},"content":{"rendered":"<p>Svet umetnosti | \u0160ola za kuratorske prakse in kriti\u0161ko pisanje | Leto 16<\/p>\n<hr \/>\n<p><img loading=\"lazy\" decoding=\"async\" class=\" wp-image-11194 alignnone\" src=\"https:\/\/www.worldofart.org\/arhiv.worldofart.org\/aktualno\/wp-content\/uploads\/2017\/03\/cover-re--400x270.jpg\" alt=\"\" width=\"844\" height=\"570\" srcset=\"https:\/\/www.worldofart.org\/arhiv.worldofart.org\/aktualno\/wp-content\/uploads\/2017\/03\/cover-re--400x270.jpg 400w, https:\/\/www.worldofart.org\/arhiv.worldofart.org\/aktualno\/wp-content\/uploads\/2017\/03\/cover-re--768x519.jpg 768w, https:\/\/www.worldofart.org\/arhiv.worldofart.org\/aktualno\/wp-content\/uploads\/2017\/03\/cover-re--707x478.jpg 707w, https:\/\/www.worldofart.org\/arhiv.worldofart.org\/aktualno\/wp-content\/uploads\/2017\/03\/cover-re-.jpg 1134w\" sizes=\"(max-width: 844px) 100vw, 844px\" \/><\/p>\n<h1><strong>re-<\/strong><\/h1>\n<h4><strong>RAZSTAVA OB DVAJSETI OBLETNICI \u0160OLE SVET UMETNOSTI<\/strong><\/h4>\n<p><strong>9.\u201326. 5. 2017<\/strong><br \/>\nGalerija \u0160kuc, Stari trg 21, Ljubljana<strong><br \/>\n<\/strong><\/p>\n<hr \/>\n<p>Umetnik in umetnica: <strong>Bla\u017e Miklav\u010di\u010d, Rene Rusjan<\/strong><br \/>\nKuratorja:<strong> Lenka \u0110orojevi\u0107, Miha Kelemina<\/strong><br \/>\nAsistentka: <strong>Lara Plav\u010dak<\/strong><\/p>\n<p>Pri pripravi in izvedbi razstave sodelujejo udele\u017eenci in udele\u017eenke 16. leta Sveta umetnosti: <strong>Ur\u0161ka Aplinc, \u017diva Brglez, Maja Burja, Anabel Karolyn \u010cernohorski, Magdalena Germek, Anja Guid, Nika Ham, Ajda Ana Kocutar, Iza Pevec, Adrijan Praznik, Nina Tepe\u0161<\/strong>.<\/p>\n<p><a href=\"https:\/\/www.worldofart.org\/arhiv.worldofart.org\/aktualno\/wp-content\/uploads\/2017\/03\/re-vabilo.pdf\" target=\"_blank\" rel=\"noopener noreferrer\">re-, vabilo<\/a> (pdf)<\/p>\n<hr \/>\n<p><strong>O RAZSTAVI<\/strong><\/p>\n<p>Svet umetnosti, \u0161ola za kuratorske prakse in kriti\u0161ko pisanje, z razstavo <strong><em>re-<\/em><\/strong> obele\u017euje dvajsetletnico svojega obstoja. S predstavitvijo arhiva ponuja razli\u010dne vstopne to\u010dke za re-kontekstualizacijo in re-interpretacijo zbranega gradiva, ki je lahko osnova za analizo razmerij med dejansko in simbolno pozicijo Sveta umetnosti, pa tudi za refleksijo \u0161ir\u0161ega umetnostnega sistema. Razstava ume\u0161\u010da gradivo in umetni\u0161ka dela v razli\u010dna \u010dasovno razpr\u0161ena razmerja, s sopostavljanjem pa \u017eeli spodbuditi premislek o vsebinskih in materialnih vozli\u0161\u010dih.<\/p>\n<p>Izpostavljene problematike na razstavi ustvarjajo interpretacijski diskurz, ki se na ravni postavitve oblikuje in preliva v razli\u010dne vstopne to\u010dke. Te so znotraj aktualnega kulturnega konteksta dolo\u010dene s prostorskim in \u010dasovnim sledenjem spremembam v na\u010dinih delovanja ter z refleksijo vzpostavljanja specifi\u010dnih dru\u017ebenih vlog, oblik in vsebin dru\u017ebenih odnosov.<\/p>\n<p>Prva soba s <strong>\u010dasovnico<\/strong> linearno predstavi dvajsetletno zgodovino \u0161ole in uvede obiskovalce v programske in razvojne premike \u0161ole ter njeno zunanjo refleksijo. Vsebine v posameznih sklopih reflektirajo razvoj diskurzivnih temeljev in determinant delovanja programa. Sopostavitev razli\u010dnih gradiv omogo\u010da intertekstualno branje arhiva, hkrati pa gradiva postajajo tako del tematske in konceptualne kontinuitete kot tudi del problematik, izhajajo\u010dih iz konstruiranja metodologij v preteklem, sedanjem in prihodnjem delovanju tako Sveta umetnosti kakor tudi sistema, ki mu pripada.<\/p>\n<p>Vnovi\u010dno postavitev dela <strong><em>Sedanje stanje<\/em><\/strong> Rene Rusjan s prve razstave Sveta umetnosti leta 1997 (<em>This Art Is Recycled<\/em>) v isti galerijski prostor \u2013 drugo sobo \u2013 lahko razumemo kot re-produkcijo umetni\u010dinega principa recikla\u017ee, kriti\u010dni u\u010dinki tega dela pa se ka\u017eejo tudi v preusmerjanju pozornosti na procese \u00bbstalne za\u010dasnosti\u00ab v pogojih hiperprodukcije.<\/p>\n<p><strong>Video intervjuji<\/strong> v tretji sobi artikulirajo pomembne distinkcije v registru osebnih in \u0161ir\u0161ih sprememb v sistemu. Nekdanji udele\u017eenci in udele\u017eenke v svojih pri\u010devanjih namre\u010d problematizirajo na\u010dine in pogoje delovanja v polju kuratorstva in v \u0161ir\u0161em dru\u017ebenem kontekstu.<\/p>\n<p>Nevralgi\u010dno to\u010dko v analizi institucionalnega tkiva sistema v vezje razstave vna\u0161a delo <strong><em>Orientacijska shema<\/em><\/strong> Bla\u017ea Miklav\u010di\u010da, narejeno na osnovi intervjujev. Shema s svojo \u00bbnedokon\u010danostjo\u00ab kartografira klju\u010dne dejavnike in procese znotraj umetnostnega sistema in jih preko algoritemskih fragmentov sestavlja v parcialne narativne sheme. <em>Orientacijska<\/em> <em>shema<\/em> izpostavlja mno\u017eico situacij, ki jih tvori skupek izjavljenega, njena defragmentacija pa pu\u0161\u010da prostor za zaznavanje problemov v institucionalnem tkivu. Svojevrstna politika \u00bbmale geste\u00ab znotraj lokalnega konteksta nam omogo\u010da branje izjav, ki so zaradi vzdr\u017eevanja konsenzualne \u00bbharmonije\u00ab sistema najpogosteje potisnjene na obrobje.<\/p>\n<p>Pomemben del izobra\u017eevalne kontinuitete \u0161ole prikazuje <strong>\u010dasovnica <\/strong>v \u010detrti sobi, ki vklju\u010duje gradivo delavnic, seminarjev in predavanj, ki so pomembno prispevali k razvoju teoretskega diskurza in k ve\u010dji pro\u017enosti v povezovanju znotraj lokalnega in mednarodnega konteksta. \u0160ola Svet umetnosti je kot neformalno izobra\u017eevanje na podro\u010dju kuratorskih praks in kriti\u0161kega pisanja odprla prostor za specifi\u010dno produkcijo in distribucijo znanj. Produkcija znotraj homogenizirane javne sfere vselej potrebuje prostor za spremembe v na\u010dinih in mo\u017enostih participacije, uresni\u010devanje teh sprememb pa je mo\u017eno le z ustvarjanjem novih prese\u010dnih to\u010dk ljudi in znanj. Znotraj aktualnih mikro- in makrokulturnih modelov se potreba po druga\u010dni produkciji vednosti ka\u017ee v intenziviranju emancipatornih praks izobra\u017eevanja v polju umetnosti. V \u010dasu \u010dedalje kompleksnej\u0161ih dru\u017ebenih odnosov in pojavov pa strategije povezovanja in delovanja kli\u010dejo k premisleku o re-konstrukciji in\/ali transformaciji na\u010dinov delovanja znotraj celotnega umetnostnega sistema.<\/p>\n<p>&#8212;<\/p>\n<p>\u0160ola Svet umetnosti se je za\u010dela leta 1996\/97, so\u010dasno z nekaterimi drugimi sorodnimi mednarodnimi neformalnimi in formalnimi izobra\u017eevanji. Zasnovana je bila kot niz predavanj o sodobni umetnosti in kot nekajmese\u010dni te\u010daj, ki je udele\u017eenkam in udele\u017eencem omogo\u010dal snovanje in pripravo razstave sodobne umetnosti pod mentorskim vodstvom. Zna\u010dilnost \u0161ole, naslednice te\u010daja, sta bili \u017ee vse od za\u010detka njena pro\u017enost in odzivnost na potrebe vsakokratne generacije. Skozi vrsto preoblikovanj, spajanj s seminarjem iz pisanja in postopnim dodajanjem vsebin je vsako leto postopoma prera\u0161\u010dala svoj dotedanji okvir in se danes imenuje \u0160ola za kuratorske prakse in kriti\u0161ko pisanje Svet umetnosti. Predpona <em>re-<\/em>, ki nastopa kot naslov razstave, izvorno morda res pomeni vra\u010danje v preteklost, a hkrati ozna\u010duje tudi zaobjetje in preoblikovanje vsega, kar je stvar preteklosti, v stvar prihodnosti.<\/p>\n<hr \/>\n<p><strong><a href=\"https:\/\/www.worldofart.org\/arhiv.worldofart.org\/aktualno\/sestnajsto-leto-2017-2018\/re-razstava-ob-dvajseti-obletnici-sole-svet-umetnosti\/umetniski-deli-na-razstavi\">UMETNI\u0160KI DELI NA RAZSTAVI<\/a><\/strong><\/p>\n<p><a href=\"https:\/\/www.worldofart.org\/arhiv.worldofart.org\/aktualno\/sestnajsto-leto-2017-2018\/re-razstava\/umetniski-deli-na-razstavi\"><img loading=\"lazy\" decoding=\"async\" class=\" wp-image-11325 alignnone\" src=\"https:\/\/www.worldofart.org\/arhiv.worldofart.org\/aktualno\/wp-content\/uploads\/2017\/05\/20170514_132440-400x225.jpg\" alt=\"\" width=\"796\" height=\"448\" srcset=\"https:\/\/www.worldofart.org\/arhiv.worldofart.org\/aktualno\/wp-content\/uploads\/2017\/05\/20170514_132440-400x225.jpg 400w, https:\/\/www.worldofart.org\/arhiv.worldofart.org\/aktualno\/wp-content\/uploads\/2017\/05\/20170514_132440-768x432.jpg 768w, https:\/\/www.worldofart.org\/arhiv.worldofart.org\/aktualno\/wp-content\/uploads\/2017\/05\/20170514_132440-707x398.jpg 707w\" sizes=\"(max-width: 796px) 100vw, 796px\" \/><\/a><\/p>\n<hr \/>\n<p><a href=\"https:\/\/www.worldofart.org\/arhiv.worldofart.org\/aktualno\/sestnajsto-leto-2017-2018\/re-razstava-ob-dvajseti-obletnici-sole-svet-umetnosti\/galerijska-predstavitev-zgodovine-sole\"><strong>GALERIJSKA PREDSTAVITEV ZGODOVINE \u0160OLE<\/strong><\/a><\/p>\n<p><a href=\"https:\/\/www.worldofart.org\/arhiv.worldofart.org\/aktualno\/sestnajsto-leto-2017-2018\/re-razstava-ob-dvajseti-obletnici-sole-svet-umetnosti\/galerijska-predstavitev-zgodovine-sole\"><img loading=\"lazy\" decoding=\"async\" class=\" wp-image-11235 alignnone\" src=\"https:\/\/www.worldofart.org\/arhiv.worldofart.org\/aktualno\/wp-content\/uploads\/2017\/04\/odprtje_skuc-8-400x214.jpg\" alt=\"\" width=\"796\" height=\"426\" srcset=\"https:\/\/www.worldofart.org\/arhiv.worldofart.org\/aktualno\/wp-content\/uploads\/2017\/04\/odprtje_skuc-8-400x214.jpg 400w, https:\/\/www.worldofart.org\/arhiv.worldofart.org\/aktualno\/wp-content\/uploads\/2017\/04\/odprtje_skuc-8-768x412.jpg 768w, https:\/\/www.worldofart.org\/arhiv.worldofart.org\/aktualno\/wp-content\/uploads\/2017\/04\/odprtje_skuc-8-707x379.jpg 707w\" sizes=\"(max-width: 796px) 100vw, 796px\" \/><\/a><\/p>\n<hr \/>\n<p><a href=\"https:\/\/www.worldofart.org\/arhiv.worldofart.org\/aktualno\/sestnajsto-leto-2017-2018\/re-razstava\/fotogalerija\"><strong>FOTOGALERIJA<\/strong><\/a><\/p>\n<hr \/>\n<p><a href=\"https:\/\/www.worldofart.org\/arhiv.worldofart.org\/aktualno\/sestnajsto-leto-2017-2018\/re-razstava-ob-dvajseti-obletnici-sole-svet-umetnosti\/zivljenjepisi\"><strong>\u017dIVLJENJEPISI<\/strong><\/a><\/p>\n<hr \/>\n<p><strong>SPREMLJEVALNI DOGODKI<\/strong><\/p>\n<p><strong>\u00a0<\/strong>Vodeni ogled razstave: sreda, 24. maja, ob 18. uri.<\/p>\n<hr \/>\n<p><strong>MEDIJSKI ODZIVI<\/strong><\/p>\n<p>Maja \u0160u\u010dur,<a href=\"https:\/\/dnevnik.si\/1042771342\/kultura\/vizualna-umetnost\/20-let-sole-za-kuratorske-prakse-in-kritisko-pisanje-svet-umetnosti-orodja-za-prezivetje\" target=\"_blank\" rel=\"noopener noreferrer\"><em> 20 <\/em><em>let \u0160ole za kuratorske prakse in kriti\u0161ko pisanje Svet umetnosti: Orodja za pre\u017eivetje<\/em><\/a>, Dnevnik, 10. 5. 2017.<br \/>\nUr\u0161ula Ana Mre\u017ear, <a href=\"http:\/\/4d.rtvslo.si\/arhiv\/kultura\/174470380\" target=\"_blank\" rel=\"noopener noreferrer\"><em>20 let \u0161ole za kuratorske prakse<\/em><\/a>, Kultura, TV SLO 1, 9. 5. 2017.<br \/>\n\u017diga Brato\u0161, <a href=\"http:\/\/ars.rtvslo.si\/2017\/05\/napoved-sporeda-1203\/\" target=\"_blank\" rel=\"noopener noreferrer\"><em>RE-<\/em><\/a>, Svet kulture, (05.45\u201309.00), ARS \u2013 3. program Radia Slovenija, 9. 5. 2017.<\/p>\n<hr \/>\n<p><strong>KOLOFON<\/strong><\/p>\n<p>Oblikovanje \u010dasovnic in infografik: Vesna Bukovec<br \/>\nSnemanje in monta\u017ea video intervjujev: Toni Poljanec<br \/>\nOpis dela <em>Orientacijska shema<\/em>: Maja Burja<br \/>\nLektura in prevod spremnega besedila: Polona Petek<br \/>\nPrevod opisov v galeriji: Arven \u0160akti Kralj Szomi<br \/>\nOblikovanje vabila: Ajdin Ba\u0161i\u0107<br \/>\nNaslovna fotografija: Rene Rusjan, <em>Sedanje stanje<\/em>, Galerija \u0160kuc, 1997 (detajl, foto: arhiv Galerije \u0160kuc)<br \/>\nVideo iz dokumentacije Informativnega centra Moderne galerije, 1991\u22121997: Sini\u0161a Lopojda<br \/>\nFoto dokumentacija razstave: Anita Budimir, Arhiv SCCA-Ljubljana; postavitev razstave: Dejan Habicht<br \/>\nFoto dokumentacija na infografikah: Arhiv SCCA-Ljubljana, nekdanji udele\u017eenci in udele\u017eenke \u0161ole, Dejan Habicht<\/p>\n<p>\u2014<\/p>\n<p><strong>Produkcija:<\/strong> <a href=\"http:\/\/www.scca-ljubljana.si\/\" target=\"_blank\" rel=\"noopener noreferrer\">SCCA, Zavod za sodobno umetnost \u2013 Ljubljana<\/a> \/\u00a0<a href=\"https:\/\/www.worldofart.org\/arhiv.worldofart.org\/aktualno\/\">Svet umetnosti, \u0161ola za kuratorske prakse in kriti\u0161ko pisanje <\/a><br \/>\n<strong>Koprodukcija:<\/strong> <a href=\"http:\/\/www.galerijaskuc.si\/\" target=\"_blank\" rel=\"noopener noreferrer\">Galerija \u0160kuc<\/a><br \/>\n<strong>Razstavo podpirata:<\/strong> Ministrstvo za kulturo RS, Mestna ob\u010dina Ljubljana, Oddelek za kulturo.<br \/>\n<strong>Sponzor:<\/strong> <a href=\"https:\/\/www.apcom.si\/posts.aspx?pageid=1\" target=\"_blank\" rel=\"noopener noreferrer\">Apcom, d. o. o.<\/a><br \/>\n<strong>Zahvala: <\/strong>Ida Hir\u0161enfelder (MG+MSUM, Mre\u017eni muzej), Bojan Stefanovi\u0107, CONA zavod za procesiranje sodobne umetnosti, Narodna galerija.<\/p>\n<p><img loading=\"lazy\" decoding=\"async\" class=\"alignnone size-full wp-image-11188\" src=\"https:\/\/www.worldofart.org\/arhiv.worldofart.org\/aktualno\/wp-content\/uploads\/2017\/04\/logoti_re-.jpg\" alt=\"\" width=\"450\" height=\"83\" srcset=\"https:\/\/www.worldofart.org\/arhiv.worldofart.org\/aktualno\/wp-content\/uploads\/2017\/04\/logoti_re-.jpg 450w, https:\/\/www.worldofart.org\/arhiv.worldofart.org\/aktualno\/wp-content\/uploads\/2017\/04\/logoti_re--400x74.jpg 400w\" sizes=\"(max-width: 450px) 100vw, 450px\" \/><\/p>\n","protected":false},"excerpt":{"rendered":"<p>Svet umetnosti | \u0160ola za kuratorske prakse in kriti\u0161ko pisanje | Leto 16 re- RAZSTAVA OB DVAJSETI OBLETNICI \u0160OLE SVET UMETNOSTI 9.\u201326. 5. 2017 Galerija \u0160kuc, Stari trg 21, Ljubljana Umetnik in umetnica: Bla\u017e Miklav\u010di\u010d, Rene Rusjan Kuratorja: Lenka \u0110orojevi\u0107, Miha Kelemina Asistentka: Lara Plav\u010dak Pri pripravi in izvedbi razstave sodelujejo udele\u017eenci in udele\u017eenke 16. [&hellip;]<\/p>\n","protected":false},"author":1,"featured_media":11194,"parent":9611,"menu_order":0,"comment_status":"closed","ping_status":"closed","template":"","meta":{"footnotes":""},"categories":[],"tags":[],"_links":{"self":[{"href":"https:\/\/www.worldofart.org\/arhiv.worldofart.org\/aktualno\/wp-json\/wp\/v2\/pages\/11183"}],"collection":[{"href":"https:\/\/www.worldofart.org\/arhiv.worldofart.org\/aktualno\/wp-json\/wp\/v2\/pages"}],"about":[{"href":"https:\/\/www.worldofart.org\/arhiv.worldofart.org\/aktualno\/wp-json\/wp\/v2\/types\/page"}],"author":[{"embeddable":true,"href":"https:\/\/www.worldofart.org\/arhiv.worldofart.org\/aktualno\/wp-json\/wp\/v2\/users\/1"}],"replies":[{"embeddable":true,"href":"https:\/\/www.worldofart.org\/arhiv.worldofart.org\/aktualno\/wp-json\/wp\/v2\/comments?post=11183"}],"version-history":[{"count":34,"href":"https:\/\/www.worldofart.org\/arhiv.worldofart.org\/aktualno\/wp-json\/wp\/v2\/pages\/11183\/revisions"}],"predecessor-version":[{"id":12954,"href":"https:\/\/www.worldofart.org\/arhiv.worldofart.org\/aktualno\/wp-json\/wp\/v2\/pages\/11183\/revisions\/12954"}],"up":[{"embeddable":true,"href":"https:\/\/www.worldofart.org\/arhiv.worldofart.org\/aktualno\/wp-json\/wp\/v2\/pages\/9611"}],"wp:featuredmedia":[{"embeddable":true,"href":"https:\/\/www.worldofart.org\/arhiv.worldofart.org\/aktualno\/wp-json\/wp\/v2\/media\/11194"}],"wp:attachment":[{"href":"https:\/\/www.worldofart.org\/arhiv.worldofart.org\/aktualno\/wp-json\/wp\/v2\/media?parent=11183"}],"wp:term":[{"taxonomy":"category","embeddable":true,"href":"https:\/\/www.worldofart.org\/arhiv.worldofart.org\/aktualno\/wp-json\/wp\/v2\/categories?post=11183"},{"taxonomy":"post_tag","embeddable":true,"href":"https:\/\/www.worldofart.org\/arhiv.worldofart.org\/aktualno\/wp-json\/wp\/v2\/tags?post=11183"}],"curies":[{"name":"wp","href":"https:\/\/api.w.org\/{rel}","templated":true}]}}