{"id":11220,"date":"2017-05-11T12:04:46","date_gmt":"2017-05-11T10:04:46","guid":{"rendered":"http:\/\/www.worldofart.org\/aktualno\/?page_id=11220"},"modified":"2017-10-11T11:02:49","modified_gmt":"2017-10-11T09:02:49","slug":"umetniski-deli-na-razstavi","status":"publish","type":"page","link":"https:\/\/www.worldofart.org\/arhiv.worldofart.org\/aktualno\/sestnajsto-leto-2017-2018\/re-razstava\/umetniski-deli-na-razstavi","title":{"rendered":"Umetni\u0161ki deli na razstavi"},"content":{"rendered":"<p><a href=\"https:\/\/www.worldofart.org\/arhiv.worldofart.org\/aktualno\/sestnajsto-leto-2017-2018\/re-razstava\">re- Razstava ob dvajseti obletnici \u0161ole Svet umetnosti<\/a><br \/>\n9.\u201326. 5. 2017, Galerija \u0160kuc, Ljubljana<\/p>\n<hr \/>\n<p><strong>Bla\u017e Miklav\u010di\u010d, <em>Orientacijska shema<\/em><\/strong>, <strong>2016\u20132017<\/strong><\/p>\n<p><img loading=\"lazy\" decoding=\"async\" class=\"alignnone wp-image-11325\" src=\"https:\/\/www.worldofart.org\/arhiv.worldofart.org\/aktualno\/wp-content\/uploads\/2017\/05\/20170514_132440-400x225.jpg\" alt=\"\" width=\"900\" height=\"506\" srcset=\"https:\/\/www.worldofart.org\/arhiv.worldofart.org\/aktualno\/wp-content\/uploads\/2017\/05\/20170514_132440-400x225.jpg 400w, https:\/\/www.worldofart.org\/arhiv.worldofart.org\/aktualno\/wp-content\/uploads\/2017\/05\/20170514_132440-768x432.jpg 768w, https:\/\/www.worldofart.org\/arhiv.worldofart.org\/aktualno\/wp-content\/uploads\/2017\/05\/20170514_132440-707x398.jpg 707w\" sizes=\"(max-width: 900px) 100vw, 900px\" \/><\/p>\n<p>Umetni\u0161ko-raziskovalno delo <em>Orientacijska shema<\/em> nastaja v obliki pogovorov z akterji ljubljanske umetnostne scene in se loteva raziskovanja partikularnih razmerij, ki dolo\u010dajo institucionalni okvir lokalne sodobne umetnostne produkcije. Razgovori, ki so bili osredoto\u010deni predvsem na problematike slovenske umetnostne scene, kot so kulturna politika, problemi v javnem financiranju, manko privatnega trga, kriza kritike in majhnost ter osebnost umetnostne scene, so predstavljeni v obliki diagrama, ki se razprostira na petintridesetih listih. Mre\u017eo sestavljajo avtorizirane izjave, kraj in \u010das sre\u010danj, povezave pa so vzpostavljene glede na to, kar je umetnik izvedel tekom samih pogovorov. Shema tako ne stremi k nemogo\u010di nalogi reprezentacije so\u010dasnega stanja slovenske umetnostne scene, temve\u010d ustvarja ravnino, ki kartira lastno begajo\u010do izku\u0161njo spoznavanja lokalnega umetnostnega konteksta z robne pozicije \u0161tudenta umetnosti, ki jo karakterizira tudi negotova pripadnost lokalnemu umetnostnemu sistemu. Poskus orientacije in spoznavanja sistema \u2013 razbiranja akterjev, prizori\u0161\u010d, odnosov mo\u010di, razmerij in razmer, ki so v postopku prepoznani kot pomembni \u2013, se izka\u017ee za postopek, ki strukturno preoblikuje lastno mesto znotraj umetnostne mre\u017ee, ki pa navsezadnje uokvirja tudi samo izgradnjo lastnega teritorija umetni\u0161ke aktivnosti mladega umetnika.<\/p>\n<p>Maja Burja<\/p>\n<p><a href=\"https:\/\/www.worldofart.org\/arhiv.worldofart.org\/aktualno\/sestnajsto-leto-2017-2018\/re-razstava\/opisi-dela-orientacijska-shema-udelezenk-16-leta-sveta-umetnosti\">OPISI DELA ORIENTACIJSKA SHEMA UDELE\u017dENK 16. LETA SVETA UMETNOSTI<\/a><\/p>\n<hr \/>\n<p><strong>Rene Rusjan, <em>Sedanje stanje<\/em><\/strong>, <strong>1997\/2017<\/strong><\/p>\n<p><img loading=\"lazy\" decoding=\"async\" class=\"alignnone wp-image-11327\" src=\"https:\/\/www.worldofart.org\/arhiv.worldofart.org\/aktualno\/wp-content\/uploads\/2017\/05\/P1130700-400x225.jpg\" alt=\"\" width=\"900\" height=\"506\" srcset=\"https:\/\/www.worldofart.org\/arhiv.worldofart.org\/aktualno\/wp-content\/uploads\/2017\/05\/P1130700-400x225.jpg 400w, https:\/\/www.worldofart.org\/arhiv.worldofart.org\/aktualno\/wp-content\/uploads\/2017\/05\/P1130700-768x432.jpg 768w, https:\/\/www.worldofart.org\/arhiv.worldofart.org\/aktualno\/wp-content\/uploads\/2017\/05\/P1130700-707x398.jpg 707w\" sizes=\"(max-width: 900px) 100vw, 900px\" \/><\/p>\n<p><img loading=\"lazy\" decoding=\"async\" class=\"wp-image-11338 alignnone\" src=\"https:\/\/www.worldofart.org\/arhiv.worldofart.org\/aktualno\/wp-content\/uploads\/2017\/05\/20170514_132257-400x225.jpg\" alt=\"\" width=\"898\" height=\"506\" srcset=\"https:\/\/www.worldofart.org\/arhiv.worldofart.org\/aktualno\/wp-content\/uploads\/2017\/05\/20170514_132257-400x225.jpg 400w, https:\/\/www.worldofart.org\/arhiv.worldofart.org\/aktualno\/wp-content\/uploads\/2017\/05\/20170514_132257-768x432.jpg 768w, https:\/\/www.worldofart.org\/arhiv.worldofart.org\/aktualno\/wp-content\/uploads\/2017\/05\/20170514_132257-707x398.jpg 707w, https:\/\/www.worldofart.org\/arhiv.worldofart.org\/aktualno\/wp-content\/uploads\/2017\/05\/20170514_132257.jpg 960w\" sizes=\"(max-width: 898px) 100vw, 898px\" \/><\/p>\n<p><img loading=\"lazy\" decoding=\"async\" class=\"wp-image-11339 alignnone\" src=\"https:\/\/www.worldofart.org\/arhiv.worldofart.org\/aktualno\/wp-content\/uploads\/2017\/05\/20170514_131928-400x225.jpg\" alt=\"\" width=\"898\" height=\"506\" srcset=\"https:\/\/www.worldofart.org\/arhiv.worldofart.org\/aktualno\/wp-content\/uploads\/2017\/05\/20170514_131928-400x225.jpg 400w, https:\/\/www.worldofart.org\/arhiv.worldofart.org\/aktualno\/wp-content\/uploads\/2017\/05\/20170514_131928-768x432.jpg 768w, https:\/\/www.worldofart.org\/arhiv.worldofart.org\/aktualno\/wp-content\/uploads\/2017\/05\/20170514_131928-707x398.jpg 707w, https:\/\/www.worldofart.org\/arhiv.worldofart.org\/aktualno\/wp-content\/uploads\/2017\/05\/20170514_131928.jpg 960w\" sizes=\"(max-width: 898px) 100vw, 898px\" \/><\/p>\n<p><em>Sedanje stanje<\/em> je celovita vnovi\u010dna postavitev umetni\u010dinega dela s prve razstave Sveta umetnosti leta 1997 (<em>This Art Is Recycled<\/em>, Galerija \u0160kuc) v isti galerijski prostor. Ve\u010ddelno instalacijo sestavljajo video dokumentacija njene kiparske razstave v Mali galeriji leta 1991, odprtje in katalog razstave <em>V\u010deraj, na primer<\/em>* v isti galeriji leta 1997 ter knjiga s fotografijami umetni\u010dinih kiparskih del.** V ponovitvi je prisotna tudi razlika, saj je umetnica video projekcijo tokrat sopostavila s komentarjem \u2212 na tabli\u010dnem bralniku je isti video posnet z orodji za prepoznavanje obrazov, kar je odgovor na umestitev v nov kontekst, nov \u010das in novo dojemanje lastnega dela izpred dvajsetih let.<\/p>\n<p>* Z razstavo <em>V\u010deraj, na primer<\/em>, ki je bila na ogled leta 1997 v Mali galeriji, se je umetnica vrnila v galerijski prostor, ki ga je pred leti \u017ee naselila s svojo kiparsko razstavo. Zanimal jo je odnos, ki se vzpostavlja med umetni\u0161kimi deli in prostorom, ki ga za\u010dasno naseljujejo, zato je med preteklimi razstavami v Mali galeriji izbrala tiste, ki so se po njenem mnenju najopazneje odzivale na ta prostor in ga tako tudi najbolj zaznamovale. Prilastila si je postavitvi Michelangela Pistoletta in Urija Tzaiga ter v formalno ponovitev vnesla novo vsebino. Projekcijo Tzaigovega dela so nasledili posnetki odprtij razli\u010dnih razstav v Mali galeriji, fotografije istih razstav pa so nadomestile Pistolettovih 44 kerami\u010dnih plo\u0161\u010dic.<\/p>\n<p>** V knjigi fotografij, ki jo lahko beremo kot reprodukcijo umetni\u010dinega principa recikla\u017ee, so fotografije njene zadnje kiparske razstave <em>Cycle Recycle<\/em> (Galerija \u0160kuc, 1992). Kipi so bili prisotni le \u0161e v knjigah fotografij, razstavljenih v treh sobah, kosi, ki so neko\u010d tvorili kiparske postavitve, pa so bili v glavnem prostoru odlo\u017eeni kot &#8216;mirujo\u010di material&#8217;, postavljeni kot na odru, za vrvjo, ki je omejevala prehod in obhod, da jih je bilo mo\u010d gledati le od dale\u010d. Fotografijam omenjene razstave se kot poseg pridru\u017euje fotografija postavitve na razstavi <em>This Art Is Recycled<\/em>. Formo razstavljenih map z razstave <em>Cycle Recycle<\/em> ponovi tudi sopostavljen katalog <em>V\u010deraj, na primer<\/em>, ki ga je, posnemajo\u010d umetni\u010din princip recikla\u017ee, iz nabora starega gradiva uredil Igor Zabel.<\/p>\n<p><span style=\"color: #808080;\">Video: iz dokumentacije Informativnega centra Moderne galerije, 1991\u22121997, snemalec Sini\u0161a Lopojda<\/span><\/p>\n<p><a href=\"https:\/\/www.worldofart.org\/arhiv.worldofart.org\/aktualno\/sestnajsto-leto-2017-2018\/re-razstava\">Nazaj na razstavo.<\/a><\/p>\n","protected":false},"excerpt":{"rendered":"<p>re- Razstava ob dvajseti obletnici \u0161ole Svet umetnosti 9.\u201326. 5. 2017, Galerija \u0160kuc, Ljubljana Bla\u017e Miklav\u010di\u010d, Orientacijska shema, 2016\u20132017 Umetni\u0161ko-raziskovalno delo Orientacijska shema nastaja v obliki pogovorov z akterji ljubljanske umetnostne scene in se loteva raziskovanja partikularnih razmerij, ki dolo\u010dajo institucionalni okvir lokalne sodobne umetnostne produkcije. Razgovori, ki so bili osredoto\u010deni predvsem na problematike slovenske [&hellip;]<\/p>\n","protected":false},"author":16,"featured_media":0,"parent":11183,"menu_order":0,"comment_status":"closed","ping_status":"closed","template":"","meta":{"footnotes":""},"categories":[],"tags":[],"_links":{"self":[{"href":"https:\/\/www.worldofart.org\/arhiv.worldofart.org\/aktualno\/wp-json\/wp\/v2\/pages\/11220"}],"collection":[{"href":"https:\/\/www.worldofart.org\/arhiv.worldofart.org\/aktualno\/wp-json\/wp\/v2\/pages"}],"about":[{"href":"https:\/\/www.worldofart.org\/arhiv.worldofart.org\/aktualno\/wp-json\/wp\/v2\/types\/page"}],"author":[{"embeddable":true,"href":"https:\/\/www.worldofart.org\/arhiv.worldofart.org\/aktualno\/wp-json\/wp\/v2\/users\/16"}],"replies":[{"embeddable":true,"href":"https:\/\/www.worldofart.org\/arhiv.worldofart.org\/aktualno\/wp-json\/wp\/v2\/comments?post=11220"}],"version-history":[{"count":19,"href":"https:\/\/www.worldofart.org\/arhiv.worldofart.org\/aktualno\/wp-json\/wp\/v2\/pages\/11220\/revisions"}],"predecessor-version":[{"id":11385,"href":"https:\/\/www.worldofart.org\/arhiv.worldofart.org\/aktualno\/wp-json\/wp\/v2\/pages\/11220\/revisions\/11385"}],"up":[{"embeddable":true,"href":"https:\/\/www.worldofart.org\/arhiv.worldofart.org\/aktualno\/wp-json\/wp\/v2\/pages\/11183"}],"wp:attachment":[{"href":"https:\/\/www.worldofart.org\/arhiv.worldofart.org\/aktualno\/wp-json\/wp\/v2\/media?parent=11220"}],"wp:term":[{"taxonomy":"category","embeddable":true,"href":"https:\/\/www.worldofart.org\/arhiv.worldofart.org\/aktualno\/wp-json\/wp\/v2\/categories?post=11220"},{"taxonomy":"post_tag","embeddable":true,"href":"https:\/\/www.worldofart.org\/arhiv.worldofart.org\/aktualno\/wp-json\/wp\/v2\/tags?post=11220"}],"curies":[{"name":"wp","href":"https:\/\/api.w.org\/{rel}","templated":true}]}}