{"id":11227,"date":"2017-05-11T12:27:02","date_gmt":"2017-05-11T10:27:02","guid":{"rendered":"http:\/\/www.worldofart.org\/aktualno\/?page_id=11227"},"modified":"2017-10-11T11:02:30","modified_gmt":"2017-10-11T09:02:30","slug":"galerijska-predstavitev-zgodovine-sole","status":"publish","type":"page","link":"https:\/\/www.worldofart.org\/arhiv.worldofart.org\/aktualno\/sestnajsto-leto-2017-2018\/re-razstava\/galerijska-predstavitev-zgodovine-sole","title":{"rendered":"Galerijska predstavitev zgodovine \u0161ole"},"content":{"rendered":"<p><a href=\"https:\/\/www.worldofart.org\/arhiv.worldofart.org\/aktualno\/sestnajsto-leto-2017-2018\/re-razstava\">re- Razstava ob dvajseti obletnici \u0161ole Svet umetnosti<\/a><br \/>\n9.\u201326. 5. 2017, Galerija \u0160kuc, Ljubljana<\/p>\n<hr \/>\n<p><strong>\u010cASOVNICA (kronologija)<\/strong><\/p>\n<p><img loading=\"lazy\" decoding=\"async\" class=\"alignnone wp-image-11258\" src=\"https:\/\/www.worldofart.org\/arhiv.worldofart.org\/aktualno\/wp-content\/uploads\/2017\/04\/odprtje_skuc_08-707x472.jpg\" alt=\"\" width=\"722\" height=\"482\" srcset=\"https:\/\/www.worldofart.org\/arhiv.worldofart.org\/aktualno\/wp-content\/uploads\/2017\/04\/odprtje_skuc_08-707x472.jpg 707w, https:\/\/www.worldofart.org\/arhiv.worldofart.org\/aktualno\/wp-content\/uploads\/2017\/04\/odprtje_skuc_08-400x267.jpg 400w, https:\/\/www.worldofart.org\/arhiv.worldofart.org\/aktualno\/wp-content\/uploads\/2017\/04\/odprtje_skuc_08-768x513.jpg 768w, https:\/\/www.worldofart.org\/arhiv.worldofart.org\/aktualno\/wp-content\/uploads\/2017\/04\/odprtje_skuc_08.jpg 1000w\" sizes=\"(max-width: 722px) 100vw, 722px\" \/><\/p>\n<p>\u010casovnica v prvi sobi kronolo\u0161ko predstavlja dvajsetletno zgodovino \u0161ole Svet umetnosti, njene programske in razvojne premike ter njeno zunanjo refleksijo. Vsak letnik je prikazan v sklopih, ki si sledijo v naslednjem vrstnem redu: predstavitev ekipe, udele\u017eencev in udele\u017eenk \u0161ole; proces dela in kon\u010dna razstava; medijski odzivi. Izbrano gradivo pojasnjuje spremembe v vsakoletni strukturi \u0161ole, institucionalnem okviru ter konceptualnem razvoju v konstruiranju izobra\u017eevalnih praks in metodologij.<\/p>\n<p><a href=\"https:\/\/www.worldofart.org\/arhiv.worldofart.org\/aktualno\/wp-content\/uploads\/2017\/05\/01.pdf\" target=\"_blank\" rel=\"noopener noreferrer\">LETO 1 (1997)<\/a>\u00a0|\u00a0<a href=\"https:\/\/www.worldofart.org\/arhiv.worldofart.org\/aktualno\/wp-content\/uploads\/2017\/05\/02.pdf\" target=\"_blank\" rel=\"noopener noreferrer\">LETO\u00a02 (1998)<\/a>\u00a0|\u00a0<a href=\"https:\/\/www.worldofart.org\/arhiv.worldofart.org\/aktualno\/wp-content\/uploads\/2017\/05\/03.pdf\" target=\"_blank\" rel=\"noopener noreferrer\">LETO 3 (1999)<\/a>\u00a0|\u00a0<a href=\"https:\/\/www.worldofart.org\/arhiv.worldofart.org\/aktualno\/wp-content\/uploads\/2017\/05\/04.pdf\" target=\"_blank\" rel=\"noopener noreferrer\">LETO 4 (2000\/01)<\/a>\u00a0|\u00a0<a href=\"https:\/\/www.worldofart.org\/arhiv.worldofart.org\/aktualno\/wp-content\/uploads\/2017\/05\/05.pdf\" target=\"_blank\" rel=\"noopener noreferrer\">LETO 5 (2001\/02)<\/a> | <a href=\"https:\/\/www.worldofart.org\/arhiv.worldofart.org\/aktualno\/wp-content\/uploads\/2017\/05\/06.pdf\" target=\"_blank\" rel=\"noopener noreferrer\">LETO 6 (2002\/03)<\/a> | <a href=\"https:\/\/www.worldofart.org\/arhiv.worldofart.org\/aktualno\/wp-content\/uploads\/2017\/05\/07.pdf\" target=\"_blank\" rel=\"noopener noreferrer\">LETO 7 (2003\/04)<\/a> | <a href=\"https:\/\/www.worldofart.org\/arhiv.worldofart.org\/aktualno\/wp-content\/uploads\/2017\/05\/08.pdf\" target=\"_blank\" rel=\"noopener noreferrer\">LETO 8 (2004\/05)<\/a> | <a href=\"https:\/\/www.worldofart.org\/arhiv.worldofart.org\/aktualno\/wp-content\/uploads\/2017\/05\/09.pdf\" target=\"_blank\" rel=\"noopener noreferrer\">LETO 9 (2005\/06)<\/a> | <a href=\"https:\/\/www.worldofart.org\/arhiv.worldofart.org\/aktualno\/wp-content\/uploads\/2017\/05\/10.pdf\" target=\"_blank\" rel=\"noopener noreferrer\">LETO 10 (2006\/07)<\/a> | <a href=\"https:\/\/www.worldofart.org\/arhiv.worldofart.org\/aktualno\/wp-content\/uploads\/2017\/05\/11.pdf\" target=\"_blank\" rel=\"noopener noreferrer\">LETO 11 (2007\/08)<\/a> | <a href=\"https:\/\/www.worldofart.org\/arhiv.worldofart.org\/aktualno\/wp-content\/uploads\/2017\/05\/12.pdf\" target=\"_blank\" rel=\"noopener noreferrer\">LETO 12 (2008\/09)<\/a> | <a href=\"https:\/\/www.worldofart.org\/arhiv.worldofart.org\/aktualno\/wp-content\/uploads\/2017\/05\/13.pdf\" target=\"_blank\" rel=\"noopener noreferrer\">LETO 13 (2010\/11)<\/a> | <a href=\"https:\/\/www.worldofart.org\/arhiv.worldofart.org\/aktualno\/wp-content\/uploads\/2017\/05\/14.pdf\" target=\"_blank\" rel=\"noopener noreferrer\">LETO 14 (2011\/13)<\/a> | <a href=\"https:\/\/www.worldofart.org\/arhiv.worldofart.org\/aktualno\/wp-content\/uploads\/2017\/05\/15.pdf\" target=\"_blank\" rel=\"noopener noreferrer\">LETO 15 (2014\/16)<\/a> | <a href=\"https:\/\/www.worldofart.org\/arhiv.worldofart.org\/aktualno\/wp-content\/uploads\/2017\/05\/16.pdf\" target=\"_blank\" rel=\"noopener noreferrer\">LETO 16 (2017\/18)<\/a><\/p>\n<hr \/>\n<p><strong>\u010cASOVNICA (izobra\u017eevalna kontinuiteta)\u00a0<\/strong><\/p>\n<p><img loading=\"lazy\" decoding=\"async\" class=\" wp-image-11372 alignnone\" src=\"https:\/\/www.worldofart.org\/arhiv.worldofart.org\/aktualno\/wp-content\/uploads\/2017\/05\/casovnica-II-400x225.jpg\" alt=\"\" width=\"720\" height=\"405\" srcset=\"https:\/\/www.worldofart.org\/arhiv.worldofart.org\/aktualno\/wp-content\/uploads\/2017\/05\/casovnica-II-400x225.jpg 400w, https:\/\/www.worldofart.org\/arhiv.worldofart.org\/aktualno\/wp-content\/uploads\/2017\/05\/casovnica-II-768x432.jpg 768w, https:\/\/www.worldofart.org\/arhiv.worldofart.org\/aktualno\/wp-content\/uploads\/2017\/05\/casovnica-II-707x398.jpg 707w\" sizes=\"(max-width: 720px) 100vw, 720px\" \/><\/p>\n<p>\u010casovnica v \u010detrti sobi prikazuje dvajsetletno izobra\u017eevalno kontinuiteto \u0161ole ter pregled javnih predavanj, seminarjev in delavnic, nastalih v sodelovanju z lokalnimi in mednarodnimi predavatelji, predavateljicami in institucijami. \u010casovnica ponuja branje na treh ravneh: sezname gostujo\u010dih predavateljic in predavateljev, ki so pripravili javna predavanja, delavnice in seminarje; nabor navedkov; klju\u010dne pojme, ki so prispevali k razumevanju razvoja in problematik tako v polju sodobnih kuratorskih kot vizualnih praks in teorij.<\/p>\n<hr \/>\n<p><strong>VIDEO INTERVJUJI<\/strong><\/p>\n<p><img loading=\"lazy\" decoding=\"async\" class=\" wp-image-11373 alignnone\" src=\"https:\/\/www.worldofart.org\/arhiv.worldofart.org\/aktualno\/wp-content\/uploads\/2017\/05\/P1130702-400x225.jpg\" alt=\"\" width=\"720\" height=\"405\" srcset=\"https:\/\/www.worldofart.org\/arhiv.worldofart.org\/aktualno\/wp-content\/uploads\/2017\/05\/P1130702-400x225.jpg 400w, https:\/\/www.worldofart.org\/arhiv.worldofart.org\/aktualno\/wp-content\/uploads\/2017\/05\/P1130702-768x432.jpg 768w, https:\/\/www.worldofart.org\/arhiv.worldofart.org\/aktualno\/wp-content\/uploads\/2017\/05\/P1130702-707x398.jpg 707w\" sizes=\"(max-width: 720px) 100vw, 720px\" \/><\/p>\n<p>Nekdanji udele\u017eenci in udele\u017eenke \u0161ole Svet umetnosti, Miha Colner, Alenka Gregori\u010d, Ida Hir\u0161enfelder in Tev\u017e Logar, v odgovorih na \u0161tiri vpra\u0161anja reflektirajo pomembne distinkcije v registru osebnih in \u0161ir\u0161ih sprememb v umetnostnem sistemu ter problematizirajo pogoje delovanja v polju kuratorstva in v \u0161ir\u0161em dru\u017ebenem kontekstu.<\/p>\n<p><strong>Video intervju I <\/strong>\/<strong> Vpra\u0161anje I<\/strong>, 5&#8242; 54&#8221;<br \/>\nKak\u0161no vlogo ima \u0161ola Svet umetnosti pri razvoju kuratorskih praks in kuratorskega diskurza v lokalnem kontekstu?<\/p>\n<p><strong>Video intervju II <\/strong>\/<strong> Vpra\u0161anje II<\/strong>, 9&#8242; 24&#8221;<br \/>\nKako so se tekom let spreminjali tvoji kuratorski pristopi in metode snovanja in realizacije razstavnih projektov?<\/p>\n<p><strong>Video intervju III <\/strong>\/<strong> Vpra\u0161anje III<\/strong>, 6&#8242; 34&#8221;<br \/>\nAli je v tvoji kuratorski praksi prisotna sicer pogosta dinamika prepletanja umetni\u0161kih in kuratorskih metodologij?<\/p>\n<p><strong>Video intervju IV <\/strong>\/ <strong>Vpra\u0161anje IV<\/strong>, 14&#8242; 39&#8221;<br \/>\nTudi podro\u010dje kuratorskih praks je v \u010dasu izrazite prekarizacije doseglo kriti\u010dno stanje, kar je nujno privedlo do pojava raznih mikro in makro strategij. Kako te razmere vplivajo na tvoje delo? V \u010dem vidi\u0161 potencial za preoblikovanje obstoje\u010dega umetnostnega sistema?<\/p>\n<p><a href=\"https:\/\/www.worldofart.org\/arhiv.worldofart.org\/aktualno\/sestnajsto-leto-2017-2018\/re-razstava\">Nazaj na razstavo.<\/a><\/p>\n","protected":false},"excerpt":{"rendered":"<p>re- Razstava ob dvajseti obletnici \u0161ole Svet umetnosti 9.\u201326. 5. 2017, Galerija \u0160kuc, Ljubljana \u010cASOVNICA (kronologija) \u010casovnica v prvi sobi kronolo\u0161ko predstavlja dvajsetletno zgodovino \u0161ole Svet umetnosti, njene programske in razvojne premike ter njeno zunanjo refleksijo. Vsak letnik je prikazan v sklopih, ki si sledijo v naslednjem vrstnem redu: predstavitev ekipe, udele\u017eencev in udele\u017eenk \u0161ole; [&hellip;]<\/p>\n","protected":false},"author":16,"featured_media":0,"parent":11183,"menu_order":0,"comment_status":"closed","ping_status":"closed","template":"","meta":{"footnotes":""},"categories":[],"tags":[],"_links":{"self":[{"href":"https:\/\/www.worldofart.org\/arhiv.worldofart.org\/aktualno\/wp-json\/wp\/v2\/pages\/11227"}],"collection":[{"href":"https:\/\/www.worldofart.org\/arhiv.worldofart.org\/aktualno\/wp-json\/wp\/v2\/pages"}],"about":[{"href":"https:\/\/www.worldofart.org\/arhiv.worldofart.org\/aktualno\/wp-json\/wp\/v2\/types\/page"}],"author":[{"embeddable":true,"href":"https:\/\/www.worldofart.org\/arhiv.worldofart.org\/aktualno\/wp-json\/wp\/v2\/users\/16"}],"replies":[{"embeddable":true,"href":"https:\/\/www.worldofart.org\/arhiv.worldofart.org\/aktualno\/wp-json\/wp\/v2\/comments?post=11227"}],"version-history":[{"count":10,"href":"https:\/\/www.worldofart.org\/arhiv.worldofart.org\/aktualno\/wp-json\/wp\/v2\/pages\/11227\/revisions"}],"predecessor-version":[{"id":11379,"href":"https:\/\/www.worldofart.org\/arhiv.worldofart.org\/aktualno\/wp-json\/wp\/v2\/pages\/11227\/revisions\/11379"}],"up":[{"embeddable":true,"href":"https:\/\/www.worldofart.org\/arhiv.worldofart.org\/aktualno\/wp-json\/wp\/v2\/pages\/11183"}],"wp:attachment":[{"href":"https:\/\/www.worldofart.org\/arhiv.worldofart.org\/aktualno\/wp-json\/wp\/v2\/media?parent=11227"}],"wp:term":[{"taxonomy":"category","embeddable":true,"href":"https:\/\/www.worldofart.org\/arhiv.worldofart.org\/aktualno\/wp-json\/wp\/v2\/categories?post=11227"},{"taxonomy":"post_tag","embeddable":true,"href":"https:\/\/www.worldofart.org\/arhiv.worldofart.org\/aktualno\/wp-json\/wp\/v2\/tags?post=11227"}],"curies":[{"name":"wp","href":"https:\/\/api.w.org\/{rel}","templated":true}]}}