{"id":11414,"date":"1998-05-30T13:10:28","date_gmt":"1998-05-30T11:10:28","guid":{"rendered":"http:\/\/www.worldofart.org\/aktualno\/?page_id=11414"},"modified":"2018-07-12T12:25:58","modified_gmt":"2018-07-12T10:25:58","slug":"teorije-razstavljanja","status":"publish","type":"page","link":"https:\/\/www.worldofart.org\/arhiv.worldofart.org\/aktualno\/v-branje\/teorije-razstavljanja","title":{"rendered":"Teorije razstavljanja"},"content":{"rendered":"<p>Svet umetnosti | Javna predavanja | Teorije razstavljanja | 1998 | Arhiv<\/p>\n<hr \/>\n<p><img loading=\"lazy\" decoding=\"async\" src=\"https:\/\/www.worldofart.org\/arhiv.worldofart.org\/aktualno\/wp-content\/uploads\/1999\/05\/manjsa.jpg\" alt=\"\" width=\"2000\" height=\"1138\" class=\"alignnone size-full wp-image-11573\" srcset=\"https:\/\/www.worldofart.org\/arhiv.worldofart.org\/aktualno\/wp-content\/uploads\/1999\/05\/manjsa.jpg 2000w, https:\/\/www.worldofart.org\/arhiv.worldofart.org\/aktualno\/wp-content\/uploads\/1999\/05\/manjsa-400x228.jpg 400w, https:\/\/www.worldofart.org\/arhiv.worldofart.org\/aktualno\/wp-content\/uploads\/1999\/05\/manjsa-768x437.jpg 768w, https:\/\/www.worldofart.org\/arhiv.worldofart.org\/aktualno\/wp-content\/uploads\/1999\/05\/manjsa-707x402.jpg 707w\" sizes=\"(max-width: 2000px) 100vw, 2000px\" \/><\/p>\n<p>Ob dvajseti obletnici delovanja \u0160ole za kuratorske prakse in kriti\u0161ko pisanje Svet umetnosti smo z razstavo <a href=\"https:\/\/www.worldofart.org\/arhiv.worldofart.org\/aktualno\/sestnajsto-leto-2017-2018\/re-razstava\" target=\"_blank\" rel=\"noopener noreferrer\"><em>re-<\/em><\/a> v Galeriji \u0160kuc s predstavitvijo arhiva posku\u0161ali ponuditi razli\u010dne vstopne to\u010dke za rekontekstualizacijo in reinterpretacijo zbranega gradiva. \u0160ola Svet umetnosti kot neformalno izobra\u017eevanje na podro\u010dju kuratorskih praks in kriti\u0161kega pisanja posku\u0161a odpirati prostor za specifi\u010dno produkcijo in distribucijo znanj, zato smo v ta namen vsebine javnih predavanj prvih let obstoja \u0161ole prenesli na novo spletno stran, kjer so znova dostopne \u0161ir\u0161i zainteresirani javnosti.<\/p>\n<p>V nizu javnih predavanj <strong><em>Teorije razstavljanja<\/em><\/strong>, ki smo ga pripravili leta 1998, so predavali Stephen Bann, Ute Meta Bauer, Nadja Zgonik, Konstantin Akinscha, Tadej Poga\u010dar, Igor Zabel in Vuk \u0106osi\u0107.<\/p>\n<hr \/>\n<p><strong>Stephen Bann:<\/strong> <a href=\"https:\/\/www.worldofart.org\/arhiv.worldofart.org\/aktualno\/archives\/11424\"> Razstavljanje skozi \u010das<\/a><br \/>\n<strong>Ute Meta Bauer:<\/strong> <a href=\"https:\/\/www.worldofart.org\/arhiv.worldofart.org\/aktualno\/archives\/11460\">Do-It-Yourself: razstave umetnikov 20. stoletja<\/a><br \/>\n<strong>Nadja Zgonik:<\/strong> <a href=\"https:\/\/www.worldofart.org\/arhiv.worldofart.org\/aktualno\/archives\/11436\">O vlogi ukvarjanja z nacionalno identiteto v teorijah razstavljanja na Slovenskem: med zgodovino in sodobnostjo<\/a><br \/>\n<strong>Konstantin Akinsha:<\/strong> <a href=\"https:\/\/www.worldofart.org\/arhiv.worldofart.org\/aktualno\/archives\/11440\">O underground sceni<\/a><br \/>\n<strong>Tadej Poga\u010dar:<\/strong> <a href=\"https:\/\/www.worldofart.org\/arhiv.worldofart.org\/aktualno\/archives\/11443\">P.A.R.A.S.I.T.E. Muzej sodobne umetnosti in Novi parazitizem<\/a><br \/>\n<strong>Igor Zabel:<\/strong> <a href=\"https:\/\/www.worldofart.org\/arhiv.worldofart.org\/aktualno\/archives\/11446\">Razstavne strategije v devetdesetih: Nekaj zgledov iz slovenskega prostora<\/a><br \/>\n<strong>Vuk \u0106osi\u0107:<\/strong> <a href=\"https:\/\/www.worldofart.org\/arhiv.worldofart.org\/aktualno\/archives\/11449\">Net.art, besedilo<\/a><\/p>\n","protected":false},"excerpt":{"rendered":"<p>Svet umetnosti | Javna predavanja | Teorije razstavljanja | 1998 | Arhiv Ob dvajseti obletnici delovanja \u0160ole za kuratorske prakse in kriti\u0161ko pisanje Svet umetnosti smo z razstavo re- v Galeriji \u0160kuc s predstavitvijo arhiva posku\u0161ali ponuditi razli\u010dne vstopne to\u010dke za rekontekstualizacijo in reinterpretacijo zbranega gradiva. \u0160ola Svet umetnosti kot neformalno izobra\u017eevanje na podro\u010dju kuratorskih [&hellip;]<\/p>\n","protected":false},"author":16,"featured_media":11573,"parent":10003,"menu_order":0,"comment_status":"closed","ping_status":"closed","template":"","meta":{"footnotes":""},"categories":[45],"tags":[],"_links":{"self":[{"href":"https:\/\/www.worldofart.org\/arhiv.worldofart.org\/aktualno\/wp-json\/wp\/v2\/pages\/11414"}],"collection":[{"href":"https:\/\/www.worldofart.org\/arhiv.worldofart.org\/aktualno\/wp-json\/wp\/v2\/pages"}],"about":[{"href":"https:\/\/www.worldofart.org\/arhiv.worldofart.org\/aktualno\/wp-json\/wp\/v2\/types\/page"}],"author":[{"embeddable":true,"href":"https:\/\/www.worldofart.org\/arhiv.worldofart.org\/aktualno\/wp-json\/wp\/v2\/users\/16"}],"replies":[{"embeddable":true,"href":"https:\/\/www.worldofart.org\/arhiv.worldofart.org\/aktualno\/wp-json\/wp\/v2\/comments?post=11414"}],"version-history":[{"count":18,"href":"https:\/\/www.worldofart.org\/arhiv.worldofart.org\/aktualno\/wp-json\/wp\/v2\/pages\/11414\/revisions"}],"predecessor-version":[{"id":13417,"href":"https:\/\/www.worldofart.org\/arhiv.worldofart.org\/aktualno\/wp-json\/wp\/v2\/pages\/11414\/revisions\/13417"}],"up":[{"embeddable":true,"href":"https:\/\/www.worldofart.org\/arhiv.worldofart.org\/aktualno\/wp-json\/wp\/v2\/pages\/10003"}],"wp:featuredmedia":[{"embeddable":true,"href":"https:\/\/www.worldofart.org\/arhiv.worldofart.org\/aktualno\/wp-json\/wp\/v2\/media\/11573"}],"wp:attachment":[{"href":"https:\/\/www.worldofart.org\/arhiv.worldofart.org\/aktualno\/wp-json\/wp\/v2\/media?parent=11414"}],"wp:term":[{"taxonomy":"category","embeddable":true,"href":"https:\/\/www.worldofart.org\/arhiv.worldofart.org\/aktualno\/wp-json\/wp\/v2\/categories?post=11414"},{"taxonomy":"post_tag","embeddable":true,"href":"https:\/\/www.worldofart.org\/arhiv.worldofart.org\/aktualno\/wp-json\/wp\/v2\/tags?post=11414"}],"curies":[{"name":"wp","href":"https:\/\/api.w.org\/{rel}","templated":true}]}}