{"id":1148,"date":"2011-11-06T14:20:41","date_gmt":"2011-11-06T12:20:41","guid":{"rendered":"http:\/\/www.worldofart.org\/aktualno\/?page_id=1148"},"modified":"2018-06-18T18:35:59","modified_gmt":"2018-06-18T16:35:59","slug":"udelezenci-sole-20112013","status":"publish","type":"page","link":"https:\/\/www.worldofart.org\/arhiv.worldofart.org\/aktualno\/stirinajsti-letnik-20112013\/udelezenci-sole-20112013","title":{"rendered":"Udele\u017eenci \u0161ole 2011\/2013"},"content":{"rendered":"<h3 class=\"sola vijolicna\" style=\"font-weight: normal;\">1. in 2. letnik<\/h3>\n<p><img loading=\"lazy\" decoding=\"async\" style=\"margin-right: 10px; margin-bottom: 5px; margin-top: 3px; margin-left: 0px;\" src=\"https:\/\/www.worldofart.org\/arhiv.worldofart.org\/aktualno\/wp-content\/2011-13\/tecajniki\/maja-alibegovic.jpg\" alt=\"Maja Alibegovi\u0107\" width=\"100\" height=\"100\" align=\"left\" \/><strong>Maja Alibegovi\u0107 (1987)<\/strong><br \/>\nRojena v Ljubljani. Od leta 2006 se izobra\u017euje na Akademiji za likovno umetnost in oblikovanje na oddelku za industrijsko oblikovanje. Leta 2011 je bila na \u0161tudijski izmenjavi na \u0160vedskem (HDK- H\u00f6gskolan f\u00f6r Design och Konsthantverk in HFF- H\u00f6gskolan f\u00f6r fotografi, G\u00f6teborg). Ukvarja se predvsem s fotografijo, svoja dela je predstavila na razstavi izbranih \u0161tudentskih del Oko za oko (2009, 2010). Njene fotografije so nominirane za mednarodno \u0161tudentsko nagrado Essl Art Award (Moderna galerija Ljubljana, 2011), istega leta je tudi drugouvr\u0161\u010dena na Emzinovi Fotografiji leta (Cankarjev dom, 2011). S prijatelji je leta 2009 ustanovila pet\u010dlanski kolektiv driskoteka in se tako aktivno vklju\u010dila v klubsko sceno. V svoje dogodke poleg glasbe vklju\u010dujejo tudi scenografijo, kostumografijo, fotografijo in video. Leta 2009 in 2010 je bila zaposlena pri \u0161vedski oblikovalski agenciji No picnic, kjer je pisala \u010dlanke o novih smernicah v oblikovanju, modi in umetnosti v Sloveniji. Trenutno zaklju\u010duje \u0161tudij in pripravlja nekaj novih projektov s podro\u010dja fotografije.<\/p>\n<hr \/>\n<p><img loading=\"lazy\" decoding=\"async\" style=\"margin-right: 10px; margin-bottom: 5px; margin-top: 3px; margin-left: 0px;\" src=\"https:\/\/www.worldofart.org\/arhiv.worldofart.org\/aktualno\/wp-content\/2011-13\/tecajniki\/maja-antoncic.jpg\" alt=\"Maja Anton\u010di\u010d\" width=\"100\" height=\"100\" align=\"left\" \/><strong>Maja Anton\u010di\u010d (1983)<\/strong><br \/>\nRojena v Celju. Diplomirala na dvopredmetnem \u0161tudiju umetnostne zgodovine in bibliotekarstva, informacijske znanosti in knjigarstva na Filozofski fakulteti v Ljubljani. Od oktobra 2011 obiskuje \u0161olo za kustose in kritike sodobne umetnosti Svet umetnosti na SCCA\u2013Ljubljana. Zaposlena je kot kustosinja v Centru sodobnih umetnosti Zavoda Celeia Celje.<\/p>\n<div style=\"margin: 20px; color: #fff;\">.<\/div>\n<hr \/>\n<p><img loading=\"lazy\" decoding=\"async\" style=\"margin-right: 10px; margin-bottom: 5px; margin-top: 3px; margin-left: 0px;\" src=\"https:\/\/www.worldofart.org\/arhiv.worldofart.org\/aktualno\/wp-content\/2011-13\/tecajniki\/lenka-dzorojevic.jpg\" alt=\"Lenka \u0110orojevi\u0107\" width=\"100\" height=\"100\" align=\"left\" \/><strong>Lenka \u0110orojevi\u0107 (1982)<\/strong><br \/>\nRojena v Nik\u0161i\u0107u, \u010crna Gora. Diplomirala leta 2008 na Akademiji za likovnu umjetnost v Trebinju, Bosna in Hercegovina. Istega leta se je dodatno izobra\u017eevala na International Summer Academy v Salzburgu. Zaklju\u010duje magistrsko delo na ALUO v Ljubljani, hkrati je zaklju\u010dila tudi dva letnika izbirnega predmeta scenografije na AGRFT v Ljubljani. Razstavlja v Sloveniji in tujini. S scenografijami sodeluje tudi v gledali\u0161ki produkciji.<\/p>\n<div style=\"margin: 10px; color: #fff;\">.<\/div>\n<hr \/>\n<p><img loading=\"lazy\" decoding=\"async\" style=\"margin-right: 10px; margin-bottom: 5px; margin-top: 3px; margin-left: 0px;\" src=\"https:\/\/www.worldofart.org\/arhiv.worldofart.org\/aktualno\/wp-content\/2011-13\/tecajniki\/jasna-jernejsek.jpg\" alt=\"Jasna Jernej\u0161ek\" width=\"100\" height=\"100\" align=\"left\" \/><strong>Jasna Jernej\u0161ek (1982)<\/strong><br \/>\nZaklju\u010duje znanstveni magisterij Komunikologije na Fakulteti za dru\u017ebene vede. Druga\u010de diplomirana kulturologinja se je v okviru podiplomskega \u0161tudija izobra\u017eevala tudi na Hacettepe University v Tur\u010diji. Teoreti\u010dno in prakti\u010dno se ukvarja s fotografijo, ki jo zmeraj znova navdu\u0161uje in h kateri se, obogatena z znanji iz razli\u010dnih podro\u010dij, vedno znova vra\u010da ter jo tako poglablja in nadgrajuje.<\/p>\n<div style=\"margin: 10px; color: #fff;\">.<\/div>\n<hr \/>\n<p><a id=\"miha\" name=\"miha\"><\/a><br \/>\n<img loading=\"lazy\" decoding=\"async\" style=\"margin-right: 10px; margin-bottom: 5px; margin-top: 3px; margin-left: 0px;\" src=\"https:\/\/www.worldofart.org\/arhiv.worldofart.org\/aktualno\/wp-content\/2011-13\/tecajniki\/miha-kelemina.jpg\" alt=\"Miha Kelemina\" width=\"100\" height=\"100\" align=\"left\" \/><strong>Miha Kelemina (1985)<\/strong><br \/>\nDiplomiral na enopredmetnem \u0161tudiju umetnostne zgodovine na <em>Filozofski fakulteti <\/em>Univerze v Ljubljani (2010). Leta 2011 se je vpisal v <em>Svet umetnosti<\/em>, \u0161olo za kuratorje in kritike sodobne umetnosti, ki deluje v okviru Zavoda za sodobno umetnost, SCCA \u2013 Ljubljana. Kon\u010dal je tudi dodatno izobra\u017eevanje v projektnem mened\u017ementu na te\u010daju <em>Vodja projekta<\/em>. Je ustanovni \u010dlan kolektiva <em>OFFTIR, dru\u0161tva za vizualno in zvo\u010dno umetnost<\/em>, s katerim se je predstavil na <em>U3, 7. Trienalu sodobne slovenske umetnosti<\/em>. Od leta 2013 je tudi sodelavec Redakcije za kulturo in humanisti\u010dne vede Radia \u0160tudent, kjer je urednik oddaje <em>Art-Area<\/em>.<\/p>\n<p>&nbsp;<\/p>\n<hr \/>\n<p><img loading=\"lazy\" decoding=\"async\" style=\"margin-right: 10px; margin-bottom: 5px; margin-top: 3px; margin-left: 0px;\" src=\"https:\/\/www.worldofart.org\/arhiv.worldofart.org\/aktualno\/wp-content\/2011-13\/tecajniki\/nina-skumavc.jpg\" alt=\"Nina Skumavc\" width=\"100\" height=\"100\" align=\"left\" \/><strong>Nina Skumavc (1986)<\/strong><\/p>\n<p>Rojena na Jesenicah. Diplomirala na oddelku za umetnostno zgodovino na Filozofski Fakulteti v Ljubljani. Od konca srednje \u0161ole in med \u0161tudijem je sodelovala pri arheolo\u0161kih izkopavanjih, pri restavratorskih delih in z Muzeji Radovlji\u0161ke ob\u010dine. Med leti 2007 in 2010 je delala kot prostovoljka pri AKD Izbruh v Kranju, nato pa od leta 2009 do 2011 sodelovala pri ustanovitvi in prostovoljnem delu KUD-a Subart v Kranju. Trenutno sodeluje pri projektu dokumentiranja in ovrednotenja zbirke Galerija Miklova hi\u0161a v Ribnici.<\/p>\n<div style=\"margin: 1px; color: #fff;\">.<\/div>\n<hr \/>\n<p><img loading=\"lazy\" decoding=\"async\" style=\"margin-right: 10px; margin-bottom: 5px; margin-top: 3px; margin-left: 0px;\" src=\"https:\/\/www.worldofart.org\/arhiv.worldofart.org\/aktualno\/wp-content\/2011-13\/tecajniki\/denis-volk.jpg\" alt=\"Denis Volk\" width=\"100\" height=\"100\" align=\"left\" \/><strong>Denis Volk (1968)<\/strong><br \/>\nRojen v \u0160empetru pri Gorici. Zaklju\u010dil je formalno izobrazbo na podro\u010dju zdravstva. \u017divljenjske okoli\u0161\u010dine in mnogoteri interesi za razli\u010dna podro\u010dja so mu prinesli znanja in izku\u0161nje od psihoterapije, zlatarstva, pa vse do likovne umetnosti in oblikovanja. Je reden spremljevalec umetni\u0161kih dogodkov z velikim zanimanjem za slovensko slikarstvo 20. stoletja.<\/p>\n<div style=\"margin: 30px; color: #fff;\">.<\/div>\n<hr \/>\n<p>Do marca 2013<\/p>\n<p><img loading=\"lazy\" decoding=\"async\" style=\"margin-right: 10px; margin-bottom: 5px; margin-top: 3px; margin-left: 0px;\" src=\"https:\/\/www.worldofart.org\/arhiv.worldofart.org\/aktualno\/wp-content\/2011-13\/tecajniki\/amalija-stojsavljevic.jpg\" alt=\"Amalija Stojsavljevi\u0107\" width=\"100\" height=\"100\" align=\"left\" \/><strong>Amalija Stojsavljevi\u0107 (1984)<\/strong><br \/>\nRojena v Pan\u010devu. Diplomirala na Oddelku za umetnostno zgodovino Filozofske fakultete v Beogradu. S kritikami in razstavami aktivno sodeluje na sodobni umetni\u0161ki sceni Bosne in Hercegovine.<\/p>\n<div style=\"margin: 30px; color: #fff;\">.<\/div>\n<h3 class=\"sola vijolicna\" style=\"margin-top: 70px; font-weight: normal;\">1. letnik<\/h3>\n<p><img loading=\"lazy\" decoding=\"async\" style=\"margin-right: 10px; margin-bottom: 5px; margin-top: 3px; margin-left: 0px;\" src=\"https:\/\/www.worldofart.org\/arhiv.worldofart.org\/aktualno\/wp-content\/2011-13\/tecajniki\/darija-kovacic.jpg\" alt=\"Darija Kova\u010di\u010d\" width=\"100\" height=\"100\" align=\"left\" \/><strong>Darija Kova\u010di\u010d (1974)<\/strong><br \/>\nRojena v Ljubljani. Leta 2002 diplomirala na oddelkih za zgodovino in umetnostno zgodovino na Filozofski fakulteti v Ljubljani. Zaposlena je v Mestni knji\u017enici Grosuplje, kjer vodi tudi galerijo. V prostem \u010dasu veliko bere, spogleduje pa se tudi s slikanjem in fotografijo.<\/p>\n<div style=\"margin: 32px; color: #fff;\">.<\/div>\n<hr \/>\n<p><img loading=\"lazy\" decoding=\"async\" style=\"margin-right: 10px; margin-bottom: 5px; margin-top: 3px; margin-left: 0px;\" src=\"https:\/\/www.worldofart.org\/arhiv.worldofart.org\/aktualno\/wp-content\/2011-13\/tecajniki\/nina-sotelsek.jpg\" alt=\"Nina Sotel\u0161ek\" width=\"100\" height=\"100\" align=\"left\" \/><strong>Nina Sotel\u0161ek (1982)<\/strong><br \/>\nRojena v Bre\u017eicah, trenutno \u017eivi v Kr\u0161kem. Po kon\u010danem \u0161olanju na Srednji \u0161oli za oblikovanje in fotografijo (smer fotografija) je nadaljevala enopredmetni \u0161tudij umetnostne zgodovine na Filozofski fakulteti v Ljubljani. Po diplomi se je zaposlila v Mestnem muzeju Kr\u0161ko. Sodeluje tudi pri organizaciji razstav v Galeriji Kr\u0161ko.<\/p>\n<div style=\"margin: 22px; color: #fff;\">.<\/div>\n","protected":false},"excerpt":{"rendered":"<p>1. in 2. letnik Maja Alibegovi\u0107 (1987) Rojena v Ljubljani. Od leta 2006 se izobra\u017euje na Akademiji za likovno umetnost in oblikovanje na oddelku za industrijsko oblikovanje. Leta 2011 je bila na \u0161tudijski izmenjavi na \u0160vedskem (HDK- H\u00f6gskolan f\u00f6r Design och Konsthantverk in HFF- H\u00f6gskolan f\u00f6r fotografi, G\u00f6teborg). Ukvarja se predvsem s fotografijo, svoja dela [&hellip;]<\/p>\n","protected":false},"author":1,"featured_media":0,"parent":866,"menu_order":0,"comment_status":"closed","ping_status":"closed","template":"","meta":{"footnotes":""},"categories":[],"tags":[],"_links":{"self":[{"href":"https:\/\/www.worldofart.org\/arhiv.worldofart.org\/aktualno\/wp-json\/wp\/v2\/pages\/1148"}],"collection":[{"href":"https:\/\/www.worldofart.org\/arhiv.worldofart.org\/aktualno\/wp-json\/wp\/v2\/pages"}],"about":[{"href":"https:\/\/www.worldofart.org\/arhiv.worldofart.org\/aktualno\/wp-json\/wp\/v2\/types\/page"}],"author":[{"embeddable":true,"href":"https:\/\/www.worldofart.org\/arhiv.worldofart.org\/aktualno\/wp-json\/wp\/v2\/users\/1"}],"replies":[{"embeddable":true,"href":"https:\/\/www.worldofart.org\/arhiv.worldofart.org\/aktualno\/wp-json\/wp\/v2\/comments?post=1148"}],"version-history":[{"count":27,"href":"https:\/\/www.worldofart.org\/arhiv.worldofart.org\/aktualno\/wp-json\/wp\/v2\/pages\/1148\/revisions"}],"predecessor-version":[{"id":9600,"href":"https:\/\/www.worldofart.org\/arhiv.worldofart.org\/aktualno\/wp-json\/wp\/v2\/pages\/1148\/revisions\/9600"}],"up":[{"embeddable":true,"href":"https:\/\/www.worldofart.org\/arhiv.worldofart.org\/aktualno\/wp-json\/wp\/v2\/pages\/866"}],"wp:attachment":[{"href":"https:\/\/www.worldofart.org\/arhiv.worldofart.org\/aktualno\/wp-json\/wp\/v2\/media?parent=1148"}],"wp:term":[{"taxonomy":"category","embeddable":true,"href":"https:\/\/www.worldofart.org\/arhiv.worldofart.org\/aktualno\/wp-json\/wp\/v2\/categories?post=1148"},{"taxonomy":"post_tag","embeddable":true,"href":"https:\/\/www.worldofart.org\/arhiv.worldofart.org\/aktualno\/wp-json\/wp\/v2\/tags?post=1148"}],"curies":[{"name":"wp","href":"https:\/\/api.w.org\/{rel}","templated":true}]}}