{"id":115,"date":"2007-10-13T22:11:20","date_gmt":"2007-10-13T20:11:20","guid":{"rendered":"http:\/\/www.worldofart.org\/aktualno\/seminar\/program\/"},"modified":"2018-06-18T22:28:32","modified_gmt":"2018-06-18T20:28:32","slug":"program","status":"publish","type":"page","link":"https:\/\/www.worldofart.org\/arhiv.worldofart.org\/aktualno\/dvanajsti-letnik-20082009\/seminar\/program","title":{"rendered":"Program 2008\/09"},"content":{"rendered":"<p class=\"leto\"><strong>2008<\/strong><\/p>\n<table width=\"100%\" border=\"0\" cellspacing=\"0\" cellpadding=\"0\">\n<tr>\n<td class=\"mesec\" width=\"20%\" valign=\"top\">oktober<\/td>\n<td class=\"tdprogramsredina\" width=\"20%\" valign=\"top\">petek, sobota<br \/>\n17.-18. 10. 2008<\/td>\n<td class=\"tdprogram\" width=\"60%\" valign=\"top\"><a href=\"https:\/\/www.worldofart.org\/arhiv.worldofart.org\/aktualno\/archives\/201\">\u017denja Leiler: \u010casopisna kritika<\/a><\/td>\n<\/tr>\n<\/table>\n<p class=\"leto\"><strong>2009<\/strong><\/p>\n<table width=\"100%\" border=\"0\" cellspacing=\"0\" cellpadding=\"0\">\n<tr>\n<td class=\"mesec\" width=\"20%\" valign=\"top\">februar<\/td>\n<td class=\"tdprogramsredina\" width=\"20%\" valign=\"top\">petek, sobota<br \/>\n 6.-7. 2. 2009<\/td>\n<td class=\"tdprogram\" width=\"60%\" valign=\"top\"><a href=\"https:\/\/www.worldofart.org\/arhiv.worldofart.org\/aktualno\/archives\/208\">Mi\u0161ko \u0160uvakovi\u0107: Konstrukcija zgodbe o moderni umetnosti in kako zastaviti kriti\u010dno analizo<\/a><\/td>\n<\/tr>\n<tr>\n<td class=\"mesec\" rowspan=\"2\" width=\"20%\" valign=\"top\">maj<\/td>\n<td class=\"tdprogramsredina\" width=\"20%\" valign=\"top\">\u010detrtek, petek<br \/>\n15.-16. 5. 2009<\/td>\n<td class=\"tdprogram\" width=\"60%\" valign=\"top\"><a href=\"https:\/\/www.worldofart.org\/arhiv.worldofart.org\/aktualno\/archives\/218\">Branislav Dimitrijevi\u0107: Interpretiranje in situiranje sodobne umetnosti: Opazovanje, participacija, motivacija, raziskovanje in empatija<\/a><\/td>\n<\/tr>\n<tr>\n<td class=\"tdprogramsredina\" width=\"20%\" valign=\"top\">od 22. 5. 2009 dalje<\/td>\n<td class=\"tdprogram\" width=\"60%\" valign=\"top\"><a href=\"https:\/\/www.worldofart.org\/arhiv.worldofart.org\/aktualno\/archives\/212\">Neven Korda, Zemira Alajbegovi\u0107 Pe\u010dovnik: Videoesej<\/a><\/td>\n<\/tr>\n<\/table>\n","protected":false},"excerpt":{"rendered":"<p>2008 oktober petek, sobota 17.-18. 10. 2008 \u017denja Leiler: \u010casopisna kritika 2009 februar petek, sobota 6.-7. 2. 2009 Mi\u0161ko \u0160uvakovi\u0107: Konstrukcija zgodbe o moderni umetnosti in kako zastaviti kriti\u010dno analizo maj \u010detrtek, petek 15.-16. 5. 2009 Branislav Dimitrijevi\u0107: Interpretiranje in situiranje sodobne umetnosti: Opazovanje, participacija, motivacija, raziskovanje in empatija od 22. 5. 2009 dalje Neven [&hellip;]<\/p>\n","protected":false},"author":1,"featured_media":0,"parent":4,"menu_order":0,"comment_status":"closed","ping_status":"closed","template":"","meta":{"footnotes":""},"categories":[],"tags":[],"_links":{"self":[{"href":"https:\/\/www.worldofart.org\/arhiv.worldofart.org\/aktualno\/wp-json\/wp\/v2\/pages\/115"}],"collection":[{"href":"https:\/\/www.worldofart.org\/arhiv.worldofart.org\/aktualno\/wp-json\/wp\/v2\/pages"}],"about":[{"href":"https:\/\/www.worldofart.org\/arhiv.worldofart.org\/aktualno\/wp-json\/wp\/v2\/types\/page"}],"author":[{"embeddable":true,"href":"https:\/\/www.worldofart.org\/arhiv.worldofart.org\/aktualno\/wp-json\/wp\/v2\/users\/1"}],"replies":[{"embeddable":true,"href":"https:\/\/www.worldofart.org\/arhiv.worldofart.org\/aktualno\/wp-json\/wp\/v2\/comments?post=115"}],"version-history":[{"count":1,"href":"https:\/\/www.worldofart.org\/arhiv.worldofart.org\/aktualno\/wp-json\/wp\/v2\/pages\/115\/revisions"}],"predecessor-version":[{"id":9438,"href":"https:\/\/www.worldofart.org\/arhiv.worldofart.org\/aktualno\/wp-json\/wp\/v2\/pages\/115\/revisions\/9438"}],"up":[{"embeddable":true,"href":"https:\/\/www.worldofart.org\/arhiv.worldofart.org\/aktualno\/wp-json\/wp\/v2\/pages\/4"}],"wp:attachment":[{"href":"https:\/\/www.worldofart.org\/arhiv.worldofart.org\/aktualno\/wp-json\/wp\/v2\/media?parent=115"}],"wp:term":[{"taxonomy":"category","embeddable":true,"href":"https:\/\/www.worldofart.org\/arhiv.worldofart.org\/aktualno\/wp-json\/wp\/v2\/categories?post=115"},{"taxonomy":"post_tag","embeddable":true,"href":"https:\/\/www.worldofart.org\/arhiv.worldofart.org\/aktualno\/wp-json\/wp\/v2\/tags?post=115"}],"curies":[{"name":"wp","href":"https:\/\/api.w.org\/{rel}","templated":true}]}}