{"id":1199,"date":"2011-12-09T14:03:17","date_gmt":"2011-12-09T12:03:17","guid":{"rendered":"http:\/\/www.worldofart.org\/aktualno\/?page_id=1199"},"modified":"2018-06-18T18:36:05","modified_gmt":"2018-06-18T16:36:05","slug":"studijska-ekskurzija-v-krakov-program","status":"publish","type":"page","link":"https:\/\/www.worldofart.org\/arhiv.worldofart.org\/aktualno\/stirinajsti-letnik-20112013\/studijske-ekskurzije\/studijska-ekskurzija-v-krakov-program","title":{"rendered":"\u0160tudijska ekskurzija v Krakov &#8211; program"},"content":{"rendered":"<p>SVET UMETNOSTI<br \/>\n\u0160ola za kustose in kritike sodobne umetnosti<br \/>\nLetnik 14<\/p>\n<p>\u0160tudijska ekskurzija v Krakov<br \/>\n7.\u201311. 11. 2011<\/p>\n<hr \/>\n<p><strong>torek, 8. november 2011<\/strong><\/p>\n<p>14.30\u201316.00<br \/>\n<strong>Schindlerjev muzej<\/strong>, ul. Lipowa 4<\/p>\n<p>16.30\u201317.30<br \/>\n<strong>Galerija Starmach<\/strong>, ul. W\u0119gierska 5<br \/>\nSre\u010danje z Andrzejem Szczepaniakom (kurator) <\/p>\n<p>18.00<br \/>\n<strong>MOCAK, Muzej sodobne umetnosti Krakova<\/strong>, ul. Lipowa 4<br \/>\nOtvoritev razstave: <em>Dunajski akcionizem \u2013 Nasprotni pol dru\u017ebi<\/em>. Dela iz zbirke Muzeja Essl, Avstrija.<\/p>\n<hr \/>\n<p><strong>sreda, 9. november 2011<\/strong><\/p>\n<p>10.30\u201313.15<br \/>\n<strong>Center za dokumentacijo umetnosti Tadeusza Kantorja Krikoteka<\/strong>, ul. Kanonicza 5<br \/>\nSre\u010danje in pogovor z Natalijo Zarzyckjo (vodja) <\/p>\n<p>13.30\u201314.30<br \/>\n<strong>MOCAK, Muzej sodobne umetnosti Krakov<\/strong>, ul. Lipowa 4<br \/>\nSre\u010danje z Delfino Piekarsko (koordinatorica)<\/p>\n<p>14.30\u201316.30 odmor za kosilo<\/p>\n<p>16.30\u201317.15<br \/>\n<strong>Goldex Poldex<\/strong>, ul. J\u00f3zefi\u0144ska 21\/12<br \/>\nSre\u010danje in pogovor z Janekom Simonom (umetnik, vodja)<\/p>\n<p>17.15\u201318.00<br \/>\n<strong>New Roman<\/strong>, ul. Krasickiego 9\/8<br \/>\nSre\u010danje z Pawe\u0142om Olszy\u0144skim (vodja)<\/p>\n<hr \/>\n<p><strong>\u010detrtek, 10. november 2011<\/strong><\/p>\n<p>10.30\u201311.45<br \/>\n<strong>Nacionalni muzej v Krakovu<\/strong>, ul. 3 Maja 1<br \/>\nSre\u010danje in pogovor z Dominikom Kury\u0142ekom (kurator)<\/p>\n<p>12.00\u201312.30<br \/>\n<strong>Art Agenda Nova<\/strong>, ul. Batorego 2<br \/>\nSre\u010danje z Micha\u0142om Zawado (umetnik)<\/p>\n<p>12.45\u201313.15<br \/>\n<strong>No Local Foundation<\/strong>, ul. S\u0142awkowska 14<br \/>\nSre\u010danje z Ma\u0142gorzato Mleczko in Patrycjo Musia\u0142 (direktorici)<\/p>\n<p>13.15\u201314.00<br \/>\n<strong>Galerija AS<\/strong>, ul. \u015aw. Marka 22<br \/>\nSre\u010danje z Grzegorzom Siembido (vodja), pogovor z Mateuszom Oko\u0144skijem (vodja Zbiornik Kultury umetnostne galerije)<\/p>\n<p>14.00\u201316.30 odmor za kosilo<\/p>\n<p>16.30\u201318.00<br \/>\n<strong>Galerija sodobne umetnosti Bunkier Sztuki<\/strong>, pl. Szczepa\u0144ski 3a<br \/>\nPogovor z Anno Lebensztajn (koordinatorica) in Krzysztofom Siatkom (kurator)<\/p>\n<p>19.00 ve\u010derja<br \/>\nZazie Bistro, ul. J\u00f3zefa 34<\/p>\n","protected":false},"excerpt":{"rendered":"<p>SVET UMETNOSTI \u0160ola za kustose in kritike sodobne umetnosti Letnik 14 \u0160tudijska ekskurzija v Krakov 7.\u201311. 11. 2011 torek, 8. november 2011 14.30\u201316.00 Schindlerjev muzej, ul. Lipowa 4 16.30\u201317.30 Galerija Starmach, ul. W\u0119gierska 5 Sre\u010danje z Andrzejem Szczepaniakom (kurator) 18.00 MOCAK, Muzej sodobne umetnosti Krakova, ul. Lipowa 4 Otvoritev razstave: Dunajski akcionizem \u2013 Nasprotni pol [&hellip;]<\/p>\n","protected":false},"author":1,"featured_media":0,"parent":870,"menu_order":0,"comment_status":"closed","ping_status":"closed","template":"","meta":{"footnotes":""},"categories":[],"tags":[],"_links":{"self":[{"href":"https:\/\/www.worldofart.org\/arhiv.worldofart.org\/aktualno\/wp-json\/wp\/v2\/pages\/1199"}],"collection":[{"href":"https:\/\/www.worldofart.org\/arhiv.worldofart.org\/aktualno\/wp-json\/wp\/v2\/pages"}],"about":[{"href":"https:\/\/www.worldofart.org\/arhiv.worldofart.org\/aktualno\/wp-json\/wp\/v2\/types\/page"}],"author":[{"embeddable":true,"href":"https:\/\/www.worldofart.org\/arhiv.worldofart.org\/aktualno\/wp-json\/wp\/v2\/users\/1"}],"replies":[{"embeddable":true,"href":"https:\/\/www.worldofart.org\/arhiv.worldofart.org\/aktualno\/wp-json\/wp\/v2\/comments?post=1199"}],"version-history":[{"count":1,"href":"https:\/\/www.worldofart.org\/arhiv.worldofart.org\/aktualno\/wp-json\/wp\/v2\/pages\/1199\/revisions"}],"predecessor-version":[{"id":9607,"href":"https:\/\/www.worldofart.org\/arhiv.worldofart.org\/aktualno\/wp-json\/wp\/v2\/pages\/1199\/revisions\/9607"}],"up":[{"embeddable":true,"href":"https:\/\/www.worldofart.org\/arhiv.worldofart.org\/aktualno\/wp-json\/wp\/v2\/pages\/870"}],"wp:attachment":[{"href":"https:\/\/www.worldofart.org\/arhiv.worldofart.org\/aktualno\/wp-json\/wp\/v2\/media?parent=1199"}],"wp:term":[{"taxonomy":"category","embeddable":true,"href":"https:\/\/www.worldofart.org\/arhiv.worldofart.org\/aktualno\/wp-json\/wp\/v2\/categories?post=1199"},{"taxonomy":"post_tag","embeddable":true,"href":"https:\/\/www.worldofart.org\/arhiv.worldofart.org\/aktualno\/wp-json\/wp\/v2\/tags?post=1199"}],"curies":[{"name":"wp","href":"https:\/\/api.w.org\/{rel}","templated":true}]}}