{"id":120,"date":"2007-10-13T22:37:34","date_gmt":"2007-10-13T20:37:34","guid":{"rendered":"http:\/\/www.worldofart.org\/aktualno\/razvoj\/sodelovanje\/"},"modified":"2018-07-11T21:26:32","modified_gmt":"2018-07-11T19:26:32","slug":"program-predavanj-200708","status":"publish","type":"page","link":"https:\/\/www.worldofart.org\/arhiv.worldofart.org\/aktualno\/enajsti-letnik-200708\/program-predavanj-200708","title":{"rendered":"Program predavanj 2007\/08"},"content":{"rendered":"<h5>Kuratorske prakse I<\/h5>\n<p class=\"leto\"><strong>2007<\/strong><\/p>\n<table width=\"100%\" border=\"0\" cellspacing=\"0\" cellpadding=\"0\">\n<tr>\n<td class=\"mesec\" width=\"20%\" valign=\"top\">januar<\/td>\n<td class=\"tdprogramsredina\" width=\"20%\" valign=\"top\">torek <br \/>\n    23. 1. 2007<\/td>\n<td class=\"tdprogram\" width=\"60%\" valign=\"top\"><a href=\"https:\/\/www.worldofart.org\/arhiv.worldofart.org\/aktualno\/archives\/66\"><strong>Angela Harutyunyan: Uva\u017eanje \u201ckustosa\u201d: Politike reprezentacije in identifikacije v sodobni armenski umetnosti<\/strong><\/a><\/td>\n<\/tr>\n<tr>\n<td class=\"mesec\" width=\"20%\" valign=\"top\">februar<\/td>\n<td class=\"tdprogramsredina\" width=\"20%\" valign=\"top\">torek<br \/>\n   6. 2. 2007<\/td>\n<td class=\"tdprogram\" width=\"60%\" valign=\"top\">\n<a href=\"https:\/\/www.worldofart.org\/arhiv.worldofart.org\/aktualno\/archives\/74\"><strong>Cl\u00e9mentine Deliss: Na\u010drt za mobilno fakulteto umetnosti<\/strong><\/a><\/td>\n<\/tr>\n<tr>\n<td class=\"mesec\" width=\"20%\" valign=\"top\">april<\/td>\n<td class=\"tdprogramsredina\" width=\"20%\" valign=\"top\">\u010detrtek <br \/>\n    12. 4. 2007<\/td>\n<td class=\"tdprogram\" width=\"60%\" valign=\"top\">\n<a href=\"https:\/\/www.worldofart.org\/arhiv.worldofart.org\/aktualno\/archives\/82\"><strong>Suzana Milevska: Kurator kot prevajalec<\/strong><\/a><\/td>\n<\/tr>\n<tr>\n<td class=\"mesec\" width=\"20%\" valign=\"top\">november<\/td>\n<td class=\"tdprogramsredina\" width=\"20%\" valign=\"top\">\u010detrtek<br \/>\n    15. 11. 2007<\/td>\n<td class=\"tdprogram\" width=\"60%\" valign=\"top\"><strong><a href=\"https:\/\/www.worldofart.org\/arhiv.worldofart.org\/aktualno\/archives\/129\">Julian Stallabrass: Art Incorporated: Sodobna umetnost v \u010dasu neoliberalizma<\/a><\/strong><br \/>\n<a href=\"https:\/\/www.worldofart.org\/arhiv.worldofart.org\/aktualno\/archives\/131\">Vsebina predavanja<\/a><\/td>\n<\/tr>\n<\/table>\n<p><\/p>\n<p class=\"leto\"><strong>2008<\/strong><\/p>\n<table width=\"100%\" border=\"0\" cellspacing=\"0\" cellpadding=\"0\">\n<tr>\n<td class=\"mesec\" width=\"20%\" valign=\"top\">februar<\/td>\n<td class=\"tdprogramsredina\" width=\"20%\" valign=\"top\">torek<br \/>\n    19. 2. 2008<\/td>\n<td class=\"tdprogram\" width=\"60%\" valign=\"top\"><strong><a href=\"https:\/\/www.worldofart.org\/arhiv.worldofart.org\/aktualno\/archives\/149\">Manray Hsu: Neformalne politike in sodobna umetnost<\/a><\/strong><\/td>\n<\/tr>\n<\/table>\n","protected":false},"excerpt":{"rendered":"<p>Kuratorske prakse I 2007 januar torek 23. 1. 2007 Angela Harutyunyan: Uva\u017eanje \u201ckustosa\u201d: Politike reprezentacije in identifikacije v sodobni armenski umetnosti februar torek 6. 2. 2007 Cl\u00e9mentine Deliss: Na\u010drt za mobilno fakulteto umetnosti april \u010detrtek 12. 4. 2007 Suzana Milevska: Kurator kot prevajalec november \u010detrtek 15. 11. 2007 Julian Stallabrass: Art Incorporated: Sodobna umetnost v [&hellip;]<\/p>\n","protected":false},"author":1,"featured_media":0,"parent":180,"menu_order":0,"comment_status":"closed","ping_status":"closed","template":"","meta":{"footnotes":""},"categories":[],"tags":[],"_links":{"self":[{"href":"https:\/\/www.worldofart.org\/arhiv.worldofart.org\/aktualno\/wp-json\/wp\/v2\/pages\/120"}],"collection":[{"href":"https:\/\/www.worldofart.org\/arhiv.worldofart.org\/aktualno\/wp-json\/wp\/v2\/pages"}],"about":[{"href":"https:\/\/www.worldofart.org\/arhiv.worldofart.org\/aktualno\/wp-json\/wp\/v2\/types\/page"}],"author":[{"embeddable":true,"href":"https:\/\/www.worldofart.org\/arhiv.worldofart.org\/aktualno\/wp-json\/wp\/v2\/users\/1"}],"replies":[{"embeddable":true,"href":"https:\/\/www.worldofart.org\/arhiv.worldofart.org\/aktualno\/wp-json\/wp\/v2\/comments?post=120"}],"version-history":[{"count":1,"href":"https:\/\/www.worldofart.org\/arhiv.worldofart.org\/aktualno\/wp-json\/wp\/v2\/pages\/120\/revisions"}],"predecessor-version":[{"id":9451,"href":"https:\/\/www.worldofart.org\/arhiv.worldofart.org\/aktualno\/wp-json\/wp\/v2\/pages\/120\/revisions\/9451"}],"up":[{"embeddable":true,"href":"https:\/\/www.worldofart.org\/arhiv.worldofart.org\/aktualno\/wp-json\/wp\/v2\/pages\/180"}],"wp:attachment":[{"href":"https:\/\/www.worldofart.org\/arhiv.worldofart.org\/aktualno\/wp-json\/wp\/v2\/media?parent=120"}],"wp:term":[{"taxonomy":"category","embeddable":true,"href":"https:\/\/www.worldofart.org\/arhiv.worldofart.org\/aktualno\/wp-json\/wp\/v2\/categories?post=120"},{"taxonomy":"post_tag","embeddable":true,"href":"https:\/\/www.worldofart.org\/arhiv.worldofart.org\/aktualno\/wp-json\/wp\/v2\/tags?post=120"}],"curies":[{"name":"wp","href":"https:\/\/api.w.org\/{rel}","templated":true}]}}