{"id":12001,"date":"2017-08-24T11:57:04","date_gmt":"2017-08-24T09:57:04","guid":{"rendered":"http:\/\/www.worldofart.org\/aktualno\/?page_id=12001"},"modified":"2018-03-28T13:10:51","modified_gmt":"2018-03-28T11:10:51","slug":"miha-kelemina-priprava-tehnicnega-nacrta-za-razstavo-sodobne-umetnosti","status":"publish","type":"page","link":"https:\/\/www.worldofart.org\/arhiv.worldofart.org\/aktualno\/sestnajsto-leto-2017-2018\/seminarji-in-moduli\/miha-kelemina-priprava-tehnicnega-nacrta-za-razstavo-sodobne-umetnosti","title":{"rendered":"Miha Kelemina: Priprava tehni\u010dnega na\u010drta za razstavo sodobne umetnosti"},"content":{"rendered":"<p>Na modulu <em>Priprava tehni\u010dnega na\u010drta za razstavo sodobne umetnosti<\/em> bomo pogledali, kaj je tehni\u010dni na\u010drt (ob snovanju razstave od preliminarne, pripravljalne faze in faze finalizacije, izbora umetni\u0161kih del do operativne faze in postavljanja del v prostor) in kako ga pripravimo; pogledali bomo, kak\u0161ne tehni\u010dne na\u010drte je potrebno prilo\u017eiti razpisni dokumentaciji ob prijavi na razpis, kako sestavimo seznam potreb umetnic in umetnikov pri pripravi razstave sodobne umetnosti, razli\u010dne primere na\u010drtovanja postavitve del v prostor, \u010dasovni okvir postavljanja, idr.<\/p>\n<p>Vzporedno s snovanjem razstave in z na\u010drtom postavitve umetni\u0161kih del v prostor bomo sestavili tudi tehni\u010dni na\u010drt in \u010dasovni okvir postavljanja kon\u010dne razstave 16. leta Sveta umetnosti v Galeriji \u0160kuc.<\/p>\n<hr \/>\n<p><img loading=\"lazy\" decoding=\"async\" class=\"alignleft size-full wp-image-8016\" title=\"Miha Kelemina\" src=\"https:\/\/www.worldofart.org\/arhiv.worldofart.org\/aktualno\/wp-content\/uploads\/2015\/10\/miha-kelemina.jpg\" alt=\"\" width=\"100\" height=\"100\" \/> <strong>Miha Kelemina (1985)<\/strong><br \/>\nKritik in kurator, vodja programa Svet umetnosti, \u0161ole za kuratorke prakse in kriti\u0161ko pisanje ter razstavno-raziskovalnega programa Studia 6. Od leta 2016 je samozaposlen v kulturi. Diplomiral je na enopredmetnem \u0161tudiju umetnostne zgodovine na Filozofski fakulteti Univerze v Ljubljani (2010). Leta 2011 se je vpisal v Svet umetnosti. Po kon\u010danem izobra\u017eevanju je na SCCA-Ljubljana delal v arhivu in knji\u017enici, pozneje je bil sodelavec <em>Postaje Diva<\/em>, portala za video umetnost in koordinator programa Svet umetnosti ter Studio 6. Kon\u010dal je dodatno izobra\u017eevanje v projektnem mened\u017ementu. Je ustanovni \u010dlan kolektiva <em>OFFTIR, dru\u0161tva za vizualno in zvo\u010dno umetnost<\/em> in sodelavec Redakcije za kulturo in humanisti\u010dne vede Radia \u0160tudent, kjer je bil do leta 2016 urednik oddaje <em>Art-Area<\/em>. Med 2014\u20132016 je bil sodelavec projekta <em>VideoWall, <\/em>urbane video galerije, ki je na \u017didovski ulici v Ljubljani vsakih \u0161tirinajst dni predstavila novo video zanko.<\/p>\n","protected":false},"excerpt":{"rendered":"<p>Na modulu Priprava tehni\u010dnega na\u010drta za razstavo sodobne umetnosti bomo pogledali, kaj je tehni\u010dni na\u010drt (ob snovanju razstave od preliminarne, pripravljalne faze in faze finalizacije, izbora umetni\u0161kih del do operativne faze in postavljanja del v prostor) in kako ga pripravimo; pogledali bomo, kak\u0161ne tehni\u010dne na\u010drte je potrebno prilo\u017eiti razpisni dokumentaciji ob prijavi na razpis, kako [&hellip;]<\/p>\n","protected":false},"author":16,"featured_media":0,"parent":9160,"menu_order":0,"comment_status":"closed","ping_status":"closed","template":"","meta":{"footnotes":""},"categories":[],"tags":[],"_links":{"self":[{"href":"https:\/\/www.worldofart.org\/arhiv.worldofart.org\/aktualno\/wp-json\/wp\/v2\/pages\/12001"}],"collection":[{"href":"https:\/\/www.worldofart.org\/arhiv.worldofart.org\/aktualno\/wp-json\/wp\/v2\/pages"}],"about":[{"href":"https:\/\/www.worldofart.org\/arhiv.worldofart.org\/aktualno\/wp-json\/wp\/v2\/types\/page"}],"author":[{"embeddable":true,"href":"https:\/\/www.worldofart.org\/arhiv.worldofart.org\/aktualno\/wp-json\/wp\/v2\/users\/16"}],"replies":[{"embeddable":true,"href":"https:\/\/www.worldofart.org\/arhiv.worldofart.org\/aktualno\/wp-json\/wp\/v2\/comments?post=12001"}],"version-history":[{"count":4,"href":"https:\/\/www.worldofart.org\/arhiv.worldofart.org\/aktualno\/wp-json\/wp\/v2\/pages\/12001\/revisions"}],"predecessor-version":[{"id":12576,"href":"https:\/\/www.worldofart.org\/arhiv.worldofart.org\/aktualno\/wp-json\/wp\/v2\/pages\/12001\/revisions\/12576"}],"up":[{"embeddable":true,"href":"https:\/\/www.worldofart.org\/arhiv.worldofart.org\/aktualno\/wp-json\/wp\/v2\/pages\/9160"}],"wp:attachment":[{"href":"https:\/\/www.worldofart.org\/arhiv.worldofart.org\/aktualno\/wp-json\/wp\/v2\/media?parent=12001"}],"wp:term":[{"taxonomy":"category","embeddable":true,"href":"https:\/\/www.worldofart.org\/arhiv.worldofart.org\/aktualno\/wp-json\/wp\/v2\/categories?post=12001"},{"taxonomy":"post_tag","embeddable":true,"href":"https:\/\/www.worldofart.org\/arhiv.worldofart.org\/aktualno\/wp-json\/wp\/v2\/tags?post=12001"}],"curies":[{"name":"wp","href":"https:\/\/api.w.org\/{rel}","templated":true}]}}