{"id":12004,"date":"2017-08-24T13:46:59","date_gmt":"2017-08-24T11:46:59","guid":{"rendered":"http:\/\/www.worldofart.org\/aktualno\/?page_id=12004"},"modified":"2017-10-11T10:54:53","modified_gmt":"2017-10-11T08:54:53","slug":"lara-plavcak-optimizacija-besedila","status":"publish","type":"page","link":"https:\/\/www.worldofart.org\/arhiv.worldofart.org\/aktualno\/sestnajsto-leto-2017-2018\/seminarji-in-moduli\/lara-plavcak-optimizacija-besedila","title":{"rendered":"Lara Plav\u010dak: Optimizacija besedila"},"content":{"rendered":"<p>Svet umetnosti | \u0160ola za kuratorske prakse in kriti\u0161ko pisanje | Leto 16<\/p>\n<hr \/>\n<p>V sklopu modula, usmerjenega v razvijanje in utrjevanje jezikovne kulture, se bodo udele\u017eenci spoznali z referen\u010dnimi korpusi in normativnimi priro\u010dniki slovenskega knji\u017enega jezika, kar jim bo v pomo\u010d pri nadaljnjem pisanju in re\u0161evanju zagat jezikovne rabe in norme. Poleg najpogostej\u0161ih pravopisnih in pravore\u010dnih napak ter sporo\u010danjskih priporo\u010dil, bo vsebina modula prilagojena glede na posebnosti in problematiko sloga obrazstavnega besedila za razstavo sodobne umetnosti.<\/p>\n<hr \/>\n<p><img loading=\"lazy\" decoding=\"async\" class=\"alignleft size-full wp-image-9108\" title=\"Lara Plav\u010dak\" src=\"https:\/\/www.worldofart.org\/arhiv.worldofart.org\/aktualno\/wp-content\/uploads\/2007\/01\/Lara_Plavcak.jpg\" alt=\"Lara Plav\u010dak\" width=\"100\" height=\"100\" \/><strong>Lara Plav\u010dak (1987)<\/strong><br \/>\nDiplomirana umetnostna zgodovinarka in kulturologinja. Leta 2011 je kon\u010dala <em>Svet umetnosti<\/em>, \u0161olo za kuratorje in kritike sodobne umetnosti. Med 2013 in 2014 je sokurirala razstave <em>Cikla mladih ustvarjalcev<\/em> v Kinu \u0160i\u0161ka, v letu 2016 pa je kurirala <em>Cikel samostojnih razstav<\/em> v Kinu \u0160i\u0161ka. Kurirala je razstave v galeriji Plevnik-Kronkowska v Celju (2010\/11), v KiBeli, MMC Kibla v Mariboru (2014), v Savinovem likovnem salonu v \u017dalcu (2014), v MGLC (2017) in Vodnikovi doma\u010diji (2017) v Ljubljani. Aktivna je znotraj projektno-razstavne prodajne galerije DobraVaga, kjer kot ustanoviteljica vodi program zin razstav, delavnic, \u010ditalnice in arhiva ZINE VITRINE. Od leta 2016 je tudi sodelavka <em>Sveta umetnosti <\/em>in Zavoda za sodobno umetnost, SCCA\u2013Ljubljana.<\/p>\n","protected":false},"excerpt":{"rendered":"<p>Svet umetnosti | \u0160ola za kuratorske prakse in kriti\u0161ko pisanje | Leto 16 V sklopu modula, usmerjenega v razvijanje in utrjevanje jezikovne kulture, se bodo udele\u017eenci spoznali z referen\u010dnimi korpusi in normativnimi priro\u010dniki slovenskega knji\u017enega jezika, kar jim bo v pomo\u010d pri nadaljnjem pisanju in re\u0161evanju zagat jezikovne rabe in norme. Poleg najpogostej\u0161ih pravopisnih in [&hellip;]<\/p>\n","protected":false},"author":16,"featured_media":0,"parent":9160,"menu_order":0,"comment_status":"closed","ping_status":"closed","template":"","meta":{"footnotes":""},"categories":[],"tags":[],"_links":{"self":[{"href":"https:\/\/www.worldofart.org\/arhiv.worldofart.org\/aktualno\/wp-json\/wp\/v2\/pages\/12004"}],"collection":[{"href":"https:\/\/www.worldofart.org\/arhiv.worldofart.org\/aktualno\/wp-json\/wp\/v2\/pages"}],"about":[{"href":"https:\/\/www.worldofart.org\/arhiv.worldofart.org\/aktualno\/wp-json\/wp\/v2\/types\/page"}],"author":[{"embeddable":true,"href":"https:\/\/www.worldofart.org\/arhiv.worldofart.org\/aktualno\/wp-json\/wp\/v2\/users\/16"}],"replies":[{"embeddable":true,"href":"https:\/\/www.worldofart.org\/arhiv.worldofart.org\/aktualno\/wp-json\/wp\/v2\/comments?post=12004"}],"version-history":[{"count":4,"href":"https:\/\/www.worldofart.org\/arhiv.worldofart.org\/aktualno\/wp-json\/wp\/v2\/pages\/12004\/revisions"}],"predecessor-version":[{"id":12015,"href":"https:\/\/www.worldofart.org\/arhiv.worldofart.org\/aktualno\/wp-json\/wp\/v2\/pages\/12004\/revisions\/12015"}],"up":[{"embeddable":true,"href":"https:\/\/www.worldofart.org\/arhiv.worldofart.org\/aktualno\/wp-json\/wp\/v2\/pages\/9160"}],"wp:attachment":[{"href":"https:\/\/www.worldofart.org\/arhiv.worldofart.org\/aktualno\/wp-json\/wp\/v2\/media?parent=12004"}],"wp:term":[{"taxonomy":"category","embeddable":true,"href":"https:\/\/www.worldofart.org\/arhiv.worldofart.org\/aktualno\/wp-json\/wp\/v2\/categories?post=12004"},{"taxonomy":"post_tag","embeddable":true,"href":"https:\/\/www.worldofart.org\/arhiv.worldofart.org\/aktualno\/wp-json\/wp\/v2\/tags?post=12004"}],"curies":[{"name":"wp","href":"https:\/\/api.w.org\/{rel}","templated":true}]}}