{"id":12023,"date":"2017-09-05T08:45:34","date_gmt":"2017-09-05T06:45:34","guid":{"rendered":"http:\/\/www.worldofart.org\/aktualno\/?page_id=12023"},"modified":"2017-10-11T10:54:38","modified_gmt":"2017-10-11T08:54:38","slug":"uros-bonsek-odnosi-z-javnostmi-za-razstavo-sodobne-umetnosti","status":"publish","type":"page","link":"https:\/\/www.worldofart.org\/arhiv.worldofart.org\/aktualno\/sestnajsto-leto-2017-2018\/seminarji-in-moduli\/uros-bonsek-odnosi-z-javnostmi-za-razstavo-sodobne-umetnosti","title":{"rendered":"Uro\u0161 Bon\u0161ek: Odnosi z javnostmi za razstavo sodobne umetnosti"},"content":{"rendered":"<p>Svet umetnosti | \u0160ola za kuratorske prakse in kriti\u0161ko pisanje | Leto 16<\/p>\n<hr \/>\n<p>Komunikacija razstave sodobne umetnosti je zahtevna naloga, namre\u010d &#8211; zaradi omejenih financ sredstev za klasi\u010dno ogla\u0161evanje (skorajda) ni, vse manj pa je tudi specializiranih novinarjev in medijev ter razumevanja urednikov za prispevke, zapise o sodobni umetnosti. Modul Odnosi z javnostmi za razstavo sodobne umetnosti bo slu\u0161ateljem odkril in priporo\u010dil tiste komunikacijske prijeme, cilje, ciljne skupine, osnovna sporo\u010dila \u2026, da bo komunikacijska podpora razstave \u010dim bolj uspe\u0161na in u\u010dinkovita.<\/p>\n<hr \/>\n<p><strong><img loading=\"lazy\" decoding=\"async\" class=\"alignleft size-full wp-image-12028\" src=\"https:\/\/www.worldofart.org\/arhiv.worldofart.org\/aktualno\/wp-content\/uploads\/2017\/09\/uros_bonsek.jpg\" alt=\"\" width=\"100\" height=\"100\" \/>Uro\u0161 Bon\u0161ek<\/strong> (1981) se s komuniciranjem profesionalno ukvarja \u017ee 12 let. Najprej je bil\u00a0 snovalec sloganov in idej v dveh ogla\u0161evalskih agencijah, nato vodja odnosov z javnostjo in tako del prvotne ekipe Centra urbane kulture Kina \u0160i\u0161ka, s katero je iz nekdanjega kina ustvaril najprepoznavnej\u0161o urbano kulturno blagovno znamko pri nas in ji priskrbel ve\u010d kot 40 tiso\u010d medijskih objav. Za sabo ima promocijo skoraj 2 tiso\u010d kulturnih dogodkov, bil je tudi pobudnik dru\u017ebenoodgovornega projekta Kulturni evro. Zadnje leto in pol kot vodja odnosov z javnostjo na CNVOS komunicira nevladni\u0161ke (zagovorni\u0161ke) akcije in (medijske) projekte, snuje komunikacijske strategije za nevladne organizacije, \u0161e vedno skrbi za komunikacijo nekaj neljubljanskih kulturnih prireditev in festivalov, je tudi pobudnik Kluba komunikatorjev nevladnega sektorja.<\/p>\n<p>&nbsp;<\/p>\n","protected":false},"excerpt":{"rendered":"<p>Svet umetnosti | \u0160ola za kuratorske prakse in kriti\u0161ko pisanje | Leto 16 Komunikacija razstave sodobne umetnosti je zahtevna naloga, namre\u010d &#8211; zaradi omejenih financ sredstev za klasi\u010dno ogla\u0161evanje (skorajda) ni, vse manj pa je tudi specializiranih novinarjev in medijev ter razumevanja urednikov za prispevke, zapise o sodobni umetnosti. Modul Odnosi z javnostmi za razstavo [&hellip;]<\/p>\n","protected":false},"author":16,"featured_media":0,"parent":9160,"menu_order":0,"comment_status":"closed","ping_status":"closed","template":"","meta":{"footnotes":""},"categories":[],"tags":[],"_links":{"self":[{"href":"https:\/\/www.worldofart.org\/arhiv.worldofart.org\/aktualno\/wp-json\/wp\/v2\/pages\/12023"}],"collection":[{"href":"https:\/\/www.worldofart.org\/arhiv.worldofart.org\/aktualno\/wp-json\/wp\/v2\/pages"}],"about":[{"href":"https:\/\/www.worldofart.org\/arhiv.worldofart.org\/aktualno\/wp-json\/wp\/v2\/types\/page"}],"author":[{"embeddable":true,"href":"https:\/\/www.worldofart.org\/arhiv.worldofart.org\/aktualno\/wp-json\/wp\/v2\/users\/16"}],"replies":[{"embeddable":true,"href":"https:\/\/www.worldofart.org\/arhiv.worldofart.org\/aktualno\/wp-json\/wp\/v2\/comments?post=12023"}],"version-history":[{"count":2,"href":"https:\/\/www.worldofart.org\/arhiv.worldofart.org\/aktualno\/wp-json\/wp\/v2\/pages\/12023\/revisions"}],"predecessor-version":[{"id":12029,"href":"https:\/\/www.worldofart.org\/arhiv.worldofart.org\/aktualno\/wp-json\/wp\/v2\/pages\/12023\/revisions\/12029"}],"up":[{"embeddable":true,"href":"https:\/\/www.worldofart.org\/arhiv.worldofart.org\/aktualno\/wp-json\/wp\/v2\/pages\/9160"}],"wp:attachment":[{"href":"https:\/\/www.worldofart.org\/arhiv.worldofart.org\/aktualno\/wp-json\/wp\/v2\/media?parent=12023"}],"wp:term":[{"taxonomy":"category","embeddable":true,"href":"https:\/\/www.worldofart.org\/arhiv.worldofart.org\/aktualno\/wp-json\/wp\/v2\/categories?post=12023"},{"taxonomy":"post_tag","embeddable":true,"href":"https:\/\/www.worldofart.org\/arhiv.worldofart.org\/aktualno\/wp-json\/wp\/v2\/tags?post=12023"}],"curies":[{"name":"wp","href":"https:\/\/api.w.org\/{rel}","templated":true}]}}