{"id":12036,"date":"2017-09-06T23:08:13","date_gmt":"2017-09-06T21:08:13","guid":{"rendered":"http:\/\/www.worldofart.org\/aktualno\/?page_id=12036"},"modified":"2017-10-11T10:54:16","modified_gmt":"2017-10-11T08:54:16","slug":"vesna-bukovec-oblikovanje-razstave","status":"publish","type":"page","link":"https:\/\/www.worldofart.org\/arhiv.worldofart.org\/aktualno\/sestnajsto-leto-2017-2018\/seminarji-in-moduli\/vesna-bukovec-oblikovanje-razstave","title":{"rendered":"Vesna Bukovec: Oblikovanje razstave"},"content":{"rendered":"<p>Svet umetnosti | \u0160ola za kuratorske prakse in kriti\u0161ko pisanje | Leto 16<\/p>\n<hr \/>\n<p>Oblikovanje razstave vklju\u010duje inovativne, kreativne in prakti\u010dne metodologije prostorske realizacije koncepta, ki re\u0161ujejo izziv, ki ga predstavlja razstava kot poseben medij. Glede na raznolikost razstavnih projektov se tudi oblikovanje prilagaja razli\u010dnim nalogam, od vizualno-prostorske izku\u0161nje obiskovalke_ca do jasne komunikacije in posredovanja informacij.<\/p>\n<hr \/>\n<p><img loading=\"lazy\" decoding=\"async\" class=\"alignleft size-full wp-image-9109\" style=\"margin: 3px 10px 5px 0px;\" title=\"Vesna Bukovec\" src=\"https:\/\/www.worldofart.org\/arhiv.worldofart.org\/aktualno\/wp-content\/uploads\/2007\/01\/vesna_bukovec_.jpg\" alt=\"Vesna Bukovec\" width=\"100\" height=\"100\" \/><strong>Vesna Bukovec (1977)<\/strong><br \/>\nVesna Bukovec je diplomirala in magistrirala iz kiparstva na Akademiji za likovno umetnost in oblikovanje v Ljubljani. Predstavila se je na vrsti samostojnih in skupinskih razstav, je tudi \u010dlanica umetni\u0161ke skupine KOLEKTIVA (skupaj z Metko Zupani\u010d in Lado Cerar). V sodelovanju z Metko Zupani\u010d kurira program Video in Progress (od 2008) in serijo Video ve\u010derov v Galeriji Photon (od 2010). Od leta 2006 je skrbnica spletnih strani na SCCA-Ljubljana, od leta 2015 sodelavka Postaje DIVA. Je samozaposlena v kulturi in deluje tudi na podro\u010dju spletnega in grafi\u010dnega oblikovanja za nevladne organizacije na podro\u010dju kulture.\u00a0<a href=\"http:\/\/www.vesna-bukovec.net\" target=\"_blank\" rel=\"noopener noreferrer\">www.vesna-bukovec.net<\/a><\/p>\n","protected":false},"excerpt":{"rendered":"<p>Svet umetnosti | \u0160ola za kuratorske prakse in kriti\u0161ko pisanje | Leto 16 Oblikovanje razstave vklju\u010duje inovativne, kreativne in prakti\u010dne metodologije prostorske realizacije koncepta, ki re\u0161ujejo izziv, ki ga predstavlja razstava kot poseben medij. Glede na raznolikost razstavnih projektov se tudi oblikovanje prilagaja razli\u010dnim nalogam, od vizualno-prostorske izku\u0161nje obiskovalke_ca do jasne komunikacije in posredovanja informacij. [&hellip;]<\/p>\n","protected":false},"author":16,"featured_media":0,"parent":9160,"menu_order":0,"comment_status":"closed","ping_status":"closed","template":"","meta":{"footnotes":""},"categories":[],"tags":[],"_links":{"self":[{"href":"https:\/\/www.worldofart.org\/arhiv.worldofart.org\/aktualno\/wp-json\/wp\/v2\/pages\/12036"}],"collection":[{"href":"https:\/\/www.worldofart.org\/arhiv.worldofart.org\/aktualno\/wp-json\/wp\/v2\/pages"}],"about":[{"href":"https:\/\/www.worldofart.org\/arhiv.worldofart.org\/aktualno\/wp-json\/wp\/v2\/types\/page"}],"author":[{"embeddable":true,"href":"https:\/\/www.worldofart.org\/arhiv.worldofart.org\/aktualno\/wp-json\/wp\/v2\/users\/16"}],"replies":[{"embeddable":true,"href":"https:\/\/www.worldofart.org\/arhiv.worldofart.org\/aktualno\/wp-json\/wp\/v2\/comments?post=12036"}],"version-history":[{"count":3,"href":"https:\/\/www.worldofart.org\/arhiv.worldofart.org\/aktualno\/wp-json\/wp\/v2\/pages\/12036\/revisions"}],"predecessor-version":[{"id":12041,"href":"https:\/\/www.worldofart.org\/arhiv.worldofart.org\/aktualno\/wp-json\/wp\/v2\/pages\/12036\/revisions\/12041"}],"up":[{"embeddable":true,"href":"https:\/\/www.worldofart.org\/arhiv.worldofart.org\/aktualno\/wp-json\/wp\/v2\/pages\/9160"}],"wp:attachment":[{"href":"https:\/\/www.worldofart.org\/arhiv.worldofart.org\/aktualno\/wp-json\/wp\/v2\/media?parent=12036"}],"wp:term":[{"taxonomy":"category","embeddable":true,"href":"https:\/\/www.worldofart.org\/arhiv.worldofart.org\/aktualno\/wp-json\/wp\/v2\/categories?post=12036"},{"taxonomy":"post_tag","embeddable":true,"href":"https:\/\/www.worldofart.org\/arhiv.worldofart.org\/aktualno\/wp-json\/wp\/v2\/tags?post=12036"}],"curies":[{"name":"wp","href":"https:\/\/api.w.org\/{rel}","templated":true}]}}