{"id":12053,"date":"2017-09-20T09:33:29","date_gmt":"2017-09-20T07:33:29","guid":{"rendered":"http:\/\/www.worldofart.org\/aktualno\/?page_id=12053"},"modified":"2018-04-24T15:13:17","modified_gmt":"2018-04-24T13:13:17","slug":"luka-hribar-multimedija-na-razstavnem-projektu","status":"publish","type":"page","link":"https:\/\/www.worldofart.org\/arhiv.worldofart.org\/aktualno\/sestnajsto-leto-2017-2018\/seminarji-in-moduli\/luka-hribar-multimedija-na-razstavnem-projektu","title":{"rendered":"Luka Hribar: Multimedija na razstavnem projektu"},"content":{"rendered":"<p>Svet umetnosti | \u0160ola za kuratorske prakse in kriti\u0161ko pisanje | Leto 16<\/p>\n<hr \/>\n<p>Multimedija je v \u0161ir\u0161em smislu informacijska tehnologija, ki obiskovalcu muzeja, galerije ali razstave predstavlja ve\u010d kot le formatirane podatke in besedilo. Vklju\u010duje razli\u010dne besedilne in slikovne predstavitve, video, zvok, ra\u010dunalni\u0161ko generirano grafiko, hipermedijske aplikacije, navidezno resni\u010dnost, ra\u010dunalni\u0161ko nadzorovane interaktivne prikaze, idr. Predstavili bomo nekaj prakti\u010dnih zadreg uporabe neinteraktivne multimedijske tehnologije kot komunikacijskega orodja na muzejski oz. galerijski razstavi. Pri multimedijski opremi razstave je pogosto potrebno uporabiti tehnologijo, ki je na voljo, \u010deprav ni najbolj optimalna. Izvedeli boste nekaj prakti\u010dnih napotkov o projektorjih, multimedijskih prikazovalnikih, predvajalnikih video gradiva, priklju\u010dkih, video formatih in na\u010dinih, kako zasnovati predstavitev tako, da bo delovala zanesljivo skozi celotno obdobje razstavnega projekta.<\/p>\n<hr \/>\n<p>Luka Hribar je skrbnik informacijskega sistema in tehnologij v Narodni galeriji. Poleg upravljanja informacijsko-komunikacijske tehnologije \u017ee od za\u010detka sodeluje tudi pri digitalizaciji umetnostnega fonda galerije. Od leta 1996 dalje skrbi za spletno podobo ustanove in sodeluje pri multimedijski opremi razstavnih projektov. Od leta 2012 se ukvarja z izdajanjem e-publikacij Narodne galerije. Na to temo je leta 2013 tudi magistriral. Pripravlja tudi videe kot spremljevalno in razlagalno gradivo na razstavah in na dru\u017ebenih omre\u017ejih.<\/p>\n<hr \/>\n<p><strong>Fotogalerija<\/strong> (Foto: Arhiv SCCA-Ljubljana)<\/p>\n<div id='gallery-1' class='gallery galleryid-12053 gallery-columns-5 gallery-size-thumbnail'><figure class='gallery-item'>\n\t\t\t<div class='gallery-icon landscape'>\n\t\t\t\t<a href='https:\/\/www.worldofart.org\/arhiv.worldofart.org\/aktualno\/wp-content\/uploads\/2018\/04\/20180405_180049.jpg' rel=\"lightbox[12053]\"><img loading=\"lazy\" decoding=\"async\" width=\"140\" height=\"140\" src=\"https:\/\/www.worldofart.org\/arhiv.worldofart.org\/aktualno\/wp-content\/uploads\/2018\/04\/20180405_180049-140x140.jpg\" class=\"attachment-thumbnail size-thumbnail\" alt=\"\" \/><\/a>\n\t\t\t<\/div><\/figure><figure class='gallery-item'>\n\t\t\t<div class='gallery-icon landscape'>\n\t\t\t\t<a href='https:\/\/www.worldofart.org\/arhiv.worldofart.org\/aktualno\/wp-content\/uploads\/2018\/04\/20180405_180109.jpg' rel=\"lightbox[12053]\"><img loading=\"lazy\" decoding=\"async\" width=\"140\" height=\"140\" src=\"https:\/\/www.worldofart.org\/arhiv.worldofart.org\/aktualno\/wp-content\/uploads\/2018\/04\/20180405_180109-140x140.jpg\" class=\"attachment-thumbnail size-thumbnail\" alt=\"\" \/><\/a>\n\t\t\t<\/div><\/figure><figure class='gallery-item'>\n\t\t\t<div class='gallery-icon landscape'>\n\t\t\t\t<a href='https:\/\/www.worldofart.org\/arhiv.worldofart.org\/aktualno\/wp-content\/uploads\/2018\/04\/20180405_181221.jpg' rel=\"lightbox[12053]\"><img loading=\"lazy\" decoding=\"async\" width=\"140\" height=\"140\" src=\"https:\/\/www.worldofart.org\/arhiv.worldofart.org\/aktualno\/wp-content\/uploads\/2018\/04\/20180405_181221-140x140.jpg\" class=\"attachment-thumbnail size-thumbnail\" alt=\"\" \/><\/a>\n\t\t\t<\/div><\/figure><figure class='gallery-item'>\n\t\t\t<div class='gallery-icon landscape'>\n\t\t\t\t<a href='https:\/\/www.worldofart.org\/arhiv.worldofart.org\/aktualno\/wp-content\/uploads\/2018\/04\/20180405_181736.jpg' rel=\"lightbox[12053]\"><img loading=\"lazy\" decoding=\"async\" width=\"140\" height=\"140\" src=\"https:\/\/www.worldofart.org\/arhiv.worldofart.org\/aktualno\/wp-content\/uploads\/2018\/04\/20180405_181736-140x140.jpg\" class=\"attachment-thumbnail size-thumbnail\" alt=\"\" \/><\/a>\n\t\t\t<\/div><\/figure><figure class='gallery-item'>\n\t\t\t<div class='gallery-icon landscape'>\n\t\t\t\t<a href='https:\/\/www.worldofart.org\/arhiv.worldofart.org\/aktualno\/wp-content\/uploads\/2018\/04\/20180405_180746.jpg' rel=\"lightbox[12053]\"><img loading=\"lazy\" decoding=\"async\" width=\"140\" height=\"140\" src=\"https:\/\/www.worldofart.org\/arhiv.worldofart.org\/aktualno\/wp-content\/uploads\/2018\/04\/20180405_180746-140x140.jpg\" class=\"attachment-thumbnail size-thumbnail\" alt=\"\" \/><\/a>\n\t\t\t<\/div><\/figure>\n\t\t<\/div>\n\n","protected":false},"excerpt":{"rendered":"<p>Svet umetnosti | \u0160ola za kuratorske prakse in kriti\u0161ko pisanje | Leto 16 Multimedija je v \u0161ir\u0161em smislu informacijska tehnologija, ki obiskovalcu muzeja, galerije ali razstave predstavlja ve\u010d kot le formatirane podatke in besedilo. Vklju\u010duje razli\u010dne besedilne in slikovne predstavitve, video, zvok, ra\u010dunalni\u0161ko generirano grafiko, hipermedijske aplikacije, navidezno resni\u010dnost, ra\u010dunalni\u0161ko nadzorovane interaktivne prikaze, idr. Predstavili [&hellip;]<\/p>\n","protected":false},"author":16,"featured_media":0,"parent":9160,"menu_order":0,"comment_status":"closed","ping_status":"closed","template":"","meta":{"footnotes":""},"categories":[],"tags":[],"_links":{"self":[{"href":"https:\/\/www.worldofart.org\/arhiv.worldofart.org\/aktualno\/wp-json\/wp\/v2\/pages\/12053"}],"collection":[{"href":"https:\/\/www.worldofart.org\/arhiv.worldofart.org\/aktualno\/wp-json\/wp\/v2\/pages"}],"about":[{"href":"https:\/\/www.worldofart.org\/arhiv.worldofart.org\/aktualno\/wp-json\/wp\/v2\/types\/page"}],"author":[{"embeddable":true,"href":"https:\/\/www.worldofart.org\/arhiv.worldofart.org\/aktualno\/wp-json\/wp\/v2\/users\/16"}],"replies":[{"embeddable":true,"href":"https:\/\/www.worldofart.org\/arhiv.worldofart.org\/aktualno\/wp-json\/wp\/v2\/comments?post=12053"}],"version-history":[{"count":3,"href":"https:\/\/www.worldofart.org\/arhiv.worldofart.org\/aktualno\/wp-json\/wp\/v2\/pages\/12053\/revisions"}],"predecessor-version":[{"id":12702,"href":"https:\/\/www.worldofart.org\/arhiv.worldofart.org\/aktualno\/wp-json\/wp\/v2\/pages\/12053\/revisions\/12702"}],"up":[{"embeddable":true,"href":"https:\/\/www.worldofart.org\/arhiv.worldofart.org\/aktualno\/wp-json\/wp\/v2\/pages\/9160"}],"wp:attachment":[{"href":"https:\/\/www.worldofart.org\/arhiv.worldofart.org\/aktualno\/wp-json\/wp\/v2\/media?parent=12053"}],"wp:term":[{"taxonomy":"category","embeddable":true,"href":"https:\/\/www.worldofart.org\/arhiv.worldofart.org\/aktualno\/wp-json\/wp\/v2\/categories?post=12053"},{"taxonomy":"post_tag","embeddable":true,"href":"https:\/\/www.worldofart.org\/arhiv.worldofart.org\/aktualno\/wp-json\/wp\/v2\/tags?post=12053"}],"curies":[{"name":"wp","href":"https:\/\/api.w.org\/{rel}","templated":true}]}}