{"id":12314,"date":"2018-01-04T18:29:45","date_gmt":"2018-01-04T16:29:45","guid":{"rendered":"http:\/\/www.worldofart.org\/aktualno\/?page_id=12314"},"modified":"2019-07-15T14:01:28","modified_gmt":"2019-07-15T12:01:28","slug":"ffffff","status":"publish","type":"page","link":"https:\/\/www.worldofart.org\/arhiv.worldofart.org\/aktualno\/sestnajsto-leto-2017-2018\/ffffff","title":{"rendered":"#ffffff"},"content":{"rendered":"<p>Virtualne razstave udele\u017eencev in udele\u017eenk \u0161ole<\/p>\n<hr \/>\n<p>V sklopu <em>#ffffff<\/em> objavljamo virtualne razstave, ki jih udele\u017eenke in udele\u017eenci zasnujejo po koncu prvega letnika ter jih pred za\u010detkom drugega letnika predstavijo mentorju in mentorici. Na podlagi virtualne naloge in uspe\u0161nega zagovora manj\u0161o skupino povabimo k vpisu v drugi letnik.<\/p>\n<p><a href=\"https:\/\/www.worldofart.org\/arhiv.worldofart.org\/aktualno\/wp-content\/uploads\/2018\/03\/aplinc_virtualna-izsek.pdf\" target=\"_blank\" rel=\"noopener noreferrer\">Ur\u0161ka Aplinc<\/a><em><a href=\"https:\/\/www.worldofart.org\/arhiv.worldofart.org\/aktualno\/wp-content\/uploads\/2018\/03\/aplinc_virtualna-izsek.pdf\" target=\"_blank\" rel=\"noopener noreferrer\">, Nina Slejko Blom in Conny Blom: Ur\u0161ka Aplinc: razstava del iz zbirke CAC Bukovje Landskrona <\/a><\/em><br \/>\nMaja Burja, <em>\u00bbGledano druga\u010de, so vedno drugi, ki umrejo.\u00ab<\/em><br \/>\n<a href=\"https:\/\/www.worldofart.org\/arhiv.worldofart.org\/aktualno\/wp-content\/uploads\/2018\/02\/GUID-Anja_Virtualna-razstava-Telo-drugi\u010d.pdf\" target=\"_blank\" rel=\"noopener noreferrer\">Anja Guid, <em>Telo, drugi\u010d<\/em><\/a><br \/>\n<a href=\"https:\/\/www.worldofart.org\/arhiv.worldofart.org\/aktualno\/wp-content\/uploads\/2018\/02\/KOCUTAR-Ajda-Ana_Virtualna-razstava-Dom.pdf\" target=\"_blank\" rel=\"noopener noreferrer\">Ajda Ana Kocutar, <em>Dom<\/em><\/a><br \/>\nIza Pevec, <em>O poklicu<\/em><br \/>\n<a href=\"https:\/\/www.worldofart.org\/arhiv.worldofart.org\/aktualno\/wp-content\/uploads\/2018\/02\/PRAZNIK-Adrijan_Virtualna-razstava-Brez-dodatne-razlage.pdf\" target=\"_blank\" rel=\"noopener noreferrer\">Adrijan Praznik, <em>Brez dodatne razlage<\/em><\/a><\/p>\n<p><img loading=\"lazy\" decoding=\"async\" class=\"wp-image-12588 alignleft\" src=\"https:\/\/www.worldofart.org\/arhiv.worldofart.org\/aktualno\/wp-content\/uploads\/2018\/03\/04_GUID-Anja_Virtualna-razstava-Telo-drugi\u010d-8-730x943.jpg\" alt=\"\" width=\"225\" height=\"291\" srcset=\"https:\/\/www.worldofart.org\/arhiv.worldofart.org\/aktualno\/wp-content\/uploads\/2018\/03\/04_GUID-Anja_Virtualna-razstava-Telo-drugi\u010d-8-730x943.jpg 730w, https:\/\/www.worldofart.org\/arhiv.worldofart.org\/aktualno\/wp-content\/uploads\/2018\/03\/04_GUID-Anja_Virtualna-razstava-Telo-drugi\u010d-8-338x437.jpg 338w, https:\/\/www.worldofart.org\/arhiv.worldofart.org\/aktualno\/wp-content\/uploads\/2018\/03\/04_GUID-Anja_Virtualna-razstava-Telo-drugi\u010d-8-768x992.jpg 768w, https:\/\/www.worldofart.org\/arhiv.worldofart.org\/aktualno\/wp-content\/uploads\/2018\/03\/04_GUID-Anja_Virtualna-razstava-Telo-drugi\u010d-8.jpg 1458w\" sizes=\"(max-width: 225px) 100vw, 225px\" \/><\/p>\n<p><img loading=\"lazy\" decoding=\"async\" class=\"wp-image-12591 alignleft\" src=\"https:\/\/www.worldofart.org\/arhiv.worldofart.org\/aktualno\/wp-content\/uploads\/2018\/03\/06_PEVEC-Iza_Virtualna-razstava-O-poklicu-13-730x959.jpg\" alt=\"\" width=\"225\" height=\"296\" srcset=\"https:\/\/www.worldofart.org\/arhiv.worldofart.org\/aktualno\/wp-content\/uploads\/2018\/03\/06_PEVEC-Iza_Virtualna-razstava-O-poklicu-13-730x959.jpg 730w, https:\/\/www.worldofart.org\/arhiv.worldofart.org\/aktualno\/wp-content\/uploads\/2018\/03\/06_PEVEC-Iza_Virtualna-razstava-O-poklicu-13-338x444.jpg 338w, https:\/\/www.worldofart.org\/arhiv.worldofart.org\/aktualno\/wp-content\/uploads\/2018\/03\/06_PEVEC-Iza_Virtualna-razstava-O-poklicu-13-768x1009.jpg 768w, https:\/\/www.worldofart.org\/arhiv.worldofart.org\/aktualno\/wp-content\/uploads\/2018\/03\/06_PEVEC-Iza_Virtualna-razstava-O-poklicu-13.jpg 2026w\" sizes=\"(max-width: 225px) 100vw, 225px\" \/> <img loading=\"lazy\" decoding=\"async\" class=\"alignleft wp-image-12592\" src=\"https:\/\/www.worldofart.org\/arhiv.worldofart.org\/aktualno\/wp-content\/uploads\/2018\/03\/08_KOCUTAR-Ajda-Ana_Virtualna-razstava-Dom-2-730x953.jpg\" alt=\"\" width=\"225\" height=\"294\" srcset=\"https:\/\/www.worldofart.org\/arhiv.worldofart.org\/aktualno\/wp-content\/uploads\/2018\/03\/08_KOCUTAR-Ajda-Ana_Virtualna-razstava-Dom-2-730x953.jpg 730w, https:\/\/www.worldofart.org\/arhiv.worldofart.org\/aktualno\/wp-content\/uploads\/2018\/03\/08_KOCUTAR-Ajda-Ana_Virtualna-razstava-Dom-2-338x441.jpg 338w, https:\/\/www.worldofart.org\/arhiv.worldofart.org\/aktualno\/wp-content\/uploads\/2018\/03\/08_KOCUTAR-Ajda-Ana_Virtualna-razstava-Dom-2-768x1003.jpg 768w, https:\/\/www.worldofart.org\/arhiv.worldofart.org\/aktualno\/wp-content\/uploads\/2018\/03\/08_KOCUTAR-Ajda-Ana_Virtualna-razstava-Dom-2.jpg 850w\" sizes=\"(max-width: 225px) 100vw, 225px\" \/><\/p>\n","protected":false},"excerpt":{"rendered":"<p>Virtualne razstave udele\u017eencev in udele\u017eenk \u0161ole V sklopu #ffffff objavljamo virtualne razstave, ki jih udele\u017eenke in udele\u017eenci zasnujejo po koncu prvega letnika ter jih pred za\u010detkom drugega letnika predstavijo mentorju in mentorici. Na podlagi virtualne naloge in uspe\u0161nega zagovora manj\u0161o skupino povabimo k vpisu v drugi letnik. Ur\u0161ka Aplinc, Nina Slejko Blom in Conny Blom: [&hellip;]<\/p>\n","protected":false},"author":1,"featured_media":0,"parent":9611,"menu_order":0,"comment_status":"closed","ping_status":"closed","template":"","meta":{"footnotes":""},"categories":[],"tags":[],"_links":{"self":[{"href":"https:\/\/www.worldofart.org\/arhiv.worldofart.org\/aktualno\/wp-json\/wp\/v2\/pages\/12314"}],"collection":[{"href":"https:\/\/www.worldofart.org\/arhiv.worldofart.org\/aktualno\/wp-json\/wp\/v2\/pages"}],"about":[{"href":"https:\/\/www.worldofart.org\/arhiv.worldofart.org\/aktualno\/wp-json\/wp\/v2\/types\/page"}],"author":[{"embeddable":true,"href":"https:\/\/www.worldofart.org\/arhiv.worldofart.org\/aktualno\/wp-json\/wp\/v2\/users\/1"}],"replies":[{"embeddable":true,"href":"https:\/\/www.worldofart.org\/arhiv.worldofart.org\/aktualno\/wp-json\/wp\/v2\/comments?post=12314"}],"version-history":[{"count":12,"href":"https:\/\/www.worldofart.org\/arhiv.worldofart.org\/aktualno\/wp-json\/wp\/v2\/pages\/12314\/revisions"}],"predecessor-version":[{"id":14604,"href":"https:\/\/www.worldofart.org\/arhiv.worldofart.org\/aktualno\/wp-json\/wp\/v2\/pages\/12314\/revisions\/14604"}],"up":[{"embeddable":true,"href":"https:\/\/www.worldofart.org\/arhiv.worldofart.org\/aktualno\/wp-json\/wp\/v2\/pages\/9611"}],"wp:attachment":[{"href":"https:\/\/www.worldofart.org\/arhiv.worldofart.org\/aktualno\/wp-json\/wp\/v2\/media?parent=12314"}],"wp:term":[{"taxonomy":"category","embeddable":true,"href":"https:\/\/www.worldofart.org\/arhiv.worldofart.org\/aktualno\/wp-json\/wp\/v2\/categories?post=12314"},{"taxonomy":"post_tag","embeddable":true,"href":"https:\/\/www.worldofart.org\/arhiv.worldofart.org\/aktualno\/wp-json\/wp\/v2\/tags?post=12314"}],"curies":[{"name":"wp","href":"https:\/\/api.w.org\/{rel}","templated":true}]}}