{"id":12446,"date":"2016-05-07T12:38:14","date_gmt":"2016-05-07T10:38:14","guid":{"rendered":"http:\/\/www.worldofart.org\/aktualno\/?page_id=12446"},"modified":"2022-01-13T16:43:14","modified_gmt":"2022-01-13T14:43:14","slug":"umetnostna-kritika","status":"publish","type":"page","link":"https:\/\/www.worldofart.org\/arhiv.worldofart.org\/aktualno\/umetnostna-kritika","title":{"rendered":"Umetnostna kritika"},"content":{"rendered":"<p>V sklopu Umetnostna kritika smo zbrali kritike udele\u017eencev in udele\u017eenk \u0161ole, ki so nastale na seminarjih<em> Umetnostna kritika<\/em> in <em>Analiza umetni\u0161kega dela<\/em>, predavanja o sodobni kriti\u0161ko-teoretski produkciji in strokovna besedila o stanju kriti\u0161kega pisanja. Na dnu strani smo zbrali nekaj uporabnih povezav do spletnih strani dogodkov, dru\u0161tev in revij, ki se poglobljeno ukvarjajo z razli\u010dnimi zvrstmi kritike.<\/p>\n<hr \/>\n<div class=\"scca-articles-grid\">\n<div class=\"col-md-12 col-sm-12 grid\">\n<div class=\"featured-thumb col-md-4 col-sm-4\"><a href=\"https:\/\/www.worldofart.org\/arhiv.worldofart.org\/aktualno\/archives\/15894\"><img loading=\"lazy\" decoding=\"async\" src=\"https:\/\/www.worldofart.org\/arhiv.worldofart.org\/aktualno\/wp-content\/uploads\/2021\/12\/Pogovor-o-umetnostni-kritiki-338x190.jpg\" alt=\"\" width=\"338\" height=\"190\" class=\"alignnone size-medium wp-image-15900\" srcset=\"https:\/\/www.worldofart.org\/arhiv.worldofart.org\/aktualno\/wp-content\/uploads\/2021\/12\/Pogovor-o-umetnostni-kritiki-338x190.jpg 338w, https:\/\/www.worldofart.org\/arhiv.worldofart.org\/aktualno\/wp-content\/uploads\/2021\/12\/Pogovor-o-umetnostni-kritiki-730x411.jpg 730w, https:\/\/www.worldofart.org\/arhiv.worldofart.org\/aktualno\/wp-content\/uploads\/2021\/12\/Pogovor-o-umetnostni-kritiki-768x432.jpg 768w, https:\/\/www.worldofart.org\/arhiv.worldofart.org\/aktualno\/wp-content\/uploads\/2021\/12\/Pogovor-o-umetnostni-kritiki-1536x864.jpg 1536w, https:\/\/www.worldofart.org\/arhiv.worldofart.org\/aktualno\/wp-content\/uploads\/2021\/12\/Pogovor-o-umetnostni-kritiki.jpg 1920w\" sizes=\"(max-width: 338px) 100vw, 338px\" \/><\/a><\/div>\n<div class=\"out-thumb col-md-8 col-sm-8\">Pogovor o umetnostni kritiki, posve\u010den delovanju in vlogi dru\u0161tev umetnostnih kritikov  in kriti\u010dark v Sloveniji in Srbiji. V pogovoru so sodelovali Sa\u0161a Nabergoj, dr. Tomislav Vignjevi\u0107, Ur\u0161ka Jurman, Miha Colner in Sladjana Petrovi\u0107 Varagi\u0107.<\/div>\n<\/div>\n<hr \/>\n<div class=\"scca-articles-grid\">\n<div class=\"col-md-12 col-sm-12 grid\">\n<div class=\"featured-thumb col-md-4 col-sm-4\"><a href=\"https:\/\/www.worldofart.org\/arhiv.worldofart.org\/aktualno\/archives\/15195\"><img loading=\"lazy\" decoding=\"async\" class=\"alignnone size-medium wp-image-15198\" src=\"https:\/\/www.worldofart.org\/arhiv.worldofart.org\/aktualno\/wp-content\/uploads\/2020\/04\/cover-photo-338x254.jpeg\" alt=\"\" width=\"338\" height=\"254\" srcset=\"https:\/\/www.worldofart.org\/arhiv.worldofart.org\/aktualno\/wp-content\/uploads\/2020\/04\/cover-photo-338x254.jpeg 338w, https:\/\/www.worldofart.org\/arhiv.worldofart.org\/aktualno\/wp-content\/uploads\/2020\/04\/cover-photo-730x548.jpeg 730w, https:\/\/www.worldofart.org\/arhiv.worldofart.org\/aktualno\/wp-content\/uploads\/2020\/04\/cover-photo-768x576.jpeg 768w, https:\/\/www.worldofart.org\/arhiv.worldofart.org\/aktualno\/wp-content\/uploads\/2020\/04\/cover-photo.jpeg 1000w\" sizes=\"(max-width: 338px) 100vw, 338px\" \/><\/a><\/div>\n<div class=\"out-thumb col-md-8 col-sm-8\">V zalo\u017ebi Bookse in Kurziva iz Zagreba so iz\u0161li pojmovniki literarne kritike, kritike uprizoritvenih in kritike vizualnih umetnosti. Pojmovniki so del mednarodnega projekta Svet okoli nas, posve\u010denega kritiki sodobnih umetnosti, v katerem sodelujejo Kurziv, Kulturtreger, SEECult.org, Kontrapunkt in SCCA-Ljubljana.<\/div>\n<\/div>\n<hr \/>\n<div class=\"scca-articles-grid\">\n<div class=\"col-md-12 col-sm-12 grid\">\n<div class=\"featured-thumb col-md-4 col-sm-4\"><a href=\"https:\/\/www.worldofart.org\/arhiv.worldofart.org\/aktualno\/archives\/category\/kritike-razstav-analize-del\"><img loading=\"lazy\" decoding=\"async\" class=\"alignnone size-medium wp-image-12458\" src=\"https:\/\/www.worldofart.org\/arhiv.worldofart.org\/aktualno\/wp-content\/uploads\/2018\/02\/kritika-338x229.jpg\" alt=\"\" width=\"338\" height=\"229\" srcset=\"https:\/\/www.worldofart.org\/arhiv.worldofart.org\/aktualno\/wp-content\/uploads\/2018\/02\/kritika-338x229.jpg 338w, https:\/\/www.worldofart.org\/arhiv.worldofart.org\/aktualno\/wp-content\/uploads\/2018\/02\/kritika-768x520.jpg 768w, https:\/\/www.worldofart.org\/arhiv.worldofart.org\/aktualno\/wp-content\/uploads\/2018\/02\/kritika-730x495.jpg 730w, https:\/\/www.worldofart.org\/arhiv.worldofart.org\/aktualno\/wp-content\/uploads\/2018\/02\/kritika.jpg 800w\" sizes=\"(max-width: 338px) 100vw, 338px\" \/><\/a><\/div>\n<div class=\"out-thumb col-md-8 col-sm-8\">Vabimo vas k branju umetnostnih kritik, poro\u010dil s strokovnih ekskurzij in analiz umetni\u0161kih del, ki so jih napisali udele\u017eenci in udele\u017eenke \u0161ole.<\/div>\n<\/div>\n<hr \/>\n<div class=\"col-md-12 col-sm-12 grid\">\n<div class=\"featured-thumb col-md-4 col-sm-4\"><a href=\"https:\/\/www.worldofart.org\/arhiv.worldofart.org\/aktualno\/sestnajsto-leto-2016-2018\/niz-javnih-predavanj-kako-kriticno-je-stanje-kritiskega-pisanja\"><img decoding=\"async\" class=\"alignnone size-full wp-image-9026\" src=\"https:\/\/www.worldofart.org\/arhiv.worldofart.org\/aktualno\/wp-content\/uploads\/2016\/03\/kritika-predavanja-2016_2-2.jpg\" alt=\"\" width=\"338\" srcset=\"https:\/\/www.worldofart.org\/arhiv.worldofart.org\/aktualno\/wp-content\/uploads\/2016\/03\/kritika-predavanja-2016_2-2.jpg 1000w, https:\/\/www.worldofart.org\/arhiv.worldofart.org\/aktualno\/wp-content\/uploads\/2016\/03\/kritika-predavanja-2016_2-2-300x129.jpg 300w, https:\/\/www.worldofart.org\/arhiv.worldofart.org\/aktualno\/wp-content\/uploads\/2016\/03\/kritika-predavanja-2016_2-2-768x329.jpg 768w\" sizes=\"(max-width: 1000px) 100vw, 1000px\" \/><\/a><\/div>\n<div class=\"out-thumb col-md-8 col-sm-8\">Niz javnih predavanj <em>Kako kriti\u010dno je stanje kriti\u0161kega pisanja?<\/em> smo pripravili v sodelovanju z <a href=\"http:\/\/www.igorzabel.org\/sl\/drustvo\">Dru\u0161tvom Igor Zabel za kulturo in teorijo<\/a>. O spremembah v sodobni kriti\u0161ko-teoretski produkciji so predavali: Thijs Lijster, Ekaterina Degot, Maja Breznik, Izidor Bar\u0161i &amp; Kaja Kraner (\u0160UM), Antonija Letini\u0107 in Fouad Asfour.<\/div>\n<\/div>\n<hr \/>\n<div class=\"col-md-12 col-sm-12 grid\">\n<div class=\"featured-thumb col-md-4 col-sm-4\"><a href=\"https:\/\/www.worldofart.org\/arhiv.worldofart.org\/aktualno\/wp-content\/uploads\/2017\/02\/Maja_Breznik-O_krizi_kritike.pdf\" target=\"_blank\" rel=\"noopener noreferrer\"><img decoding=\"async\" class=\"alignnone wp-image-12521 size-full\" src=\"https:\/\/www.worldofart.org\/arhiv.worldofart.org\/aktualno\/wp-content\/uploads\/2018\/03\/Maja-Breznik-Predstavitev-analize-Kam-je-\u0161la-likovna-kritika-\u2013-svet-umetnosti-world-of-art-1.png\" alt=\"\" width=\"338\" srcset=\"https:\/\/www.worldofart.org\/arhiv.worldofart.org\/aktualno\/wp-content\/uploads\/2018\/03\/Maja-Breznik-Predstavitev-analize-Kam-je-\u0161la-likovna-kritika-\u2013-svet-umetnosti-world-of-art-1.png 795w, https:\/\/www.worldofart.org\/arhiv.worldofart.org\/aktualno\/wp-content\/uploads\/2018\/03\/Maja-Breznik-Predstavitev-analize-Kam-je-\u0161la-likovna-kritika-\u2013-svet-umetnosti-world-of-art-1-338x189.png 338w, https:\/\/www.worldofart.org\/arhiv.worldofart.org\/aktualno\/wp-content\/uploads\/2018\/03\/Maja-Breznik-Predstavitev-analize-Kam-je-\u0161la-likovna-kritika-\u2013-svet-umetnosti-world-of-art-1-768x429.png 768w, https:\/\/www.worldofart.org\/arhiv.worldofart.org\/aktualno\/wp-content\/uploads\/2018\/03\/Maja-Breznik-Predstavitev-analize-Kam-je-\u0161la-likovna-kritika-\u2013-svet-umetnosti-world-of-art-1-730x408.png 730w\" sizes=\"(max-width: 795px) 100vw, 795px\" \/><\/a><\/div>\n<div class=\"out-thumb col-md-8 col-sm-8\">Besedilo Maje Breznik <a href=\"https:\/\/www.worldofart.org\/arhiv.worldofart.org\/aktualno\/wp-content\/uploads\/2017\/02\/Maja_Breznik-O_krizi_kritike.pdf\" target=\"_blank\" rel=\"noopener noreferrer\"><em>O krizi kritike. Kritika in kriti\u0161ko pisanje v besedilih o likovni\/vizualni umetnosti<\/em><\/a>, ki je nastalo na povabilo <a href=\"http:\/\/www.igorzabel.org\/sl\/drustvo\">Dru\u0161tva Igor Zabel za kulturo in teorijo<\/a> in bilo pod naslovom <em>Kam je \u0161la likovna kritika?<\/em> predstavljeno v niz javnih predavanj <em>Kako kriti\u010dno je stanje kriti\u0161kega pisanja?<\/em><\/div>\n<\/div>\n<hr \/>\n<div class=\"col-md-12 col-sm-12 grid\">\n<div class=\"featured-thumb col-md-4 col-sm-4\"><a href=\"http:\/\/sumrevija.si\/issues\/sum-6\/\"><img loading=\"lazy\" decoding=\"async\" class=\"alignnone size-medium wp-image-14629\" src=\"https:\/\/www.worldofart.org\/arhiv.worldofart.org\/aktualno\/wp-content\/uploads\/2019\/07\/sum6_cover_page-338x165.jpg\" alt=\"\" width=\"338\" height=\"165\" srcset=\"https:\/\/www.worldofart.org\/arhiv.worldofart.org\/aktualno\/wp-content\/uploads\/2019\/07\/sum6_cover_page-338x165.jpg 338w, https:\/\/www.worldofart.org\/arhiv.worldofart.org\/aktualno\/wp-content\/uploads\/2019\/07\/sum6_cover_page-768x375.jpg 768w, https:\/\/www.worldofart.org\/arhiv.worldofart.org\/aktualno\/wp-content\/uploads\/2019\/07\/sum6_cover_page-730x356.jpg 730w, https:\/\/www.worldofart.org\/arhiv.worldofart.org\/aktualno\/wp-content\/uploads\/2019\/07\/sum6_cover_page.jpg 900w\" sizes=\"(max-width: 338px) 100vw, 338px\" \/><\/a><\/div>\n<div class=\"out-thumb col-md-8 col-sm-8\">V <a href=\"http:\/\/sumrevija.si\/issues\/sum-6\/\" target=\"_blank\" rel=\"noopener noreferrer\">6. \u0161tevilki revije \u0160UM<\/a> sta prosto dostopni tudi besedili <em>Diskurzi, ki spremljajo umetnost <\/em>Kaje Kraner in Izidorja Bar\u0161ija ter <em>O krizi kritike<\/em> Maje Breznik, ki sta bili v obliki predavanj prvi\u010d predstavljeni v nizu javnih predavanj <a href=\"https:\/\/www.worldofart.org\/arhiv.worldofart.org\/aktualno\/sestnajsto-leto-2016-2018\/niz-javnih-predavanj-kako-kriticno-je-stanje-kritiskega-pisanja\"><em>Kako kriti\u010dno je stanje kriti\u0161kega pisanja?<\/em><\/a><\/div>\n<\/div>\n<hr \/>\n<div class=\"col-md-12 col-sm-12 grid\">\n<div class=\"featured-thumb col-md-4 col-sm-4\"><a href=\"https:\/\/4d.rtvslo.si\/arhiv\/seje-odbora-za-kulturo\/174590996?jwsource=cl\" target=\"_blank\" rel=\"noopener noreferrer\"><img loading=\"lazy\" decoding=\"async\" class=\"size-medium wp-image-14616 alignnone\" src=\"https:\/\/www.worldofart.org\/arhiv.worldofart.org\/aktualno\/wp-content\/uploads\/2019\/07\/2.-redna-seja-Odbora-za-kulturo-prenos-338x168.png\" alt=\"\" width=\"338\" height=\"168\" srcset=\"https:\/\/www.worldofart.org\/arhiv.worldofart.org\/aktualno\/wp-content\/uploads\/2019\/07\/2.-redna-seja-Odbora-za-kulturo-prenos-338x168.png 338w, https:\/\/www.worldofart.org\/arhiv.worldofart.org\/aktualno\/wp-content\/uploads\/2019\/07\/2.-redna-seja-Odbora-za-kulturo-prenos-768x382.png 768w, https:\/\/www.worldofart.org\/arhiv.worldofart.org\/aktualno\/wp-content\/uploads\/2019\/07\/2.-redna-seja-Odbora-za-kulturo-prenos-730x363.png 730w, https:\/\/www.worldofart.org\/arhiv.worldofart.org\/aktualno\/wp-content\/uploads\/2019\/07\/2.-redna-seja-Odbora-za-kulturo-prenos.png 980w\" sizes=\"(max-width: 338px) 100vw, 338px\" \/><\/a><\/div>\n<div class=\"out-thumb col-md-8 col-sm-8\"><a href=\"https:\/\/4d.rtvslo.si\/arhiv\/seje-odbora-za-kulturo\/174590996?jwsource=cl\" target=\"_blank\" rel=\"noopener noreferrer\">Seja odbora za kulturo RS v DZ, 24. 1. 2019<\/a>, na kateri so predstavniki in predstavnice, ki delujejo na podro\u010dju kulture, predstavili stali\u0161\u010da glede stanja kritike in kriti\u0161kega pisanja ter ustanovitvi krovnega portala za kritiko.<\/div>\n<\/div>\n<hr \/>\n<div class=\"col-md-12 col-sm-12 grid\">\n<div class=\"featured-thumb col-md-4 col-sm-4\"><a href=\"https:\/\/www.igorzabel.org\/sl\/novice\/2018\/apel-kritika\" target=\"_blank\" rel=\"noopener noreferrer\"><img loading=\"lazy\" decoding=\"async\" class=\"size-medium wp-image-14613 alignnone\" src=\"https:\/\/www.worldofart.org\/arhiv.worldofart.org\/aktualno\/wp-content\/uploads\/2019\/07\/apel-kritika-Dru\u0161tvo-Igor-Zabel-za-kulturo-in-teorijo-338x71.png\" alt=\"\" width=\"338\" height=\"71\" srcset=\"https:\/\/www.worldofart.org\/arhiv.worldofart.org\/aktualno\/wp-content\/uploads\/2019\/07\/apel-kritika-Dru\u0161tvo-Igor-Zabel-za-kulturo-in-teorijo-338x71.png 338w, https:\/\/www.worldofart.org\/arhiv.worldofart.org\/aktualno\/wp-content\/uploads\/2019\/07\/apel-kritika-Dru\u0161tvo-Igor-Zabel-za-kulturo-in-teorijo.png 372w\" sizes=\"(max-width: 338px) 100vw, 338px\" \/><\/a><\/div>\n<div class=\"out-thumb col-md-8 col-sm-8\">\u0160ola Svet umetnosti podpira prizadevanja podpisnikov <a href=\"https:\/\/www.igorzabel.org\/sl\/novice\/2018\/apel-kritika\" target=\"_blank\" rel=\"noopener noreferrer\">Apela za likovno kritiko<\/a>, pod katerega so se podpisali Dru\u0161tvo Igor Zabel za kulturo in teorijo, Dru\u0161tvo Ljudmila, Dru\u0161tvo Galerija Boks, Zavod Radio \u0160tudent, Zavod Membrana, Dru\u0161tvo Koridor in spletni kanal Sodobna umetnost.<\/div>\n<\/div>\n<hr \/>\n<div class=\"col-md-12 col-sm-12 grid\">\n<div class=\"featured-thumb col-md-4 col-sm-4\"><a href=\"https:\/\/www.worldofart.org\/arhiv.worldofart.org\/aktualno\/archives\/13949\" target=\"_blank\" rel=\"noopener noreferrer\"><img loading=\"lazy\" decoding=\"async\" class=\"size-medium wp-image-13951 alignnone\" src=\"https:\/\/www.worldofart.org\/arhiv.worldofart.org\/aktualno\/wp-content\/uploads\/2018\/11\/krik-2018-gif-mk-alb_orig-338x190.gif\" alt=\"\" width=\"338\" height=\"190\" srcset=\"https:\/\/www.worldofart.org\/arhiv.worldofart.org\/aktualno\/wp-content\/uploads\/2018\/11\/krik-2018-gif-mk-alb_orig-338x190.gif 338w, https:\/\/www.worldofart.org\/arhiv.worldofart.org\/aktualno\/wp-content\/uploads\/2018\/11\/krik-2018-gif-mk-alb_orig-768x432.gif 768w, https:\/\/www.worldofart.org\/arhiv.worldofart.org\/aktualno\/wp-content\/uploads\/2018\/11\/krik-2018-gif-mk-alb_orig-730x411.gif 730w\" sizes=\"(max-width: 338px) 100vw, 338px\" \/><\/a><\/div>\n<div class=\"out-thumb col-md-8 col-sm-8\">V Skopju je med 21. 11. in 19. 12. 2018 potekala tretja izdaja <a href=\"http:\/\/www.kontrapunkt-mk.org\/\">festivala za kriti\u0161ko kulturo KRIK<\/a>, v okviru katerega je potekala tudi okrogla miza <em>Kritika v regiji<\/em>.<\/div>\n<\/div>\n<hr \/>\n<div class=\"col-md-12 col-sm-12 grid\">\n<div class=\"featured-thumb col-md-4 col-sm-4\"><a href=\"https:\/\/www.worldofart.org\/arhiv.worldofart.org\/aktualno\/archives\/12272\"><img decoding=\"async\" class=\"alignnone wp-image-12711 size-large\" src=\"https:\/\/www.worldofart.org\/arhiv.worldofart.org\/aktualno\/wp-content\/uploads\/2018\/04\/krik-2017-fb-event-cover-02_orig-730x411.png\" alt=\"\" width=\"338\" srcset=\"https:\/\/www.worldofart.org\/arhiv.worldofart.org\/aktualno\/wp-content\/uploads\/2018\/04\/krik-2017-fb-event-cover-02_orig-730x411.png 730w, https:\/\/www.worldofart.org\/arhiv.worldofart.org\/aktualno\/wp-content\/uploads\/2018\/04\/krik-2017-fb-event-cover-02_orig-338x190.png 338w, https:\/\/www.worldofart.org\/arhiv.worldofart.org\/aktualno\/wp-content\/uploads\/2018\/04\/krik-2017-fb-event-cover-02_orig-768x432.png 768w, https:\/\/www.worldofart.org\/arhiv.worldofart.org\/aktualno\/wp-content\/uploads\/2018\/04\/krik-2017-fb-event-cover-02_orig.png 1100w\" sizes=\"(max-width: 730px) 100vw, 730px\" \/><\/a><\/div>\n<div class=\"out-thumb col-md-8 col-sm-8\">V Skopju je med 13. in 16. 12. 2017 potekala druga izdaja <a href=\"http:\/\/www.kontrapunkt-mk.org\/\">festivala za kriti\u0161ko kulturo KRIK<\/a>, v okviru katerega sta potekala tridnevni seminar kritike in okrogla miza <em>Kriti\u010dni pogledi v regiji<\/em>.<\/div>\n<\/div>\n<\/div>\n<\/div>\n","protected":false},"excerpt":{"rendered":"<p>V sklopu Umetnostna kritika smo zbrali kritike udele\u017eencev in udele\u017eenk \u0161ole, ki so nastale na seminarjih Umetnostna kritika in Analiza umetni\u0161kega dela, predavanja o sodobni kriti\u0161ko-teoretski produkciji in strokovna besedila o stanju kriti\u0161kega pisanja. Na dnu strani smo zbrali nekaj uporabnih povezav do spletnih strani dogodkov, dru\u0161tev in revij, ki se poglobljeno ukvarjajo z razli\u010dnimi [&hellip;]<\/p>\n","protected":false},"author":1,"featured_media":12458,"parent":0,"menu_order":0,"comment_status":"closed","ping_status":"closed","template":"","meta":{"footnotes":""},"categories":[7,41],"tags":[],"_links":{"self":[{"href":"https:\/\/www.worldofart.org\/arhiv.worldofart.org\/aktualno\/wp-json\/wp\/v2\/pages\/12446"}],"collection":[{"href":"https:\/\/www.worldofart.org\/arhiv.worldofart.org\/aktualno\/wp-json\/wp\/v2\/pages"}],"about":[{"href":"https:\/\/www.worldofart.org\/arhiv.worldofart.org\/aktualno\/wp-json\/wp\/v2\/types\/page"}],"author":[{"embeddable":true,"href":"https:\/\/www.worldofart.org\/arhiv.worldofart.org\/aktualno\/wp-json\/wp\/v2\/users\/1"}],"replies":[{"embeddable":true,"href":"https:\/\/www.worldofart.org\/arhiv.worldofart.org\/aktualno\/wp-json\/wp\/v2\/comments?post=12446"}],"version-history":[{"count":71,"href":"https:\/\/www.worldofart.org\/arhiv.worldofart.org\/aktualno\/wp-json\/wp\/v2\/pages\/12446\/revisions"}],"predecessor-version":[{"id":15937,"href":"https:\/\/www.worldofart.org\/arhiv.worldofart.org\/aktualno\/wp-json\/wp\/v2\/pages\/12446\/revisions\/15937"}],"wp:featuredmedia":[{"embeddable":true,"href":"https:\/\/www.worldofart.org\/arhiv.worldofart.org\/aktualno\/wp-json\/wp\/v2\/media\/12458"}],"wp:attachment":[{"href":"https:\/\/www.worldofart.org\/arhiv.worldofart.org\/aktualno\/wp-json\/wp\/v2\/media?parent=12446"}],"wp:term":[{"taxonomy":"category","embeddable":true,"href":"https:\/\/www.worldofart.org\/arhiv.worldofart.org\/aktualno\/wp-json\/wp\/v2\/categories?post=12446"},{"taxonomy":"post_tag","embeddable":true,"href":"https:\/\/www.worldofart.org\/arhiv.worldofart.org\/aktualno\/wp-json\/wp\/v2\/tags?post=12446"}],"curies":[{"name":"wp","href":"https:\/\/api.w.org\/{rel}","templated":true}]}}