{"id":12966,"date":"2018-06-11T14:26:55","date_gmt":"2018-06-11T12:26:55","guid":{"rendered":"http:\/\/www.worldofart.org\/aktualno\/?page_id=12966"},"modified":"2018-06-12T12:02:39","modified_gmt":"2018-06-12T10:02:39","slug":"katalogi-koncnih-razstav-sveta-umetnosti","status":"publish","type":"page","link":"https:\/\/www.worldofart.org\/arhiv.worldofart.org\/aktualno\/v-branje\/katalogi-koncnih-razstav-sveta-umetnosti","title":{"rendered":"Katalogi kon\u010dnih razstav Sveta umetnosti"},"content":{"rendered":"<div class=\"scca-articles-grid\">\n<div class=\"col-md-12 col-sm-12 grid\">\n<div class=\"featured-thumb col-md-4 col-sm-4\"><a href=\"https:\/\/www.worldofart.org\/arhiv.worldofart.org\/aktualno\/archives\/12885\"><img loading=\"lazy\" decoding=\"async\" src=\"https:\/\/www.worldofart.org\/arhiv.worldofart.org\/aktualno\/wp-content\/uploads\/2018\/06\/katalog_naslovnica_2-338x424.png\" alt=\"\" width=\"338\" height=\"424\" class=\"alignnone size-medium wp-image-12988\" srcset=\"https:\/\/www.worldofart.org\/arhiv.worldofart.org\/aktualno\/wp-content\/uploads\/2018\/06\/katalog_naslovnica_2-338x424.png 338w, https:\/\/www.worldofart.org\/arhiv.worldofart.org\/aktualno\/wp-content\/uploads\/2018\/06\/katalog_naslovnica_2.png 400w\" sizes=\"(max-width: 338px) 100vw, 338px\" \/><\/a><\/div>\n<div class=\"out-thumb col-md-8 col-sm-8\">\n<h4><strong>Nekaj minut kasneje.<\/strong><\/h4>\n<p><strong>Zbornik, ki spremlja kon\u010dno razstavo 16. leta \u0161ole Svet metnosti<\/strong><br \/>\nIzdal: Zavod SCCA-Ljubljana, 2018<br \/>\nUrednici in avtorici uvodnega besedila: Ur\u0161ka Aplinc, Maja Burja<br \/>\nBesedila: Jo\u017ee Bar\u0161i, Rok Ben\u010din, Voranc Kumar, Tadej Troha<br \/>\nSlikovno gradivo<br \/>\nRadijska igra<br \/>\nV sloven\u0161\u010dini in angle\u0161\u010dini<br \/>\nCena: 10 eur<\/p>\n<p><a href=\"https:\/\/www.worldofart.org\/arhiv.worldofart.org\/aktualno\/archives\/12885\">Ve\u010d o katalogu Nekaj minut kasneje.<\/a><\/p>\n<\/div>\n<\/div>\n<hr \/>\n<div class=\"col-md-12 col-sm-12 grid\">\n<div class=\"featured-thumb col-md-4 col-sm-4\"><a href=\"https:\/\/www.worldofart.org\/arhiv.worldofart.org\/aktualno\/wp-content\/uploads\/2016\/07\/Osebno_Personal_Exhibition_Catalogue.pdf\" target=\"_blank\" rel=\"noopener\"><img decoding=\"async\" src=\"https:\/\/www.worldofart.org\/arhiv.worldofart.org\/aktualno\/wp-content\/uploads\/2016\/07\/Osebno_Personal_katalog-razstave_cover.jpg\" alt=\"\" width=\"338\" class=\"alignnone size-full wp-image-8990\" srcset=\"https:\/\/www.worldofart.org\/arhiv.worldofart.org\/aktualno\/wp-content\/uploads\/2016\/07\/Osebno_Personal_katalog-razstave_cover.jpg 620w, https:\/\/www.worldofart.org\/arhiv.worldofart.org\/aktualno\/wp-content\/uploads\/2016\/07\/Osebno_Personal_katalog-razstave_cover-300x218.jpg 300w\" sizes=\"(max-width: 620px) 100vw, 620px\" \/><\/a><\/div>\n<div class=\"out-thumb col-md-8 col-sm-8\">\n<h4><strong>Osebno<\/strong><\/h4>\n<p><strong>Razstavni katalog<\/strong><br \/>\nIzdal: Zavod SCCA-Ljubljana, 2016<br \/>\nUrednici: Petra Bole in Katarina Stopar<br \/>\nBesedila: Petra Bole in Katarina Stopar; opisi del: Petra Bole, Nina Jesih, Zala Kurin\u010di\u010d, Hana Ostan O\u017ebolt, Mojca Sfiligoj, Katarina Stopar<br \/>\nSlikovno gradivo<br \/>\n\u017divljenjepisi umetnikov in umetnic<br \/>\nV sloven\u0161\u010dini in angle\u0161\u010dini<\/p>\n<p><a href=\"https:\/\/www.worldofart.org\/arhiv.worldofart.org\/aktualno\/petnajsto-leto-2014-2016\/osebno\">Ve\u010d o kon\u010dni razstavi 15. generacije \u0161ole Svet umetnosti<\/a><br \/>\n<a href=\"https:\/\/www.worldofart.org\/arhiv.worldofart.org\/aktualno\/wp-content\/uploads\/2016\/07\/Osebno_Personal_Exhibition_Catalogue.pdf\" target=\"_blank\" rel=\"noopener\">Brezpla\u010dno dostopno na spletu<\/a>\n<\/div>\n<\/div>\n<hr \/>\n<div class=\"col-md-12 col-sm-12 grid\">\n<div class=\"featured-thumb col-md-4 col-sm-4\"><a href=\"https:\/\/www.worldofart.org\/arhiv.worldofart.org\/aktualno\/archives\/4859\"><img loading=\"lazy\" decoding=\"async\" src=\"https:\/\/www.worldofart.org\/arhiv.worldofart.org\/aktualno\/wp-content\/uploads\/2018\/06\/cetrticetrti-katalog-338x441.jpg\" alt=\"\" width=\"338\" height=\"441\" class=\"alignnone size-medium wp-image-13030\" srcset=\"https:\/\/www.worldofart.org\/arhiv.worldofart.org\/aktualno\/wp-content\/uploads\/2018\/06\/cetrticetrti-katalog-338x441.jpg 338w, https:\/\/www.worldofart.org\/arhiv.worldofart.org\/aktualno\/wp-content\/uploads\/2018\/06\/cetrticetrti-katalog.jpg 620w\" sizes=\"(max-width: 338px) 100vw, 338px\" \/><\/a><\/div>\n<div class=\"out-thumb col-md-8 col-sm-8\">\n<h4><strong>4. 4.<\/strong><\/h4>\n<p><strong>Zbornik, ki spremlja kon\u010dno razstavo 14. leta \u0161ole Svet metnosti<br \/>\n<\/strong>Izdal: Zavod SCCA-Ljubljana, 2013<br \/>\nUrednik: Miha Kelemina<\/p>\n<p>Besedila:<br \/>\nNina Skumavc &amp; Maja Alibegovi\u0107: <em>Svoboda, enakost in kustosi. Od novincev do bande kustosov \/ Freedom, Equality and Curators. From Rookies to a Gang of Curators<\/em><br \/>\nJasna Jernej\u0161ek: <em>Habemus Curatorem<\/em><br \/>\nLenka \u0110orojevi\u0107: <em>4. 4.<\/em><br \/>\nMihael Kelemina: <em>4. 4.\/2<\/em><br \/>\nMaja Anton\u010di\u010d: <em>Re?generacija odnosov \/ Re?generation of Relations<\/em><br \/>\nDenis Volk: <em>Kar se Janezek nau\u010di, to Janez zna! \/ What Little Johnny Boy Learns, Johnny Knows!<\/em><\/p>\n<p>Slikovno gradivo &amp; izjave umetnikov in umetnic o delih<br \/>\nIntervjuji z umetniki in umetnicami<br \/>\n\u017divljenjepisi umetnikov in umetnic<br \/>\nV sloven\u0161\u010dini in angle\u0161\u010dini<br \/>\nCena: 6 eur.<\/p>\n<p><a href=\"https:\/\/www.worldofart.org\/arhiv.worldofart.org\/aktualno\/stirinajsti-letnik-20112013\/cetrti-cetrti\">Ve\u010d o kon\u010dni razstavi 14. generacije \u0161ole Svet umetnosti<\/a><br \/>\n<a href=\"https:\/\/www.worldofart.org\/arhiv.worldofart.org\/aktualno\/archives\/4859\">Ve\u010d o katalogu 4. 4.<\/a>\n<\/div>\n<\/div>\n<\/div>\n","protected":false},"excerpt":{"rendered":"<p>Nekaj minut kasneje. Zbornik, ki spremlja kon\u010dno razstavo 16. leta \u0161ole Svet metnosti Izdal: Zavod SCCA-Ljubljana, 2018 Urednici in avtorici uvodnega besedila: Ur\u0161ka Aplinc, Maja Burja Besedila: Jo\u017ee Bar\u0161i, Rok Ben\u010din, Voranc Kumar, Tadej Troha Slikovno gradivo Radijska igra V sloven\u0161\u010dini in angle\u0161\u010dini Cena: 10 eur Ve\u010d o katalogu Nekaj minut kasneje. Osebno Razstavni katalog [&hellip;]<\/p>\n","protected":false},"author":16,"featured_media":0,"parent":10003,"menu_order":0,"comment_status":"closed","ping_status":"closed","template":"","meta":{"footnotes":""},"categories":[20],"tags":[],"_links":{"self":[{"href":"https:\/\/www.worldofart.org\/arhiv.worldofart.org\/aktualno\/wp-json\/wp\/v2\/pages\/12966"}],"collection":[{"href":"https:\/\/www.worldofart.org\/arhiv.worldofart.org\/aktualno\/wp-json\/wp\/v2\/pages"}],"about":[{"href":"https:\/\/www.worldofart.org\/arhiv.worldofart.org\/aktualno\/wp-json\/wp\/v2\/types\/page"}],"author":[{"embeddable":true,"href":"https:\/\/www.worldofart.org\/arhiv.worldofart.org\/aktualno\/wp-json\/wp\/v2\/users\/16"}],"replies":[{"embeddable":true,"href":"https:\/\/www.worldofart.org\/arhiv.worldofart.org\/aktualno\/wp-json\/wp\/v2\/comments?post=12966"}],"version-history":[{"count":11,"href":"https:\/\/www.worldofart.org\/arhiv.worldofart.org\/aktualno\/wp-json\/wp\/v2\/pages\/12966\/revisions"}],"predecessor-version":[{"id":13031,"href":"https:\/\/www.worldofart.org\/arhiv.worldofart.org\/aktualno\/wp-json\/wp\/v2\/pages\/12966\/revisions\/13031"}],"up":[{"embeddable":true,"href":"https:\/\/www.worldofart.org\/arhiv.worldofart.org\/aktualno\/wp-json\/wp\/v2\/pages\/10003"}],"wp:attachment":[{"href":"https:\/\/www.worldofart.org\/arhiv.worldofart.org\/aktualno\/wp-json\/wp\/v2\/media?parent=12966"}],"wp:term":[{"taxonomy":"category","embeddable":true,"href":"https:\/\/www.worldofart.org\/arhiv.worldofart.org\/aktualno\/wp-json\/wp\/v2\/categories?post=12966"},{"taxonomy":"post_tag","embeddable":true,"href":"https:\/\/www.worldofart.org\/arhiv.worldofart.org\/aktualno\/wp-json\/wp\/v2\/tags?post=12966"}],"curies":[{"name":"wp","href":"https:\/\/api.w.org\/{rel}","templated":true}]}}