{"id":13079,"date":"2018-06-18T18:05:09","date_gmt":"2018-06-18T16:05:09","guid":{"rendered":"http:\/\/www.worldofart.org\/aktualno\/?page_id=13079"},"modified":"2018-06-18T18:05:20","modified_gmt":"2018-06-18T16:05:20","slug":"publikacije","status":"publish","type":"page","link":"https:\/\/www.worldofart.org\/arhiv.worldofart.org\/aktualno\/publikacije","title":{"rendered":"Mednarodne in spletne publikacije"},"content":{"rendered":"<p>V rubriki <em>Mednarodne in spletne publikacije<\/em> objavljamo raznovrstne publikacije, ki smo jih izdali, zalo\u017eili ali uredili v sodelovanju z mednarodnimi partnerji kot del na\u0161ih skupnih projektov. Pridru\u017eujejo se jim publikacije razstavno-raziskovalnih projektov Sveta umetnosti in Studia 6.<\/p>\n<hr \/>\n<div class=\"scca-articles-grid\">\n<div class=\"col-md-12 col-sm-12 grid\">\n<div class=\"featured-thumb col-md-4 col-sm-4\"><a href=\"https:\/\/issuu.com\/scca-ljubljana\/docs\/neki_pi__e_publikacija_download\" target=\"_blank\" rel=\"noopener\"><img loading=\"lazy\" decoding=\"async\" class=\"alignnone size-medium wp-image-13032\" src=\"https:\/\/www.worldofart.org\/arhiv.worldofart.org\/aktualno\/wp-content\/uploads\/2018\/06\/Neki-pise-zin-338x479.jpg\" alt=\"\" width=\"338\" height=\"479\" srcset=\"https:\/\/www.worldofart.org\/arhiv.worldofart.org\/aktualno\/wp-content\/uploads\/2018\/06\/Neki-pise-zin-338x479.jpg 338w, https:\/\/www.worldofart.org\/arhiv.worldofart.org\/aktualno\/wp-content\/uploads\/2018\/06\/Neki-pise-zin.jpg 420w\" sizes=\"(max-width: 338px) 100vw, 338px\" \/><\/a><\/div>\n<div class=\"out-thumb col-md-8 col-sm-8\">\n<h4><strong>Neki pi\u0161e<\/strong><\/h4>\n<p>Razstavni katalog v obliki zina<\/p>\n<p>Studio 6, razstava <a href=\"https:\/\/www.worldofart.org\/arhiv.worldofart.org\/aktualno\/archives\/11043\"><em>Neki pi\u0161e<\/em><\/a><br \/>\n<strong>Izdal:<\/strong> Zavod SCCA-Ljubljana, 2017<br \/>\n<strong>Urednika:<\/strong> Miha Kelemina in Lara Plav\u010dak<br \/>\n<strong>Besedila:<\/strong> Lara Plav\u010dak, spremno besedilo<br \/>\n<strong>Opisi del na razstavi:<\/strong> Ur\u0161ka Aplinc, Maja Burja, Anabel \u010cernohorski, Nika Ham, Ajda Ana Kocutar in Iza Pevec<br \/>\n<strong>Vpra\u0161anja o umetni\u0161ki praksi zdru\u017eevanja podobe in besedila:<\/strong> Ajda Ana Kocutar<br \/>\n<strong>Oblikovanje:<\/strong> Nevena Aleksovski<br \/>\nSlikovno gradivo<br \/>\n<strong>\u017divljenjepisi umetnikov in umetnic:<\/strong> Bojan Mijatovi\u0107, Horrid Habits, Leon Zuodar, Maks Bricelj, Mina Fina, Nevena Aleksovski<br \/>\nV sloven\u0161\u010dini<br \/>\nOmejena naklada: 120<br \/>\nProsto dostopno na spletu<\/p>\n<p><a href=\"https:\/\/www.worldofart.org\/arhiv.worldofart.org\/aktualno\/archives\/11392\">Ve\u010d o razstavni publikaciji<\/a><br \/>\n<a href=\"https:\/\/issuu.com\/scca-ljubljana\/docs\/neki_pi__e_publikacija_download\" target=\"_blank\" rel=\"noopener\">Publikacija<\/a> (pdf)<\/p>\n<\/div>\n<\/div>\n<hr \/>\n<div class=\"col-md-12 col-sm-12 grid\">\n<div class=\"featured-thumb col-md-4 col-sm-4\"><a href=\"https:\/\/www.worldofart.org\/arhiv.worldofart.org\/aktualno\/wp-content\/2015\/Curating-In-Depth-toolkit.pdf\" target=\"_blank\" rel=\"noopener\"><img decoding=\"async\" class=\"alignnone size-full wp-image-8316\" title=\"CID Toolkit\" src=\"https:\/\/www.worldofart.org\/arhiv.worldofart.org\/aktualno\/wp-content\/uploads\/2015\/04\/cid-toolkit.jpg\" alt=\"\" width=\"250\" srcset=\"https:\/\/www.worldofart.org\/arhiv.worldofart.org\/aktualno\/wp-content\/uploads\/2015\/04\/cid-toolkit.jpg 600w, https:\/\/www.worldofart.org\/arhiv.worldofart.org\/aktualno\/wp-content\/uploads\/2015\/04\/cid-toolkit-300x128.jpg 300w\" sizes=\"(max-width: 600px) 100vw, 600px\" \/><\/a><\/div>\n<div class=\"out-thumb col-md-8 col-sm-8\">\n<h4><strong>CURATING-IN-DEPTH<\/strong><\/h4>\n<p>Spletna publikacija<\/p>\n<p>Udele\u017eenci in udele\u017eenke mednarodnega projekta <a href=\"https:\/\/www.worldofart.org\/arhiv.worldofart.org\/aktualno\/petnajsto-leto-2014-2016\/curating-in-depth\"><em>Curating-In-Depth<\/em><\/a> so zasnovali istoimensko e-publikacijo, ki vklju\u010duje dokumentacijo izmenjav, izobra\u017eevalna gradiva, predavanja in razprave ter je obenem sklep celoletnega projekta. Toolkit je zasnovan kot skupinski dnevnik vtisov, spoznanj, mnenj in spominov. Objavljen je na spletnih straneh vseh partnerskih organizacij, svoj izvod pa lahko brezpla\u010dno preto\u010dite ter natisnite. Prosto dostopno.<\/p>\n<p><a href=\"https:\/\/www.worldofart.org\/arhiv.worldofart.org\/aktualno\/wp-content\/2015\/Curating-In-Depth-toolkit.pdf\" target=\"_blank\" rel=\"noopener\">E-publikacija<\/a> (pdf)<\/p>\n<\/div>\n<\/div>\n<hr \/>\n<div class=\"col-md-12 col-sm-12 grid\">\n<div class=\"featured-thumb col-md-4 col-sm-4\"><a href=\"https:\/\/www.worldofart.org\/arhiv.worldofart.org\/aktualno\/archives\/6743\" target=\"_blank\" rel=\"noopener\"><img loading=\"lazy\" decoding=\"async\" class=\"alignnone size-medium wp-image-13034\" src=\"https:\/\/www.worldofart.org\/arhiv.worldofart.org\/aktualno\/wp-content\/uploads\/2018\/06\/dan-na-dan-zin-338x463.jpg\" alt=\"\" width=\"338\" height=\"463\" srcset=\"https:\/\/www.worldofart.org\/arhiv.worldofart.org\/aktualno\/wp-content\/uploads\/2018\/06\/dan-na-dan-zin-338x463.jpg 338w, https:\/\/www.worldofart.org\/arhiv.worldofart.org\/aktualno\/wp-content\/uploads\/2018\/06\/dan-na-dan-zin.jpg 352w\" sizes=\"(max-width: 338px) 100vw, 338px\" \/><\/a><\/div>\n<div class=\"out-thumb col-md-8 col-sm-8\">\n<h4><strong>Dan na dan<\/strong><\/h4>\n<p>Razstavni katalog v obliki zina<\/p>\n<p>Studio 6, razstava <a href=\"https:\/\/www.worldofart.org\/arhiv.worldofart.org\/aktualno\/archives\/6743\"><em>Dan na dan<\/em><\/a><br \/>\n<strong>Izdal:<\/strong> Zalo\u017eba Beli sladoled books &amp; zines, 2015<br \/>\n<strong>Urednika:<\/strong> Ne\u017ea Jurman in Leon Zuodar<br \/>\n<strong>Besedilo:<\/strong> Sa\u0161a Nabergoj in Simona \u017dvanut<br \/>\nSlikovno gradivo<br \/>\n\u017divljenjepisi umetnikov in umetnic<br \/>\nV sloven\u0161\u010dini in angle\u0161\u010dini<br \/>\nCena: brezpla\u010dno<\/p>\n<\/div>\n<\/div>\n<hr \/>\n<div class=\"col-md-12 col-sm-12 grid\">\n<div class=\"featured-thumb col-md-4 col-sm-4\"><a href=\"&lt;a href=\" target=\"_blank\" rel=\"noopener\"><img loading=\"lazy\" decoding=\"async\" class=\"alignnone size-medium wp-image-13038\" src=\"https:\/\/www.worldofart.org\/arhiv.worldofart.org\/aktualno\/wp-content\/uploads\/2018\/06\/Borga-Kanturk-katalog-720x1021-338x479.jpg\" alt=\"\" width=\"338\" height=\"479\" srcset=\"https:\/\/www.worldofart.org\/arhiv.worldofart.org\/aktualno\/wp-content\/uploads\/2018\/06\/Borga-Kanturk-katalog-720x1021-338x479.jpg 338w, https:\/\/www.worldofart.org\/arhiv.worldofart.org\/aktualno\/wp-content\/uploads\/2018\/06\/Borga-Kanturk-katalog-720x1021.jpg 720w\" sizes=\"(max-width: 338px) 100vw, 338px\" \/><\/a><\/div>\n<div class=\"out-thumb col-md-8 col-sm-8\">\n<h4><strong>Borga Kant\u00fcrk: Memory Research Office: Collect.Cut.Create.Re-create. Exhibition Book<\/strong><\/h4>\n<p>Spletna publikacija razstavnega projekta \u0161ole Svet umetnosti<\/p>\n<p><strong>Razstava <\/strong><a href=\"https:\/\/www.worldofart.org\/arhiv.worldofart.org\/aktualno\/archives\/7304\"><em>Borga Kant\u00fcrk Raziskovanje spomina: Zgodovine.Vaje.Zgodbe.Ponovitve<\/em><\/a><br \/>\n<strong>Izdal:<\/strong> Zavod SCCA-Ljubljana, 2015<br \/>\n<strong>Urednici:<\/strong> Sa\u0161a Nabergoj in Simona \u017dvanut<br \/>\n<strong>Besedila:<\/strong> Sa\u0161a Nabergoj in Simona \u017dvanut, Borga Kant\u00fcrk: Memory Research Office: Collect. Cut. Create. Re-Create, Miha Poljak, Hana Ostan O\u017ebolt, Maru\u0161a Megli\u010d, Petra Bole, Jerko Glu\u0161\u010devi\u0107, Alja\u017e Plos, Nina Jesih, Rumeysa Kiger<br \/>\n<strong>Oblikovanje:<\/strong> Borga Kant\u00fcrk<br \/>\nSlikovno gradivo<br \/>\n\u017divljenjepis umetnika<br \/>\nV angle\u0161\u010dini<br \/>\nBrezpla\u010dno dostopno na spletu<\/p>\n<p><a href=\"https:\/\/issuu.com\/borgakanturk\/docs\/borgakanturk-memoryresearchoffice-e\" target=\"_blank\" rel=\"noopener\">E-publikacija<\/a><\/p>\n<\/div>\n<\/div>\n<hr \/>\n<div class=\"col-md-12 col-sm-12 grid\">\n<div class=\"featured-thumb col-md-4 col-sm-4\"><a href=\"https:\/\/www.worldofart.org\/arhiv.worldofart.org\/aktualno\/wp-content\/publikacije\/Talking-about-Exhibition.pdf\" target=\"_blank\" rel=\"noopener\"><img decoding=\"async\" src=\"https:\/\/www.worldofart.org\/arhiv.worldofart.org\/aktualno\/wp-content\/uploads\/2012\/09\/talking-about-exhibition.gif\" alt=\"Talking about Exhibition\" \/><\/a><\/div>\n<div class=\"out-thumb col-md-8 col-sm-8\">\n<h4><strong>Talking about Exhibition<\/strong><\/h4>\n<p>Zbornik besedil<\/p>\n<p><strong>Besedila:<\/strong> Petja Grafenauer: Interview with Sa\u0161a Nabergoj <em>(We are interested in ways of working based on local needs)<\/em>, Andrzej Szczerski <em>(Curating and the importance of an artwork)<\/em>, Maria Hussakowska <em>(Helena Blum and her modern art history \u2014 written and exhibited)<\/em>, Nora Sternfeld, Luisa Ziaja <em>(What comes after the show? On post-representational curating)<\/em>, Beatrice Jaschke<em> (Curating. A profession in transition)<\/em>, Wojciech Szyma\u0144ski <em>(The Program of No Program)<\/em>, Karolina Kolenda <em>(Curating the East)<\/em>, Antonija Letini\u0107 <em>(From culture to education and back)<\/em>.<br \/>\n<strong>Urednica:<\/strong> Maria Hussakowska<br \/>\n<strong>Prevod:<\/strong> Karolina Kolenda<br \/>\n<strong>Grafi\u010dno oblikovanje:<\/strong> W\u0142adys\u0142aw Pluta<br \/>\n<strong>Jeziki:<\/strong> poljski, angle\u0161ki<br \/>\nProsto dostopno<\/p>\n<p><a href=\"https:\/\/www.worldofart.org\/arhiv.worldofart.org\/aktualno\/wp-content\/publikacije\/Talking-about-Exhibition.pdf\" target=\"_blank\" rel=\"noopener\">Publikacija<\/a> (pdf)<\/p>\n<\/div>\n<\/div>\n<hr \/>\n<div class=\"col-md-12 col-sm-12 grid\">\n<div class=\"featured-thumb col-md-4 col-sm-4\"><a href=\"https:\/\/www.worldofart.org\/arhiv.worldofart.org\/aktualno\/wp-content\/2011-13\/reader_wofa_final.pdf\" target=\"_blank\" rel=\"noopener\"><img loading=\"lazy\" decoding=\"async\" class=\"alignnone size-medium wp-image-13006\" src=\"https:\/\/www.worldofart.org\/arhiv.worldofart.org\/aktualno\/wp-content\/uploads\/2018\/06\/Un-learning-together-338x187.jpg\" alt=\"\" width=\"338\" height=\"187\" srcset=\"https:\/\/www.worldofart.org\/arhiv.worldofart.org\/aktualno\/wp-content\/uploads\/2018\/06\/Un-learning-together-338x187.jpg 338w, https:\/\/www.worldofart.org\/arhiv.worldofart.org\/aktualno\/wp-content\/uploads\/2018\/06\/Un-learning-together-768x425.jpg 768w, https:\/\/www.worldofart.org\/arhiv.worldofart.org\/aktualno\/wp-content\/uploads\/2018\/06\/Un-learning-together-730x404.jpg 730w, https:\/\/www.worldofart.org\/arhiv.worldofart.org\/aktualno\/wp-content\/uploads\/2018\/06\/Un-learning-together.jpg 800w\" sizes=\"(max-width: 338px) 100vw, 338px\" \/><\/a><\/div>\n<div class=\"out-thumb col-md-8 col-sm-8\">\n<h4><strong>(Un)learning Together: Discourses, Moments and Conflicts that Make the World Bigger than the World of Art<\/strong><\/h4>\n<p>Priro\u010dnik<\/p>\n<p><strong>Besedila:<\/strong> Petja Grafenauer: Interview with Sa\u0161a Nabergoj <em>(We are interested in ways of working based on local needs)<\/em>, Andrzej Szczerski <em>(Curating and the importance of an artwork)<\/em>, Maria Hussakowska <em>(Helena Blum and her modern art history \u2014 written and exhibited)<\/em>, Nora Sternfeld, Luisa Ziaja <em>(What comes after the show? On post-representational curating)<\/em>, Beatrice Jaschke<em> (Curating. A profession in transition)<\/em>, Wojciech Szyma\u0144ski <em>(The Program of No Program)<\/em>, Karolina Kolenda <em>(Curating the East)<\/em>, Antonija Letini\u0107 <em>(From culture to education and back)<\/em>.<br \/>\n<strong>Urednica:<\/strong> Maria Hussakowska<br \/>\n<strong>Prevod:<\/strong> Karolina Kolenda<br \/>\n<strong>Grafi\u010dno oblikovanje:<\/strong> W\u0142adys\u0142aw Pluta<br \/>\n<strong>Jeziki:<\/strong> poljski, angle\u0161ki<br \/>\nProsto dostopno<\/p>\n<p><a href=\"https:\/\/www.worldofart.org\/arhiv.worldofart.org\/aktualno\/wp-content\/2011-13\/reader_wofa_final.pdf\" target=\"_blank\" rel=\"noopener\">Publikacija<\/a> (pdf)<\/p>\n<\/div>\n<\/div>\n<hr \/>\n<div class=\"col-md-12 col-sm-12 grid\">\n<div class=\"featured-thumb col-md-4 col-sm-4\"><a href=\"https:\/\/www.worldofart.org\/arhiv.worldofart.org\/aktualno\/archives\/2361\"><img loading=\"lazy\" decoding=\"async\" class=\"alignnone size-medium wp-image-13004\" src=\"https:\/\/www.worldofart.org\/arhiv.worldofart.org\/aktualno\/wp-content\/uploads\/2018\/06\/ONCURATING_Issue14-1-338x478.png\" alt=\"\" width=\"338\" height=\"478\" srcset=\"https:\/\/www.worldofart.org\/arhiv.worldofart.org\/aktualno\/wp-content\/uploads\/2018\/06\/ONCURATING_Issue14-1-338x478.png 338w, https:\/\/www.worldofart.org\/arhiv.worldofart.org\/aktualno\/wp-content\/uploads\/2018\/06\/ONCURATING_Issue14-1-768x1086.png 768w, https:\/\/www.worldofart.org\/arhiv.worldofart.org\/aktualno\/wp-content\/uploads\/2018\/06\/ONCURATING_Issue14-1-730x1032.png 730w, https:\/\/www.worldofart.org\/arhiv.worldofart.org\/aktualno\/wp-content\/uploads\/2018\/06\/ONCURATING_Issue14-1.png 800w\" sizes=\"(max-width: 338px) 100vw, 338px\" \/><\/a><\/div>\n<div class=\"out-thumb col-md-8 col-sm-8\">\n<h4><strong><strong>OnCurating, Issue 14: From the World of Art Archive<\/strong><\/strong><\/h4>\n<p>Revija<\/p>\n<p><strong>Urednici:<\/strong> Sa\u0161a Nabergoj in Dorothee Richter<br \/>\nProsto dostopno<\/p>\n<p><a href=\"https:\/\/www.worldofart.org\/arhiv.worldofart.org\/aktualno\/archives\/2361\">Ve\u010d o reviji<\/a><\/p>\n<\/div>\n<\/div>\n<hr \/>\n<div class=\"col-md-12 col-sm-12 grid\">\n<div class=\"featured-thumb col-md-4 col-sm-4\"><img loading=\"lazy\" decoding=\"async\" class=\"alignnone size-medium wp-image-13028\" src=\"https:\/\/www.worldofart.org\/arhiv.worldofart.org\/aktualno\/wp-content\/uploads\/2018\/06\/Towards-collaborative-curating-cover-338x472.jpg\" alt=\"\" width=\"338\" height=\"472\" srcset=\"https:\/\/www.worldofart.org\/arhiv.worldofart.org\/aktualno\/wp-content\/uploads\/2018\/06\/Towards-collaborative-curating-cover-338x472.jpg 338w, https:\/\/www.worldofart.org\/arhiv.worldofart.org\/aktualno\/wp-content\/uploads\/2018\/06\/Towards-collaborative-curating-cover.jpg 720w\" sizes=\"(max-width: 338px) 100vw, 338px\" \/><\/div>\n<div class=\"out-thumb col-md-8 col-sm-8\">\n<h4><strong><strong>Towards Collaborative Curating: Curatorial Education Redefined. Documentation of Activities 1997\u20132009<\/strong><\/strong><\/h4>\n<p>Svet umetnosti in Poletna kuratorska \u0161ola (Erevan, AICA\u2212Armenija)<\/p>\n<p><strong>Izdal:<\/strong> AICA\u2013Armenia in SCCA\u2013Ljubljana<br \/>\n<strong>Urednica:<\/strong> Angela Harutyunyan<br \/>\n87 strani<br \/>\n<strong>Vsebina:<\/strong> Petja Grafenauer, Angela Harutyunyan, Sa\u0161a Nabergoj<\/p>\n<p>Besedilo Petje Grafenauer je bilo objavljeno v hrva\u0161\u010dini (Svet umetnosti i programi me\u0111uregionalne povezanosti, <em>\u017divot umjetnosti<\/em>, \u0161t. 85, 2009) in sloven\u0161\u010dini v <em>Likovnih besedah<\/em>: <a href=\"https:\/\/www.worldofart.org\/arhiv.worldofart.org\/aktualno\/archives\/2403\">Petja Grafenauer, &#8221;Pomen medregijskega povezovanja na podro\u010dju kuratorskih praks&#8221;<\/a>, <em>Likovne besede<\/em>, \u0161t. 87, 88 (poletje 2009).<\/p>\n<\/div>\n<\/div>\n<\/div>\n","protected":false},"excerpt":{"rendered":"<p>V rubriki Mednarodne in spletne publikacije objavljamo raznovrstne publikacije, ki smo jih izdali, zalo\u017eili ali uredili v sodelovanju z mednarodnimi partnerji kot del na\u0161ih skupnih projektov. Pridru\u017eujejo se jim publikacije razstavno-raziskovalnih projektov Sveta umetnosti in Studia 6. Neki pi\u0161e Razstavni katalog v obliki zina Studio 6, razstava Neki pi\u0161e Izdal: Zavod SCCA-Ljubljana, 2017 Urednika: Miha [&hellip;]<\/p>\n","protected":false},"author":1,"featured_media":0,"parent":0,"menu_order":0,"comment_status":"closed","ping_status":"closed","template":"","meta":{"footnotes":""},"categories":[],"tags":[],"_links":{"self":[{"href":"https:\/\/www.worldofart.org\/arhiv.worldofart.org\/aktualno\/wp-json\/wp\/v2\/pages\/13079"}],"collection":[{"href":"https:\/\/www.worldofart.org\/arhiv.worldofart.org\/aktualno\/wp-json\/wp\/v2\/pages"}],"about":[{"href":"https:\/\/www.worldofart.org\/arhiv.worldofart.org\/aktualno\/wp-json\/wp\/v2\/types\/page"}],"author":[{"embeddable":true,"href":"https:\/\/www.worldofart.org\/arhiv.worldofart.org\/aktualno\/wp-json\/wp\/v2\/users\/1"}],"replies":[{"embeddable":true,"href":"https:\/\/www.worldofart.org\/arhiv.worldofart.org\/aktualno\/wp-json\/wp\/v2\/comments?post=13079"}],"version-history":[{"count":1,"href":"https:\/\/www.worldofart.org\/arhiv.worldofart.org\/aktualno\/wp-json\/wp\/v2\/pages\/13079\/revisions"}],"predecessor-version":[{"id":13081,"href":"https:\/\/www.worldofart.org\/arhiv.worldofart.org\/aktualno\/wp-json\/wp\/v2\/pages\/13079\/revisions\/13081"}],"wp:attachment":[{"href":"https:\/\/www.worldofart.org\/arhiv.worldofart.org\/aktualno\/wp-json\/wp\/v2\/media?parent=13079"}],"wp:term":[{"taxonomy":"category","embeddable":true,"href":"https:\/\/www.worldofart.org\/arhiv.worldofart.org\/aktualno\/wp-json\/wp\/v2\/categories?post=13079"},{"taxonomy":"post_tag","embeddable":true,"href":"https:\/\/www.worldofart.org\/arhiv.worldofart.org\/aktualno\/wp-json\/wp\/v2\/tags?post=13079"}],"curies":[{"name":"wp","href":"https:\/\/api.w.org\/{rel}","templated":true}]}}