{"id":13480,"date":"2018-08-14T14:03:41","date_gmt":"2018-08-14T12:03:41","guid":{"rendered":"http:\/\/www.worldofart.org\/aktualno\/?page_id=13480"},"modified":"2019-08-08T13:57:40","modified_gmt":"2019-08-08T11:57:40","slug":"sedemnajsto-leto-2018-2020","status":"publish","type":"page","link":"https:\/\/www.worldofart.org\/arhiv.worldofart.org\/aktualno\/sedemnajsto-leto-2018-2020","title":{"rendered":"Sedemnajsto leto 2018\/2020"},"content":{"rendered":"<p><img loading=\"lazy\" decoding=\"async\" class=\"alignleft size-large wp-image-13522\" src=\"https:\/\/www.worldofart.org\/arhiv.worldofart.org\/aktualno\/wp-content\/uploads\/2018\/08\/SU-leto17_vpis1-730x411.jpg\" alt=\"\" width=\"730\" height=\"411\" srcset=\"https:\/\/www.worldofart.org\/arhiv.worldofart.org\/aktualno\/wp-content\/uploads\/2018\/08\/SU-leto17_vpis1-730x411.jpg 730w, https:\/\/www.worldofart.org\/arhiv.worldofart.org\/aktualno\/wp-content\/uploads\/2018\/08\/SU-leto17_vpis1-338x190.jpg 338w, https:\/\/www.worldofart.org\/arhiv.worldofart.org\/aktualno\/wp-content\/uploads\/2018\/08\/SU-leto17_vpis1-768x432.jpg 768w, https:\/\/www.worldofart.org\/arhiv.worldofart.org\/aktualno\/wp-content\/uploads\/2018\/08\/SU-leto17_vpis1.jpg 1920w\" sizes=\"(max-width: 730px) 100vw, 730px\" \/><br \/>\n<strong>\u00a0<\/strong><\/p>\n<hr \/>\n<p><a name=\"prvi\"><\/a><\/p>\n<h4>PROGRAM PRVEGA LETNIKA 2018\/2019<\/h4>\n<p>______<\/p>\n<p><a href=\"https:\/\/www.worldofart.org\/arhiv.worldofart.org\/aktualno\/sedemnajsto-leto-2018-2020\/prvi-letnik#modul_1\"><strong>MODUL 1: ZGODOVINA RAZSTAVLJANJA IN KURATORSKIH PRAKS<\/strong><\/a><\/p>\n<p><span style=\"font-weight: 400;\">Modul bo ponudil zgodovinski pregled praks razstavljanja moderne in sodobne umetnosti. Predstavili bomo klju\u010dne to\u010dke in mehanizme, ki so skozi zgodovino oblikovali fenomene razstavljana, razstavi\u0161\u010d, umetnostnih institucij in vlogo kuratorja\/kuratorke.<\/span><\/p>\n<p><em>Modul izvajata Asta Vre\u010dko in Miha Kelemina.<\/em><\/p>\n<p>______<\/p>\n<p><a href=\"https:\/\/www.worldofart.org\/arhiv.worldofart.org\/aktualno\/sedemnajsto-leto-2018-2020\/prvi-letnik#modul_2\"><strong>MODUL 2: UMETNOSTNI SISTEMI IN KULTURNA POLITIKA<\/strong><\/a><\/p>\n<p><span style=\"font-weight: 400;\">Predavatelj in predavateljici bodo predstavili kulturno politiko v Sloveniji, o\u010drtali osnovne podobnosti in razlike med delovanjem sistema sodobne umetnosti v Sloveniji in v mednarodnem prostoru ter razmi\u0161ljali o mo\u017enih oblikah (re)organizacije. Razstavi\u0161\u010da sodobne umetnosti, katerih programske smernice bomo analizirali, bomo obiskali v sklopu modula <em>Kuratorsko mapiranje<\/em>.<\/span><\/p>\n<p><em>Modul izvajajo Tja\u0161a Pureber, Tev\u017e Logar in Sa\u0161a Nabergoj.<\/em><\/p>\n<p>______<\/p>\n<p><a href=\"https:\/\/www.worldofart.org\/arhiv.worldofart.org\/aktualno\/sedemnajsto-leto-2018-2020\/prvi-letnik#modul_3\"><strong>MODUL 3: FINANCIRANJE RAZSTAV IN PROJEKTOV SODOBNE UMETNOSTI<\/strong><\/a><\/p>\n<p>V modulu, sestavljenem iz predavanj in prakti\u010dnih delavnic, se bodo udele\u017eenci in udele\u017eenke seznanili s finan\u010dnimi mehanizmi podpor za delovanje v kulturi in umetnosti na lokalnem, nacionalnem in mednarodnem nivoju. Spoznali bodo tudi, katere institucije nudijo servisno podporo pri pridobivanju finan\u010dnih sredstev za kulturne projekte. Predavatelja z dolgoletnimi izku\u0161njami na podro\u010dju financiranja kulture bosta predstavila osnovne gabarite, kako najti in se znajti med razli\u010dnimi razpisi ter pripraviti uspe\u0161no prijavo.<\/p>\n<p><em>Modul izvajata Du\u0161an Dov\u010d in Ines Ke\u017eman, Zavod Motovila.<br \/>\n<\/em><\/p>\n<p>______<\/p>\n<p><a href=\"https:\/\/www.worldofart.org\/arhiv.worldofart.org\/aktualno\/sedemnajsto-leto-2018-2020\/prvi-letnik#modul_4\"><strong>MODUL 4: PISANJE O SODOBNI UMETNOSTI<\/strong><\/a><\/p>\n<p>Ve\u0161\u010dine pisanja, analiziranja in vrednotenja umetnosti so klju\u010dne tako za produkcijo sodobne umetnosti kot za njeno refleksijo. V sklopu modula se bodo udele\u017eenci in udele\u017eenke po ogledu razstav sodobne umetnosti na dveh seminarjih lotili pisanja kritik obiskanih razstav in analize posameznih umetni\u0161kih del. Seminarja bosta pospremljena s predavanjem o umetnostnih \u017eanrih in dvema prakti\u010dno usmerjenima delavnicama, kjer bomo pogledali, kako zasnovati razli\u010dne vrste besedil ter kateri normativnimi priro\u010dniki, korpusi in orodja so nam lahko ob tem v pomo\u010d.<\/p>\n<p><em>Modul izvajajo Urban \u0160rimpf, Lenart J. Ku\u010di\u0107, Lara Plav\u010dak, Barbara Bor\u010di\u0107, Miha Kelemina in Asta Vre\u010dko.<\/em><\/p>\n<p>______<\/p>\n<p><a href=\"https:\/\/www.worldofart.org\/arhiv.worldofart.org\/aktualno\/sedemnajsto-leto-2018-2020\/prvi-letnik#modul_5\"><strong>MODUL 5: TEORIJA IN FILOZOFIJA SODOBNE UMETNOSTI<\/strong><\/a><\/p>\n<p>V sklopu dveh bralnih seminarjev, predavanj in diskusij se bomo seznanili s pomembnimi filozofskimi in teoretskimi koncepti minulega stoletja. Vzpostaviti bomo posku\u0161ali povezave med razli\u010dnimi teoretskimi pristopi, ki bodo udele\u017eenkam in udele\u017eencem \u0161ole pomagali pri razmi\u0161ljanju o sodobni umetnosti.<\/p>\n<p><em>Modul izvajajo Gregor Moder, Jasna Jernej\u0161ek in kolektiv \u0160UM.<\/em><\/p>\n<p>______<\/p>\n<p><a href=\"https:\/\/www.worldofart.org\/arhiv.worldofart.org\/aktualno\/sedemnajsto-leto-2018-2020\/prvi-letnik#modul_6\"><strong>MODUL 6: KURATORSKO MAPIRANJE<\/strong><\/a><\/p>\n<p>Na obiskih umetnostnih razstav v Ljubljani, po Sloveniji in na ekskurzijah v bli\u017enja mednarodna sredi\u0161\u010da bodo udele\u017eenci in udele\u017eenke \u0161ole spoznali delovanje razli\u010dnih javnih zavodov, neodvisnih umetnostnih institucij ter posameznikov in posameznic. Oglede bodo dopolnjevale moderirane diskusije in pogovori s kuratorkami, kuratorji ter drugimi kulturnimi delavci in delavkami.<\/p>\n<p><em>Modul izvajajo Vladimir Vidmar, Jasna Jernej\u0161ek, strokovni sodelavci\/-ke razstavi\u0161\u010d sodobne umetnosti.<\/em><\/p>\n<p>______<\/p>\n<p><a href=\"https:\/\/www.worldofart.org\/arhiv.worldofart.org\/aktualno\/sedemnajsto-leto-2018-2020\/prvi-letnik#modul_7\"><strong>MODUL 7: DELO V PRAKSI<\/strong><\/a><\/p>\n<p>Delu v praksi je posve\u010den predvsem drugi letnik \u0161ole, ki je osredinjen okrog priprave in izvedbe kon\u010dne razstave. Udele\u017eenci in udele\u017eenke \u0161ole pa bodo imeli \u017ee tekom prvega letnika prilo\u017enost pridobivati prakti\u010dne izku\u0161nje na podro\u010dju snovanja in postavljanja razstave sodobne umetnosti. Prakti\u010dni vpogled v kuratorsko delo bodo pridobili tudi v okviru sre\u010danj <em>Kuratorska raziskava<\/em>, kjer bodo pripravili svoj virtualni razstavni projekt. S podobnim projektom, virtualno razstavo, ki jo udele\u017eenci in udele\u017eenke pripravijo \u010dez poletje, se zaklju\u010di prvi letnik \u0161ole.<\/p>\n<p><em>Modul izvajajo Vladimir Vidmar, sodelavci SCCA-Ljubljana, strokovni sodelavci\/-ke razstavi\u0161\u010d sodobne umetnosti.<\/em><\/p>\n<hr \/>\n<hr \/>\n<p><a name=\"drugi\"><\/a><\/p>\n<h4>PROGRAM DRUGEGA LETNIKA, 2019\/2020<\/h4>\n<p>______<\/p>\n<p><a href=\"https:\/\/www.worldofart.org\/arhiv.worldofart.org\/aktualno\/sedemnajsto-leto-2018-2020\/drugi-letnik#modul_1\"><strong>MODUL 1: RAZSTAVA<\/strong><\/a><\/p>\n<p>Udele\u017eenci in udele\u017eenke bodo pod mentorskim vodstvom kuratorke Alenke Gregori\u010d in umetnika Mirana Moharja zasnovali in izvedli svojo kon\u010dno razstavo v Galeriji \u0160KUC. Razstava bo kon\u010dni rezultat in obenem sklep dvoletnega izobra\u017eevanja v \u0161oli Svet umetnosti.<\/p>\n<p><em>Modul izvajata Alenka Gregori\u010d in Miran Mohar.<\/em><br \/>\n______<\/p>\n<p><a href=\"https:\/\/www.worldofart.org\/arhiv.worldofart.org\/aktualno\/sedemnajsto-leto-2018-2020\/drugi-letnik#modul_2\"><strong>MODUL 2: MENED\u017dMENT IN PRODUKCIJA RAZSTAVE<\/strong><\/a><\/p>\n<p>V modulu se bomo preko predavanj in prakti\u010dnih delavnic spoznali z osnovami kulturnega mened\u017ementa in delom producenta\/-ke v sodobni umetnosti. Udele\u017eenci in udele\u017eenke bodo pridobili osnovna znanja, informacije in ve\u0161\u010dine upravljanja s sponzorskimi sredstvi ter se nau\u010dili uspe\u0161nega komuniciranja z javnostmi.<\/p>\n<p><em>Modul izvajajo Ur\u0161ka Comino, Yasmin Martin Vodopivec, Du\u0161an Dov\u010d in Polona Lov\u0161in.<\/em><br \/>\n______<\/p>\n<p><a href=\"https:\/\/www.worldofart.org\/arhiv.worldofart.org\/aktualno\/sedemnajsto-leto-2018-2020\/drugi-letnik#modul_3\"><strong>MODUL 3: OBLIKOVANJE IN TEHNI\u010cNA PODPORA RAZSTAVE<\/strong><\/a><\/p>\n<p>Modul bo posve\u010den tehni\u010dnim in oblikovnim vidikom snovanja razstave od njene preliminarne, pripravljalne faze pa vse do operativne faze in postavljanja umetni\u0161kih del v prostor. Izdelali bomo tehni\u010dni na\u010drt in se seznanili z mutimedijo ter zadregami neinteraktivne multimedijske tehnologije kot komunikacijskega orodja na umetnostni razstavi. Posebno pozornost bomo namenili oblikovanju razstave in inovativnim in prakti\u010dnim metodologijam re\u0161evanja izzivov, ki jih predstavlja medij razstave.<\/p>\n<p><em>Modul izvajajo Luka Hribar, Miha Kelemina in Vesna Bukovec.<\/em><br \/>\n______<\/p>\n<p><a href=\"https:\/\/www.worldofart.org\/arhiv.worldofart.org\/aktualno\/sedemnajsto-leto-2018-2020\/drugi-letnik#modul_4\"><strong>MODUL 4: PRIPRAVA RAZSTAVE IN PODPORNIH VSEBIN<\/strong><\/a><\/p>\n<p>Dogajanje na razstavi se ne kon\u010da z odprtjem, ampak njeno vsebino dopolnjujejo, osmislijo in interpretirajo razli\u010dni spremljevalni dogodki, namenjeni razli\u010dnim ciljnim ob\u010dinstvom, nemalokrat razstavo pospremi tudi spremna publikacija in\/ali spletna stran.<\/p>\n<p><em>Modul izvajajo Ur\u0161ka Jurman, Lenart J. Ku\u010di\u0107 <i>in Adela \u017deleznik<\/i>.<\/em><br \/>\n______<\/p>\n<p><a href=\"https:\/\/www.worldofart.org\/arhiv.worldofart.org\/aktualno\/sedemnajsto-leto-2018-2020\/drugi-letnik#modul_5\"><strong>MODUL 5: KURATORSKO MAPIRANJE<\/strong><\/a><\/p>\n<p>Na obiskih umetnostnih razstav v Ljubljani, po Sloveniji in na ekskurzijah v bli\u017enja mednarodna sredi\u0161\u010da bodo udele\u017eenci in udele\u017eenke \u0161ole spoznali delovanje razli\u010dnih javnih zavodov, neodvisnih umetnostnih institucij ter posameznikov in posameznic. Oglede bodo dopolnjevale moderirane diskusije in pogovori s kuratorkami, kuratorji ter drugimi kulturnimi delavci in delavkami.<\/p>\n<p><em>Modul izvajajo Jana Ferjan, Teja Merhar, Lara Plav\u010dak, Asta Vre\u010dko in strokovni sodelavci\/-ke razstavi\u0161\u010d sodobne umetnosti.<\/em><\/p>\n","protected":false},"excerpt":{"rendered":"<p>\u00a0 PROGRAM PRVEGA LETNIKA 2018\/2019 ______ MODUL 1: ZGODOVINA RAZSTAVLJANJA IN KURATORSKIH PRAKS Modul bo ponudil zgodovinski pregled praks razstavljanja moderne in sodobne umetnosti. Predstavili bomo klju\u010dne to\u010dke in mehanizme, ki so skozi zgodovino oblikovali fenomene razstavljana, razstavi\u0161\u010d, umetnostnih institucij in vlogo kuratorja\/kuratorke. Modul izvajata Asta Vre\u010dko in Miha Kelemina. ______ MODUL 2: UMETNOSTNI SISTEMI [&hellip;]<\/p>\n","protected":false},"author":1,"featured_media":0,"parent":0,"menu_order":0,"comment_status":"closed","ping_status":"closed","template":"","meta":{"footnotes":""},"categories":[],"tags":[],"_links":{"self":[{"href":"https:\/\/www.worldofart.org\/arhiv.worldofart.org\/aktualno\/wp-json\/wp\/v2\/pages\/13480"}],"collection":[{"href":"https:\/\/www.worldofart.org\/arhiv.worldofart.org\/aktualno\/wp-json\/wp\/v2\/pages"}],"about":[{"href":"https:\/\/www.worldofart.org\/arhiv.worldofart.org\/aktualno\/wp-json\/wp\/v2\/types\/page"}],"author":[{"embeddable":true,"href":"https:\/\/www.worldofart.org\/arhiv.worldofart.org\/aktualno\/wp-json\/wp\/v2\/users\/1"}],"replies":[{"embeddable":true,"href":"https:\/\/www.worldofart.org\/arhiv.worldofart.org\/aktualno\/wp-json\/wp\/v2\/comments?post=13480"}],"version-history":[{"count":36,"href":"https:\/\/www.worldofart.org\/arhiv.worldofart.org\/aktualno\/wp-json\/wp\/v2\/pages\/13480\/revisions"}],"predecessor-version":[{"id":14748,"href":"https:\/\/www.worldofart.org\/arhiv.worldofart.org\/aktualno\/wp-json\/wp\/v2\/pages\/13480\/revisions\/14748"}],"wp:attachment":[{"href":"https:\/\/www.worldofart.org\/arhiv.worldofart.org\/aktualno\/wp-json\/wp\/v2\/media?parent=13480"}],"wp:term":[{"taxonomy":"category","embeddable":true,"href":"https:\/\/www.worldofart.org\/arhiv.worldofart.org\/aktualno\/wp-json\/wp\/v2\/categories?post=13480"},{"taxonomy":"post_tag","embeddable":true,"href":"https:\/\/www.worldofart.org\/arhiv.worldofart.org\/aktualno\/wp-json\/wp\/v2\/tags?post=13480"}],"curies":[{"name":"wp","href":"https:\/\/api.w.org\/{rel}","templated":true}]}}