{"id":135,"date":"2008-01-14T12:57:59","date_gmt":"2008-01-14T10:57:59","guid":{"rendered":"http:\/\/www.worldofart.org\/aktualno\/laboratorij\/program-200708\/"},"modified":"2018-07-11T21:28:12","modified_gmt":"2018-07-11T19:28:12","slug":"program-200708","status":"publish","type":"page","link":"https:\/\/www.worldofart.org\/arhiv.worldofart.org\/aktualno\/enajsti-letnik-200708\/laboratorij-200708\/program-200708","title":{"rendered":"Program 2007\/08"},"content":{"rendered":"<p class=\"leto\"><strong>2007<\/strong><\/p>\n<table width=\"100%\" border=\"0\" cellspacing=\"0\" cellpadding=\"0\">\n<tr>\n<td class=\"mesec\" width=\"20%\" valign=\"top\">november<\/td>\n<td class=\"tdprogramsredina\" width=\"20%\" valign=\"top\">\u010detrtek<br \/>\n    28. 11. 2007<\/td>\n<td class=\"tdprogram\" width=\"60%\" valign=\"top\"><strong>Prvo sre\u010danje udele\u017eencev Laboratorija<\/strong><\/td>\n<\/tr>\n<tr>\n<td class=\"mesec\" valign=\"top\">december<\/td>\n<td class=\"tdprogramsredina\" valign=\"top\">sreda<br \/>\n    19. 12. 2007<\/td>\n<td class=\"tdprogram\" valign=\"top\"><a href=\"https:\/\/www.worldofart.org\/arhiv.worldofart.org\/aktualno\/archives\/136\"><strong>Drugo sre\u010danje udele\u017eencev Laboratorija<\/strong><\/a><\/td>\n<\/tr>\n<\/table>\n<p class=\"leto\"><strong>2008<\/strong><\/p>\n<table width=\"100%\" border=\"0\" cellspacing=\"0\" cellpadding=\"0\">\n<tr>\n<td class=\"mesec\" width=\"20%\" rowspan=\"2\" valign=\"top\">januar<\/td>\n<td class=\"tdprogramsredina\" width=\"20%\" valign=\"top\">\u010detrtek<br \/>\n      10. 1. 2008<\/td>\n<td class=\"tdprogram\" width=\"60%\" valign=\"top\"><a href=\"https:\/\/www.worldofart.org\/arhiv.worldofart.org\/aktualno\/archives\/145\"><strong>Tretje sre\u010danje udele\u017eencev Laboratorija<\/strong><\/a><\/td>\n<\/tr>\n<tr>\n<td class=\"tdprogramsredina\" width=\"20%\" valign=\"top\">torek<br \/>\n        19. 1. 2008<\/td>\n<td class=\"tdprogram\" width=\"60%\" valign=\"top\"><a href=\"https:\/\/www.worldofart.org\/arhiv.worldofart.org\/aktualno\/archives\/150\"><strong>\u010cetrto sre\u010danje udele\u017eencev Laboratorija<\/strong><\/a><\/td>\n<\/tr>\n<tr>\n<td class=\"mesec\" width=\"20%\" valign=\"top\">februar<\/td>\n<td class=\"tdprogramsredina\" width=\"20%\" valign=\"top\">ponedeljek in torek<br \/>\n      11. &#8211; 12. 2. 2008\n       <\/td>\n<td class=\"tdprogram\" width=\"60%\" valign=\"top\"><strong><a href=\"https:\/\/www.worldofart.org\/arhiv.worldofart.org\/aktualno\/archives\/151\">Peto sre\u010danje udele\u017eencev Laboratorija<\/a><\/strong><\/td>\n<\/tr>\n<tr>\n<td class=\"mesec\" width=\"20%\" valign=\"top\">marec<\/td>\n<td class=\"tdprogramsredina\" width=\"20%\" valign=\"top\">sreda<br \/>\n        5. 3. 2008\n         <\/td>\n<td class=\"tdprogram\" width=\"60%\" valign=\"top\"><strong><a href=\"https:\/\/www.worldofart.org\/arhiv.worldofart.org\/aktualno\/archives\/152\">\u0160esto sre\u010danje udele\u017eencev Laboratorija<\/a><\/strong><\/td>\n<\/tr>\n<tr>\n<td class=\"mesec\" width=\"20%\" rowspan=\"2\" valign=\"top\">april<\/td>\n<td class=\"tdprogramsredina\" width=\"20%\" valign=\"top\">petek<br \/>\n        4. 4. 2008\n         <\/td>\n<td class=\"tdprogram\" width=\"60%\" valign=\"top\"><strong><a href=\"https:\/\/www.worldofart.org\/arhiv.worldofart.org\/aktualno\/archives\/171\">Sedmo sre\u010danje udele\u017eencev Laboratorija<\/a><\/strong><\/td>\n<\/tr>\n<tr>\n<td class=\"tdprogramsredina\" width=\"20%\" valign=\"top\">torek<br \/>\n        22. 4. 2008<\/td>\n<td class=\"tdprogram\" width=\"60%\" valign=\"top\"><strong><a href=\"https:\/\/www.worldofart.org\/arhiv.worldofart.org\/aktualno\/archives\/172\">Osmo sre\u010danje udele\u017eencev Laboratorija<\/a><\/strong><\/td>\n<\/tr>\n<tr>\n<td class=\"mesec\" width=\"20%\" rowspan=\"2\" valign=\"top\">maj<\/td>\n<td class=\"tdprogramsredina\" width=\"20%\" valign=\"top\">petek &#8211; nedelja<br \/>\n        9. 5. 2008 &#8211; 11. 5. 2008\n         <\/td>\n<td class=\"tdprogram\" width=\"60%\" valign=\"top\"><strong><a href=\"https:\/\/www.worldofart.org\/arhiv.worldofart.org\/aktualno\/archives\/166\">Delovni vikend v Labinu<\/a><\/strong><\/td>\n<\/tr>\n<tr>\n<td class=\"tdprogramsredina\" width=\"20%\" valign=\"top\">sreda<br \/>\n        21. 5. 2008<\/td>\n<td class=\"tdprogram\" width=\"60%\" valign=\"top\"><strong><a href=\"https:\/\/www.worldofart.org\/arhiv.worldofart.org\/aktualno\/archives\/168\">Prvo sre\u010danje z gostujo\u010dim umetnikom<\/a><\/strong><\/td>\n<\/tr>\n<tr>\n<td class=\"mesec\" width=\"20%\" rowspan=\"2\" valign=\"top\">junij<\/td>\n<td class=\"tdprogramsredina\" width=\"20%\" valign=\"top\">torek<br \/>\n      17. 6. 2008\n       <\/td>\n<td class=\"tdprogram\" width=\"60%\" valign=\"top\"><strong><a href=\"https:\/\/www.worldofart.org\/arhiv.worldofart.org\/aktualno\/archives\/174\">Predstavitev gostujo\u010dega umetnika (Mircea Nicolae) zaklju\u010dnega projekta Destinacija: Metelkova<\/a><\/strong><\/td>\n<\/tr>\n<tr>\n<td class=\"tdprogramsredina\" width=\"20%\" valign=\"top\">petek<br \/>\n        27. 6. 2008<\/td>\n<td class=\"tdprogram\" width=\"60%\" valign=\"top\"><strong><a href=\"https:\/\/www.worldofart.org\/arhiv.worldofart.org\/aktualno\/archives\/176\">Razstava gostujo\u010dega romunskega umetnika Mircea Nicolaeja GOOGLE TOURIST<\/a><\/strong><\/td>\n<\/tr>\n<tr>\n<td class=\"mesec\" width=\"20%\" valign=\"top\">avgust<\/td>\n<td class=\"tdprogramsredina\" width=\"20%\" valign=\"top\">petek &#8211; nedelja<br \/>\n      28. &#8211; 31. 8. 2008\n       <\/td>\n<td class=\"tdprogram\" width=\"60%\" valign=\"top\"><strong><a href=\"https:\/\/www.worldofart.org\/arhiv.worldofart.org\/aktualno\/archives\/193\">Delavnica iz pisanja v Pore\u010du<\/a><\/strong><\/td>\n<\/tr>\n<\/table>\n","protected":false},"excerpt":{"rendered":"<p>2007 november \u010detrtek 28. 11. 2007 Prvo sre\u010danje udele\u017eencev Laboratorija december sreda 19. 12. 2007 Drugo sre\u010danje udele\u017eencev Laboratorija 2008 januar \u010detrtek 10. 1. 2008 Tretje sre\u010danje udele\u017eencev Laboratorija torek 19. 1. 2008 \u010cetrto sre\u010danje udele\u017eencev Laboratorija februar ponedeljek in torek 11. &#8211; 12. 2. 2008 Peto sre\u010danje udele\u017eencev Laboratorija marec sreda 5. 3. 2008 [&hellip;]<\/p>\n","protected":false},"author":1,"featured_media":0,"parent":181,"menu_order":0,"comment_status":"closed","ping_status":"closed","template":"","meta":{"footnotes":""},"categories":[],"tags":[],"_links":{"self":[{"href":"https:\/\/www.worldofart.org\/arhiv.worldofart.org\/aktualno\/wp-json\/wp\/v2\/pages\/135"}],"collection":[{"href":"https:\/\/www.worldofart.org\/arhiv.worldofart.org\/aktualno\/wp-json\/wp\/v2\/pages"}],"about":[{"href":"https:\/\/www.worldofart.org\/arhiv.worldofart.org\/aktualno\/wp-json\/wp\/v2\/types\/page"}],"author":[{"embeddable":true,"href":"https:\/\/www.worldofart.org\/arhiv.worldofart.org\/aktualno\/wp-json\/wp\/v2\/users\/1"}],"replies":[{"embeddable":true,"href":"https:\/\/www.worldofart.org\/arhiv.worldofart.org\/aktualno\/wp-json\/wp\/v2\/comments?post=135"}],"version-history":[{"count":1,"href":"https:\/\/www.worldofart.org\/arhiv.worldofart.org\/aktualno\/wp-json\/wp\/v2\/pages\/135\/revisions"}],"predecessor-version":[{"id":9447,"href":"https:\/\/www.worldofart.org\/arhiv.worldofart.org\/aktualno\/wp-json\/wp\/v2\/pages\/135\/revisions\/9447"}],"up":[{"embeddable":true,"href":"https:\/\/www.worldofart.org\/arhiv.worldofart.org\/aktualno\/wp-json\/wp\/v2\/pages\/181"}],"wp:attachment":[{"href":"https:\/\/www.worldofart.org\/arhiv.worldofart.org\/aktualno\/wp-json\/wp\/v2\/media?parent=135"}],"wp:term":[{"taxonomy":"category","embeddable":true,"href":"https:\/\/www.worldofart.org\/arhiv.worldofart.org\/aktualno\/wp-json\/wp\/v2\/categories?post=135"},{"taxonomy":"post_tag","embeddable":true,"href":"https:\/\/www.worldofart.org\/arhiv.worldofart.org\/aktualno\/wp-json\/wp\/v2\/tags?post=135"}],"curies":[{"name":"wp","href":"https:\/\/api.w.org\/{rel}","templated":true}]}}