{"id":137,"date":"2008-01-17T13:26:04","date_gmt":"2008-01-17T11:26:04","guid":{"rendered":"http:\/\/www.worldofart.org\/aktualno\/leto_2006-07\/teksti-udelezencev-200607\/"},"modified":"2018-07-11T21:28:29","modified_gmt":"2018-07-11T19:28:29","slug":"teksti-udelezencev-200607","status":"publish","type":"page","link":"https:\/\/www.worldofart.org\/arhiv.worldofart.org\/aktualno\/leto_2006-07\/teksti-udelezencev-200607","title":{"rendered":"Teksti udele\u017eencev 2006\/07"},"content":{"rendered":"<p>Kuratorski teksti udele\u017eencev Laboratorija 2006\/07 o svojem izboru za razstavo <em>LabSUs, osebno\/osobno<\/em>:<\/p>\n<ul>\n<li><a href=\"https:\/\/www.worldofart.org\/arhiv.worldofart.org\/aktualno\/leto_2006-07\/teksti-udelezencev-200607\/splosni-tekst-o-razstavi-petra-kaps\/\">Splo\u0161ni tekst o razstavi, Petra Kap\u0161<\/a> (<a href=\"https:\/\/www.worldofart.org\/arhiv.worldofart.org\/aktualno\/leto_2006-07\/teksti-udelezencev-200607\/splosni-tekst-o-razstavi-petra-kaps\/petra-kaps-splosno\/\">hrvatski<\/a>)<\/li>\n<li><a href=\"https:\/\/www.worldofart.org\/arhiv.worldofart.org\/aktualno\/leto_2006-07\/teksti-udelezencev-200607\/utemeljitev-ivana-bago\/\">Utemeljitev, Ivana Bago<\/a><\/li>\n<li><a href=\"https:\/\/www.worldofart.org\/arhiv.worldofart.org\/aktualno\/leto_2006-07\/teksti-udelezencev-200607\/utemeljitev-petja-grafenauer-krnc\/\">Utemeljitev, Petja Grafenauer Krnc<\/a> (<a href=\"https:\/\/www.worldofart.org\/arhiv.worldofart.org\/aktualno\/leto_2006-07\/teksti-udelezencev-200607\/petra-grafenauer-krnc-hr\/\">hrvatski<\/a>)<\/li>\n<li><a href=\"https:\/\/www.worldofart.org\/arhiv.worldofart.org\/aktualno\/leto_2006-07\/teksti-udelezencev-200607\/utemeljitev-petra-kaps\/\">Utemeljitev, Petra Kap\u0161<\/a><\/li>\n<li><a href=\"https:\/\/www.worldofart.org\/arhiv.worldofart.org\/aktualno\/leto_2006-07\/teksti-udelezencev-200607\/o-kuratorjevi-gesti\/\">Utemeljitev, Vasja Nagy<\/a> (<a href=\"https:\/\/www.worldofart.org\/arhiv.worldofart.org\/aktualno\/leto_2006-07\/teksti-udelezencev-200607\/vasja-nagy\/\">hrvatski<\/a>)<\/li>\n<li><a href=\"https:\/\/www.worldofart.org\/arhiv.worldofart.org\/aktualno\/leto_2006-07\/teksti-udelezencev-200607\/umetnik-je-turist-potnik-transformer\/\">Utemeljitev, Mojca Puncer<\/a> (<a href=\"https:\/\/www.worldofart.org\/arhiv.worldofart.org\/aktualno\/leto_2006-07\/teksti-udelezencev-200607\/mojca-puncer-hr\/\">hrvatski<\/a>)<\/li>\n<li><a href=\"https:\/\/www.worldofart.org\/arhiv.worldofart.org\/aktualno\/leto_2006-07\/teksti-udelezencev-200607\/utemeljitev-jaka-zeleznikar\/\">Utemeljitev, Jaka \u017deleznikar<\/a> (<a href=\"https:\/\/www.worldofart.org\/arhiv.worldofart.org\/aktualno\/leto_2006-07\/teksti-udelezencev-200607\/jaka-zeleznikar-hr\/\">hrvatski<\/a>)<\/li\n\n<\/ul>\n","protected":false},"excerpt":{"rendered":"<p>Kuratorski teksti udele\u017eencev Laboratorija 2006\/07 o svojem izboru za razstavo LabSUs, osebno\/osobno: Splo\u0161ni tekst o razstavi, Petra Kap\u0161 (hrvatski) Utemeljitev, Ivana Bago Utemeljitev, Petja Grafenauer Krnc (hrvatski) Utemeljitev, Petra Kap\u0161 Utemeljitev, Vasja Nagy (hrvatski) Utemeljitev, Mojca Puncer (hrvatski) Utemeljitev, Jaka \u017deleznikar (hrvatski)<\/p>\n","protected":false},"author":1,"featured_media":0,"parent":21,"menu_order":0,"comment_status":"closed","ping_status":"closed","template":"","meta":{"footnotes":""},"categories":[],"tags":[],"_links":{"self":[{"href":"https:\/\/www.worldofart.org\/arhiv.worldofart.org\/aktualno\/wp-json\/wp\/v2\/pages\/137"}],"collection":[{"href":"https:\/\/www.worldofart.org\/arhiv.worldofart.org\/aktualno\/wp-json\/wp\/v2\/pages"}],"about":[{"href":"https:\/\/www.worldofart.org\/arhiv.worldofart.org\/aktualno\/wp-json\/wp\/v2\/types\/page"}],"author":[{"embeddable":true,"href":"https:\/\/www.worldofart.org\/arhiv.worldofart.org\/aktualno\/wp-json\/wp\/v2\/users\/1"}],"replies":[{"embeddable":true,"href":"https:\/\/www.worldofart.org\/arhiv.worldofart.org\/aktualno\/wp-json\/wp\/v2\/comments?post=137"}],"version-history":[{"count":1,"href":"https:\/\/www.worldofart.org\/arhiv.worldofart.org\/aktualno\/wp-json\/wp\/v2\/pages\/137\/revisions"}],"predecessor-version":[{"id":9477,"href":"https:\/\/www.worldofart.org\/arhiv.worldofart.org\/aktualno\/wp-json\/wp\/v2\/pages\/137\/revisions\/9477"}],"up":[{"embeddable":true,"href":"https:\/\/www.worldofart.org\/arhiv.worldofart.org\/aktualno\/wp-json\/wp\/v2\/pages\/21"}],"wp:attachment":[{"href":"https:\/\/www.worldofart.org\/arhiv.worldofart.org\/aktualno\/wp-json\/wp\/v2\/media?parent=137"}],"wp:term":[{"taxonomy":"category","embeddable":true,"href":"https:\/\/www.worldofart.org\/arhiv.worldofart.org\/aktualno\/wp-json\/wp\/v2\/categories?post=137"},{"taxonomy":"post_tag","embeddable":true,"href":"https:\/\/www.worldofart.org\/arhiv.worldofart.org\/aktualno\/wp-json\/wp\/v2\/tags?post=137"}],"curies":[{"name":"wp","href":"https:\/\/api.w.org\/{rel}","templated":true}]}}