{"id":13726,"date":"2018-10-04T10:15:04","date_gmt":"2018-10-04T08:15:04","guid":{"rendered":"http:\/\/www.worldofart.org\/aktualno\/?page_id=13726"},"modified":"2018-10-04T10:17:24","modified_gmt":"2018-10-04T08:17:24","slug":"podpora","status":"publish","type":"page","link":"https:\/\/www.worldofart.org\/arhiv.worldofart.org\/aktualno\/sestnajsto-leto-2017-2018\/podpora","title":{"rendered":"Podpora 2017\/2018"},"content":{"rendered":"<p>Svet umetnosti, \u0161ola za kustose in kritike sodobne umetnosti<br \/>\nLeto 16, 2017\/18<\/p>\n<p>Celoten program \u0161ole Svet umetnosti podpira <a href=\"https:\/\/www.ljubljana.si\/sl\/mestna-obcina\/mestna-uprava\/oddelki\/oddelek-za-kulturo\/\" target=\"_blank\" rel=\"noopener\">Mestna ob\u010dina Ljubljana, Oddelek za kulturo<\/a>.<br \/>\n<a href=\"https:\/\/www.ljubljana.si\/sl\/mestna-obcina\/mestna-uprava\/oddelki\/oddelek-za-kulturo\/\" target=\"_blank\" rel=\"noopener\"><img loading=\"lazy\" decoding=\"async\" class=\" wp-image-12506 alignnone\" src=\"https:\/\/www.worldofart.org\/arhiv.worldofart.org\/aktualno\/wp-content\/uploads\/2018\/03\/grb-730x377.gif\" alt=\"\" width=\"178\" height=\"92\" srcset=\"https:\/\/www.worldofart.org\/arhiv.worldofart.org\/aktualno\/wp-content\/uploads\/2018\/03\/grb-730x377.gif 730w, https:\/\/www.worldofart.org\/arhiv.worldofart.org\/aktualno\/wp-content\/uploads\/2018\/03\/grb-338x175.gif 338w, https:\/\/www.worldofart.org\/arhiv.worldofart.org\/aktualno\/wp-content\/uploads\/2018\/03\/grb-768x397.gif 768w\" sizes=\"(max-width: 178px) 100vw, 178px\" \/><\/a><\/p>\n<hr \/>\n<p>\u0160olo in kon\u010dno razstavo 16. leta Sveta umetnosti podpira podjetje <a href=\"http:\/\/www.riko.si\/si\/\" target=\"_blank\" rel=\"noopener\">Riko, d. o. o.<\/a><\/p>\n<p><a href=\"http:\/\/www.riko.si\/si\/\" target=\"_blank\" rel=\"noopener\"><img loading=\"lazy\" decoding=\"async\" class=\"wp-image-12235 alignnone\" src=\"https:\/\/www.worldofart.org\/arhiv.worldofart.org\/aktualno\/wp-content\/uploads\/2010\/02\/RIKOslogan-730x324.png\" alt=\"\" width=\"167\" height=\"74\" srcset=\"https:\/\/www.worldofart.org\/arhiv.worldofart.org\/aktualno\/wp-content\/uploads\/2010\/02\/RIKOslogan-730x324.png 730w, https:\/\/www.worldofart.org\/arhiv.worldofart.org\/aktualno\/wp-content\/uploads\/2010\/02\/RIKOslogan-338x150.png 338w, https:\/\/www.worldofart.org\/arhiv.worldofart.org\/aktualno\/wp-content\/uploads\/2010\/02\/RIKOslogan-768x341.png 768w, https:\/\/www.worldofart.org\/arhiv.worldofart.org\/aktualno\/wp-content\/uploads\/2010\/02\/RIKOslogan.png 1181w\" sizes=\"(max-width: 167px) 100vw, 167px\" \/><\/a><\/p>\n<hr \/>\n<p>Kon\u010dno razstavo 16. leta Sveta umetnosti podpira <a href=\"http:\/\/www.mk.gov.si\/\" target=\"_blank\" rel=\"noopener\">Ministrstvo za kulturo Republike Slovenije<\/a>.<\/p>\n<p><a href=\"http:\/\/www.mk.gov.si\/\" target=\"_blank\" rel=\"noopener\"><img loading=\"lazy\" decoding=\"async\" class=\"alignnone wp-image-8089\" title=\"Ministrstvo za kulturo\" src=\"https:\/\/www.worldofart.org\/arhiv.worldofart.org\/aktualno\/wp-content\/uploads\/2010\/02\/Ministrstvo-za-kulturo.jpg\" alt=\"\" width=\"233\" height=\"64\" \/><\/a><\/p>\n<hr \/>\n<p>Sponzorji kon\u010dne razstave 16. leta Sveta umetnosti: <a href=\"https:\/\/www.zav-sava.si\/\" target=\"_blank\" rel=\"noopener\">Zavarovalnica Sava, d. d.<\/a>, <a href=\"http:\/\/www.newmoment.si\/\" target=\"_blank\" rel=\"noopener\">New Moment d. o. o.<\/a> in <a href=\"https:\/\/www.elektro-ljubljana.si\/\" target=\"_blank\" rel=\"noopener\">Elektro Ljubljana d. d.<\/a>.<\/p>\n<p><a href=\"http:\/\/www.newmoment.si\/\" target=\"_blank\" rel=\"noopener\"><img loading=\"lazy\" decoding=\"async\" class=\"wp-image-12503 alignnone\" src=\"https:\/\/www.worldofart.org\/arhiv.worldofart.org\/aktualno\/wp-content\/uploads\/2018\/03\/NMYR_LOGO-BASIC-730x148.jpg\" alt=\"\" width=\"207\" height=\"42\" srcset=\"https:\/\/www.worldofart.org\/arhiv.worldofart.org\/aktualno\/wp-content\/uploads\/2018\/03\/NMYR_LOGO-BASIC-730x148.jpg 730w, https:\/\/www.worldofart.org\/arhiv.worldofart.org\/aktualno\/wp-content\/uploads\/2018\/03\/NMYR_LOGO-BASIC-338x68.jpg 338w, https:\/\/www.worldofart.org\/arhiv.worldofart.org\/aktualno\/wp-content\/uploads\/2018\/03\/NMYR_LOGO-BASIC-768x155.jpg 768w\" sizes=\"(max-width: 207px) 100vw, 207px\" \/><\/a>\u00a0\u00a0 <a href=\"https:\/\/www.elektro-ljubljana.si\/\" target=\"_blank\" rel=\"noopener\"><img loading=\"lazy\" decoding=\"async\" class=\"wp-image-12623 alignnone\" src=\"https:\/\/www.worldofart.org\/arhiv.worldofart.org\/aktualno\/wp-content\/uploads\/2018\/04\/elektro_logo-730x298.jpg\" alt=\"\" width=\"123\" height=\"50\" srcset=\"https:\/\/www.worldofart.org\/arhiv.worldofart.org\/aktualno\/wp-content\/uploads\/2018\/04\/elektro_logo-730x298.jpg 730w, https:\/\/www.worldofart.org\/arhiv.worldofart.org\/aktualno\/wp-content\/uploads\/2018\/04\/elektro_logo-338x138.jpg 338w, https:\/\/www.worldofart.org\/arhiv.worldofart.org\/aktualno\/wp-content\/uploads\/2018\/04\/elektro_logo-768x313.jpg 768w, https:\/\/www.worldofart.org\/arhiv.worldofart.org\/aktualno\/wp-content\/uploads\/2018\/04\/elektro_logo.jpg 1526w\" sizes=\"(max-width: 123px) 100vw, 123px\" \/><\/a> \u00a0 <a href=\"https:\/\/www.zav-sava.si\/\" target=\"_blank\" rel=\"noopener\"><img loading=\"lazy\" decoding=\"async\" class=\"wp-image-12633 alignnone\" src=\"https:\/\/www.worldofart.org\/arhiv.worldofart.org\/aktualno\/wp-content\/uploads\/2018\/04\/Logo-color-Sava-730x268.jpg\" alt=\"\" width=\"123\" height=\"45\" srcset=\"https:\/\/www.worldofart.org\/arhiv.worldofart.org\/aktualno\/wp-content\/uploads\/2018\/04\/Logo-color-Sava-730x268.jpg 730w, https:\/\/www.worldofart.org\/arhiv.worldofart.org\/aktualno\/wp-content\/uploads\/2018\/04\/Logo-color-Sava-338x124.jpg 338w, https:\/\/www.worldofart.org\/arhiv.worldofart.org\/aktualno\/wp-content\/uploads\/2018\/04\/Logo-color-Sava-768x282.jpg 768w, https:\/\/www.worldofart.org\/arhiv.worldofart.org\/aktualno\/wp-content\/uploads\/2018\/04\/Logo-color-Sava.jpg 1082w\" sizes=\"(max-width: 123px) 100vw, 123px\" \/><\/a> <a href=\"https:\/\/www.facebook.com\/panonwine\/\" target=\"_blank\" rel=\"noopener\"><img loading=\"lazy\" decoding=\"async\" class=\"alignnone wp-image-12769\" src=\"https:\/\/www.worldofart.org\/arhiv.worldofart.org\/aktualno\/wp-content\/uploads\/2018\/05\/PANON_logo-730x948.png\" alt=\"\" width=\"46\" height=\"60\" srcset=\"https:\/\/www.worldofart.org\/arhiv.worldofart.org\/aktualno\/wp-content\/uploads\/2018\/05\/PANON_logo-730x948.png 730w, https:\/\/www.worldofart.org\/arhiv.worldofart.org\/aktualno\/wp-content\/uploads\/2018\/05\/PANON_logo-338x439.png 338w, https:\/\/www.worldofart.org\/arhiv.worldofart.org\/aktualno\/wp-content\/uploads\/2018\/05\/PANON_logo-768x998.png 768w, https:\/\/www.worldofart.org\/arhiv.worldofart.org\/aktualno\/wp-content\/uploads\/2018\/05\/PANON_logo.png 1291w\" sizes=\"(max-width: 46px) 100vw, 46px\" \/><\/a><\/p>\n<hr \/>\n<p>Delavnici Andreja Berete je podprla <a href=\"http:\/\/kulturanova.hr\/\" target=\"_blank\" rel=\"noopener noreferrer\">Zaklada Kultura nova<\/a>, mobilnost je podprl <a href=\"http:\/\/www.cimettafund.org\/index\/index\/lang\/en\" target=\"_blank\" rel=\"noopener\">Sklad Roberto Cimetta<\/a>.<\/p>\n<p><a href=\"http:\/\/kulturanova.hr\/\" target=\"_blank\" rel=\"noopener\"><img loading=\"lazy\" decoding=\"async\" class=\"size-full wp-image-12059 alignnone\" src=\"https:\/\/www.worldofart.org\/arhiv.worldofart.org\/aktualno\/wp-content\/uploads\/2017\/09\/logo.png\" alt=\"\" width=\"229\" height=\"78\" \/><\/a><a href=\"http:\/\/www.cimettafund.org\/index\/index\/lang\/en\"><img loading=\"lazy\" decoding=\"async\" class=\"wp-image-12058 alignnone\" src=\"https:\/\/www.worldofart.org\/arhiv.worldofart.org\/aktualno\/wp-content\/uploads\/2017\/09\/logo_hd-707x599.jpg\" alt=\"\" width=\"107\" height=\"91\" srcset=\"https:\/\/www.worldofart.org\/arhiv.worldofart.org\/aktualno\/wp-content\/uploads\/2017\/09\/logo_hd-707x599.jpg 707w, https:\/\/www.worldofart.org\/arhiv.worldofart.org\/aktualno\/wp-content\/uploads\/2017\/09\/logo_hd-400x339.jpg 400w, https:\/\/www.worldofart.org\/arhiv.worldofart.org\/aktualno\/wp-content\/uploads\/2017\/09\/logo_hd-768x651.jpg 768w, https:\/\/www.worldofart.org\/arhiv.worldofart.org\/aktualno\/wp-content\/uploads\/2017\/09\/logo_hd.jpg 1001w\" sizes=\"(max-width: 107px) 100vw, 107px\" \/><\/a><\/p>\n<hr \/>\n<p>Predavanje Daniela Morgenthalerja je podprlo <a href=\"https:\/\/www.eda.admin.ch\/ljubljana\" target=\"_blank\" rel=\"noopener\">Veleposlani\u0161tvo \u0160vice<\/a>.<\/p>\n<p><a href=\"https:\/\/www.eda.admin.ch\/ljubljana\" target=\"_blank\" rel=\"noopener\"><img loading=\"lazy\" decoding=\"async\" class=\"alignnone\" title=\"Veleposlani\u0161tvo \u0160vice\" src=\"https:\/\/www.worldofart.org\/arhiv.worldofart.org\/aktualno\/wp-content\/uploads\/2017\/01\/veleposlanistvo-svice-logo.jpg\" width=\"181\" height=\"70\" \/><\/a><\/p>\n<hr \/>\n<p>Strokovno ekskurzijo na Reko je podprl <a href=\"https:\/\/mgml.si\/sl\/mestni-muzej\/\" target=\"_blank\" rel=\"noopener\">Mestni muzej Ljubljana<\/a>.<\/p>\n<p><a href=\"https:\/\/mgml.si\/sl\/mestni-muzej\/\" target=\"_blank\" rel=\"noopener\"><img loading=\"lazy\" decoding=\"async\" class=\"alignleft wp-image-12337\" src=\"https:\/\/www.worldofart.org\/arhiv.worldofart.org\/aktualno\/wp-content\/uploads\/2018\/01\/gallery_logo.mgml_.png\" alt=\"\" width=\"137\" height=\"109\" srcset=\"https:\/\/www.worldofart.org\/arhiv.worldofart.org\/aktualno\/wp-content\/uploads\/2018\/01\/gallery_logo.mgml_.png 568w, https:\/\/www.worldofart.org\/arhiv.worldofart.org\/aktualno\/wp-content\/uploads\/2018\/01\/gallery_logo.mgml_-338x268.png 338w\" sizes=\"(max-width: 137px) 100vw, 137px\" \/><\/a><\/p>\n","protected":false},"excerpt":{"rendered":"<p>Svet umetnosti, \u0161ola za kustose in kritike sodobne umetnosti Leto 16, 2017\/18 Celoten program \u0161ole Svet umetnosti podpira Mestna ob\u010dina Ljubljana, Oddelek za kulturo. \u0160olo in kon\u010dno razstavo 16. leta Sveta umetnosti podpira podjetje Riko, d. o. o. Kon\u010dno razstavo 16. leta Sveta umetnosti podpira Ministrstvo za kulturo Republike Slovenije. Sponzorji kon\u010dne razstave 16. leta [&hellip;]<\/p>\n","protected":false},"author":1,"featured_media":0,"parent":9611,"menu_order":0,"comment_status":"closed","ping_status":"closed","template":"","meta":{"footnotes":""},"categories":[],"tags":[],"_links":{"self":[{"href":"https:\/\/www.worldofart.org\/arhiv.worldofart.org\/aktualno\/wp-json\/wp\/v2\/pages\/13726"}],"collection":[{"href":"https:\/\/www.worldofart.org\/arhiv.worldofart.org\/aktualno\/wp-json\/wp\/v2\/pages"}],"about":[{"href":"https:\/\/www.worldofart.org\/arhiv.worldofart.org\/aktualno\/wp-json\/wp\/v2\/types\/page"}],"author":[{"embeddable":true,"href":"https:\/\/www.worldofart.org\/arhiv.worldofart.org\/aktualno\/wp-json\/wp\/v2\/users\/1"}],"replies":[{"embeddable":true,"href":"https:\/\/www.worldofart.org\/arhiv.worldofart.org\/aktualno\/wp-json\/wp\/v2\/comments?post=13726"}],"version-history":[{"count":1,"href":"https:\/\/www.worldofart.org\/arhiv.worldofart.org\/aktualno\/wp-json\/wp\/v2\/pages\/13726\/revisions"}],"predecessor-version":[{"id":13727,"href":"https:\/\/www.worldofart.org\/arhiv.worldofart.org\/aktualno\/wp-json\/wp\/v2\/pages\/13726\/revisions\/13727"}],"up":[{"embeddable":true,"href":"https:\/\/www.worldofart.org\/arhiv.worldofart.org\/aktualno\/wp-json\/wp\/v2\/pages\/9611"}],"wp:attachment":[{"href":"https:\/\/www.worldofart.org\/arhiv.worldofart.org\/aktualno\/wp-json\/wp\/v2\/media?parent=13726"}],"wp:term":[{"taxonomy":"category","embeddable":true,"href":"https:\/\/www.worldofart.org\/arhiv.worldofart.org\/aktualno\/wp-json\/wp\/v2\/categories?post=13726"},{"taxonomy":"post_tag","embeddable":true,"href":"https:\/\/www.worldofart.org\/arhiv.worldofart.org\/aktualno\/wp-json\/wp\/v2\/tags?post=13726"}],"curies":[{"name":"wp","href":"https:\/\/api.w.org\/{rel}","templated":true}]}}