{"id":13769,"date":"2018-10-17T11:10:26","date_gmt":"2018-10-17T09:10:26","guid":{"rendered":"http:\/\/www.worldofart.org\/aktualno\/?page_id=13769"},"modified":"2020-03-14T12:08:20","modified_gmt":"2020-03-14T10:08:20","slug":"udelezenke-sole","status":"publish","type":"page","link":"https:\/\/www.worldofart.org\/arhiv.worldofart.org\/aktualno\/sedemnajsto-leto-2018-2020\/udelezenke-sole","title":{"rendered":"Udele\u017eenke \u0161ole 2018\/2020"},"content":{"rendered":"<h3>2. letnik<\/h3>\n<hr \/>\n<p><img loading=\"lazy\" decoding=\"async\" class=\"alignleft size-full wp-image-13788\" src=\"https:\/\/www.worldofart.org\/arhiv.worldofart.org\/aktualno\/wp-content\/uploads\/2018\/10\/Tia-Cicek.jpg\" alt=\"\" width=\"100\" height=\"100\" \/><b>Tia \u010ci\u010dek<\/b> (1992) je magistrica umetnostne zgodovine (2019, Filozofska fakulteta, Univerza v Ljubljani) in samozaposlena kuratorka, producentka in recenzentka\/kriti\u010darka, ki je kurirala \u0161tevilne samostojne in skupinske razstave v lokalnem in mednarodnem prostoru. Med letom 2016 in 2019 je koordinirala program in vodila prodajo Galerije DobraVaga, zaradi zanimanja za sodobno umetnost v \u0161ir\u0161em kot tudi v lokalnem kontekstu se je v letu 2018 udele\u017eila te\u010daja Thinking With Works of Art pod mentorstvom Ruth Noack in Grace Samboh v sklopu International Summer Academy of Fine Arts Salzburg ter se vpisala v \u0160olo za kuratorske prakse in kriti\u0161ko pisanje Svet umetnosti. Od januarja leta 2020 deluje kot umetni\u0161ka vodja Galerije \u0160kuc. (foto: osebni arhiv)<\/p>\n<hr \/>\n<p><img loading=\"lazy\" decoding=\"async\" class=\"alignleft size-full wp-image-13779\" src=\"https:\/\/www.worldofart.org\/arhiv.worldofart.org\/aktualno\/wp-content\/uploads\/2018\/10\/Kristina-Ferk.jpg\" alt=\"\" width=\"100\" height=\"100\" \/><b>Kristina Ferk<\/b> (1992) je leta 2016 diplomirala iz Umetnostne zgodovine in Latinskega jezika, knji\u017eevnosti in kulture na Filozofski fakulteti v Ljubljani. Kot \u0161tudentka je delala v Mestni galeriji Ljubljana in Galeriji Kresija. Na Oddelku za umetnostno zgodovino je sodelovala v projektni skupini Vitrina meseca, asistirala pa je tudi pri pripravi in postavitvi osrednje razstave UNICUM 2018. Po eni strani se zanima za sodobno umetni\u0161ko produkcijo in strategije njenega razstavljanja, po drugi pa tudi za anti\u010dno umetnost. Od leta 2019 je zaposlena v Galeriji Kresiji. (foto: osebni arhiv)<\/p>\n<hr \/>\n<p><img loading=\"lazy\" decoding=\"async\" class=\"alignleft size-full wp-image-13786\" src=\"https:\/\/www.worldofart.org\/arhiv.worldofart.org\/aktualno\/wp-content\/uploads\/2018\/10\/Katja-Filovski.jpg\" alt=\"\" width=\"100\" height=\"100\" \/><b>Katja Filovski<\/b> (1994), rojena v Ljubljani, je leta 2018 zaklju\u010dila dvopredmetni \u0161tudij umetnostne zgodovine in japonologije na Filozofski fakulteti Univerze v Ljubljani. Od leta 2017 aktivno sodeluje pri izvajanju pedago\u0161kega programa v Muzeju za arhitekturo in oblikovanje v Ljubljani ter deluje kot prostovoljka v dru\u0161tvu \u0160kuc. (foto: osebni arhiv)<\/p>\n<hr \/>\n<p><img loading=\"lazy\" decoding=\"async\" class=\"alignleft size-full wp-image-13780\" src=\"https:\/\/www.worldofart.org\/arhiv.worldofart.org\/aktualno\/wp-content\/uploads\/2018\/10\/Lara-Mejac.jpg\" alt=\"\" width=\"100\" height=\"102\" \/><b>Lara Meja\u010d<\/b> (1994) trenutno zaklju\u010duje \u0161tudij umetnostne zgodovine na Filozofski fakulteti Univerze v Ljubljani. Od leta 2014 kot zunanja sodelavka izvaja andrago\u0161ke in pedago\u0161ke programe v Mestnem muzeju in Ple\u010dnikovi hi\u0161i ter kot informatorka dela v Galeriji V\u017eigalica in Galeriji Jakopi\u010d. Od leta 2016 je del kolektiva galerije DobraVaga, kjer se je preizkusila tudi v kuriranju in postavljanju nekaterih razstav. V sodelovanju z galerijo DobraVaga in Ple\u010dnikovo hi\u0161o je leta 2017 kurirala skupinski razstavni projekt <i>JO\u017dE<\/i>. Poleg tega je koordinatorka programa <i>Muralizem<\/i> v sklopu umetni\u0161kega festivala na Jesenicah in sokuratorka trenutnega cikla ljubljanske Uli\u010dne galerije TAM-TAM. (foto: osebni arhiv)<\/p>\n<hr \/>\n<p><img loading=\"lazy\" decoding=\"async\" class=\"alignleft size-full wp-image-13782\" src=\"https:\/\/www.worldofart.org\/arhiv.worldofart.org\/aktualno\/wp-content\/uploads\/2018\/10\/Anja-Senicar.jpg\" alt=\"\" width=\"100\" height=\"100\" \/><b>Anja Seni\u010dar<\/b> (1992) je diplomirala iz programa Oblikovanja vizualnih komunikacij \u2013 smer Fotografija na Akademiji za likovno umetnost in oblikovanje v Ljubljani. Izobra\u017eevanje nadaljuje na magistrskem \u0161tudiju fotografije na ALUO v Ljubljani. Kot avtorica in organizatorka je sodelovala pri razstavah v Sloveniji in tujini (Poljska, Slova\u0161ka). Je soustanoviteljica mariborske Mi\u0161nice &#8211; fotografske temnice, ki deluje v multimedijskih prostorih GT22 v Mariboru. V fotografskem mediju eksperimentira in raziskuje, trenutno predvsem odnose med fotografskimi podobami in dru\u017ebo, ki je vsakodnevno preplavljena z (vizualnimi) informacijami. (foto: osebni arhiv)<\/p>\n<hr \/>\n<p><img loading=\"lazy\" decoding=\"async\" class=\"alignleft size-full wp-image-13867\" src=\"https:\/\/www.worldofart.org\/arhiv.worldofart.org\/aktualno\/wp-content\/uploads\/2018\/11\/Rea-Vogrincic.jpg\" alt=\"\" width=\"100\" height=\"100\" \/><b>Rea Vogrin\u010di\u010d<\/b> je leta 2018 diplomirala na oddelku za slikarstvo na Akademiji za likovno umetnost in oblikovanje v Ljubljani. Trenutno nadaljuje podiplomski \u0161tudij na oddelku za kiparstvo (ALUO). V svojem delu raziskuje prakse, vezane na procesualnost, bele\u017eenje, ponavljanje, performans, zvok, mejo med kon\u010dnim in ne-kon\u010dnim. (foto: osebni arhiv)<\/p>\n<p>&nbsp;<\/p>\n<p>&nbsp;<\/p>\n<hr \/>\n<hr \/>\n<h3>1. letnik<\/h3>\n<hr \/>\n<p><img loading=\"lazy\" decoding=\"async\" class=\"alignleft size-full wp-image-13870\" src=\"https:\/\/www.worldofart.org\/arhiv.worldofart.org\/aktualno\/wp-content\/uploads\/2018\/11\/Nevena-Aleksovski.jpg\" alt=\"\" width=\"100\" height=\"100\" \/><b>Nevena Aleksovski<\/b> (1984) je leta 2008 diplomirala iz slikarstva na Akademiji umetnosti v Novem Sadu, leta 2014 pa magistrirala iz kulturologije na Fakulteti za dru\u017ebene vede v Ljubljani. Aktivna je na podro\u010djih risbe, slikarstva, ilustracije in umetni\u0161kih fanzinov. \u00a0V svojih delih skozi ekspresiven, intimisti\u010den, fragmentaren likovni jezik tematizira krhkost dolo\u010denih psiholo\u0161kih stanj ter dru\u017ebenih vlog. Za svoj umetni\u0161ki fanzin je leta 2016 prejela glavno nagrado na nate\u010daju ZINE VITRINE dvatwozwei. Ve\u010dkrat je razstavljala samostojno, v sodelovanju z drugimi umetnicami in umetniki ter na raznih skupinskih razstavah v Sloveniji, Srbiji, Nem\u010diji in na Hrva\u0161kem. Med drugim se je predstavila v Mednarodnem grafi\u010dnem likovnem centru na skupinski razstavi Zini!, Sodobna zinovska produkcija (2017) in na skupinski razstavi <i>Neki pi\u0161e<\/i> v galeriji Vodnikove doma\u010dije v okviru zavoda SCCA Ljubljana (2017). Samostojno je med drugim razstavljala v Galeriji P74 (2018) in v Kino \u0160i\u0161ki (2017). Aktivna je tudi v pedago\u0161kem delu, v okviru razli\u010dnih projektih za otroke in mladino v galerijah \u0160KUC in Alkatraz v Ljubljani. Ilustrirala je zbirko poezije Ljubica Rolanda Barthesa pesnice Ane Makuc, ki je bila leta 2016 nagrajena z Veronikino nagrado. (foto: Nada \u017dgank)<\/p>\n<hr \/>\n<p><img loading=\"lazy\" decoding=\"async\" class=\"alignleft size-full wp-image-13776\" src=\"https:\/\/www.worldofart.org\/arhiv.worldofart.org\/aktualno\/wp-content\/uploads\/2018\/10\/Tajda-Cesarek.jpg\" alt=\"\" width=\"100\" height=\"100\" \/><b>Tajda \u010ce\u0161arek<\/b> (1991) je zaklju\u010dila dodiplomski \u0161tudij notranje opreme na Visoki \u0161oli za Dizajn v Ljubljani (2014) ter magistrski \u0161tudij iz oblikovanja na Akademiji za oblikovanje in umetnostne obrti v G\u00f6teborgu na \u0160vedskem (2017). Magistrirala je z nalogo Standing Between Reality and its Presentation &#8211; visual narrative about faces captured into digital images (Med realnostjo in njeno prezentacijo: vizualna pripoved o obrazih ujetih v digitalne podobe), v kateri se je ukvarjala z odnosom med tehnolo\u0161kimi procesi in dru\u017ebo. Kot zunanja sodelavka od leta 2016 sodeluje z Galerijo Miklova hi\u0161a (Ribnica), kjer v letu 2018 skrbi za vizualno podobo aktivnosti ob 30-letnici galerije. Je ustanovna \u010dlanica dru\u0161tva BIRO 22 za kreativne dejavnosti, s katerim v sodelovanju z drugimi partnerji pomagajo soustvarjati Celostni pedago\u0161ki program Galerije Miklova hi\u0161a. (foto: osebni arhiv)<\/p>\n<hr \/>\n<p><img loading=\"lazy\" decoding=\"async\" class=\"alignleft size-full wp-image-13788\" src=\"https:\/\/www.worldofart.org\/arhiv.worldofart.org\/aktualno\/wp-content\/uploads\/2018\/10\/Tia-Cicek.jpg\" alt=\"\" width=\"100\" height=\"100\" \/><b>Tia \u010ci\u010dek<\/b> (1992) je diplomirana umetnostna zgodovinarka, ki trenutno zaklju\u010duje magistrski \u0161tudij umetnostne zgodovine na Filozofski fakulteti Univerze v Ljubljani. Zadnja leta deluje predvsem kot kuratorka in producentka sodobne umetni\u0161ke produkcije v prostorih Kino \u0160i\u0161ka in DobraVaga. Na oddelku za umetnostno zgodovino pa je od 2017 tudi del projektne skupine pod mentorstvom dr. Katje Mahni\u010d, ki se ukvarja s prilo\u017enostnimi razstavami razli\u010dnih umetnostnozgodovinskih vsebin. Zaradi zanimanja za sodobno umetnost v \u0161ir\u0161em kontekstu se je poleg \u0161tudija \u0161e dodatno izobra\u017eevala na kraj\u0161em te\u010daju v sklopu International Summer Academy of Fine Arts Salzburg. Zanimajo jo predvsem podro\u010dja muzeologije sodobne umetnosti in sodobne umetnosti v umetnostnozgodovinskem diskurzu ter vpra\u0161anje vloge kuratorja v lokalnem kot tudi v mednarodnem kontekstu. (foto: osebni arhiv)<\/p>\n<hr \/>\n<p><img loading=\"lazy\" decoding=\"async\" class=\"alignleft size-full wp-image-13779\" src=\"https:\/\/www.worldofart.org\/arhiv.worldofart.org\/aktualno\/wp-content\/uploads\/2018\/10\/Kristina-Ferk.jpg\" alt=\"\" width=\"100\" height=\"100\" \/><b>Kristina Ferk<\/b> (1992) je leta 2016 diplomirala iz Umetnostne zgodovine in Latinskega jezika, knji\u017eevnosti in kulture na Filozofski fakulteti v Ljubljani. Kot \u0161tudentka je delala v Mestni galeriji, zdaj pa to delo nadaljuje v Galeriji Kresija in drugih razstavnih prostorih MOL, kjer opravlja osnovno tehni\u010dno in administrativno pomo\u010d pri postavitvi razstav. Na Oddelku za umetnostno zgodovino sodeluje v projektni skupini Vitrina meseca, asistirala pa je tudi pri pripravi in postavitvi osrednje razstave UNICUM 2018. Po eni strani se zanima za sodobno umetni\u0161ko produkcijo in strategije njenega razstavljanja, po drugi pa tudi za anti\u010dno umetnost. (foto: osebni arhiv)<\/p>\n<hr \/>\n<p><img loading=\"lazy\" decoding=\"async\" class=\"alignleft size-full wp-image-13778\" src=\"https:\/\/www.worldofart.org\/arhiv.worldofart.org\/aktualno\/wp-content\/uploads\/2018\/10\/Zala-Ferlinc.jpg\" alt=\"\" width=\"100\" height=\"100\" \/><b>Zala Ferlinc<\/b> (1995) rojena v Slovenj Gradcu, je \u0161tudentka sociologije kulture na Filozofski fakulteti Univerze v Ljubljani. V \u0161tudijskem letu 2016\/2017 je pod okriljem Lutkovnega gledali\u0161\u010da v Ljubljani obiskovala Malo \u0161olo kriti\u0161kega pisanja. Gledali\u0161ke kritike je od leta 2016 objavljala na spletnih portalih Koridor in Sigledal. O svojem glavnem podro\u010dju zanimanja, zvo\u010dni umetnosti, se je septembra 2018 dodatno izobra\u017eevala na Universit\u00e4t der K\u00fcnste v Berlinu. (foto: osebni arhiv)<\/p>\n<hr \/>\n<p><img loading=\"lazy\" decoding=\"async\" class=\"alignleft size-full wp-image-13786\" src=\"https:\/\/www.worldofart.org\/arhiv.worldofart.org\/aktualno\/wp-content\/uploads\/2018\/10\/Katja-Filovski.jpg\" alt=\"\" width=\"100\" height=\"100\" \/><b>Katja Filovski<\/b> (1994), rojena v Ljubljani, je leta 2018 zaklju\u010dila dvopredmetni \u0161tudij umetnostne zgodovine in japonologije na Filozofski fakulteti Univerze v Ljubljani. Od leta 2017 aktivno sodeluje pri izvajanju pedago\u0161kega programa v Muzeju za arhitekturo in oblikovanje v Ljubljani ter deluje kot prostovoljka v dru\u0161tvu \u0160kuc. (foto: osebni arhiv)<\/p>\n<hr \/>\n<p><img loading=\"lazy\" decoding=\"async\" class=\"alignleft size-full wp-image-13871\" src=\"https:\/\/www.worldofart.org\/arhiv.worldofart.org\/aktualno\/wp-content\/uploads\/2018\/11\/Tisa-Neza-Herlec.jpg\" alt=\"\" width=\"100\" height=\"100\" \/><b>Tisa Ne\u017ea Herlec<\/b> (1996) kon\u010duje dodiplomski \u0161tudij slikarstva na Akademiji za likovno umetnost in oblikovanje v Ljubljani. V letu 16\/17 se je udele\u017eila \u0161tudijske izmenjave na \u00c9cole nationale sup\u00e9rieure de Dijon v Franciji. V lastni praksi hibridno zdru\u017euje medije (od zvoka, podobe do pisanja) ter v zadnjih dveh letih aktivno razstavlja. Ukvarja se s skupnim in vsakdanjim, tendira k razumevanju \u010dasa in prostora, okoli\u0161\u010din, v katerih \u017eivi in deluje. Zanima jo metodolo\u0161kost produkcije umetni\u0161kih del, participatorne prakse, goji kriti\u010den odnos do institucije ter pogojev dela v kulturi, ki se ka\u017ee tudi v njenem delovanju v alternativnih prostorih ter vodi njen razmislek o sodobnih kuratorskih praksah. Zadnja \u0161tiri leta deluje v Modrem kotu, prostoru v Avtonomni Tovarni Rog, kjer organizira in prisostvuje. Je \u0161tipendistka MOL. (foto: arhiv SCCA-Ljubljana)<\/p>\n<hr \/>\n<p><img loading=\"lazy\" decoding=\"async\" class=\"alignleft size-full wp-image-13780\" src=\"https:\/\/www.worldofart.org\/arhiv.worldofart.org\/aktualno\/wp-content\/uploads\/2018\/10\/Lara-Mejac.jpg\" alt=\"\" width=\"100\" height=\"102\" \/><b>Lara Meja\u010d<\/b> (1994) trenutno zaklju\u010duje \u0161tudij umetnostne zgodovine na Filozofski fakulteti Univerze v Ljubljani. Od leta 2014 kot zunanja sodelavka izvaja andrago\u0161ke in pedago\u0161ke programe v Mestnem muzeju in Ple\u010dnikovi hi\u0161i ter kot informatorka dela v Galeriji V\u017eigalica in Galeriji Jakopi\u010d. Od leta 2016 je del kolektiva galerije DobraVaga, kjer se je preizkusila tudi v kuriranju in postavljanju nekaterih razstav. V sodelovanju z galerijo DobraVaga in Ple\u010dnikovo hi\u0161o je leta 2017 kurirala skupinski razstavni projekt <i>JO\u017dE<\/i>. Poleg tega je koordinatorka programa <i>Muralizem<\/i> v sklopu umetni\u0161kega festivala na Jesenicah in sokuratorka trenutnega cikla ljubljanske Uli\u010dne galerije TAM-TAM. (foto: osebni arhiv)<\/p>\n<hr \/>\n<p><img loading=\"lazy\" decoding=\"async\" class=\"alignleft size-full wp-image-13775\" src=\"https:\/\/www.worldofart.org\/arhiv.worldofart.org\/aktualno\/wp-content\/uploads\/2018\/10\/Neza-Pavsic.jpg\" alt=\"\" width=\"100\" height=\"100\" \/><b>Ne\u017ea Pav\u0161i\u010d <\/b> (1987) je leta 2014 diplomirala Fakulteti za humanisti\u010dne \u0161tudije v Kopru, smer Kulturne \u0161tudije in Antropologija. Raziskuje razli\u010dne veje umetni\u0161kih izrazov, plesa, glasbe ter vizualne vsebine. Leta 2014 je sodelovala pri produkciji predstav sodobnega plesa Zavoda Emanat, od leta 2015 pa sokoordinira Festival eksperimentalne umetnosti \u0160ina. Je ustanoviteljica galeristi\u010dne platforme Galetrias, ki zdru\u017euje in smiselno povezuje delovanje treh idrijskih galerij, kjer od ustanovitve l. 2016 vodi in asistira pri kuriranju razstav in spremljevalnih programov. V produkciji glasbene umetnosti in kuratorstva sodeluje z Zavodom Jazz Cerkno. Zanimajo jo sodobni pristopi umetnosti v odnosu s tradicionalnimi oz. klasi\u010dnimi vsebinami, ples in primarno gibanje, eksperimentalna glasba ter vizualne interakcije. (foto: Iztok Zupan)<\/p>\n<hr \/>\n<p><img loading=\"lazy\" decoding=\"async\" class=\"alignleft size-full wp-image-13782\" src=\"https:\/\/www.worldofart.org\/arhiv.worldofart.org\/aktualno\/wp-content\/uploads\/2018\/10\/Anja-Senicar.jpg\" alt=\"\" width=\"100\" height=\"100\" \/><b>Anja Seni\u010dar<\/b> (1992) je diplomirala iz programa Oblikovanja vizualnih komunikacij \u2013 smer Fotografija na Akademiji za likovno umetnost in oblikovanje v Ljubljani. Izobra\u017eevanje nadaljuje na magistrskem \u0161tudiju fotografije na ALUO v Ljubljani. Kot avtorica in organizatorka je sodelovala pri razstavah v Sloveniji in tujini (Poljska, Slova\u0161ka). Je soustanoviteljica mariborske Mi\u0161nice &#8211; fotografske temnice, ki deluje v multimedijskih prostorih GT22 v Mariboru. V fotografskem mediju eksperimentira in raziskuje, trenutno predvsem odnose med fotografskimi podobami in dru\u017ebo, ki je vsakodnevno preplavljena z (vizualnimi) informacijami. (foto: osebni arhiv)<\/p>\n<hr \/>\n<p><img loading=\"lazy\" decoding=\"async\" class=\"alignleft size-full wp-image-13867\" src=\"https:\/\/www.worldofart.org\/arhiv.worldofart.org\/aktualno\/wp-content\/uploads\/2018\/11\/Rea-Vogrincic.jpg\" alt=\"\" width=\"100\" height=\"100\" \/><b>Rea Vogrin\u010di\u010d<\/b> je leta 2018 diplomirala na oddelku za slikarstvo na Akademiji za likovno umetnost in oblikovanje v Ljubljani. Trenutno nadaljuje podiplomski \u0161tudij na oddelku za kiparstvo (ALUO). V svojem delu raziskuje prakse vezane na procesualnost, bele\u017eenje, ponavljanje, performans, zvok, mejo med kon\u010dnim in ne kon\u010dnim. (foto: osebni arhiv)<\/p>\n","protected":false},"excerpt":{"rendered":"<p>2. letnik Tia \u010ci\u010dek (1992) je magistrica umetnostne zgodovine (2019, Filozofska fakulteta, Univerza v Ljubljani) in samozaposlena kuratorka, producentka in recenzentka\/kriti\u010darka, ki je kurirala \u0161tevilne samostojne in skupinske razstave v lokalnem in mednarodnem prostoru. Med letom 2016 in 2019 je koordinirala program in vodila prodajo Galerije DobraVaga, zaradi zanimanja za sodobno umetnost v \u0161ir\u0161em kot [&hellip;]<\/p>\n","protected":false},"author":1,"featured_media":0,"parent":13480,"menu_order":0,"comment_status":"closed","ping_status":"closed","template":"","meta":{"footnotes":""},"categories":[],"tags":[],"_links":{"self":[{"href":"https:\/\/www.worldofart.org\/arhiv.worldofart.org\/aktualno\/wp-json\/wp\/v2\/pages\/13769"}],"collection":[{"href":"https:\/\/www.worldofart.org\/arhiv.worldofart.org\/aktualno\/wp-json\/wp\/v2\/pages"}],"about":[{"href":"https:\/\/www.worldofart.org\/arhiv.worldofart.org\/aktualno\/wp-json\/wp\/v2\/types\/page"}],"author":[{"embeddable":true,"href":"https:\/\/www.worldofart.org\/arhiv.worldofart.org\/aktualno\/wp-json\/wp\/v2\/users\/1"}],"replies":[{"embeddable":true,"href":"https:\/\/www.worldofart.org\/arhiv.worldofart.org\/aktualno\/wp-json\/wp\/v2\/comments?post=13769"}],"version-history":[{"count":16,"href":"https:\/\/www.worldofart.org\/arhiv.worldofart.org\/aktualno\/wp-json\/wp\/v2\/pages\/13769\/revisions"}],"predecessor-version":[{"id":15103,"href":"https:\/\/www.worldofart.org\/arhiv.worldofart.org\/aktualno\/wp-json\/wp\/v2\/pages\/13769\/revisions\/15103"}],"up":[{"embeddable":true,"href":"https:\/\/www.worldofart.org\/arhiv.worldofart.org\/aktualno\/wp-json\/wp\/v2\/pages\/13480"}],"wp:attachment":[{"href":"https:\/\/www.worldofart.org\/arhiv.worldofart.org\/aktualno\/wp-json\/wp\/v2\/media?parent=13769"}],"wp:term":[{"taxonomy":"category","embeddable":true,"href":"https:\/\/www.worldofart.org\/arhiv.worldofart.org\/aktualno\/wp-json\/wp\/v2\/categories?post=13769"},{"taxonomy":"post_tag","embeddable":true,"href":"https:\/\/www.worldofart.org\/arhiv.worldofart.org\/aktualno\/wp-json\/wp\/v2\/tags?post=13769"}],"curies":[{"name":"wp","href":"https:\/\/api.w.org\/{rel}","templated":true}]}}