{"id":139,"date":"2008-01-17T13:35:48","date_gmt":"2008-01-17T11:35:48","guid":{"rendered":"http:\/\/www.worldofart.org\/aktualno\/utemeljitev-ivana-bago\/"},"modified":"2018-07-11T21:29:31","modified_gmt":"2018-07-11T19:29:31","slug":"utemeljitev-ivana-bago","status":"publish","type":"page","link":"https:\/\/www.worldofart.org\/arhiv.worldofart.org\/aktualno\/leto_2006-07\/teksti-udelezencev-200607\/utemeljitev-ivana-bago","title":{"rendered":"Utemeljitev, Ivana Bago"},"content":{"rendered":"<p>Pored \u0161to ispunjava kriterij jednostavnosti koji nala\u017ee tekstualna forma medijske objave, suprotstavljanje &#8220;subjektivnih&#8221; polazi\u0161ta kustoske odluke o izboru umjetni\u010dkih radova za izlo\u017ebu &#8220;teorijskim&#8221;, u tekstu kojim se izlo\u017eba <em>Labsus osebno\/osobno<\/em> predstavlja javnosti i publici je, dakako, bezobrazna la\u017e. Osim \u0161to postavlja teorijsko kao suprotnost subjektivnom, ona stvara iluziju o subjektu i subjektivnosti kao autonomnom entitetu i nepromjenljivoj konstanti, koju se dosti\u017ee ogoljevanjem i odbacivanjem neautenti\u010dnih, izmjenjivih i nametnutih slojeva (u ovom slu\u010daju npr. odbaciti faktore okolnosti, obaveza, obzira, konsenzusa, ekonomi\u010dnosti, teorije, trendova, oportunizma, tr\u017ei\u0161ta, itd.) <\/p>\n<p>\u0160to bi, dakle, moje &#8220;pravo&#8221; kustosko Ja izabralo kao svoj iskreni, autenti\u010dni, intuitivni, ogoljeni, (time nu\u017eno i hrabri?) izbor <em>par excellence<\/em>? \u010cavrljaju\u0107i s jednim svojim gostom koji je, ve\u0107 po obi\u010daju, govorio o pronala\u017eenju i njegovanju na\u0161ega Pravog Ja, Oprah Winfrey ubode u bolnu to\u010dku tog fantazijskog povratka i susreta s autenti\u010dnim, upitav\u0161i: &#8220;\u0160to ako je Pravo Ja Budala?&#8221; \u0160to ako je pravo ja budala i \u0161to ako je pravo kustosko ja jo\u0161 ve\u0107a budala? \u0160to ako, odbacuju\u0107i nametnute slojeve privida i obmane, uvidim da moje pravo kustosko ja zapravo \u017eeli pokazati ekspresivno-unaka\u017eene, no ipak senzualne, \u017eenske aktove Dimitrija Popovi\u0107a, \u0161to ako misli da je ameri\u010dki apstraktni ekspresionizam jo\u0161 uvijek neprevazi\u0111eni vrhunac umjetni\u010dkog stvaranja i \u0161to ako je duboko uvjereno da no\u0107na veduta Washingtona koju je naslikao Charles Bilich, australski majstor u \u010dijim venama kola hrvatska krv, a koju je premijer Ivo Sanader darovao predsjedniku Georgeu Bushu, najbolji na\u010din da se svijetu predstavi hrvatska suvremena umjetnost? \u0160to ako moje pravo kustosko ja niti ne \u017eeli biti kustosko ja?<\/p>\n<p>Razmi\u0161ljaju\u0107i tako o potencijalnim scenarijima, osjetih zahvalnost \u0161to moje pravo kustosko ja ne postoji i \u0161to je svaki moj izbor jednako osoban i subjektivan, a samim time uvijek nu\u017eno definiran nizom okolnosti, konteksta i \u010dinjenica, ba\u0161 kao i ovaj na izlo\u017ebi <em>Labsus osebno\/osobno<\/em>. Razmi\u0161ljaju\u0107i o izborima svojih kolegica i kolega, shva\u0107am da u jednakoj mjeri proizlaze kako iz osobnih povijesti i trenutnih preokupacija tako i iz na\u0161e zajedni\u010dke, jednogodi\u0161nje, &#8220;laboratorijske&#8221; avanture, koja daje sna\u017ean kolektivni okvir &#8220;osebno-osobnom&#8221;. Ona se sada bli\u017ei trenutku kada \u0107e biti prekinuta nastupom ti\u0161ine. Vi\u0161e ne\u0107e biti mailova, telefonskih poziva, tehni\u010dkih lista, PR-ova i bud\u017eeta, kao ni frustracije neefikasno\u0161\u0107u i neorganizirano\u0161\u0107u, koje \u0107e se onda obrazlagati stalnom preoptere\u0107eno\u0161\u0107u, umorom, dislocirano\u0161\u0107u, financijama, gubljenjem energije, razloga i motiva, depresijom. <\/p>\n<p>Tu se negdje skriva i moje trenutno pravo kustosko ja. Pomalo nejasno i neartikulirano, svjesno da je jo\u0161 duga\u010dak i te\u017eak put do potpune (kustoske?) ti\u0161ine, \u017eali se na nedostatnost i ki\u010dastost govora. Odbijaju\u0107i svoj izbor obrazlagati uobi\u010dajenom kustosko-kriti\u010darskom retorikom (odmaraju\u0107i umjetnost od analiti\u010dko-kriti\u010dkih alata, te odmaraju\u0107i same alate), perfomans Bo\u017eene Kon\u010di\u0107 Badurina &#8220;Sat \u0161utnje&#8221; minimalno \u0107e i naivno interpretirati kao terapijsku seansu za nas laborante, posrnule od silne diskurzivnosti, polemike, jasne artikulacije stavova i lociranja problema. Umorni od rije\u010di i intelektualnih bitki, u prostoriji u kojoj smo imali na\u0161e prve radne sastanke i entuzijasti\u010dne rasprave i polemike, sada se u\u010dimo novom na\u010dinu zajedni\u010dkog bivanja: \u0161utnjom. U jo\u0161 jednoj oportunisti\u010dkoj, sentimentalnoj i neprofesionalnoj interpretaciji, izjavu Igora Grubi\u0107a koja je dio projekta Tanje Dabo i Igora Grubi\u0107a &#8220;Odmor&#8221;, moje kustosko ja htjet \u0107e nametnuti kao mantru ostalim laborantima i posjetiteljima a upravo \u0107e tom izjavom zavr\u0161iti i tekst:<\/p>\n<blockquote><p>&#8220;\u017delim odmoriti sebe od rada, sebe od sebe, dru\u0161tvo od sebe, dru\u0161tvo od umjetnosti, \u017eelim da se umjetnost odmori od umjetnosti.&#8221; <\/p><\/blockquote>\n<p>Ivana Bago<\/p>\n","protected":false},"excerpt":{"rendered":"<p>Pored \u0161to ispunjava kriterij jednostavnosti koji nala\u017ee tekstualna forma medijske objave, suprotstavljanje &#8220;subjektivnih&#8221; polazi\u0161ta kustoske odluke o izboru umjetni\u010dkih radova za izlo\u017ebu &#8220;teorijskim&#8221;, u tekstu kojim se izlo\u017eba Labsus osebno\/osobno predstavlja javnosti i publici je, dakako, bezobrazna la\u017e. Osim \u0161to postavlja teorijsko kao suprotnost subjektivnom, ona stvara iluziju o subjektu i subjektivnosti kao autonomnom entitetu [&hellip;]<\/p>\n","protected":false},"author":1,"featured_media":0,"parent":137,"menu_order":0,"comment_status":"closed","ping_status":"closed","template":"","meta":{"footnotes":""},"categories":[],"tags":[],"_links":{"self":[{"href":"https:\/\/www.worldofart.org\/arhiv.worldofart.org\/aktualno\/wp-json\/wp\/v2\/pages\/139"}],"collection":[{"href":"https:\/\/www.worldofart.org\/arhiv.worldofart.org\/aktualno\/wp-json\/wp\/v2\/pages"}],"about":[{"href":"https:\/\/www.worldofart.org\/arhiv.worldofart.org\/aktualno\/wp-json\/wp\/v2\/types\/page"}],"author":[{"embeddable":true,"href":"https:\/\/www.worldofart.org\/arhiv.worldofart.org\/aktualno\/wp-json\/wp\/v2\/users\/1"}],"replies":[{"embeddable":true,"href":"https:\/\/www.worldofart.org\/arhiv.worldofart.org\/aktualno\/wp-json\/wp\/v2\/comments?post=139"}],"version-history":[{"count":1,"href":"https:\/\/www.worldofart.org\/arhiv.worldofart.org\/aktualno\/wp-json\/wp\/v2\/pages\/139\/revisions"}],"predecessor-version":[{"id":9486,"href":"https:\/\/www.worldofart.org\/arhiv.worldofart.org\/aktualno\/wp-json\/wp\/v2\/pages\/139\/revisions\/9486"}],"up":[{"embeddable":true,"href":"https:\/\/www.worldofart.org\/arhiv.worldofart.org\/aktualno\/wp-json\/wp\/v2\/pages\/137"}],"wp:attachment":[{"href":"https:\/\/www.worldofart.org\/arhiv.worldofart.org\/aktualno\/wp-json\/wp\/v2\/media?parent=139"}],"wp:term":[{"taxonomy":"category","embeddable":true,"href":"https:\/\/www.worldofart.org\/arhiv.worldofart.org\/aktualno\/wp-json\/wp\/v2\/categories?post=139"},{"taxonomy":"post_tag","embeddable":true,"href":"https:\/\/www.worldofart.org\/arhiv.worldofart.org\/aktualno\/wp-json\/wp\/v2\/tags?post=139"}],"curies":[{"name":"wp","href":"https:\/\/api.w.org\/{rel}","templated":true}]}}