{"id":140,"date":"2008-01-17T13:37:54","date_gmt":"2008-01-17T11:37:54","guid":{"rendered":"http:\/\/www.worldofart.org\/aktualno\/leto_2006-07\/teksti-udelezencev-200607\/utemeljitev-jaka-zeleznikar\/"},"modified":"2018-07-11T21:29:40","modified_gmt":"2018-07-11T19:29:40","slug":"utemeljitev-jaka-zeleznikar","status":"publish","type":"page","link":"https:\/\/www.worldofart.org\/arhiv.worldofart.org\/aktualno\/leto_2006-07\/teksti-udelezencev-200607\/utemeljitev-jaka-zeleznikar","title":{"rendered":"Utemeljitev, Jaka \u017deleznikar"},"content":{"rendered":"<p>Sam se ne smatram za kuratorja, \u010deprav ob\u010dasno delujem kot kurator. Umetnost me zanima predvsem iz avtorskega stali\u0161\u010da. Nimam nikakr\u0161ne \u017eelje, da bi vodil program neke galerije ali sorodne ustanove. Sovra\u017eim birokratsko delo. Pisanje promocijskih besedil o razstavah se mi zdi sme\u0161no. Ob misli, da bi se moral ukvarjati s kulturno politiko, me zapopade nepopisna groza. Zakaj torej sploh delovati kot kurator?<\/p>\n<p>Kot praktik vidi\u0161 dolo\u010deno dogajanje od znotraj. Preko stikov z drugimi avtorji in drugimi vpletenimi (kritiki, teoretiki &#8230; ) se odpre paleta informacij, do katere je sicer neudele\u017eenim te\u017eko priti. Kuratorski pristop, ki izhaja iz polo\u017eaja udele\u017eenega, javnosti tako ponudi vpogled v prej nedostopno ali slabo znano.<\/p>\n<p>Med procesom Laboratorija SU, ki je razlog te razstave, sem spoznal ve\u010d zelo zanimivih istrskih umetnikov. Za delo Nacija \u2013 kultura v Sloveniji delujo\u010dega avtorja Vuka \u0106osi\u0107a sem se odlo\u010dil ker &#8220;osebno&#8221; iz naslova razstave razumem kot neodvisno tako od ostalih udele\u017eenih kuratorjev kot od celotnega okvira Laboratorija SU. Izbor je torej neka\u0161na skica, zaznamek o rastavi, ki bi jo \u017eelel kurirati. In to bi bila razstava o ra\u010dunalni\u0161ki umetnosti.<\/p>\n<p>Delo Nacija \u2013 kultura mi je zanimivo iz ve\u010d vidikov. Je eno zgodnjih del, ko se pristopi in nekatere teme razvite v okviru spletne umetnosti za\u010dnejo \u0161iriti v izven ra\u010dunalni\u0161ki prostor. Delo zdru\u017euje vizualno in jezikovno, a njegova sporo\u010dilnot ne le\u017ei v o\u010ditno prisotnem, vidnem in pomenskem. Sr\u017e dela je v njegovi bogati mre\u017ei odnosov, ki jo delo vzpostavlja z razli\u010dnimi nivoji dru\u017ebenega.<\/p>\n<p>Jaka \u017deleznikar<\/p>\n","protected":false},"excerpt":{"rendered":"<p>Sam se ne smatram za kuratorja, \u010deprav ob\u010dasno delujem kot kurator. Umetnost me zanima predvsem iz avtorskega stali\u0161\u010da. Nimam nikakr\u0161ne \u017eelje, da bi vodil program neke galerije ali sorodne ustanove. Sovra\u017eim birokratsko delo. Pisanje promocijskih besedil o razstavah se mi zdi sme\u0161no. Ob misli, da bi se moral ukvarjati s kulturno politiko, me zapopade nepopisna [&hellip;]<\/p>\n","protected":false},"author":1,"featured_media":0,"parent":137,"menu_order":0,"comment_status":"closed","ping_status":"closed","template":"","meta":{"footnotes":""},"categories":[],"tags":[],"_links":{"self":[{"href":"https:\/\/www.worldofart.org\/arhiv.worldofart.org\/aktualno\/wp-json\/wp\/v2\/pages\/140"}],"collection":[{"href":"https:\/\/www.worldofart.org\/arhiv.worldofart.org\/aktualno\/wp-json\/wp\/v2\/pages"}],"about":[{"href":"https:\/\/www.worldofart.org\/arhiv.worldofart.org\/aktualno\/wp-json\/wp\/v2\/types\/page"}],"author":[{"embeddable":true,"href":"https:\/\/www.worldofart.org\/arhiv.worldofart.org\/aktualno\/wp-json\/wp\/v2\/users\/1"}],"replies":[{"embeddable":true,"href":"https:\/\/www.worldofart.org\/arhiv.worldofart.org\/aktualno\/wp-json\/wp\/v2\/comments?post=140"}],"version-history":[{"count":1,"href":"https:\/\/www.worldofart.org\/arhiv.worldofart.org\/aktualno\/wp-json\/wp\/v2\/pages\/140\/revisions"}],"predecessor-version":[{"id":9487,"href":"https:\/\/www.worldofart.org\/arhiv.worldofart.org\/aktualno\/wp-json\/wp\/v2\/pages\/140\/revisions\/9487"}],"up":[{"embeddable":true,"href":"https:\/\/www.worldofart.org\/arhiv.worldofart.org\/aktualno\/wp-json\/wp\/v2\/pages\/137"}],"wp:attachment":[{"href":"https:\/\/www.worldofart.org\/arhiv.worldofart.org\/aktualno\/wp-json\/wp\/v2\/media?parent=140"}],"wp:term":[{"taxonomy":"category","embeddable":true,"href":"https:\/\/www.worldofart.org\/arhiv.worldofart.org\/aktualno\/wp-json\/wp\/v2\/categories?post=140"},{"taxonomy":"post_tag","embeddable":true,"href":"https:\/\/www.worldofart.org\/arhiv.worldofart.org\/aktualno\/wp-json\/wp\/v2\/tags?post=140"}],"curies":[{"name":"wp","href":"https:\/\/api.w.org\/{rel}","templated":true}]}}