{"id":1404,"date":"2012-02-03T15:06:22","date_gmt":"2012-02-03T13:06:22","guid":{"rendered":"http:\/\/www.worldofart.org\/aktualno\/?page_id=1404"},"modified":"2018-06-18T18:33:48","modified_gmt":"2018-06-18T16:33:48","slug":"atom2-a-je-to-umetnost-phantom-to-mindset","status":"publish","type":"page","link":"https:\/\/www.worldofart.org\/arhiv.worldofart.org\/aktualno\/stirinajsti-letnik-20112013\/atom2-a-je-to-umetnost-phantom-to-mindset","title":{"rendered":"ATOM2, A je TO! uMetnost, phAntom TO Mindset"},"content":{"rendered":"<p><a href=\"https:\/\/www.worldofart.org\/arhiv.worldofart.org\/aktualno\/\">Svet umetnosti, \u0160ola za sodobno umetnost<\/a> (<a href=\"http:\/\/www.scca-ljubljana.si\/\" target=\"_blank\">SCCA, Zavod za sodobno umetnost \u2013 Ljubljana<\/a>)<br \/>\nin <a href=\"http:\/\/www.artandeducation.net\/announcement\/postgraduate-program-in-curating-at-zurich-university-of-the-arts\/\" target=\"_blank\">Podiplomski program kuratorstva In\u0161tituta za kulturolo\u0161ke \u0161tudije<\/a> (<a href=\"http:\/\/www.zhdk.ch\/\" target=\"_blank\">Univerze za umetnost Z\u00fcrich<\/a>)<\/p>\n<p>Januar 2011\u2013junij 2012<\/p>\n<hr \/>\n<p><strong>O projektu ATOM<sup>2<\/sup><\/strong><\/p>\n<p>Projekt ATOM<sup>2<\/sup> se osredoto\u010da na usposabljanje bodo\u010dih kustosov, kulturnih kritikov in novinarjev, na organiziranje njihovega povezovanja, na izmenjavo njihovih dobrih praks in izku\u0161enj ter na priob\u010devanje njihovega dela. Ponuja metodologijo, inovativne \u0161tudijske module in podporo bodo\u010dim kustosom, kulturnim kritikom in novinarjem pri refleksiji sodobne umetnosti tako, da ta ne bi bila ve\u010d fantomska in nerazumljena, pa\u010d pa bi postala samoumevna v miselnosti \u0161ir\u0161e javnosti.<\/p>\n<p>S partnerji iz \u0160vice ter pridru\u017eenimi partnerji iz Slovenije bomo raziskali, evidentirali, analizirali in ovrednotili kuratorske in kriti\u0161ke prakse v obeh prostorih, kar bo vplivalo na razvoj nujnih mehanizmov sveta umetnosti. Pomembno je tudi, da so ena od na\u0161ih ciljnih skupin bodo\u010di kustosi in kritiki, ki jih bomo tako \u017ee v procesu izobra\u017eevanja opremili s klju\u010dnim znanji, kakor tudi metodami, kako se odgovorno spoprijemati s kompleksno materijo sodobne umetnosti. Tako bodo u\u010dinki razpr\u0161eni in se bodo udejanjali skozi njihovo prihodnje delovanje. Z na\u0161imi pridru\u017eenimi partnerji iz Slovenije bomo pripravili okolje za plodno mre\u017eenje \u0161tudentov, ki bodo imeli omogo\u010den vpogled v umetnostno sceno drugega, kar jim bo prineslo tudi zmo\u017enost bolj objektivnega pogleda na lastno situacijo doma. Obenem bodo sodelovali pri odpiranju in analiziranju klju\u010dnih vpra\u0161anj iz polja kuratorskih in kriti\u0161kih praks. Primere dobrih praks bomo obelodanili in postavili na ogled v mini seriji predavanj, ki bodo naslavljala \u0161ir\u0161o javnost, prina\u0161ala pa bodo pri\u010devanja strokovnjakov iz Slovenije in \u0160vice, ki bodo predstavljali primere dobre prakse, obenem pa jih bodo \u017ee postavljali v \u0161ir\u0161i kontekst.<\/p>\n<p>Segli pa bomo tudi \u0161ir\u0161e. Posebna \u0161tevilka internetne revije <a href=\"http:\/\/www.on-curating.org\/\" target=\"_blank\">On.Curating<\/a> (sicer delo na\u0161ih \u0161vicarskih partnerjev), ki je fokusirana na vpra\u0161anja kuratorske prakse in teorije, bo posegla na prese\u010di\u0161\u010de sorodnih tematik obeh kulturnih podro\u010dij (Slovenije in \u0160vice) in bo tako ne le predstavila primere dobre prakse, pa\u010d pa jih tudi umestila v \u0161ir\u0161i teoretski okvir. Zbornik V precepu kuratorskih praks pa prina\u0161a zaklju\u010dek sistemati\u010dnega in aplikativnega dela v zapolnjevanju velike vrzeli v teoretski obravnavi sodobnih umetnostnih vpra\u0161anj s posebnim ozirom na dru\u017ebeno ozave\u0161\u010denih in urbanih projektih. Prina\u0161a \u0161ir\u0161o referen\u010dnost in zagotavlja aplikativnost \u2013 trajno uporabnost v \u0161tudijske ter prakti\u010dno uporabne namene. Gre za objavo izsledkov sistemati\u010dnega dela, ki vklju\u010duje tako umetnike kot teoretike in bo prakti\u010dno uporabno tako za umetnostne in izobra\u017eevalne ustanove kot za \u0161ir\u0161e bralstvo, ki ga zanima sodobna umetnost. Revija in zbornik bosta odprla, raziskala in razvila \u0161tevilne klju\u010dne teme, ki bodo zavoljo formata ostale kot eno od klju\u010dnih gradiv za bodo\u010de raziskovalce, kustose, kritike, teoretike s podro\u010dja umetnostnih in dru\u017eboslovnih praks, pa tudi \u0161ir\u0161e bosta s svojo zasnovo zanimivi tudi za tiste, ki jih sodobna umetnost zgolj zanima.<\/p>\n<hr \/>\n<p><strong>Predavanja<\/strong><\/p>\n<p><strong>V Z\u00fcrichu<\/strong> v okviru <a href=\"http:\/\/www.artandeducation.net\/announcement\/postgraduate-program-in-curating-at-zurich-university-of-the-arts\/\" target=\"_blank\">Podiplomskega programa kuratorstva in\u0161tituta za kulturne \u0161tudije z Univerze za umetnost<\/a> (<a href=\"http:\/\/www.zhdk.ch\/\" target=\"_blank\">Z\u00fcrich Art University<\/a>):<\/p>\n<ul>\n<li><a href=\"http:\/\/www.scca-ljubljana.si\/news_11_71.htm\" target=\"_blank\"><strong>Sa\u0161a Nabergoj<\/strong>:<em> Studio 6 in Svet umetnosti kot primera &#8220;alternativne&#8221; kuratorske strategije<\/em><\/a>, 30. 9. 2011<\/li>\n<li><a href=\"https:\/\/www.worldofart.org\/arhiv.worldofart.org\/aktualno\/archives\/1351\"><strong>Petra Kap\u0161<\/strong>: <em>Lete ali Mnemozina za fu-(turo), OR kot omniprisotna trojnost: poiesis, tehn\u00e9, parrhesia<\/em><\/a>,<br \/>\n16. 12. 2011<\/li>\n<\/ul>\n<p><strong>V Ljubljani<\/strong> v okviru Sveta umetnosti, \u0160ole za kustose in kritike sodobne umetnosti, SCCA-Ljubljana:<\/p>\n<ul>\n<li><a href=\"https:\/\/www.worldofart.org\/arhiv.worldofart.org\/aktualno\/archives\/1279\"><strong>S\u00f8nke Gau in Katharina Schlieben<\/strong>: <em>Imamo delo! Ali ujet med dvema stranema: Prevpra\u0161evanje pogojev produkcije \u2026<\/em><\/a>, 26. 1. 2012<\/li>\n<li><a href=\"https:\/\/www.worldofart.org\/arhiv.worldofart.org\/aktualno\/archives\/1351\"><strong>Petra Kap\u0161<\/strong>: <em>Lete ali Mnemozina za fu-(turo), OR kot omniprisotna trojnost: poiesis, tehn\u00e9, parrhesia<\/em><\/a>,<br \/>\n20. 2. 2012<\/li>\n<li><a href=\"https:\/\/www.worldofart.org\/arhiv.worldofart.org\/aktualno\/archives\/1600\"><strong>Dorothee Richter<\/strong>: <em>Umetniki in kustosi kot avtorji \u2013 tekmeci, sodelovci ali \u010dlani iste ekipe?<\/em><\/a>,<br \/>\nv \u010detrtek, 15. 3. 2012 ob 19.00, otvoritveno predavanje razstave Printaj!, MGLC, Ljubljana.<\/li>\n<\/ul>\n<hr \/>\n<p><a href=\"https:\/\/www.worldofart.org\/arhiv.worldofart.org\/aktualno\/zborniki\"><img decoding=\"async\" style=\"padding-right: 10px;\" src=\"https:\/\/www.worldofart.org\/arhiv.worldofart.org\/aktualno\/wp-content\/zborniki\/svet7-14.jpg\" alt=\"Zbornik V precepu kuratorskih praks\" width=\"100px\" align=\"left\" \/><\/a><strong>Zbornik<\/strong><\/p>\n<p>Naslov: <em><a href=\"https:\/\/www.worldofart.org\/arhiv.worldofart.org\/aktualno\/zborniki\">V precepu kuratorskih praks<\/a><\/em><\/p>\n<p>Urednica: Sa\u0161a Nabergoj<br \/>\nAsistentka: Simona \u017dvanut<\/p>\n<div style=\"height: 40px;\"><\/div>\n<hr \/>\n<p><a id=\"ekskurzije\" name=\"ekskurzije\"><\/a><\/p>\n<p><strong>\u0160tudijske ekskurzije<\/strong><\/p>\n<p><strong>Zagreb in Z\u00fcrich v Ljubljani: 14.\u201316. marec 2012<\/strong><br \/>\n<a href=\"https:\/\/www.worldofart.org\/arhiv.worldofart.org\/aktualno\/wp-content\/2011-13\/Introduction-for-visiting-students.pdf\" target=\"_blank\"><strong>Spremljevalni program (pdf)<\/strong><\/a><br \/>\n[namenjen te\u010dajnikom 14. letnika Sveta umetnosti, \u0161tudentom magistrskega \u0161tudija kuratorstva iz Z\u00fcricha in u\u010dencem \u0161ole za pisanje kritike sodobne umetnosti iz Zagreba]<br \/>\nPripravili: Sa\u0161a Nabergoj z <a href=\"https:\/\/www.worldofart.org\/arhiv.worldofart.org\/aktualno\/stirinajsti-letnik-20112013\/udelezenci-sole-20112013\">Majo Alibegovi\u0107, Majo Anton\u010di\u010d, Lenko \u0110orojevi\u0107, Jasno Jernej\u0161ek, Miho Kelemino, Darijo Kova\u010di\u010d, Nino Skumavc, Nino Sotel\u0161ek, Denisom Volkom<\/a><br \/>\nOblikovanje: Maja Alibegovi\u0107<\/p>\n<div class=\"komentar2\">\n<p class=\"komentarslike\"><a href=\"https:\/\/www.worldofart.org\/arhiv.worldofart.org\/aktualno\/fotodnevnik-studijske-ekskurzije-zurich-v-ljubljani\"><img decoding=\"async\" style=\"border: 0; margin: 0; padding: 0 0 7px 0;\" src=\"https:\/\/www.worldofart.org\/arhiv.worldofart.org\/aktualno\/wp-content\/2011-13\/printaj\/fotodnevnik450\/fotodnevnik-kolaz.jpg\" alt=\"Fotodnevnik Z\u00fcrich v Ljubljani: 14.\u201316. marec 2012\" \/><br \/>\n<strong>Fotodnevnik Zagreb in Z\u00fcrich v Ljubljani: 14.\u201316. marec 2012<\/strong><\/a><\/p>\n<\/div>\n<p>&#8212;<\/p>\n<p><strong>Ljubljana v Z\u00fcrichu: 18.\u201321. april 2012<\/strong><br \/>\n<strong><a href=\"https:\/\/www.worldofart.org\/arhiv.worldofart.org\/aktualno\/wp-content\/2011-13\/ekskurzija-zurich\/program-in-zurich-20120418-21.pdf\">Spremljevalni program (pdf)<\/a><\/strong><br \/>\n[namenjen te\u010dajnikom 14. letnika Sveta umetnosti in \u0161tudentom magistrskega \u0161tudija kuratorstva iz Z\u00fcricha]<br \/>\nPripravila: Dimitrina Sevova<\/p>\n<div class=\"komentar2\">\n<p class=\"komentarslike\"><a href=\"https:\/\/www.worldofart.org\/arhiv.worldofart.org\/aktualno\/archives\/2176\"><img decoding=\"async\" style=\"border: 0; margin: 0; padding: 0 0 7px 0;\" src=\"https:\/\/www.worldofart.org\/arhiv.worldofart.org\/aktualno\/wp-content\/2011-13\/ekskurzija-zurich\/zurich-kolaz.jpg\" alt=\"Ljubljana v Z\u00fcrichu: 18.\u201321. april 2012\" \/><br \/>\n<strong>Poro\u010dilo z ekskurzije Ljubljana v Z\u00fcrichu: 18.\u201321. april 2012<\/strong><\/a><\/p>\n<\/div>\n<div style=\"clear: both;\"><\/div>\n<hr \/>\n<p><a id=\"printaj\" name=\"printaj\"><\/a><br \/>\n<strong>Razstava<\/strong><\/p>\n<h2 style=\"padding-left: 0px;\">Printaj!<\/h2>\n<p><em>Razstava umetni\u0161kih publikacij, otvoritveno predavanje (Dorothee Richter)<\/em><\/p>\n<p><strong>15. 3. 2012\u221225. 3. 2012<\/strong><br \/>\n<a href=\"http:\/\/www.mglc-lj.si\/slo\/index.htm\">MGLC<\/a>, Pod turnom 3, Ljubljana<br \/>\nPripravila: <a href=\"https:\/\/www.worldofart.org\/arhiv.worldofart.org\/aktualno\/ekipa#sasa\"><strong>Sa\u0161a Nabergoj <\/strong><\/a><br \/>\nAsistenta: <strong><a href=\"https:\/\/www.worldofart.org\/arhiv.worldofart.org\/aktualno\/ekipa#simona\">Simona \u017dvanut<\/a>, <a href=\"https:\/\/www.worldofart.org\/arhiv.worldofart.org\/aktualno\/stirinajsti-letnik-20112013\/udelezenci-sole-20112013#miha\">Miha Kelemina<\/a><\/strong><\/p>\n<p>Umetniki: <strong>Brigit Brenner, Dani Gal, Guerilla Girls, Clare Kenny, Lucie Kolb, Monochrom, Ana Rold\u00e1n, Shirana Shahbazi, Riikka Tauriainen<\/strong><\/p>\n<div class=\"komentar2\">\n<p class=\"komentarslike\"><img decoding=\"async\" style=\"border: 0; margin: 0; padding: 0 0 7px 0;\" src=\"https:\/\/www.worldofart.org\/arhiv.worldofart.org\/aktualno\/wp-content\/2011-13\/printaj\/printaj-kolaz.jpg\" alt=\"Printaj!\" \/><br \/>\nVir: <a href=\"http:\/\/www.curating.org\/index.php\/shared_projects\/Editions-Ready-to-Print-13-16-x-A4-A0-x-13\" target=\"_blank\"><em>Editions \u2013 Ready to Print 13<\/em><\/a><\/p>\n<\/div>\n<div style=\"clear: both;\"><\/div>\n<p>Na razstavi <strong>Printaj!<\/strong> je Sa\u0161a Nabergoj pripravila izbor umetni\u0161kih edicij projekta <em>Editions \u2013 Ready to Print 13 (16 x A4) = A0 x 13 <\/em>in jih postavila v prostor Mednarodnega grafi\u010dnega centra v Ljubljani. Gre za problemsko, \u0161tudijsko razstavo, ki se ukvarja z vpra\u0161anji demokrati\u010dnega modela distribucije umetnosti in vzpostavlja dialog s konceptualno umetnostjo ter izgubljeno avro avtorja \u2013 umetnika. Obenem prevpra\u0161uje vlogo kustosa, njegove pozicije mo\u010di in strokovnosti v svetu umetnosti.<\/p>\n<p><strong>Sprintaj svojo izbiro publikacij <a href=\"http:\/\/www.on-curating.org\/issue_10.php\" target=\"_blank\">http:\/\/www.on-curating.org\/issue_10.php<\/a> in po\u0161lji fotografijo na naslov office@curating.org!<\/strong><\/p>\n<p>&#8212;<br \/>\n<a id=\"predavanje\" name=\"predavanje\"><\/a><br \/>\nOtvoritveno predavanje<\/p>\n<p><strong>Dorothe Richter: <em>Umetniki in kustosi kot avtorji \u2013 tekmeci, sodelavci ali \u010dlani iste ekipe?<\/em><\/strong>, ob 19.00, MGLC, Ljubljana. Predavanje je bilo v angle\u0161\u010dini.<br \/>\nV predavanju je prevpra\u0161evala umetni\u0161ko in kuratorsko avtorstvo in ga sku\u0161ala postaviti v \u0161ir\u0161i zgodovinski okvir. So umetniki in kustosi tekmeci pri prila\u0161\u010danju avtorstva v sodobni umetnosti? So kuratorji posvojili proces umetni\u0161ke samoorganizacije in \u010de so res, kak\u0161ne so posledice? Ali so umetniki in kustosi sodelavci na podro\u010dju, kjer je prila\u0161\u010danje avtorstva rahlo nedefinirano in kot tako bolj fleksibilno in odprto?<\/p>\n<p><a href=\"https:\/\/www.worldofart.org\/arhiv.worldofart.org\/aktualno\/stirinajsti-letnik-20112013\/predavatelji-20112013#richter\">Ve\u010d o predavateljici<\/a><br \/>\n<a href=\"https:\/\/www.worldofart.org\/arhiv.worldofart.org\/aktualno\/archives\/4690\">Vsebina predavanja<\/a><\/p>\n<p>&#8212;<\/p>\n<p>O razstavi<\/p>\n<p>Leta 2011 so udele\u017eenci kuratorskega programa pod vodstvom Dorothee Richter in Andree Rocca povabili trinajst umetnikov zelo razli\u010dnih provinienc k produkciji PDF knji\u017enih izdaj. Vsak od njih je ustvaril delo na papirju sestavljeno iz 16 strani formata A4; ve\u010dina bo na razstavi sestavljena v eno dvodimenzionalno delo formata A0. Te sodobne umetni\u0161ke edicije so dostopne na internetu, kdorkoli jih lahko brezpla\u010dno nalo\u017ei in razstavi.<\/p>\n<p>Umetni\u0161ke edicije nadaljujejo tradicijo multiplov in izdaj, ki so jih producirali umetniki v 60-ih; spomnimo se \u010dlanov Fluxusa, ki so predstavljali svojo umetnost v omejenih edicijah v izlo\u017ebah. Tako so umetnost hoteli lo\u010diti od njene auratske vzvi\u0161enosti in jo narediti dostopno vsem. Tovrstna praksa je odprla vrata \u0161tevilnih edicijam umetnikov, ki so predvsem v na\u0161em prostoru (pa tudi v na\u0161i neposredni bli\u017eini; denimo na Hrva\u0161kem) do\u017eivele silovit razmah v preteklih desetletjih in so \u0161e danes klju\u010den del umetni\u0161ke produkcije. Razstava je premi\u0161ljeno ume\u0161\u010dena v MGLC, Mednarodni grafi\u010dni center, ki \u017ee desetletja sistemati\u010dno zbira, raziskuje in producira umetni\u0161ke edicije. Kustosinji razstave se dotikata \u0161tevilnih vpra\u0161anj, ki jih je odprl tudi lanski grafi\u010dni bienale, predvsem vpra\u0161anj posodobljenja in aktualnosti preteklih formatov umetni\u0161kih del v \u010dasu digitalne reprodukcije in medmre\u017ene distribucije.<\/p>\n<p>Dematerializacija umetni\u0161kega objekta v okviru razstavnega projekta <strong>Printaj!<\/strong> je dosegla nov nivo. &#8220;Material&#8221; razstave je namre\u010d v PDF obliki brezpla\u010dno dostopen na medmre\u017eju in teoreti\u010dno na voljo prav vsakemu, ki ima v lasti printer in nekaj lepilnega traku. Umetni\u0161ki objekt je odtujen od samega sebe, spremenjen v serijo neskon\u010dno podobnih in enakovrednih objektov, ki preobra\u010dajo logiko vsakdanjega in tako tudi &#8220;avro&#8221;, ta &#8220;edinstven fenomen oddaljenosti, ne glede na to, kako blizu je lahko&#8221; (kot pravi Benjamin). Tovrstna revolucionarna oblika dostopa do digitalnih izdaj odpira nove odnose in u\u010dinke, ki ne le ponovno oblikujejo estetski u\u017eitek, ampak tudi vplivajo na na\u0161e razumevanje umetnosti \/ vizualnih sporo\u010dil. Umetnost tako razumemo kot del vsakdanjega \u017eivljenja, pa tudi kot politi\u010dno dejanje, kot dogodek, ki tako prekinja ustaljeno naracijo in oblikuje nove.<\/p>\n<p>Razstavo je spremljal bogat spremljevalni program, ki so ga sooblikovali \u0161tudenti magistrskega \u0161tudija kuratorstva iz Z\u00fcricha, udele\u017eenci Sveta umetnosti, \u0161ole za sodobno umetnost iz Ljubljane in u\u010denci \u0161ole za pisanje kritike sodobne umetnosti iz Zagreba. Sestavljen je bil iz usmerjenih pogovorov, programa \u0161tudijskih obiskov v ljubljanskih umetnostnih institucijah in predavanj.<\/p>\n<p>Koncept projekta <a href=\"http:\/\/www.curating.org\/index.php\/shared_projects\"><em> Editions \u2013 Ready to Print 13 (16 x A4) = A0 x 13<\/em><\/a>: Dorothee Richter, Andrea Roca with Milena Brendle, Chantal Bron, Melanie Buechel, Jeannine Herrmann, Amber Hickey, Sonja Hug, Garance Massart-Blum, Candida Pestana, Corinne Rinaldis, Dimitrina Sevova, Lindsey Sharman, Catrina Sonderegge<\/p>\n<p><em>Sa\u0161a Nabergoj<\/em><\/p>\n<p>&#8212;<br \/>\n<a id=\"foto\" name=\"foto\"><\/a><br \/>\nSlikovno gradivo:<\/p>\n<ul>\n<li><a href=\"http:\/\/www.scca-ljubljana.si\/press\/razstava-printaj\/\" target=\"_blank\">Fotografije za medije<\/a><\/li>\n<li><a href=\"https:\/\/www.worldofart.org\/arhiv.worldofart.org\/aktualno\/stirinajsti-letnik-20112013\/atom2-a-je-to-umetnost-phantom-to-mindset\/dela-na-razstavi-printaj\">Dela na razstavi<\/a><\/li>\n<li><a href=\"https:\/\/www.worldofart.org\/arhiv.worldofart.org\/aktualno\/stirinajsti-letnik-20112013\/atom2-a-je-to-umetnost-phantom-to-mindset\/fotografije-postavitve\">Fotografije postavitve<\/a><\/li>\n<li><a href=\"https:\/\/www.worldofart.org\/arhiv.worldofart.org\/aktualno\/stirinajsti-letnik-20112013\/atom2-a-je-to-umetnost-phantom-to-mindset\/fotografije-predavanja-in-otvoritve\">Fotografije predavanja in otvoritve<\/a><\/li>\n<\/ul>\n<p>&#8212;<\/p>\n<p><a href=\"https:\/\/www.worldofart.org\/arhiv.worldofart.org\/aktualno\/wp-content\/2011-13\/printaj\/Razstava-PRINTAJ-press.doc\" target=\"_blank\">Objave v medijih (.doc)<\/a><\/p>\n<p>&#8212;<\/p>\n<p>Kritika razstave: <a href=\"https:\/\/www.worldofart.org\/arhiv.worldofart.org\/aktualno\/archives\/1998\">Kako preprosto je natisniti in predstaviti umetni\u0161ko delo? (Maja Anton\u010di\u010d)<\/a><\/p>\n<hr \/>\n<p><strong>Mednarodna spletna revija<\/strong><\/p>\n<p><a href=\"http:\/\/on-curating.org\/issue_14.php\" target=\"_blank\"><img decoding=\"async\" style=\"padding-right: 15px;\" src=\"https:\/\/www.worldofart.org\/arhiv.worldofart.org\/aktualno\/wp-content\/2011-13\/oncurating_issue_14_12_small.jpg\" alt=\"On.Curating Issue 14\" align=\"left\" \/><\/a>Sodelovanje zaklju\u010duje 14. \u0161tevilka mednarodne spletne revije <a href=\"http:\/\/www.on-curating.org\/\" target=\"_blank\">On.Curating<\/a>. Revija je namenjena vpra\u0161anjem o kuratorski praksi in teoriji, izdaja pa jo Podiplomski program kuratorstva In\u0161tituta za kulturolo\u0161ke \u0161tudije.<\/p>\n<p>14. \u0161tevilka, ki sta jo uredili <strong>Dorothee Richter<\/strong> in <strong>Sa\u0161a Nabergoj<\/strong>, predstavlja izbor tekstov in intervjujev iz arhiva Sveta umetnosti od leta 1997 do danes, zbranih pod naslovom From the World of Art Archive. Vsa besedila, prvi\u010d objavljena v letnih <a href=\"https:\/\/www.worldofart.org\/arhiv.worldofart.org\/zbornik.htm\" target=\"_blank\">antologijah Sveta umetnosti<\/a> in \u0161e vedno dostopna na arhivskih straneh Sveta umetnosti, tvorijo zanimiv pregled raznolikosti kuratorskih pristopov, premi\u0161ljevanj in vpra\u0161anj o kriti\u0161ki in kuratorski praksi v spreminjajo\u010dem se svetu umetnosti zadnjih petnajst let. V reviji so zbrani prispevki mednarodno delujo\u010dih kuratorjev, kritikov, teoretikov in umetnikov: <strong>Boris Buden, Eda \u010cufer, Cl\u00e9mentine Deliss, Charles Esche, Charles Harrison, Mike Hentz, Oliver Marchart, Suzana Milevska, Sa\u0161a Nabergoj in Dorothee Richter, Nora Sternfeld in Luisa Ziaja, WHW, Miha Zadnikar.<\/strong><\/p>\n<p>Naro\u010dite lahko tudi <a title=\"natisnjeno 14. \u0161tevilko\" href=\"http:\/\/www.amazon.de\/OnCurating-Issue-14-World-Archive\/dp\/1482364735\/ref=sr_1_8?s=books-intl-de&amp;ie=UTF8&amp;qid=1360272653&amp;sr=1-8\">natisnjeno 14. \u0161tevilko<\/a>!<\/p>\n<p><a href=\"http:\/\/on-curating.org\/issue_14.php\" target=\"_blank\"><strong>VE\u010c O REVIJI<\/strong><\/a><\/p>\n<hr \/>\n<p>Produkcija: <a href=\"http:\/\/www.scca-ljubljana.si\/\" target=\"_blank\">SCCA, Zavod za sodobno umetnost \u2013 Ljubljana<\/a><br \/>\nKoprodukcija: <a href=\"http:\/\/www.curating.org\/\" target=\"_blank\">Podiplomski program kuratorstva In\u0161tituta za kulturolo\u0161ke \u0161tudije<\/a> z <a href=\"http:\/\/www.zhdk.ch\/\" target=\"_blank\">Univerze za umetnost Z\u00fcrich<\/a>.<\/p>\n<p>Podprto z donacijo \u0160vice v okviru <a href=\"http:\/\/www.svicarski-prispevek.si\" target=\"_blank\">\u0160vicarskega prispevka raz\u0161irjeni Evropski uniji.<br \/>\n<img decoding=\"async\" src=\"https:\/\/www.worldofart.org\/arhiv.worldofart.org\/aktualno\/wp-content\/swiss-contribution.gif\" alt=\"Swiss Contribution\" \/><\/a><\/p>\n<p>Zahvala: <a href=\"http:\/\/www.mglc-lj.si\/slo\/index.htm\" target=\"_blank\">Mednarodni grafi\u010dni likovni center (MGLC)<br \/>\n<img decoding=\"async\" src=\"https:\/\/www.worldofart.org\/arhiv.worldofart.org\/aktualno\/wp-content\/2011-13\/mglc.jpg\" alt=\"MGLC\" \/><\/a><\/p>\n","protected":false},"excerpt":{"rendered":"<p>Svet umetnosti, \u0160ola za sodobno umetnost (SCCA, Zavod za sodobno umetnost \u2013 Ljubljana) in Podiplomski program kuratorstva In\u0161tituta za kulturolo\u0161ke \u0161tudije (Univerze za umetnost Z\u00fcrich) Januar 2011\u2013junij 2012 O projektu ATOM2 Projekt ATOM2 se osredoto\u010da na usposabljanje bodo\u010dih kustosov, kulturnih kritikov in novinarjev, na organiziranje njihovega povezovanja, na izmenjavo njihovih dobrih praks in izku\u0161enj ter [&hellip;]<\/p>\n","protected":false},"author":1,"featured_media":0,"parent":866,"menu_order":0,"comment_status":"closed","ping_status":"closed","template":"","meta":{"footnotes":""},"categories":[],"tags":[],"_links":{"self":[{"href":"https:\/\/www.worldofart.org\/arhiv.worldofart.org\/aktualno\/wp-json\/wp\/v2\/pages\/1404"}],"collection":[{"href":"https:\/\/www.worldofart.org\/arhiv.worldofart.org\/aktualno\/wp-json\/wp\/v2\/pages"}],"about":[{"href":"https:\/\/www.worldofart.org\/arhiv.worldofart.org\/aktualno\/wp-json\/wp\/v2\/types\/page"}],"author":[{"embeddable":true,"href":"https:\/\/www.worldofart.org\/arhiv.worldofart.org\/aktualno\/wp-json\/wp\/v2\/users\/1"}],"replies":[{"embeddable":true,"href":"https:\/\/www.worldofart.org\/arhiv.worldofart.org\/aktualno\/wp-json\/wp\/v2\/comments?post=1404"}],"version-history":[{"count":19,"href":"https:\/\/www.worldofart.org\/arhiv.worldofart.org\/aktualno\/wp-json\/wp\/v2\/pages\/1404\/revisions"}],"predecessor-version":[{"id":9575,"href":"https:\/\/www.worldofart.org\/arhiv.worldofart.org\/aktualno\/wp-json\/wp\/v2\/pages\/1404\/revisions\/9575"}],"up":[{"embeddable":true,"href":"https:\/\/www.worldofart.org\/arhiv.worldofart.org\/aktualno\/wp-json\/wp\/v2\/pages\/866"}],"wp:attachment":[{"href":"https:\/\/www.worldofart.org\/arhiv.worldofart.org\/aktualno\/wp-json\/wp\/v2\/media?parent=1404"}],"wp:term":[{"taxonomy":"category","embeddable":true,"href":"https:\/\/www.worldofart.org\/arhiv.worldofart.org\/aktualno\/wp-json\/wp\/v2\/categories?post=1404"},{"taxonomy":"post_tag","embeddable":true,"href":"https:\/\/www.worldofart.org\/arhiv.worldofart.org\/aktualno\/wp-json\/wp\/v2\/tags?post=1404"}],"curies":[{"name":"wp","href":"https:\/\/api.w.org\/{rel}","templated":true}]}}