{"id":141,"date":"2008-01-17T13:40:45","date_gmt":"2008-01-17T11:40:45","guid":{"rendered":"http:\/\/www.worldofart.org\/aktualno\/leto_2006-07\/teksti-udelezencev-200607\/umetnik-je-turist-potnik-transformer\/"},"modified":"2018-07-11T21:29:57","modified_gmt":"2018-07-11T19:29:57","slug":"umetnik-je-turist-potnik-transformer","status":"publish","type":"page","link":"https:\/\/www.worldofart.org\/arhiv.worldofart.org\/aktualno\/leto_2006-07\/teksti-udelezencev-200607\/umetnik-je-turist-potnik-transformer","title":{"rendered":"Umetnik je &#8220;turist&#8221;, potnik, transformer &#8230;"},"content":{"rendered":"<blockquote><p>&#8220;Umetnik je &#8216;turist&#8217; (potnik, transformer, figura poze), ki na povr\u0161ini svoje ko\u017ee in gest odkriva sledove kulture, skozi katere prehaja.&#8221;<br \/>\n(M. \u0160uvakovi\u0107)<\/p><\/blockquote>\n<p>Moj izbor del za to razstavo, pri kateri je glavni izziv soo\u010danje osebnih vidikov heterogene skupine kuratorjev, temelji na odlo\u010ditvi za sodelovanje z umetnikom Simonom Macuhom, ki je bil moj sodelavec \u017ee pri koncipiranju javne debate s \u010detrtimi letniki ljubljanske Akademije za likovno umetnost in oblikovanje na temo <em>Znotraj\/zunaj: \u0161ola, sistem, \u0161tudentje, mentorji<\/em> v okviru projekta LabSUs v Galeriji \u0160KUC junija 2007. Simon Macuh svojega izra\u017eanja ne omejuje samo na kiparstvo, ampak se soo\u010da tudi z drugimi mediji in drugimi vrstami izra\u017eanja. Tako se je na moje vabilo odzval s predlogom, da se razstave udele\u017ei s serijo koloriranih risb na papirju, ki bo v \u010dasu priprav na razstavo nastala na potovanju po Maroku. Proces nastajanja podob v okolju ikonoklasti\u010dnega islama, v katerem modeli in sogovorniki sodelujejo tudi s svojimi posegi, se je prelevil v svojevrstno dru\u017eabno igro, ki Simona vsekakor bolj zanima kot produkcija razgledni\u010dnih motivov. Z odlo\u010ditvijo za tak\u0161no performativno gesto se vpisuje v tisto podro\u010dje umetni\u0161kega delovanja, ki temelji na komunikaciji, zastavlja vpra\u0161anja in spodbuja k dialogu.  <\/p>\n<p>Pri razmisleku o kontekstualizaciji dela Simona Macuha sem se odlo\u010dila, da k sodelovanju povabim \u0161e Bo\u0161tjana Ma\u0161ero, filmskega ustvarjalca, ki se ukvarja tudi s fotografijo. V umetnostni kontekst je z njo vstopil prek projekta Kiki Omerzel <em>Odnosi<\/em> (2001\u2013), v okviru te razstave pa bi se predstavil s fotografijami, ki so nastale na najinem skupnem potovanju po Tur\u010diji poleti 2007. Ob poznavanju njegove filmografije me je pritegnilo, kako gre pri fotografijah bolj kot za preizpra\u0161evanje filmsko-dokumentarne zaznave skozi fotografski pogled za strategijo pri\u010devanja o kulturi in krajih, skozi katere avtor prehaja; slednji\u010d se ta strategija izka\u017ee za hojo po obmo\u010djih lastnih emocij. Z avtorjem sem sodelovala v procesu izbora fotografij in koncipiranja postavitve, ki bi s precizno umestitvijo, pa tudi z izbiro formata, dosegala ve\u010dplastno berljivost. Tako naj bi estetsko-simbolno iz\u010di\u0161\u010dene pove\u010dave dopolnjevali dosledni in nepretenciozni posnetki na manj\u0161em formatu, ki bi pri\u010dali o kontekstu svojega nastanka, pa tudi o artikuliranem pogledu na dru\u017ebeno stvarnost. \u017dal je avtor v \u010dasu priprav za medijsko najavo razstave, za katero je menil, da je trajala predolgo, odstopil od projekta.  <\/p>\n<p>Od prvotno zami\u0161ljene sopostavitve dveh razli\u010dnih umetni\u0161kih\/avtorskih strategij bele\u017eenja &#8220;sledov kulture&#8221; v okvirih galerijskega prostora, ki ju po mojem mnenju pomensko zelo ustrezno osvetljuje izbrani citat \u0160uvakovi\u0107a, je torej ostala le ena. Z izpraznitvijo mesta tista, ki je odpadla, strukturno \u0161e vedno u\u010dinkuje, tako znotraj koncepta mojega izbora kot tudi njegove realizacije znotraj celotne razstave. To je tista &#8220;materializacija naklju\u010dja&#8221;, ki <em>moj osebni kuratorski interes<\/em> za avtorska pri\u010devanja o stanju stvari v stvarnosti postavlja v druga\u010dno perspektivo od predvidene. Kljub vsemu ga izdvaja iz domene individualnega in zapleta v nestabilno in preto\u010dno diskurzivno mre\u017eo znakov, posplo\u0161evanj in tkanja pomenov. Poetika artikuliranja znamenj druge kulture, ki bo sedaj samostojno prezentirana v javni sferi sveta umetnosti, je pomensko ve\u010dplastna, a vendarle osebna, emocionalna in kot taka &#8220;resnico&#8221; o stvarnosti vra\u010da domeni individualnih pogledov. Sicer pa ne gre le za poetiko, marve\u010d tudi za specifi\u010den prostorsko-\u010dasovni senzorij, ki dolo\u010da na\u010dine, kako biti skupaj ali narazen, znotraj ali zunaj.   <\/p>\n<p>Mojca Puncer<\/p>\n","protected":false},"excerpt":{"rendered":"<p>&#8220;Umetnik je &#8216;turist&#8217; (potnik, transformer, figura poze), ki na povr\u0161ini svoje ko\u017ee in gest odkriva sledove kulture, skozi katere prehaja.&#8221; (M. \u0160uvakovi\u0107) Moj izbor del za to razstavo, pri kateri je glavni izziv soo\u010danje osebnih vidikov heterogene skupine kuratorjev, temelji na odlo\u010ditvi za sodelovanje z umetnikom Simonom Macuhom, ki je bil moj sodelavec \u017ee pri [&hellip;]<\/p>\n","protected":false},"author":1,"featured_media":0,"parent":137,"menu_order":0,"comment_status":"closed","ping_status":"closed","template":"","meta":{"footnotes":""},"categories":[],"tags":[],"_links":{"self":[{"href":"https:\/\/www.worldofart.org\/arhiv.worldofart.org\/aktualno\/wp-json\/wp\/v2\/pages\/141"}],"collection":[{"href":"https:\/\/www.worldofart.org\/arhiv.worldofart.org\/aktualno\/wp-json\/wp\/v2\/pages"}],"about":[{"href":"https:\/\/www.worldofart.org\/arhiv.worldofart.org\/aktualno\/wp-json\/wp\/v2\/types\/page"}],"author":[{"embeddable":true,"href":"https:\/\/www.worldofart.org\/arhiv.worldofart.org\/aktualno\/wp-json\/wp\/v2\/users\/1"}],"replies":[{"embeddable":true,"href":"https:\/\/www.worldofart.org\/arhiv.worldofart.org\/aktualno\/wp-json\/wp\/v2\/comments?post=141"}],"version-history":[{"count":1,"href":"https:\/\/www.worldofart.org\/arhiv.worldofart.org\/aktualno\/wp-json\/wp\/v2\/pages\/141\/revisions"}],"predecessor-version":[{"id":9484,"href":"https:\/\/www.worldofart.org\/arhiv.worldofart.org\/aktualno\/wp-json\/wp\/v2\/pages\/141\/revisions\/9484"}],"up":[{"embeddable":true,"href":"https:\/\/www.worldofart.org\/arhiv.worldofart.org\/aktualno\/wp-json\/wp\/v2\/pages\/137"}],"wp:attachment":[{"href":"https:\/\/www.worldofart.org\/arhiv.worldofart.org\/aktualno\/wp-json\/wp\/v2\/media?parent=141"}],"wp:term":[{"taxonomy":"category","embeddable":true,"href":"https:\/\/www.worldofart.org\/arhiv.worldofart.org\/aktualno\/wp-json\/wp\/v2\/categories?post=141"},{"taxonomy":"post_tag","embeddable":true,"href":"https:\/\/www.worldofart.org\/arhiv.worldofart.org\/aktualno\/wp-json\/wp\/v2\/tags?post=141"}],"curies":[{"name":"wp","href":"https:\/\/api.w.org\/{rel}","templated":true}]}}