{"id":143,"date":"2008-01-17T13:44:22","date_gmt":"2008-01-17T11:44:22","guid":{"rendered":"http:\/\/www.worldofart.org\/aktualno\/leto_2006-07\/teksti-udelezencev-200607\/utemeljitev-petja-grafenauer-krnc\/"},"modified":"2018-07-11T21:30:17","modified_gmt":"2018-07-11T19:30:17","slug":"utemeljitev-petja-grafenauer-krnc","status":"publish","type":"page","link":"https:\/\/www.worldofart.org\/arhiv.worldofart.org\/aktualno\/leto_2006-07\/teksti-udelezencev-200607\/utemeljitev-petja-grafenauer-krnc","title":{"rendered":"Utemeljitev, Petja Grafenauer Krnc"},"content":{"rendered":"<p>Moj izbor umetni\u0161kih del obeh umetnikov v prvi vrsti utemeljujem z zaupanjem v pomen in kvaliteto izbranih del. <\/p>\n<p>Drugi kriterij izbire je pogojen s skupno odlo\u010ditvijo kuratorjev razstave, da vsak izmed nas predstavi delo enega oz. dveh avtorjev, ki ju izbere glede na subjektivni, neteoretski pogled na sodobno umetnost. Izbrala sem dva umetnika, katerih dela so blizu enemu izmed mojih pogledov na to, kaj mi predstavlja kvalitetno vizualno poetiko v sodobnosti. Dela obeh avtorjev na prvi pogled delujejo &#8220;estetska&#8221;, toda to ni estetika praznega, temve\u010d l\u00e9po, ki je naseljeno z raziskavami zgodovine in (ali) ideologij, tako v samem svetu umetnosti, kakor \u0161ir\u0161e v dru\u017ebi in medijih in pretakanjem pomenov med na\u0161tetim. Med deli obeh avtorjev, ki bi jih izbrala za razstavo, sem \u017eelela vzpostaviti dialog in ta \u017eelja je gotovo vplivala na izbiro predstavljenih avtorjev, kasneje pa \u0161e na odlo\u010ditev, da na razstavi predstavim avtorske knjige. Odlo\u010ditev za povezavo avtorskih poetik glede na izrazni medij se je ponudila sama od sebe, gotovo pa je na izbiro vplivala moj lastni feti\u0161isti\u010dni odnos do medija knjige.   <\/p>\n<p>Tretji kriterij izbire je torej medij umetni\u0161kega dela. Avtorske knjige so (\u017eal) redko razstavljene. Poleg tega sta oba avtorja svetu umetnosti znana predvsem po svojem slikarskem delu in zdi se, kakor da ostala produkcija ostaja nekako v ozadju. Ker menim, da cikel petih avtorskih knjig <em>Hortus Conclusus<\/em> Ksenije \u010cer\u010de in instalacija I\u0161tvana I\u0161ta Huzjana <em>About words, sentences, paragraphs and an exclamation point<\/em>, ki jo sestavljajo avtorske knjige <em>Das Buch<\/em> in video delo, hrva\u0161ki publiki nudijo vpogled v kvalitetno, \u0161e nevideno umetni\u0161ko produkcijo, hkrati pa se med deli vzpostavi dialog, sem ju izbrala za razstavo <em>Labsus osebno\/osobno<\/em>.<\/p>\n<p>Petja Grafenauer Krnc<\/p>\n","protected":false},"excerpt":{"rendered":"<p>Moj izbor umetni\u0161kih del obeh umetnikov v prvi vrsti utemeljujem z zaupanjem v pomen in kvaliteto izbranih del. Drugi kriterij izbire je pogojen s skupno odlo\u010ditvijo kuratorjev razstave, da vsak izmed nas predstavi delo enega oz. dveh avtorjev, ki ju izbere glede na subjektivni, neteoretski pogled na sodobno umetnost. Izbrala sem dva umetnika, katerih dela [&hellip;]<\/p>\n","protected":false},"author":1,"featured_media":0,"parent":137,"menu_order":0,"comment_status":"closed","ping_status":"closed","template":"","meta":{"footnotes":""},"categories":[],"tags":[],"_links":{"self":[{"href":"https:\/\/www.worldofart.org\/arhiv.worldofart.org\/aktualno\/wp-json\/wp\/v2\/pages\/143"}],"collection":[{"href":"https:\/\/www.worldofart.org\/arhiv.worldofart.org\/aktualno\/wp-json\/wp\/v2\/pages"}],"about":[{"href":"https:\/\/www.worldofart.org\/arhiv.worldofart.org\/aktualno\/wp-json\/wp\/v2\/types\/page"}],"author":[{"embeddable":true,"href":"https:\/\/www.worldofart.org\/arhiv.worldofart.org\/aktualno\/wp-json\/wp\/v2\/users\/1"}],"replies":[{"embeddable":true,"href":"https:\/\/www.worldofart.org\/arhiv.worldofart.org\/aktualno\/wp-json\/wp\/v2\/comments?post=143"}],"version-history":[{"count":1,"href":"https:\/\/www.worldofart.org\/arhiv.worldofart.org\/aktualno\/wp-json\/wp\/v2\/pages\/143\/revisions"}],"predecessor-version":[{"id":9488,"href":"https:\/\/www.worldofart.org\/arhiv.worldofart.org\/aktualno\/wp-json\/wp\/v2\/pages\/143\/revisions\/9488"}],"up":[{"embeddable":true,"href":"https:\/\/www.worldofart.org\/arhiv.worldofart.org\/aktualno\/wp-json\/wp\/v2\/pages\/137"}],"wp:attachment":[{"href":"https:\/\/www.worldofart.org\/arhiv.worldofart.org\/aktualno\/wp-json\/wp\/v2\/media?parent=143"}],"wp:term":[{"taxonomy":"category","embeddable":true,"href":"https:\/\/www.worldofart.org\/arhiv.worldofart.org\/aktualno\/wp-json\/wp\/v2\/categories?post=143"},{"taxonomy":"post_tag","embeddable":true,"href":"https:\/\/www.worldofart.org\/arhiv.worldofart.org\/aktualno\/wp-json\/wp\/v2\/tags?post=143"}],"curies":[{"name":"wp","href":"https:\/\/api.w.org\/{rel}","templated":true}]}}