{"id":14331,"date":"2019-05-26T20:25:37","date_gmt":"2019-05-26T18:25:37","guid":{"rendered":"http:\/\/www.worldofart.org\/aktualno\/?page_id=14331"},"modified":"2019-06-24T11:43:18","modified_gmt":"2019-06-24T09:43:18","slug":"nadzor-kultivacija-razvoj","status":"publish","type":"page","link":"https:\/\/www.worldofart.org\/arhiv.worldofart.org\/aktualno\/sedemnajsto-leto-2018-2020\/nadzor-kultivacija-razvoj","title":{"rendered":"nadzor < kultivacija > razvoj"},"content":{"rendered":"<p><img loading=\"lazy\" decoding=\"async\" class=\"alignnone size-large wp-image-14285\" src=\"https:\/\/www.worldofart.org\/arhiv.worldofart.org\/aktualno\/wp-content\/uploads\/2019\/05\/NKR-slo-730x411.png\" alt=\"\" width=\"730\" height=\"411\" srcset=\"https:\/\/www.worldofart.org\/arhiv.worldofart.org\/aktualno\/wp-content\/uploads\/2019\/05\/NKR-slo-730x411.png 730w, https:\/\/www.worldofart.org\/arhiv.worldofart.org\/aktualno\/wp-content\/uploads\/2019\/05\/NKR-slo-338x190.png 338w, https:\/\/www.worldofart.org\/arhiv.worldofart.org\/aktualno\/wp-content\/uploads\/2019\/05\/NKR-slo-768x432.png 768w, https:\/\/www.worldofart.org\/arhiv.worldofart.org\/aktualno\/wp-content\/uploads\/2019\/05\/NKR-slo.png 1920w\" sizes=\"(max-width: 730px) 100vw, 730px\" \/><\/p>\n<h1><strong>nadzor &lt; kultivacija &gt; razvoj<\/strong><\/h1>\n<h4><strong>Delovanje Sorosovega centra za sodobne umetnosti \u2013 Ljubljana (1993\u20131999)<\/strong><\/h4>\n<p><strong>16. 5.\u20136. 6. 2019<\/strong><br \/>\nGalerija \u0160kuc, Stari trg 21, Ljubljana<\/p>\n<p>Umetniki in umetnica:\u00a0<strong>Michael Brodsky, Cirkulacija 2, Vuk \u0106osi\u0107, IRWIN, Marko Peljhan, Nata\u0161a Prosenc Stearns<\/strong><br \/>\nKuratorka in kurator:<strong>\u00a0Jasna Jernej\u0161ek, Miha Kelemina<\/strong><\/p>\n<p>Pri pripravi in izvedbi razstave sodelujejo\u00a0<a href=\"https:\/\/www.worldofart.org\/arhiv.worldofart.org\/aktualno\/sedemnajsto-leto-2018-2020\/udelezenke-sole\" rel=\"noopener noreferrer\">udele\u017eenke<\/a>\u00a017. leta \u0161ole Svet umetnosti:\u00a0<strong>Tia \u010ci\u010dek, Kristina Ferk, Katja Filovski, Lara Meja\u010d, Anja Seni\u010dar, Rea Vogrin\u010di\u010d<\/strong><\/p>\n<hr \/>\n<p><strong>O RAZSTAVI<\/strong><\/p>\n<p><strong>Svet umetnosti, \u0161ola za kuratorske prakse in kriti\u0161ko pisanje<\/strong>, z razstavo\u00a0<strong><em>nadzor &lt; kultivacija &gt; razvoj<\/em><\/strong>\u00a0raziskuje Sorosov center za sodobne umetnosti \u2013 Ljubljana*, ki je deloval med letoma 1993 in 1999 kot eden od programov Zavoda za odprto dru\u017ebo.<\/p>\n<p>Razstava se osredoto\u010da na ve\u010d segmentov delovanja Sorosovega centra, njegove mehanizme financiranja, razstavno dejavnost, usmerjanje umetnosti in sooblikovanje lokalne umetni\u0161ke scene. Postavlja (si) vpra\u0161anji, ali je kultivacija novih okolij \u2013 tako z razdeljevanjem finan\u010dnih sredstev, ki spremenijo pogoje dela, kakor tudi s spodbujanjem razvoja specifi\u010dnih podro\u010dij \u2013 lahko osvobojena ideolo\u0161ke indoktrinacije in ali zaradi partikularnih interesov vlagateljev \u017ee vsebuje elemente nadzora.<\/p>\n<p>Razstavljena umetni\u0161ka dela so bila v devetdesetih letih del programa t. i. letnih razstav Sorosovega centra, ali pa so nastala z dotacijami in potovalnimi \u0161tipendijami. Zari\u0161ejo referen\u010dni okvir, ki nakazuje razli\u010dne vidike delovanja centra, hkrati pa naslavljajo kultivacijo, ki sovseblja tako nadzor kakor razvoj. Delo <em>Ur\u0161ula Noordung<\/em> kolektiva IRWIN s prisvajanjem marketin\u0161kih strategij posnema lansiranje novega izdelka na trg. Interaktivna video instalacija <em>Soba velikega brata<\/em> Nata\u0161e Prosenc Stearns tematizira nadziranje mno\u017eic kakor tudi odlo\u010ditev posameznika, da v procesu nadziranja sodeluje. Umetniki in umetnice so se v devetdesetih letih teme nadzora lotevali druga\u010de kot danes, ko je nadzor subtilno vtkan v samo tkivo dru\u017ebe in tehnologije nadzora. Deli <em>Prenos prekinjen<\/em> Michaela Brodskega in video <em>Park kulture<\/em> Marka Peljhana sta tako zgodnji premislek prav o nadzoru na spletu in v medijih. Na drugi strani Vuk \u0106osi\u0107 z delom <em>Dan v \u017eivljenju omre\u017enega umetnika<\/em> razmi\u0161lja o delovanju zunaj ustaljenih mehanizmov financiranja in umetnostnega sistema. Izbor del zaokro\u017euje interaktivno zvo\u010dno delo <em>Spati \u2013 morda sanjati &#8230;<\/em> kolektiva Cirkulacija 2, narejeno posebej za razstavo.<\/p>\n<p>Umetni\u0161ka dela so sopostavljena z arhivskim gradivom, analizo usmerjanja umetnosti in video intervjuji. Arhiv odstira pogled na delovanje ljubljanskega centra, ki je bil del mre\u017ee dvajsetih Sorosovih centrov (SCCA Network), ustanovljenih v devetdesetih letih v nekdanjih socialisti\u010dnih in komunisti\u010dnih dr\u017eavah srednje in vzhodne Evrope ter Sovjetske zveze. Mre\u017ea SCCA si je prizadevala vzpostaviti narativ sodobne umetnosti na \u201cVzhodu\u201d, kar je posku\u0161ala dose\u010di z regionalnim povezovanjem, zgodovinjenjem umetni\u0161kih tendenc, zbiranjem dokumentacije o umetnikih in umetnosti, razstavami in projekti, lastno revijo za sodobno umetnost in financiranjem kulturne dejavnosti. Mre\u017ea je imela aktivno vlogo pri usmerjanju umetnosti, vzpostavila je vzporedne komunikacijske kanale ter spodbujala rabo novih medijev in tehnologij.<\/p>\n<p>Mre\u017eo SCCA lahko, kakor v besedilu <em>The Managed Avant-Garde<\/em> zapi\u0161e Octavian E\u0219anu, razumemo kot institucionalni mehanizem postsocialisti\u010dne tranzicije, katerega primarna vloga je bila modernizacija umetni\u0161kega diskurza nekdanjih socialisti\u010dnih dr\u017eav in sodelovanje v procesu \u201cnormalizacije\u201d \u2013 procesu, ki se v dru\u017ebi, kjer se nadzor udejanja preko razpr\u0161ene mre\u017ee mo\u010di in vednosti, utemeljuje predvsem na normah ekonomskega in dru\u017ebenega napredka. U\u010dinki te\u017enje po pozahodnjenju so bili v nekaterih okoljih bolj vidni kakor v drugih. Delovanje SCCA-Ljubljana pa je treba \u2013 zaradi specifike lokalnega okolja z \u017ee obstoje\u010do umetnostno infrastrukturo, kulturno in dru\u017ebeno paradigmo \u2013 razumeti kot del \u0161ir\u0161ega poskusa vzpostavljanja hegemonije v sodobni umetnosti.<\/p>\n<p>_______________<br \/>\n<span style=\"font-size: 80%;\">* Sorosov center za sodobne umetnosti \u2013 Ljubljana je bil leta 1993 ustanovljen kot eden od programov Zavoda za odprto dru\u017ebo \u2013 Slovenija (OSI), ki je podpiral \u0161tevilne posameznike in posameznice ter nevladne organizacije (Ljudmila, Mirovni in\u0161titut, idr.), v skladu s svojim poslanstvom promoviranja vrednot odprte dru\u017ebe in zahodnih demokracij. Dejaven je bil na razli\u010dnih podro\u010djih \u2013 od izobra\u017eevanja, medijev, kulture in umetnosti, civilne dru\u017ebe, do zdravstva in humanitarnih dejavnosti. V dr\u017eavah, ki so \u0161le v devetdesetih letih skozi politi\u010dno in ekonomsko transformacijo, je posku\u0161al vpeljati zahodni kulturni model, pri tem pa je kot eno od orodij uporabljal tudi sodobno umetnost. Vsi novo ustanovljeni centri so bili preslikava dokumentacijskega centra SCCA-Budimpe\u0161ta, ustanovljenega leta 1984. Vsak center je ob ustanovitvi dobil priro\u010dnik s priporo\u010dili glede strukture in vsebin, ki so jih posamezni centri bolj ali manj dosledno prilagodili potrebam lokalnega okolja. Delovanje SCCA-Ljubljana je segalo na podro\u010dja razstavne dejavnosti (letne razstave in projekti), raziskovanja, arhiviranja (dokumentiranje zgodovine videa), izobra\u017eevanja (Svet umetnosti), klju\u010dno pa je bilo podeljevanje podpor oz. dotacij likovnim projektom, dotacij za kuratorsko razstavo in dotacij za neprogramske stro\u0161ke. Zaradi preoblikovanja Sorosovih fundacij so se leta 2000 SCCA-ji osamosvojili in za\u010deli delovati kot nevladne organizacije, se pripojili ve\u010djim institucijam ali pa prenehali delovati. SCCA-Ljubljana se je preoblikoval v Zavod za sodobno umetnost SCCA \u2013 Ljubljana.<\/span><\/p>\n<p><a href=\"http:\/\/www.scca-ljubljana.si\/wp-content\/uploads\/2019\/05\/Razstava-nadzor-kultivacija-razvoj_vabilo.pdf\" target=\"_blank\" rel=\"noopener noreferrer\">Vabilo (pdf)<\/a><\/p>\n<hr \/>\n<p><a href=\"https:\/\/www.worldofart.org\/arhiv.worldofart.org\/aktualno\/sedemnajsto-leto-2018-2020\/nadzor-kultivacija-razvoj\/umetniska-dela-na-razstavi\"><strong>UMETNI\u0160KA DELA NA RAZSTAVI<\/strong><\/a><\/p>\n<figure id=\"attachment_14355\" aria-describedby=\"caption-attachment-14355\" style=\"width: 730px\" class=\"wp-caption alignnone\"><a href=\"https:\/\/www.worldofart.org\/arhiv.worldofart.org\/aktualno\/sedemnajsto-leto-2018-2020\/nadzor-kultivacija-razvoj\/umetniska-dela-na-razstavi\"><img loading=\"lazy\" decoding=\"async\" class=\"wp-image-14355 size-large\" src=\"https:\/\/www.worldofart.org\/arhiv.worldofart.org\/aktualno\/wp-content\/uploads\/2019\/05\/2019_05_22_SKUC_NKR_201-730x487.jpg\" alt=\"\" width=\"730\" height=\"487\" srcset=\"https:\/\/www.worldofart.org\/arhiv.worldofart.org\/aktualno\/wp-content\/uploads\/2019\/05\/2019_05_22_SKUC_NKR_201-730x487.jpg 730w, https:\/\/www.worldofart.org\/arhiv.worldofart.org\/aktualno\/wp-content\/uploads\/2019\/05\/2019_05_22_SKUC_NKR_201-338x225.jpg 338w, https:\/\/www.worldofart.org\/arhiv.worldofart.org\/aktualno\/wp-content\/uploads\/2019\/05\/2019_05_22_SKUC_NKR_201-768x512.jpg 768w, https:\/\/www.worldofart.org\/arhiv.worldofart.org\/aktualno\/wp-content\/uploads\/2019\/05\/2019_05_22_SKUC_NKR_201.jpg 1500w\" sizes=\"(max-width: 730px) 100vw, 730px\" \/><\/a><figcaption id=\"caption-attachment-14355\" class=\"wp-caption-text\">Foto: Klemen Ilovar<\/figcaption><\/figure>\n<hr \/>\n<p><a href=\"https:\/\/www.worldofart.org\/arhiv.worldofart.org\/aktualno\/sedemnajsto-leto-2018-2020\/nadzor-kultivacija-razvoj\/galerijska-predstavitev-arhiva\"><strong>GALERIJSKA PREDSTAVITEV ARHIVA<\/strong><\/a><\/p>\n<figure id=\"attachment_14362\" aria-describedby=\"caption-attachment-14362\" style=\"width: 730px\" class=\"wp-caption alignnone\"><a href=\"https:\/\/www.worldofart.org\/arhiv.worldofart.org\/aktualno\/sedemnajsto-leto-2018-2020\/nadzor-kultivacija-razvoj\/galerijska-predstavitev-arhiva\"><img loading=\"lazy\" decoding=\"async\" class=\"wp-image-14362 size-large\" src=\"https:\/\/www.worldofart.org\/arhiv.worldofart.org\/aktualno\/wp-content\/uploads\/2019\/05\/2019_05_22_SKUC_NKR_092-730x487.jpg\" alt=\"\" width=\"730\" height=\"487\" srcset=\"https:\/\/www.worldofart.org\/arhiv.worldofart.org\/aktualno\/wp-content\/uploads\/2019\/05\/2019_05_22_SKUC_NKR_092-730x487.jpg 730w, https:\/\/www.worldofart.org\/arhiv.worldofart.org\/aktualno\/wp-content\/uploads\/2019\/05\/2019_05_22_SKUC_NKR_092-338x225.jpg 338w, https:\/\/www.worldofart.org\/arhiv.worldofart.org\/aktualno\/wp-content\/uploads\/2019\/05\/2019_05_22_SKUC_NKR_092-768x512.jpg 768w, https:\/\/www.worldofart.org\/arhiv.worldofart.org\/aktualno\/wp-content\/uploads\/2019\/05\/2019_05_22_SKUC_NKR_092.jpg 1500w\" sizes=\"(max-width: 730px) 100vw, 730px\" \/><\/a><figcaption id=\"caption-attachment-14362\" class=\"wp-caption-text\">Foto: Klemen Ilovar<\/figcaption><\/figure>\n<hr \/>\n<p><strong>SPREMLJEVALNI DOGODKI<\/strong><\/p>\n<p><strong>Vodeni ogledi razstave:<\/strong><\/p>\n<ul>\n<li>torek, 28. maj, ob 18. uri; voden ogled (kurator razstave Miha Kelemina in udele\u017eenki 17. generacije \u0161ole Svet umetnosti, Tia \u010ci\u010dek in Lara Meja\u010d),<\/li>\n<li>\u010detrtek, 30. maj, ob 14. uri; voden ogled v angle\u0161kem jeziku (Miha Kelemina in Tia \u010ci\u010dek)<\/li>\n<li>\u010detrtek, 6. junij, ob 14. uri; voden ogled za dijake S\u0160OF (Nevena Aleksovski, Tia \u010ci\u010dek in Katja Filovski)<\/li>\n<li>\u010detrtek, 6. junij, ob 18. uri; voden ogled (Jasna Jernej\u0161ek, Miha Kelemina in Tia \u010ci\u010dek).<\/li>\n<\/ul>\n<p><strong>Delavnica:<\/strong><\/p>\n<ul>\n<li>ponedeljek, 3. junij, ob 14. uri, delavnica za dijake S\u0160OF (pod vodstvom Nevene Aleksovski in Katje Filovski)<\/li>\n<\/ul>\n<div><\/div>\n<div><b>Vodstva po razstavi s kuratorjem, kuratorko in udele\u017eenkami \u0161ole<\/b>, foto: arhiv SCCA-Ljubljana<\/div>\n<div>\n<div id='gallery-1' class='gallery galleryid-14331 gallery-columns-5 gallery-size-thumbnail'><figure class='gallery-item'>\n\t\t\t<div class='gallery-icon landscape'>\n\t\t\t\t<a href='https:\/\/www.worldofart.org\/arhiv.worldofart.org\/aktualno\/wp-content\/uploads\/2019\/06\/vodstvo1.jpg' rel=\"lightbox[14331]\"><img loading=\"lazy\" decoding=\"async\" width=\"140\" height=\"140\" src=\"https:\/\/www.worldofart.org\/arhiv.worldofart.org\/aktualno\/wp-content\/uploads\/2019\/06\/vodstvo1-140x140.jpg\" class=\"attachment-thumbnail size-thumbnail\" alt=\"\" \/><\/a>\n\t\t\t<\/div><\/figure><figure class='gallery-item'>\n\t\t\t<div class='gallery-icon landscape'>\n\t\t\t\t<a href='https:\/\/www.worldofart.org\/arhiv.worldofart.org\/aktualno\/wp-content\/uploads\/2019\/06\/vodstvo2.jpg' rel=\"lightbox[14331]\"><img loading=\"lazy\" decoding=\"async\" width=\"140\" height=\"140\" src=\"https:\/\/www.worldofart.org\/arhiv.worldofart.org\/aktualno\/wp-content\/uploads\/2019\/06\/vodstvo2-140x140.jpg\" class=\"attachment-thumbnail size-thumbnail\" alt=\"\" \/><\/a>\n\t\t\t<\/div><\/figure><figure class='gallery-item'>\n\t\t\t<div class='gallery-icon portrait'>\n\t\t\t\t<a href='https:\/\/www.worldofart.org\/arhiv.worldofart.org\/aktualno\/wp-content\/uploads\/2019\/06\/vodstvo3.jpg' rel=\"lightbox[14331]\"><img loading=\"lazy\" decoding=\"async\" width=\"140\" height=\"140\" src=\"https:\/\/www.worldofart.org\/arhiv.worldofart.org\/aktualno\/wp-content\/uploads\/2019\/06\/vodstvo3-140x140.jpg\" class=\"attachment-thumbnail size-thumbnail\" alt=\"\" \/><\/a>\n\t\t\t<\/div><\/figure><figure class='gallery-item'>\n\t\t\t<div class='gallery-icon portrait'>\n\t\t\t\t<a href='https:\/\/www.worldofart.org\/arhiv.worldofart.org\/aktualno\/wp-content\/uploads\/2019\/06\/vodstvo4.jpg' rel=\"lightbox[14331]\"><img loading=\"lazy\" decoding=\"async\" width=\"140\" height=\"140\" src=\"https:\/\/www.worldofart.org\/arhiv.worldofart.org\/aktualno\/wp-content\/uploads\/2019\/06\/vodstvo4-140x140.jpg\" class=\"attachment-thumbnail size-thumbnail\" alt=\"\" \/><\/a>\n\t\t\t<\/div><\/figure><figure class='gallery-item'>\n\t\t\t<div class='gallery-icon landscape'>\n\t\t\t\t<a href='https:\/\/www.worldofart.org\/arhiv.worldofart.org\/aktualno\/wp-content\/uploads\/2019\/06\/vodstvo5.jpg' rel=\"lightbox[14331]\"><img loading=\"lazy\" decoding=\"async\" width=\"140\" height=\"140\" src=\"https:\/\/www.worldofart.org\/arhiv.worldofart.org\/aktualno\/wp-content\/uploads\/2019\/06\/vodstvo5-140x140.jpg\" class=\"attachment-thumbnail size-thumbnail\" alt=\"\" \/><\/a>\n\t\t\t<\/div><\/figure>\n\t\t<\/div>\n\n<\/div>\n<div><\/div>\n<div><b>Vodstvo po razstavi in delavnica pod vodstvom Nevene Aleksovski in Katje Filovski<\/b>, foto: arhiv Galerije \u0160kuc<\/div>\n<div>\n<div id='gallery-2' class='gallery galleryid-14331 gallery-columns-5 gallery-size-thumbnail'><figure class='gallery-item'>\n\t\t\t<div class='gallery-icon landscape'>\n\t\t\t\t<a href='https:\/\/www.worldofart.org\/arhiv.worldofart.org\/aktualno\/wp-content\/uploads\/2019\/06\/delavnica1.jpg' rel=\"lightbox[14331]\"><img loading=\"lazy\" decoding=\"async\" width=\"140\" height=\"140\" src=\"https:\/\/www.worldofart.org\/arhiv.worldofart.org\/aktualno\/wp-content\/uploads\/2019\/06\/delavnica1-140x140.jpg\" class=\"attachment-thumbnail size-thumbnail\" alt=\"\" \/><\/a>\n\t\t\t<\/div><\/figure><figure class='gallery-item'>\n\t\t\t<div class='gallery-icon landscape'>\n\t\t\t\t<a href='https:\/\/www.worldofart.org\/arhiv.worldofart.org\/aktualno\/wp-content\/uploads\/2019\/06\/delavnica2.jpg' rel=\"lightbox[14331]\"><img loading=\"lazy\" decoding=\"async\" width=\"140\" height=\"140\" src=\"https:\/\/www.worldofart.org\/arhiv.worldofart.org\/aktualno\/wp-content\/uploads\/2019\/06\/delavnica2-140x140.jpg\" class=\"attachment-thumbnail size-thumbnail\" alt=\"\" \/><\/a>\n\t\t\t<\/div><\/figure><figure class='gallery-item'>\n\t\t\t<div class='gallery-icon landscape'>\n\t\t\t\t<a href='https:\/\/www.worldofart.org\/arhiv.worldofart.org\/aktualno\/wp-content\/uploads\/2019\/06\/delavnica3.jpg' rel=\"lightbox[14331]\"><img loading=\"lazy\" decoding=\"async\" width=\"140\" height=\"140\" src=\"https:\/\/www.worldofart.org\/arhiv.worldofart.org\/aktualno\/wp-content\/uploads\/2019\/06\/delavnica3-140x140.jpg\" class=\"attachment-thumbnail size-thumbnail\" alt=\"\" \/><\/a>\n\t\t\t<\/div><\/figure><figure class='gallery-item'>\n\t\t\t<div class='gallery-icon landscape'>\n\t\t\t\t<a href='https:\/\/www.worldofart.org\/arhiv.worldofart.org\/aktualno\/wp-content\/uploads\/2019\/06\/delavnica4.jpg' rel=\"lightbox[14331]\"><img loading=\"lazy\" decoding=\"async\" width=\"140\" height=\"140\" src=\"https:\/\/www.worldofart.org\/arhiv.worldofart.org\/aktualno\/wp-content\/uploads\/2019\/06\/delavnica4-140x140.jpg\" class=\"attachment-thumbnail size-thumbnail\" alt=\"\" \/><\/a>\n\t\t\t<\/div><\/figure><figure class='gallery-item'>\n\t\t\t<div class='gallery-icon landscape'>\n\t\t\t\t<a href='https:\/\/www.worldofart.org\/arhiv.worldofart.org\/aktualno\/wp-content\/uploads\/2019\/06\/delavnica5.jpg' rel=\"lightbox[14331]\"><img loading=\"lazy\" decoding=\"async\" width=\"140\" height=\"140\" src=\"https:\/\/www.worldofart.org\/arhiv.worldofart.org\/aktualno\/wp-content\/uploads\/2019\/06\/delavnica5-140x140.jpg\" class=\"attachment-thumbnail size-thumbnail\" alt=\"\" \/><\/a>\n\t\t\t<\/div><\/figure>\n\t\t<\/div>\n\n<\/div>\n<hr \/>\n<p><strong>MEDIJSKI ODZIVI<\/strong><\/p>\n<ul>\n<li>Damjana Kolar, <a href=\"https:\/\/www.mladina.si\/191032\/deset-kulturnih-dogodkov-od-cetrtka-do-sobote\/\" target=\"_blank\" rel=\"noopener noreferrer\"><em>Deset kulturnih dogodkov od \u010detrtka do sobote<\/em><\/a>, Mladina, 16. 5. 2019.<\/li>\n<li>Iza Pevec, prispevek v oddaji <a href=\"https:\/\/ars.rtvslo.si\/2019\/05\/svet-kulture-961\/\" target=\"_blank\" rel=\"noopener noreferrer\"><em>Svet kulture<\/em><\/a>, ARS \u2013 3. program Radia Slovenija, 27. 5. 2019.<\/li>\n<li>Vesna Milosavljevi\u0107, <a href=\"http:\/\/www.seecult.org\/vest\/nadzor-kultivacija-razvoj\" target=\"_blank\" rel=\"noopener noreferrer\"><em>Nadzor, kultivacija, razvoj<\/em><\/a>, Seecult, 15. 5. 2019.<\/li>\n<\/ul>\n<hr \/>\n<p><strong>KOLOFON<\/strong><\/p>\n<p>Oblikovanje in vizualna podoba: Vesna Bukovec<br \/>\nSnemanje in monta\u017ea video intervjujev: Toni Poljanec<br \/>\nSodelujo\u010de in sodelujo\u010da v video intervjuju: Barbara Bor\u010di\u0107, Vuk \u0106osi\u0107, Miran Mohar, Sa\u0161a Nabergoj, Lilijana Stepan\u010di\u010d, Beti \u017derovc<br \/>\nOpis del na razstavi: Tia \u010ci\u010dek, Kristina Ferk, Lara Meja\u010d, Anja Seni\u010dar, <span style=\"font-weight: 400;\">Borut Savski (Cirkulacija 2)<\/span><br \/>\nSpremno besedilo: Jasna Jernej\u0161ek, Miha Kelemina<br \/>\nLektura spremnega besedila: Alvina \u017duraj<br \/>\nPrevod spremnega besedila: Arven \u0160akti Kralj Szomi<br \/>\nSpremno besedilo k razstavi <em>Soba Velikega brata <\/em>v Likovnem salonu Celje: Nevenka \u0160ivavec<br \/>\nAnaliza podeljenih dotacij: Tia \u010ci\u010dek<br \/>\nPomo\u010d pri pripravi analize: Asta Vre\u010dko<br \/>\nArhivsko gradivo: Moderna galerija, Ljubljana, Dokumentacija-arhiv, Arhiv SCCA-Ljubljana<br \/>\nFoto dokumentacija na infografikah: Arhiv SCCA-Ljubljana, Arhiv OSI Slovenija, Miha Fras, avtorji in avtorice projektov<\/p>\n<p>&#8212;<\/p>\n<p><strong>Produkcija:<\/strong> SCCA, Zavod za sodobno umetnost \u2013 Ljubljana \/\u00a0Svet umetnosti, \u0161ola za kuratorske prakse in kriti\u0161ko pisanje<br \/>\n<strong>Koprodukcija:<\/strong> Galerija \u0160kuc<br \/>\n<strong>Razstavo podpirata:<\/strong> Ministrstvo za kulturo RS, Mestna ob\u010dina Ljubljana, Oddelek za kulturo.<br \/>\n<strong>Zahvala:<\/strong> Toma\u017e Ku\u010der\/MG+MSUM, Jure Sajovic\/Galerija Kapelica, Teja Merhar, Jana Intihar Ferjan\/MG+MSUM, Samanta Foxx, Muzej novej\u0161e zgodovine Slovenije, Dru\u0161tvo Ra\u010dunalni\u0161ki Muzej, Nevenka \u0160ivavec<\/p>\n<p>\u0160e posebej hvala sodelujo\u010dim v video intervjuju: Barbara Bor\u010di\u0107, Vuk \u0106osi\u0107, Miran Mohar, Sa\u0161a Nabergoj, Lilijana Stepan\u010di\u010d, Beti \u017derovc<\/p>\n<p><img loading=\"lazy\" decoding=\"async\" class=\"alignnone size-full wp-image-14287\" src=\"https:\/\/www.worldofart.org\/arhiv.worldofart.org\/aktualno\/wp-content\/uploads\/2019\/05\/MK-logo-slo.png\" alt=\"\" width=\"143\" height=\"32\" srcset=\"https:\/\/www.worldofart.org\/arhiv.worldofart.org\/aktualno\/wp-content\/uploads\/2019\/05\/MK-logo-slo.png 667w, https:\/\/www.worldofart.org\/arhiv.worldofart.org\/aktualno\/wp-content\/uploads\/2019\/05\/MK-logo-slo-338x76.png 338w\" sizes=\"(max-width: 143px) 100vw, 143px\" \/> \u00a0\u00a0\u00a0\u00a0<img decoding=\"async\" class=\"alignnone size-full wp-image-10306\" src=\"https:\/\/www.worldofart.org\/arhiv.worldofart.org\/aktualno\/wp-content\/uploads\/2017\/01\/mol-logo.jpg\" alt=\"\" width=\"97\" srcset=\"https:\/\/www.worldofart.org\/arhiv.worldofart.org\/aktualno\/wp-content\/uploads\/2017\/01\/mol-logo.jpg 308w, https:\/\/www.worldofart.org\/arhiv.worldofart.org\/aktualno\/wp-content\/uploads\/2017\/01\/mol-logo-300x117.jpg 300w\" sizes=\"(max-width: 308px) 100vw, 308px\" \/> \u00a0\u00a0\u00a0\u00a0<img decoding=\"async\" class=\"alignnone size-full wp-image-13694\" src=\"https:\/\/www.worldofart.org\/arhiv.worldofart.org\/aktualno\/wp-content\/uploads\/2018\/09\/sccaslo-logo.png\" alt=\"\" width=\"116\" srcset=\"https:\/\/www.worldofart.org\/arhiv.worldofart.org\/aktualno\/wp-content\/uploads\/2018\/09\/sccaslo-logo.png 643w, https:\/\/www.worldofart.org\/arhiv.worldofart.org\/aktualno\/wp-content\/uploads\/2018\/09\/sccaslo-logo-338x46.png 338w\" sizes=\"(max-width: 643px) 100vw, 643px\" \/> \u00a0\u00a0\u00a0\u00a0<img decoding=\"async\" class=\"alignnone size-full wp-image-9740\" src=\"https:\/\/www.worldofart.org\/arhiv.worldofart.org\/aktualno\/wp-content\/uploads\/2016\/11\/SU-logo-100.png\" alt=\"\" width=\"60\" \/> \u00a0\u00a0\u00a0\u00a0<img loading=\"lazy\" decoding=\"async\" class=\"alignnone size-full wp-image-14288\" src=\"https:\/\/www.worldofart.org\/arhiv.worldofart.org\/aktualno\/wp-content\/uploads\/2019\/05\/galerija-skuc-logo.png\" alt=\"\" width=\"26\" height=\"55\" srcset=\"https:\/\/www.worldofart.org\/arhiv.worldofart.org\/aktualno\/wp-content\/uploads\/2019\/05\/galerija-skuc-logo.png 312w, https:\/\/www.worldofart.org\/arhiv.worldofart.org\/aktualno\/wp-content\/uploads\/2019\/05\/galerija-skuc-logo-236x500.png 236w\" sizes=\"(max-width: 26px) 100vw, 26px\" \/><\/p>\n","protected":false},"excerpt":{"rendered":"<p>nadzor &lt; kultivacija &gt; razvoj Delovanje Sorosovega centra za sodobne umetnosti \u2013 Ljubljana (1993\u20131999) 16. 5.\u20136. 6. 2019 Galerija \u0160kuc, Stari trg 21, Ljubljana Umetniki in umetnica:\u00a0Michael Brodsky, Cirkulacija 2, Vuk \u0106osi\u0107, IRWIN, Marko Peljhan, Nata\u0161a Prosenc Stearns Kuratorka in kurator:\u00a0Jasna Jernej\u0161ek, Miha Kelemina Pri pripravi in izvedbi razstave sodelujejo\u00a0udele\u017eenke\u00a017. leta \u0161ole Svet umetnosti:\u00a0Tia \u010ci\u010dek, [&hellip;]<\/p>\n","protected":false},"author":1,"featured_media":14285,"parent":13480,"menu_order":0,"comment_status":"closed","ping_status":"closed","template":"","meta":{"footnotes":""},"categories":[],"tags":[],"_links":{"self":[{"href":"https:\/\/www.worldofart.org\/arhiv.worldofart.org\/aktualno\/wp-json\/wp\/v2\/pages\/14331"}],"collection":[{"href":"https:\/\/www.worldofart.org\/arhiv.worldofart.org\/aktualno\/wp-json\/wp\/v2\/pages"}],"about":[{"href":"https:\/\/www.worldofart.org\/arhiv.worldofart.org\/aktualno\/wp-json\/wp\/v2\/types\/page"}],"author":[{"embeddable":true,"href":"https:\/\/www.worldofart.org\/arhiv.worldofart.org\/aktualno\/wp-json\/wp\/v2\/users\/1"}],"replies":[{"embeddable":true,"href":"https:\/\/www.worldofart.org\/arhiv.worldofart.org\/aktualno\/wp-json\/wp\/v2\/comments?post=14331"}],"version-history":[{"count":11,"href":"https:\/\/www.worldofart.org\/arhiv.worldofart.org\/aktualno\/wp-json\/wp\/v2\/pages\/14331\/revisions"}],"predecessor-version":[{"id":14544,"href":"https:\/\/www.worldofart.org\/arhiv.worldofart.org\/aktualno\/wp-json\/wp\/v2\/pages\/14331\/revisions\/14544"}],"up":[{"embeddable":true,"href":"https:\/\/www.worldofart.org\/arhiv.worldofart.org\/aktualno\/wp-json\/wp\/v2\/pages\/13480"}],"wp:featuredmedia":[{"embeddable":true,"href":"https:\/\/www.worldofart.org\/arhiv.worldofart.org\/aktualno\/wp-json\/wp\/v2\/media\/14285"}],"wp:attachment":[{"href":"https:\/\/www.worldofart.org\/arhiv.worldofart.org\/aktualno\/wp-json\/wp\/v2\/media?parent=14331"}],"wp:term":[{"taxonomy":"category","embeddable":true,"href":"https:\/\/www.worldofart.org\/arhiv.worldofart.org\/aktualno\/wp-json\/wp\/v2\/categories?post=14331"},{"taxonomy":"post_tag","embeddable":true,"href":"https:\/\/www.worldofart.org\/arhiv.worldofart.org\/aktualno\/wp-json\/wp\/v2\/tags?post=14331"}],"curies":[{"name":"wp","href":"https:\/\/api.w.org\/{rel}","templated":true}]}}