{"id":14334,"date":"2019-05-26T20:27:48","date_gmt":"2019-05-26T18:27:48","guid":{"rendered":"http:\/\/www.worldofart.org\/aktualno\/?page_id=14334"},"modified":"2019-06-24T13:38:04","modified_gmt":"2019-06-24T11:38:04","slug":"umetniska-dela-na-razstavi","status":"publish","type":"page","link":"https:\/\/www.worldofart.org\/arhiv.worldofart.org\/aktualno\/sedemnajsto-leto-2018-2020\/nadzor-kultivacija-razvoj\/umetniska-dela-na-razstavi","title":{"rendered":"Umetni\u0161ka dela na razstavi"},"content":{"rendered":"<p><a href=\"https:\/\/www.worldofart.org\/arhiv.worldofart.org\/aktualno\/sedemnajsto-leto-2018-2020\/nadzor-kultivacija-razvoj\">nadzor &lt; kultivacija &gt; razvoj<br \/>\nDelovanje Sorosovega centra za sodobne umetnosti \u2013 Ljubljana (1993\u20131999)<\/a><br \/>\n16. 5.\u20136. 6. 2019, Galerija \u0160kuc, Ljubljana<\/p>\n<hr \/>\n<p>Fotografije: Klemen Ilovar<\/p>\n<hr \/>\n<p><strong>Michael Brodsky,\u00a0<em>Prenos prekinjen<\/em><\/strong><br \/>\ndigitalni tisk, 1991\u20131995<\/p>\n<p><img loading=\"lazy\" decoding=\"async\" class=\"alignnone size-large wp-image-14337\" src=\"https:\/\/www.worldofart.org\/arhiv.worldofart.org\/aktualno\/wp-content\/uploads\/2019\/05\/2019_05_22_SKUC_NKR_143-730x487.jpg\" alt=\"\" width=\"730\" height=\"487\" srcset=\"https:\/\/www.worldofart.org\/arhiv.worldofart.org\/aktualno\/wp-content\/uploads\/2019\/05\/2019_05_22_SKUC_NKR_143-730x487.jpg 730w, https:\/\/www.worldofart.org\/arhiv.worldofart.org\/aktualno\/wp-content\/uploads\/2019\/05\/2019_05_22_SKUC_NKR_143-338x225.jpg 338w, https:\/\/www.worldofart.org\/arhiv.worldofart.org\/aktualno\/wp-content\/uploads\/2019\/05\/2019_05_22_SKUC_NKR_143-768x512.jpg 768w, https:\/\/www.worldofart.org\/arhiv.worldofart.org\/aktualno\/wp-content\/uploads\/2019\/05\/2019_05_22_SKUC_NKR_143.jpg 1500w\" sizes=\"(max-width: 730px) 100vw, 730px\" \/><\/p>\n<p>Podobe so nastale s prena\u0161anjem javno dostopnih datotek GIF, najdenih na podtalnih pornografskih spletnih omre\u017ejih <em>Bulletin Board System<\/em>. S presnemavanjem in dekodiranjem datotek je umetnik spreminjal prenosni protokol kodiranja binarne datoteke in posledi\u010dno spro\u017eil distorzijo. Zaradi desinhronizacije branja podobe je nastal barvni interferen\u010dni vzorec in to\u010dkovna karta iz barv, ki jih vsebuje izvirna slika. Spro\u017eena napaka ovira pogled na celo podobo in je poudarjena kot oblika cenzure, a je vsebina podob kljub temu jasno berljiva. Brodsky s spro\u017eitvijo distorzije opozarja na puritanstvo v ameri\u0161ki kulturi, ki pa ni dosledno, ko gre za spolnost in spolni imaginarij. Strah pred interaktivno naravo novih digitalnih medijev in pred njihovim povezovanjem s pornografskimi vsebinami je imel dejanske posledice za ameri\u0161ko zakonodajo, ki je uzakonila nadzor nad vsebinami, o katerih bi pravzaprav morali odlo\u010dati sami odjemalci.<\/p>\n<p><em>Tia \u010ci\u010dek, Lara Meja\u010d<\/em><\/p>\n<hr \/>\n<p><strong>Cirkulacija 2,\u00a0<em>Spati \u2013 morda sanjati \u2026<\/em><\/strong><br \/>\nzvo\u010dna lepljenka, 2019<\/p>\n<p><img loading=\"lazy\" decoding=\"async\" class=\"alignnone size-large wp-image-14368\" src=\"https:\/\/www.worldofart.org\/arhiv.worldofart.org\/aktualno\/wp-content\/uploads\/2019\/05\/2019_05_22_SKUC_NKR_055_2-730x439.jpg\" alt=\"\" width=\"730\" height=\"439\" srcset=\"https:\/\/www.worldofart.org\/arhiv.worldofart.org\/aktualno\/wp-content\/uploads\/2019\/05\/2019_05_22_SKUC_NKR_055_2-730x439.jpg 730w, https:\/\/www.worldofart.org\/arhiv.worldofart.org\/aktualno\/wp-content\/uploads\/2019\/05\/2019_05_22_SKUC_NKR_055_2-338x203.jpg 338w, https:\/\/www.worldofart.org\/arhiv.worldofart.org\/aktualno\/wp-content\/uploads\/2019\/05\/2019_05_22_SKUC_NKR_055_2-768x462.jpg 768w, https:\/\/www.worldofart.org\/arhiv.worldofart.org\/aktualno\/wp-content\/uploads\/2019\/05\/2019_05_22_SKUC_NKR_055_2.jpg 1000w\" sizes=\"(max-width: 730px) 100vw, 730px\" \/><\/p>\n<p>Zvo\u010dna podlaga pri\u010dujo\u010de razstave je delo treh \u010dlanov Cirkulacije 2 (Borut Savski, Stefan Doepner in Bo\u0161tjan Leskov\u0161ek), ki smo si jo zamislili kot lepljenko (kola\u017e) zvo\u010dnih asociacij, ki se med seboj prepletajo v realnem \u010dasu in se tako sestavljajo v vedno novo neprekinjeno kombinacijo zvokov. Tako se v na\u010dinu spanja-morda-sanjanja \u2013 le naklju\u010dno logi\u010dnega asociativnega povezovanja \u2013 spominjamo devetdesetih let \u2013 let na\u0161e mladosti \u2013 in zametkov &#8220;medijske umetnosti v realnem \u010dasu&#8221;.<\/p>\n<p><em>Borut Savski<\/em><\/p>\n<hr \/>\n<p><strong>Vuk \u0106osi\u0107,\u00a0<em>Dan v \u017eivljenju omre\u017enega umetnika<\/em><\/strong><br \/>\ndokumentacija spletnega dela, 1997<\/p>\n<p><img loading=\"lazy\" decoding=\"async\" class=\"alignnone size-large wp-image-14371\" src=\"https:\/\/www.worldofart.org\/arhiv.worldofart.org\/aktualno\/wp-content\/uploads\/2019\/05\/2019_05_22_SKUC_NKR_131_2-730x442.jpg\" alt=\"\" width=\"730\" height=\"442\" srcset=\"https:\/\/www.worldofart.org\/arhiv.worldofart.org\/aktualno\/wp-content\/uploads\/2019\/05\/2019_05_22_SKUC_NKR_131_2-730x442.jpg 730w, https:\/\/www.worldofart.org\/arhiv.worldofart.org\/aktualno\/wp-content\/uploads\/2019\/05\/2019_05_22_SKUC_NKR_131_2-338x204.jpg 338w, https:\/\/www.worldofart.org\/arhiv.worldofart.org\/aktualno\/wp-content\/uploads\/2019\/05\/2019_05_22_SKUC_NKR_131_2-768x465.jpg 768w, https:\/\/www.worldofart.org\/arhiv.worldofart.org\/aktualno\/wp-content\/uploads\/2019\/05\/2019_05_22_SKUC_NKR_131_2.jpg 1000w\" sizes=\"(max-width: 730px) 100vw, 730px\" \/><\/p>\n<p>Spletna stran <em>Dan v \u017eivljenju omre\u017enega umetnika<\/em> je inventura umetnikovega digitalnega vsakdana. Projekti so skriti za umetnikovimi poimenovanji, ki se obiskovalcu strani razkrijejo \u0161ele z drsenjem po spletni strani. Delo ne ponuja celostnega pogleda na umetnikovo delovanje, temve\u010d ka\u017ee, da so spletni projekti lahko hkrati umetni\u0161ki in uporabni \u2013 spletne strani so namre\u010d nastale kot internetni arhiv in promocijski material za posamezne umetnike in umetnice. Delo je bilo naro\u010deno za razstavo <em>Medij v mediju<\/em>, v tokratni galerijski postavitvi pa je prikazano na stacionarnem ra\u010dunalniku, ki posku\u0161a simulirati delovno okolje umetnika v \u010dasu nastanka dela.<\/p>\n<p><em>Tia \u010ci\u010dek, Lara Meja\u010d<\/em><\/p>\n<p><span style=\"font-size: 80%;\">Za izposojo ra\u010dunalni\u0161ke opreme se zahvaljujemo <a href=\"http:\/\/www.muzej-nz.si\/\" target=\"_blank\" rel=\"noopener noreferrer\">Muzeju novej\u0161e zgodovine Slovenije<\/a> in <a href=\"https:\/\/www.racunalniski-muzej.si\/\" target=\"_blank\" rel=\"noopener noreferrer\">Dru\u0161tvu Ra\u010dunalni\u0161ki Muzej<\/a>.<\/span><\/p>\n<hr \/>\n<p><strong>IRWIN,\u00a0<em>Ur\u0161ula Noordung<\/em><\/strong><br \/>\numetni\u0161ka akcija, 1994<\/p>\n<p><img loading=\"lazy\" decoding=\"async\" class=\"alignnone size-large wp-image-14350\" src=\"https:\/\/www.worldofart.org\/arhiv.worldofart.org\/aktualno\/wp-content\/uploads\/2019\/05\/2019_05_22_SKUC_NKR_154-730x487.jpg\" alt=\"\" width=\"730\" height=\"487\" srcset=\"https:\/\/www.worldofart.org\/arhiv.worldofart.org\/aktualno\/wp-content\/uploads\/2019\/05\/2019_05_22_SKUC_NKR_154-730x487.jpg 730w, https:\/\/www.worldofart.org\/arhiv.worldofart.org\/aktualno\/wp-content\/uploads\/2019\/05\/2019_05_22_SKUC_NKR_154-338x225.jpg 338w, https:\/\/www.worldofart.org\/arhiv.worldofart.org\/aktualno\/wp-content\/uploads\/2019\/05\/2019_05_22_SKUC_NKR_154-768x512.jpg 768w, https:\/\/www.worldofart.org\/arhiv.worldofart.org\/aktualno\/wp-content\/uploads\/2019\/05\/2019_05_22_SKUC_NKR_154.jpg 1500w\" sizes=\"(max-width: 730px) 100vw, 730px\" \/><\/p>\n<p>Osrednji element umetni\u0161ke akcije <em>Ur\u0161ula Noordung<\/em> kolektiva IRWIN je bilo lansiranje novega izdelka v trgovsko mre\u017eo. Kolektiv IRWIN je serijskemu proizvodu \u2013 tovarni\u0161ko izdelanemu pli\u0161astemu medvedku \u2013 dodal bel zapestni trak s \u010drnim kri\u017eem ter ga vrnil na trg, s tem pa je lahko opazoval in opozoril na procese, ki so produkt spremljali na trgu, in opozoril nanje. Pli\u0161asto igra\u010do <em>Ur\u0161ulo Noordung<\/em> so prvi\u010d razstavili leta 1994 na sejmu elektronike kot nadomestno predstavitev dru\u017ebe Iskra Sysen, pozneje pa je bila po maloprodajni ceni na prodaj \u0161e v izlo\u017ebi Mladinske knjige in v Metalki. Umetni\u0161ka akcija je s prodajo objekta razdvojila identiteto potro\u0161nika na kupca igra\u010de in kupca umetni\u0161kega dela, s tem pa odprla vpra\u0161anji o statusu umetni\u0161kega dela in komodifikaciji. Hkrati je otro\u0161ka igra\u010da dobila tudi ideolo\u0161ki, ekonomski in kulturni kontekst. Igra\u010de imajo namre\u010d pomembno vlogo pri utrjevanju dominantnih dru\u017ebenih vrednot in norm: najve\u010dkrat nevsiljivo in v nedol\u017eni obliki opravljajo tudi vzgojno funkcijo in posledi\u010dno nadzor in indoktrinacijo.<\/p>\n<p><em>Kristina Ferk, Anja Seni\u010dar<\/em><\/p>\n<hr \/>\n<p><strong>Marko Peljhan,\u00a0<em>Park kulture<\/em><\/strong><br \/>\nTV situacija, 3\u201947\u2019\u2019, 1996<br \/>\n<span style=\"font-size: 80%;\">Re\u017eija: Marko Peljhan, monta\u017ea: Alja\u017e Rogelj, Marko Peljhan, glasba: Sre\u010dko Bajda, produkcija: Projekt Atol, SCCA-Ljubljana, VPK<\/span><\/p>\n<p><img loading=\"lazy\" decoding=\"async\" class=\"alignnone size-large wp-image-14354\" src=\"https:\/\/www.worldofart.org\/arhiv.worldofart.org\/aktualno\/wp-content\/uploads\/2019\/05\/2019_05_22-SKUC_NKR_Peljhan3-730x419.jpg\" alt=\"\" width=\"730\" height=\"419\" srcset=\"https:\/\/www.worldofart.org\/arhiv.worldofart.org\/aktualno\/wp-content\/uploads\/2019\/05\/2019_05_22-SKUC_NKR_Peljhan3-730x419.jpg 730w, https:\/\/www.worldofart.org\/arhiv.worldofart.org\/aktualno\/wp-content\/uploads\/2019\/05\/2019_05_22-SKUC_NKR_Peljhan3-338x194.jpg 338w, https:\/\/www.worldofart.org\/arhiv.worldofart.org\/aktualno\/wp-content\/uploads\/2019\/05\/2019_05_22-SKUC_NKR_Peljhan3-768x440.jpg 768w, https:\/\/www.worldofart.org\/arhiv.worldofart.org\/aktualno\/wp-content\/uploads\/2019\/05\/2019_05_22-SKUC_NKR_Peljhan3.jpg 1500w\" sizes=\"(max-width: 730px) 100vw, 730px\" \/><\/p>\n<p>TV situacija, kakor je format poimenoval umetnik, je monta\u017ea televizijskih posnetkov, ki prikazujejo, kako \u010dlovek opazuje svet in vesolje \u2013 od kadrov, posnetih iz vesoljskih postaj, z morja in s povr\u0161ja Zemlje, do kadrov iz podmornic, kontrolnih sob in prostorov agencij za nadzorovanje. Posnetke dopolnjujeta dve drse\u010di besedili. Pod citati iz Sun Cujevega dela <em>Umetnost vojne<\/em> se v hitrej\u0161em ritmu vrtijo izseki televizijskih novic, ki naj bi uporabnika v zgo\u0161\u010deni obliki informirale o aktualnem dogajanju. Video ponazarja umetnikovo refleksijo o vseprisotnosti medijev in o realnosti, ki jo posredujejo. Z reguliranjem in distribucijo informacij je medij lahko tudi sredstvo nadzora, saj do gledalcev vedno pride selektivno zre\u017eirana vsebina. Delo temelji na avtorjevi osebni izku\u0161nji \u2013 sre\u010danju z odprtimi informacijskimi kanali, ki so omogo\u010dili pogled v sistem informacij pred kon\u010dno, javno medijsko selekcijo. Peljhan s kon\u010dno izjavo <em>Opazujejo vas<\/em>. <em>Vklju\u010dite svoj oddajnik in opazujte vi njih<\/em> nagovori gledalca in neposredno odpre problematiko zasebnosti, opazovanja, monitoringa in nadzora.<\/p>\n<p><em>Kristina Ferk, Anja Seni\u010dar<\/em><\/p>\n<hr \/>\n<p><strong>Nata\u0161a Prosenc Stearns,\u00a0<em>Soba velikega brata<\/em><\/strong><br \/>\ninteraktivna video instalacija \u2013 projekcija in govorni\u0161ki pult s kontrolo slike, 3\u201947\u2019\u2019, 1996<br \/>\n<span style=\"font-size: 80%;\">Video: arhivski posnetki TV Slovenija, glasba: Milko Lazar<br \/>\nNevenka \u0160ivavec,\u00a0<a href=\"https:\/\/www.worldofart.org\/arhiv.worldofart.org\/aktualno\/wp-content\/uploads\/2019\/05\/Natasa_Prosenc-Nevenka-Sivavec_1996.pdf\" target=\"_blank\" rel=\"noopener noreferrer\" data-saferedirecturl=\"https:\/\/www.google.com\/url?q=https:\/\/www.worldofart.org\/arhiv.worldofart.org\/aktualno\/wp-content\/uploads\/2019\/05\/Natasa_Prosenc-Nevenka-Sivavec_1996.pdf&amp;source=gmail&amp;ust=1558947455097000&amp;usg=AFQjCNFfNIZrjQI-35Kdy-UkkGW7sogd0Q\"><i>Inteligentni ne marajo mno\u017eice<\/i><\/a>, spremno besedilo k razstavi\u00a0<i>Soba Velikega brata<\/i> v Likovnem salonu Celje, 1997. Z dovoljenjem Nevenke \u0160ivavec.<\/span><\/p>\n<p><img loading=\"lazy\" decoding=\"async\" class=\"alignnone size-large wp-image-14357\" src=\"https:\/\/www.worldofart.org\/arhiv.worldofart.org\/aktualno\/wp-content\/uploads\/2019\/05\/2019_05_22_SKUC_NKR_234-730x487.jpg\" alt=\"\" width=\"730\" height=\"487\" srcset=\"https:\/\/www.worldofart.org\/arhiv.worldofart.org\/aktualno\/wp-content\/uploads\/2019\/05\/2019_05_22_SKUC_NKR_234-730x487.jpg 730w, https:\/\/www.worldofart.org\/arhiv.worldofart.org\/aktualno\/wp-content\/uploads\/2019\/05\/2019_05_22_SKUC_NKR_234-338x225.jpg 338w, https:\/\/www.worldofart.org\/arhiv.worldofart.org\/aktualno\/wp-content\/uploads\/2019\/05\/2019_05_22_SKUC_NKR_234-768x512.jpg 768w, https:\/\/www.worldofart.org\/arhiv.worldofart.org\/aktualno\/wp-content\/uploads\/2019\/05\/2019_05_22_SKUC_NKR_234.jpg 1500w\" sizes=\"(max-width: 730px) 100vw, 730px\" \/><\/p>\n<p>Interaktivna prostorska instalacija vklju\u010duje video, govorni\u0161ki pult s kontrolo slike in glas, ki vabi gledalca za govorni\u0161ki pult. Video, sestavljen iz \u010drno-belih arhivskih posnetkov Televizije Slovenija, preplastenih s povezujo\u010dim rde\u010dim grafi\u010dnim elementom, prikazuje mno\u017eice na voja\u0161kih zborovanjih, \u0161portnih dogodkih in med verskimi obredi. Obiskovalec za govorni\u0161kim odrom lahko sledi navodilom in s tem prevzame aktivno vlogo pri ogledovanju in previjanju posnetkov, postane del izvajanja nadzora. Vlogo nadzornika lahko zasede slehernik, s tem instalacija ka\u017ee odnos umetnice do nadziranja mno\u017eic in vloge posameznika.<\/p>\n<p><em>Tia \u010ci\u010dek, Lara Meja\u010d<\/em><\/p>\n<hr \/>\n<p><strong>FOTOGALERIJA<\/strong><\/p>\n<p>Fotografije: Klemen Ilovar, zajemi spletne strani in video del.<\/p>\n<div id='gallery-1' class='gallery galleryid-14334 gallery-columns-5 gallery-size-thumbnail'><figure class='gallery-item'>\n\t\t\t<div class='gallery-icon landscape'>\n\t\t\t\t<a href='https:\/\/www.worldofart.org\/arhiv.worldofart.org\/aktualno\/wp-content\/uploads\/2019\/05\/2019_05_22_SKUC_NKR_151.jpg' rel=\"lightbox[14334]\"><img loading=\"lazy\" decoding=\"async\" width=\"140\" height=\"140\" src=\"https:\/\/www.worldofart.org\/arhiv.worldofart.org\/aktualno\/wp-content\/uploads\/2019\/05\/2019_05_22_SKUC_NKR_151-140x140.jpg\" class=\"attachment-thumbnail size-thumbnail\" alt=\"\" \/><\/a>\n\t\t\t<\/div><\/figure><figure class='gallery-item'>\n\t\t\t<div class='gallery-icon landscape'>\n\t\t\t\t<a href='https:\/\/www.worldofart.org\/arhiv.worldofart.org\/aktualno\/wp-content\/uploads\/2019\/05\/2019_05_22_SKUC_NKR_143.jpg' rel=\"lightbox[14334]\"><img loading=\"lazy\" decoding=\"async\" width=\"140\" height=\"140\" src=\"https:\/\/www.worldofart.org\/arhiv.worldofart.org\/aktualno\/wp-content\/uploads\/2019\/05\/2019_05_22_SKUC_NKR_143-140x140.jpg\" class=\"attachment-thumbnail size-thumbnail\" alt=\"\" \/><\/a>\n\t\t\t<\/div><\/figure><figure class='gallery-item'>\n\t\t\t<div class='gallery-icon portrait'>\n\t\t\t\t<a href='https:\/\/www.worldofart.org\/arhiv.worldofart.org\/aktualno\/wp-content\/uploads\/2019\/05\/2019_05_22_SKUC_NKR_072.jpg' rel=\"lightbox[14334]\"><img loading=\"lazy\" decoding=\"async\" width=\"140\" height=\"140\" src=\"https:\/\/www.worldofart.org\/arhiv.worldofart.org\/aktualno\/wp-content\/uploads\/2019\/05\/2019_05_22_SKUC_NKR_072-140x140.jpg\" class=\"attachment-thumbnail size-thumbnail\" alt=\"\" \/><\/a>\n\t\t\t<\/div><\/figure><figure class='gallery-item'>\n\t\t\t<div class='gallery-icon portrait'>\n\t\t\t\t<a href='https:\/\/www.worldofart.org\/arhiv.worldofart.org\/aktualno\/wp-content\/uploads\/2019\/05\/2019_05_22_SKUC_NKR_058.jpg' rel=\"lightbox[14334]\"><img loading=\"lazy\" decoding=\"async\" width=\"140\" height=\"140\" src=\"https:\/\/www.worldofart.org\/arhiv.worldofart.org\/aktualno\/wp-content\/uploads\/2019\/05\/2019_05_22_SKUC_NKR_058-140x140.jpg\" class=\"attachment-thumbnail size-thumbnail\" alt=\"\" \/><\/a>\n\t\t\t<\/div><\/figure><figure class='gallery-item'>\n\t\t\t<div class='gallery-icon portrait'>\n\t\t\t\t<a href='https:\/\/www.worldofart.org\/arhiv.worldofart.org\/aktualno\/wp-content\/uploads\/2019\/05\/2019_05_22_SKUC_NKR_057.jpg' rel=\"lightbox[14334]\"><img loading=\"lazy\" decoding=\"async\" width=\"140\" height=\"140\" src=\"https:\/\/www.worldofart.org\/arhiv.worldofart.org\/aktualno\/wp-content\/uploads\/2019\/05\/2019_05_22_SKUC_NKR_057-140x140.jpg\" class=\"attachment-thumbnail size-thumbnail\" alt=\"\" \/><\/a>\n\t\t\t<\/div><\/figure><figure class='gallery-item'>\n\t\t\t<div class='gallery-icon portrait'>\n\t\t\t\t<a href='https:\/\/www.worldofart.org\/arhiv.worldofart.org\/aktualno\/wp-content\/uploads\/2019\/05\/2019_05_22_SKUC_NKR_055.jpg' rel=\"lightbox[14334]\"><img loading=\"lazy\" decoding=\"async\" width=\"140\" height=\"140\" src=\"https:\/\/www.worldofart.org\/arhiv.worldofart.org\/aktualno\/wp-content\/uploads\/2019\/05\/2019_05_22_SKUC_NKR_055-140x140.jpg\" class=\"attachment-thumbnail size-thumbnail\" alt=\"\" \/><\/a>\n\t\t\t<\/div><\/figure><figure class='gallery-item'>\n\t\t\t<div class='gallery-icon landscape'>\n\t\t\t\t<a href='https:\/\/www.worldofart.org\/arhiv.worldofart.org\/aktualno\/wp-content\/uploads\/2019\/05\/2019_05_22_SKUC_NKR_131.jpg' rel=\"lightbox[14334]\"><img loading=\"lazy\" decoding=\"async\" width=\"140\" height=\"140\" src=\"https:\/\/www.worldofart.org\/arhiv.worldofart.org\/aktualno\/wp-content\/uploads\/2019\/05\/2019_05_22_SKUC_NKR_131-140x140.jpg\" class=\"attachment-thumbnail size-thumbnail\" alt=\"\" \/><\/a>\n\t\t\t<\/div><\/figure><figure class='gallery-item'>\n\t\t\t<div class='gallery-icon portrait'>\n\t\t\t\t<a href='https:\/\/www.worldofart.org\/arhiv.worldofart.org\/aktualno\/wp-content\/uploads\/2019\/05\/2019_05_22_SKUC_NKR_133.jpg' rel=\"lightbox[14334]\"><img loading=\"lazy\" decoding=\"async\" width=\"140\" height=\"140\" src=\"https:\/\/www.worldofart.org\/arhiv.worldofart.org\/aktualno\/wp-content\/uploads\/2019\/05\/2019_05_22_SKUC_NKR_133-140x140.jpg\" class=\"attachment-thumbnail size-thumbnail\" alt=\"\" \/><\/a>\n\t\t\t<\/div><\/figure><figure class='gallery-item'>\n\t\t\t<div class='gallery-icon portrait'>\n\t\t\t\t<a href='https:\/\/www.worldofart.org\/arhiv.worldofart.org\/aktualno\/wp-content\/uploads\/2019\/05\/2019_05_22_SKUC_NKR_138.jpg' rel=\"lightbox[14334]\"><img loading=\"lazy\" decoding=\"async\" width=\"140\" height=\"140\" src=\"https:\/\/www.worldofart.org\/arhiv.worldofart.org\/aktualno\/wp-content\/uploads\/2019\/05\/2019_05_22_SKUC_NKR_138-140x140.jpg\" class=\"attachment-thumbnail size-thumbnail\" alt=\"\" \/><\/a>\n\t\t\t<\/div><\/figure><figure class='gallery-item'>\n\t\t\t<div class='gallery-icon portrait'>\n\t\t\t\t<a href='https:\/\/www.worldofart.org\/arhiv.worldofart.org\/aktualno\/wp-content\/uploads\/2019\/05\/2019_05_22_SKUC_NKR_139.jpg' rel=\"lightbox[14334]\"><img loading=\"lazy\" decoding=\"async\" width=\"140\" height=\"140\" src=\"https:\/\/www.worldofart.org\/arhiv.worldofart.org\/aktualno\/wp-content\/uploads\/2019\/05\/2019_05_22_SKUC_NKR_139-140x140.jpg\" class=\"attachment-thumbnail size-thumbnail\" alt=\"\" \/><\/a>\n\t\t\t<\/div><\/figure><figure class='gallery-item'>\n\t\t\t<div class='gallery-icon landscape'>\n\t\t\t\t<a href='https:\/\/www.worldofart.org\/arhiv.worldofart.org\/aktualno\/wp-content\/uploads\/2019\/05\/Vuk-Cosic-Dan-v-zivljenju-omreznega-umetnika-spletno-delo-1997.png' rel=\"lightbox[14334]\"><img loading=\"lazy\" decoding=\"async\" width=\"140\" height=\"140\" src=\"https:\/\/www.worldofart.org\/arhiv.worldofart.org\/aktualno\/wp-content\/uploads\/2019\/05\/Vuk-Cosic-Dan-v-zivljenju-omreznega-umetnika-spletno-delo-1997-140x140.png\" class=\"attachment-thumbnail size-thumbnail\" alt=\"\" \/><\/a>\n\t\t\t<\/div><\/figure><figure class='gallery-item'>\n\t\t\t<div class='gallery-icon portrait'>\n\t\t\t\t<a href='https:\/\/www.worldofart.org\/arhiv.worldofart.org\/aktualno\/wp-content\/uploads\/2019\/05\/2019_05_22_SKUC_NKR_260.jpg' rel=\"lightbox[14334]\"><img loading=\"lazy\" decoding=\"async\" width=\"140\" height=\"140\" src=\"https:\/\/www.worldofart.org\/arhiv.worldofart.org\/aktualno\/wp-content\/uploads\/2019\/05\/2019_05_22_SKUC_NKR_260-140x140.jpg\" class=\"attachment-thumbnail size-thumbnail\" alt=\"\" \/><\/a>\n\t\t\t<\/div><\/figure><figure class='gallery-item'>\n\t\t\t<div class='gallery-icon landscape'>\n\t\t\t\t<a href='https:\/\/www.worldofart.org\/arhiv.worldofart.org\/aktualno\/wp-content\/uploads\/2019\/05\/2019_05_22_SKUC_NKR_154.jpg' rel=\"lightbox[14334]\"><img loading=\"lazy\" decoding=\"async\" width=\"140\" height=\"140\" src=\"https:\/\/www.worldofart.org\/arhiv.worldofart.org\/aktualno\/wp-content\/uploads\/2019\/05\/2019_05_22_SKUC_NKR_154-140x140.jpg\" class=\"attachment-thumbnail size-thumbnail\" alt=\"\" \/><\/a>\n\t\t\t<\/div><\/figure><figure class='gallery-item'>\n\t\t\t<div class='gallery-icon portrait'>\n\t\t\t\t<a href='https:\/\/www.worldofart.org\/arhiv.worldofart.org\/aktualno\/wp-content\/uploads\/2019\/05\/2019_05_22_SKUC_NKR_189.jpg' rel=\"lightbox[14334]\"><img loading=\"lazy\" decoding=\"async\" width=\"140\" height=\"140\" src=\"https:\/\/www.worldofart.org\/arhiv.worldofart.org\/aktualno\/wp-content\/uploads\/2019\/05\/2019_05_22_SKUC_NKR_189-140x140.jpg\" class=\"attachment-thumbnail size-thumbnail\" alt=\"\" \/><\/a>\n\t\t\t<\/div><\/figure><figure class='gallery-item'>\n\t\t\t<div class='gallery-icon portrait'>\n\t\t\t\t<a href='https:\/\/www.worldofart.org\/arhiv.worldofart.org\/aktualno\/wp-content\/uploads\/2019\/05\/2019_05_22_SKUC_NKR_185.jpg' rel=\"lightbox[14334]\"><img loading=\"lazy\" decoding=\"async\" width=\"140\" height=\"140\" src=\"https:\/\/www.worldofart.org\/arhiv.worldofart.org\/aktualno\/wp-content\/uploads\/2019\/05\/2019_05_22_SKUC_NKR_185-140x140.jpg\" class=\"attachment-thumbnail size-thumbnail\" alt=\"\" \/><\/a>\n\t\t\t<\/div><\/figure><figure class='gallery-item'>\n\t\t\t<div class='gallery-icon landscape'>\n\t\t\t\t<a href='https:\/\/www.worldofart.org\/arhiv.worldofart.org\/aktualno\/wp-content\/uploads\/2019\/05\/2019_05_22-SKUC_NKR_Peljhan3.jpg' rel=\"lightbox[14334]\"><img loading=\"lazy\" decoding=\"async\" width=\"140\" height=\"140\" src=\"https:\/\/www.worldofart.org\/arhiv.worldofart.org\/aktualno\/wp-content\/uploads\/2019\/05\/2019_05_22-SKUC_NKR_Peljhan3-140x140.jpg\" class=\"attachment-thumbnail size-thumbnail\" alt=\"\" \/><\/a>\n\t\t\t<\/div><\/figure><figure class='gallery-item'>\n\t\t\t<div class='gallery-icon portrait'>\n\t\t\t\t<a href='https:\/\/www.worldofart.org\/arhiv.worldofart.org\/aktualno\/wp-content\/uploads\/2019\/05\/2019_05_22_SKUC_NKR_231.jpg' rel=\"lightbox[14334]\"><img loading=\"lazy\" decoding=\"async\" width=\"140\" height=\"140\" src=\"https:\/\/www.worldofart.org\/arhiv.worldofart.org\/aktualno\/wp-content\/uploads\/2019\/05\/2019_05_22_SKUC_NKR_231-140x140.jpg\" class=\"attachment-thumbnail size-thumbnail\" alt=\"\" \/><\/a>\n\t\t\t<\/div><\/figure><figure class='gallery-item'>\n\t\t\t<div class='gallery-icon landscape'>\n\t\t\t\t<a href='https:\/\/www.worldofart.org\/arhiv.worldofart.org\/aktualno\/wp-content\/uploads\/2019\/05\/2019_05_22_SKUC_NKR_234.jpg' rel=\"lightbox[14334]\"><img loading=\"lazy\" decoding=\"async\" width=\"140\" height=\"140\" src=\"https:\/\/www.worldofart.org\/arhiv.worldofart.org\/aktualno\/wp-content\/uploads\/2019\/05\/2019_05_22_SKUC_NKR_234-140x140.jpg\" class=\"attachment-thumbnail size-thumbnail\" alt=\"\" \/><\/a>\n\t\t\t<\/div><\/figure><figure class='gallery-item'>\n\t\t\t<div class='gallery-icon landscape'>\n\t\t\t\t<a href='https:\/\/www.worldofart.org\/arhiv.worldofart.org\/aktualno\/wp-content\/uploads\/2019\/05\/2019_05_22_SKUC_NKR_201.jpg' rel=\"lightbox[14334]\"><img loading=\"lazy\" decoding=\"async\" width=\"140\" height=\"140\" src=\"https:\/\/www.worldofart.org\/arhiv.worldofart.org\/aktualno\/wp-content\/uploads\/2019\/05\/2019_05_22_SKUC_NKR_201-140x140.jpg\" class=\"attachment-thumbnail size-thumbnail\" alt=\"\" \/><\/a>\n\t\t\t<\/div><\/figure><figure class='gallery-item'>\n\t\t\t<div class='gallery-icon landscape'>\n\t\t\t\t<a href='https:\/\/www.worldofart.org\/arhiv.worldofart.org\/aktualno\/wp-content\/uploads\/2019\/05\/Natasa-Prosenc-Stearns-Soba-velikega-brata-interaktivna-video-instalacija-1996.png' rel=\"lightbox[14334]\"><img loading=\"lazy\" decoding=\"async\" width=\"140\" height=\"140\" src=\"https:\/\/www.worldofart.org\/arhiv.worldofart.org\/aktualno\/wp-content\/uploads\/2019\/05\/Natasa-Prosenc-Stearns-Soba-velikega-brata-interaktivna-video-instalacija-1996-140x140.png\" class=\"attachment-thumbnail size-thumbnail\" alt=\"\" \/><\/a>\n\t\t\t<\/div><\/figure>\n\t\t<\/div>\n\n<hr \/>\n<p><a href=\"https:\/\/www.worldofart.org\/arhiv.worldofart.org\/aktualno\/sedemnajsto-leto-2018-2020\/nadzor-kultivacija-razvoj\">Nazaj na razstavo.<\/a><\/p>\n","protected":false},"excerpt":{"rendered":"<p>nadzor &lt; kultivacija &gt; razvoj Delovanje Sorosovega centra za sodobne umetnosti \u2013 Ljubljana (1993\u20131999) 16. 5.\u20136. 6. 2019, Galerija \u0160kuc, Ljubljana Fotografije: Klemen Ilovar Michael Brodsky,\u00a0Prenos prekinjen digitalni tisk, 1991\u20131995 Podobe so nastale s prena\u0161anjem javno dostopnih datotek GIF, najdenih na podtalnih pornografskih spletnih omre\u017ejih Bulletin Board System. S presnemavanjem in dekodiranjem datotek je umetnik [&hellip;]<\/p>\n","protected":false},"author":1,"featured_media":14354,"parent":14331,"menu_order":0,"comment_status":"closed","ping_status":"closed","template":"","meta":{"footnotes":""},"categories":[],"tags":[],"_links":{"self":[{"href":"https:\/\/www.worldofart.org\/arhiv.worldofart.org\/aktualno\/wp-json\/wp\/v2\/pages\/14334"}],"collection":[{"href":"https:\/\/www.worldofart.org\/arhiv.worldofart.org\/aktualno\/wp-json\/wp\/v2\/pages"}],"about":[{"href":"https:\/\/www.worldofart.org\/arhiv.worldofart.org\/aktualno\/wp-json\/wp\/v2\/types\/page"}],"author":[{"embeddable":true,"href":"https:\/\/www.worldofart.org\/arhiv.worldofart.org\/aktualno\/wp-json\/wp\/v2\/users\/1"}],"replies":[{"embeddable":true,"href":"https:\/\/www.worldofart.org\/arhiv.worldofart.org\/aktualno\/wp-json\/wp\/v2\/comments?post=14334"}],"version-history":[{"count":15,"href":"https:\/\/www.worldofart.org\/arhiv.worldofart.org\/aktualno\/wp-json\/wp\/v2\/pages\/14334\/revisions"}],"predecessor-version":[{"id":14547,"href":"https:\/\/www.worldofart.org\/arhiv.worldofart.org\/aktualno\/wp-json\/wp\/v2\/pages\/14334\/revisions\/14547"}],"up":[{"embeddable":true,"href":"https:\/\/www.worldofart.org\/arhiv.worldofart.org\/aktualno\/wp-json\/wp\/v2\/pages\/14331"}],"wp:featuredmedia":[{"embeddable":true,"href":"https:\/\/www.worldofart.org\/arhiv.worldofart.org\/aktualno\/wp-json\/wp\/v2\/media\/14354"}],"wp:attachment":[{"href":"https:\/\/www.worldofart.org\/arhiv.worldofart.org\/aktualno\/wp-json\/wp\/v2\/media?parent=14334"}],"wp:term":[{"taxonomy":"category","embeddable":true,"href":"https:\/\/www.worldofart.org\/arhiv.worldofart.org\/aktualno\/wp-json\/wp\/v2\/categories?post=14334"},{"taxonomy":"post_tag","embeddable":true,"href":"https:\/\/www.worldofart.org\/arhiv.worldofart.org\/aktualno\/wp-json\/wp\/v2\/tags?post=14334"}],"curies":[{"name":"wp","href":"https:\/\/api.w.org\/{rel}","templated":true}]}}