{"id":14373,"date":"2019-05-26T21:29:56","date_gmt":"2019-05-26T19:29:56","guid":{"rendered":"http:\/\/www.worldofart.org\/aktualno\/?page_id=14373"},"modified":"2019-07-11T12:43:38","modified_gmt":"2019-07-11T10:43:38","slug":"galerijska-predstavitev-arhiva","status":"publish","type":"page","link":"https:\/\/www.worldofart.org\/arhiv.worldofart.org\/aktualno\/sedemnajsto-leto-2018-2020\/nadzor-kultivacija-razvoj\/galerijska-predstavitev-arhiva","title":{"rendered":"Galerijska predstavitev arhiva"},"content":{"rendered":"<p><a href=\"https:\/\/www.worldofart.org\/arhiv.worldofart.org\/aktualno\/sedemnajsto-leto-2018-2020\/nadzor-kultivacija-razvoj\">nadzor &lt; kultivacija &gt; razvoj<br \/>\nDelovanje Sorosovega centra za sodobne umetnosti \u2013 Ljubljana (1993\u20131999)<\/a><br \/>\n16. 5.\u20136. 6. 2019, Galerija \u0160kuc, Ljubljana<\/p>\n<hr \/>\n<p>Grafi\u010dno oblikovanje: Vesna Bukovec<br \/>\nFotografije: Klemen Ilovar<\/p>\n<hr \/>\n<figure id=\"attachment_14379\" aria-describedby=\"caption-attachment-14379\" style=\"width: 730px\" class=\"wp-caption alignnone\"><img loading=\"lazy\" decoding=\"async\" class=\"wp-image-14379 size-large\" src=\"https:\/\/www.worldofart.org\/arhiv.worldofart.org\/aktualno\/wp-content\/uploads\/2019\/05\/scca-mreza-detajl-730x438.jpg\" alt=\"\" width=\"730\" height=\"438\" srcset=\"https:\/\/www.worldofart.org\/arhiv.worldofart.org\/aktualno\/wp-content\/uploads\/2019\/05\/scca-mreza-detajl-730x438.jpg 730w, https:\/\/www.worldofart.org\/arhiv.worldofart.org\/aktualno\/wp-content\/uploads\/2019\/05\/scca-mreza-detajl-338x203.jpg 338w, https:\/\/www.worldofart.org\/arhiv.worldofart.org\/aktualno\/wp-content\/uploads\/2019\/05\/scca-mreza-detajl-768x461.jpg 768w, https:\/\/www.worldofart.org\/arhiv.worldofart.org\/aktualno\/wp-content\/uploads\/2019\/05\/scca-mreza-detajl.jpg 1000w\" sizes=\"(max-width: 730px) 100vw, 730px\" \/><figcaption id=\"caption-attachment-14379\" class=\"wp-caption-text\">Detajl s plakata, <a href=\"https:\/\/www.worldofart.org\/arhiv.worldofart.org\/aktualno\/wp-content\/uploads\/2019\/05\/SCCA-mreza.pdf\" target=\"_blank\" rel=\"noopener noreferrer\">celoten plakat (pdf)<\/a><\/figcaption><\/figure>\n<p><strong>Mre\u017ea SCCA<\/strong><\/p>\n<p>Mre\u017ea dvajsetih Sorosovih centrov (SCCA Network) je bila ustanovljena v devetdesetih letih v nekdanjih socialisti\u010dnih in komunisti\u010dnih dr\u017eavah srednje in vzhodne Evrope ter Sovjetske zveze. Mre\u017ea si je prizadevala modernizirati umetni\u0161ki diskurz ter vzpostaviti narativ sodobne umetnosti na \u201cVzhodu\u201d, kar je posku\u0161ala dose\u010di z regionalnim povezovanjem, zgodovinjenjem umetni\u0161kih tendenc, zbiranjem dokumentacije o umetnikih in umetnosti, razstavami in projekti, lastno revijo za sodobno umetnost in financiranjem kulturne dejavnosti. Mre\u017ea je imela aktivno vlogo pri usmerjanju umetnosti, vzpostavila je vzporedne komunikacijske kanale ter spodbujala rabo novih medijev in tehnologij. Vsi centri so bili nadgradnja dokumentacijskega centra SCCA-Budimpe\u0161ta, ustanovljenega leta 1984\/85. Vsak center je ob ustanovitvi dobil priro\u010dnik s priporo\u010dili glede strukture in vsebin, ki so jih posamezni centri bolj ali manj dosledno prilagodili potrebam lokalnega okolja. U\u010dinki te\u017enje po pozahodnjenju so bili v nekaterih okoljih bolj vidni kakor v drugih.<\/p>\n<hr \/>\n<figure id=\"attachment_14584\" aria-describedby=\"caption-attachment-14584\" style=\"width: 730px\" class=\"wp-caption alignnone\"><img loading=\"lazy\" decoding=\"async\" class=\"wp-image-14584 size-large\" src=\"https:\/\/www.worldofart.org\/arhiv.worldofart.org\/aktualno\/wp-content\/uploads\/2019\/07\/grafika-scca-ljubljana_detajl-730x519.jpg\" alt=\"\" width=\"730\" height=\"519\" srcset=\"https:\/\/www.worldofart.org\/arhiv.worldofart.org\/aktualno\/wp-content\/uploads\/2019\/07\/grafika-scca-ljubljana_detajl-730x519.jpg 730w, https:\/\/www.worldofart.org\/arhiv.worldofart.org\/aktualno\/wp-content\/uploads\/2019\/07\/grafika-scca-ljubljana_detajl-338x240.jpg 338w, https:\/\/www.worldofart.org\/arhiv.worldofart.org\/aktualno\/wp-content\/uploads\/2019\/07\/grafika-scca-ljubljana_detajl-768x546.jpg 768w, https:\/\/www.worldofart.org\/arhiv.worldofart.org\/aktualno\/wp-content\/uploads\/2019\/07\/grafika-scca-ljubljana_detajl.jpg 800w\" sizes=\"(max-width: 730px) 100vw, 730px\" \/><figcaption id=\"caption-attachment-14584\" class=\"wp-caption-text\">Detajl s plakata, <a href=\"https:\/\/www.worldofart.org\/arhiv.worldofart.org\/aktualno\/wp-content\/uploads\/2019\/07\/grafika-scca-ljubljana_velika.jpg\" target=\"_blank\" rel=\"noopener noreferrer\" rel=\"lightbox[14373]\">celoten plakat<\/a><\/figcaption><\/figure>\n<p><strong>SCCA-Ljubljana<\/strong><\/p>\n<p>Sorosov center za sodobne umetnosti \u2013 Ljubljana je deloval med letoma 1993 in 1999 kot eden od programov Zavoda za odprto dru\u017ebo \u2013 Slovenija in kot del mre\u017ee dvajsetih SCCA centrov. Poleg dotacijskih programov je izvajal vrsto nacionalnih in regijskih programov in lastnih projektov. Delovanje SCCA-Ljubljana je segalo na podro\u010dja razstavne dejavnosti (letne razstave in projekti), izobra\u017eevanja (kuratorski te\u010daj Svet umetnosti), raziskovanja, zalo\u017eni\u0161tva, arhiviranja (dokumentiranje zgodovine videa), dokumentacije (mape umetnikov in umetnic, videoteka, diateka) in diseminacije (posredni\u0161ka mre\u017ena servisna dejavnost). Center je bil vstopna informacijska to\u010dka za \u0161tevilne kuratorje in raziskovalce, ki so se \u017eeleli informirati o lokalnem okolju, z individualnimi potovalnimi podporami pa je spodbujal tudi izmenjavo z zahodnimi umetnostnimi sredi\u0161\u010di (potovalne podpore <em>Pot pod noge<\/em>, koordinacija programa <em>ArtsLink<\/em>, umetni\u0161ki atelje v New Yorku (v sodelovanju z Ministrstvom za kulturo)). Center je z javnimi razpisi in dotacijami podpiral kulturno dejavnost, klju\u010dne pa so bile dotacije umetni\u0161kim, razstavnim in zalo\u017eni\u0161kim projektom ter tudi dotacije za mednarodno sodelovanje in za neprogramske stro\u0161ke. Leta 2000 so se zaradi preoblikovanja Sorosovih fundacij SCCA-ji osamosvojili in za\u010deli delovati kot nevladne organizacije, se pripojili ve\u010djim institucijam ali pa prenehali delovati. SCCA-Ljubljana se je preoblikoval v Zavod za sodobno umetnost SCCA \u2013 Ljubljana.<\/p>\n<hr \/>\n<figure id=\"attachment_14378\" aria-describedby=\"caption-attachment-14378\" style=\"width: 730px\" class=\"wp-caption alignnone\"><img loading=\"lazy\" decoding=\"async\" class=\"wp-image-14378 size-large\" src=\"https:\/\/www.worldofart.org\/arhiv.worldofart.org\/aktualno\/wp-content\/uploads\/2019\/05\/analiza-dotacij-detajl-730x438.png\" alt=\"\" width=\"730\" height=\"438\" srcset=\"https:\/\/www.worldofart.org\/arhiv.worldofart.org\/aktualno\/wp-content\/uploads\/2019\/05\/analiza-dotacij-detajl-730x438.png 730w, https:\/\/www.worldofart.org\/arhiv.worldofart.org\/aktualno\/wp-content\/uploads\/2019\/05\/analiza-dotacij-detajl-338x203.png 338w, https:\/\/www.worldofart.org\/arhiv.worldofart.org\/aktualno\/wp-content\/uploads\/2019\/05\/analiza-dotacij-detajl-768x461.png 768w, https:\/\/www.worldofart.org\/arhiv.worldofart.org\/aktualno\/wp-content\/uploads\/2019\/05\/analiza-dotacij-detajl.png 1000w\" sizes=\"(max-width: 730px) 100vw, 730px\" \/><figcaption id=\"caption-attachment-14378\" class=\"wp-caption-text\">Detajl s plakata, <a href=\"https:\/\/www.worldofart.org\/arhiv.worldofart.org\/aktualno\/wp-content\/uploads\/2019\/05\/Analiza-dotacij.pdf\" target=\"_blank\" rel=\"noopener noreferrer\">celoten plakat (pdf)<\/a><\/figcaption><\/figure>\n<p><strong>Analiza dotacij SCCA-Ljubljana (1993-1999)<\/strong><\/p>\n<p>Analiza podeljenih dotacij: Tia \u010ci\u010dek. Pomo\u010d pri pripravi analize: Asta Vre\u010dko.<\/p>\n<hr \/>\n<figure id=\"attachment_14587\" aria-describedby=\"caption-attachment-14587\" style=\"width: 730px\" class=\"wp-caption alignnone\"><img loading=\"lazy\" decoding=\"async\" class=\"wp-image-14587 size-large\" src=\"https:\/\/www.worldofart.org\/arhiv.worldofart.org\/aktualno\/wp-content\/uploads\/2019\/07\/grafika-scca-razstavna-dejavnost-detajl-730x499.jpg\" alt=\"\" width=\"730\" height=\"499\" srcset=\"https:\/\/www.worldofart.org\/arhiv.worldofart.org\/aktualno\/wp-content\/uploads\/2019\/07\/grafika-scca-razstavna-dejavnost-detajl-730x499.jpg 730w, https:\/\/www.worldofart.org\/arhiv.worldofart.org\/aktualno\/wp-content\/uploads\/2019\/07\/grafika-scca-razstavna-dejavnost-detajl-338x231.jpg 338w, https:\/\/www.worldofart.org\/arhiv.worldofart.org\/aktualno\/wp-content\/uploads\/2019\/07\/grafika-scca-razstavna-dejavnost-detajl-768x525.jpg 768w, https:\/\/www.worldofart.org\/arhiv.worldofart.org\/aktualno\/wp-content\/uploads\/2019\/07\/grafika-scca-razstavna-dejavnost-detajl.jpg 800w\" sizes=\"(max-width: 730px) 100vw, 730px\" \/><figcaption id=\"caption-attachment-14587\" class=\"wp-caption-text\">Detajl s plakata, <a href=\"https:\/\/www.worldofart.org\/arhiv.worldofart.org\/aktualno\/wp-content\/uploads\/2019\/07\/grafika-scca-razstavna-dejavnost-velika.jpg\" target=\"_blank\" rel=\"noopener noreferrer\" rel=\"lightbox[14373]\">celoten plakat<\/a><\/figcaption><\/figure>\n<p><strong>Razstavna dejavnost<\/strong><\/p>\n<p>Razstavni projekti SCCA-Ljubljana so bili namenjeni predstavljanju sodobne umetni\u0161ke produkcije in so spodbujali organizacijske prijeme in teme, ki so se v lokalnem kulturnem prostoru kazale kot manko. Prvi razstavni projekt je bil <em><strong>Akcija letak<\/strong><\/em> (Pe\u0161aki, Metelkova mesto, 1993), v sklopu katere je potekala tudi tiskovna konferenca s predstavitvijo delovanja in programa novo ustanovljenega centra. Vsi SCCA-ji so pripravljali t. i. letne razstave, pri izbiri tematik in medijev pa so se nemalokrat zgledovali po razstavah, ki jih je za SCCA-Budimpe\u0161ta kurirala direktorica mre\u017ee SCCA Network Suzanne Meszoly. Prva letna razstava SCCA-Ljubljana je bila <em><strong>Urbanaria<\/strong><\/em>. Tematizirala je umetnost v urbanem okolju, razdeljena pa je bila na dva dela: konceptualno razstavo petdesetih predlogov, prispelih na javni razpis (NUK, 1994), in realizacijo trinajstih projektov na razli\u010dnih lokacijah po Ljubljani in v razli\u010dnih \u010dasovnih obdobjih (1994\u20131997). Letna razstava <em><strong>Medij v mediju<\/strong><\/em> (kuratorka Vanesa Cvahte, 1997) je bila mednarodni razstavni projekt, ki je predstavil umetni\u0161ke koncepte, katerih tema so mno\u017ei\u010dni mediji, njihovo delovanje, psihosocialni in ideolo\u0161ki u\u010dinki ter estetske kvalitete. Enakovredno je predstavil razli\u010dne umetni\u0161ke medije: video, ambient, fotografijo, avantgardisti\u010dni film in internet. Raziskovalni projekt o vpra\u0161anjih recepcije in vrednotenja moderne slovenske umetnosti <em><strong>Potla\u010dena umetnost<\/strong><\/em> je bil zadnja letna razstava, ki jo je center namesto razstave pripravil v obliki simpozija (Muzej novej\u0161e zgodovine, 1998).<\/p>\n<p>Leta 1997 je SCCA-Ljubljana pod svoje okrilje sprejel \u0160KUC-ov kuratorski te\u010daj <strong>Svet umetnosti<\/strong>, v sklopu katerega so udele\u017eenci in udele\u017eenke pod mentorskim vodstvom Alenke Pirman, Lilijane \u0160tepan\u010di\u010d in Igorja Zabela v Galeriji \u0160KUC zasnovali razstave <em>This Art Is Recycled<\/em> (1997), <em>Ko umetnost nabija<\/em> (1998) in <em>Obiskovalci<\/em> (1999).<\/p>\n<hr \/>\n<p><img loading=\"lazy\" decoding=\"async\" class=\"alignnone size-large wp-image-14389\" src=\"https:\/\/www.worldofart.org\/arhiv.worldofart.org\/aktualno\/wp-content\/uploads\/2019\/05\/2019_05_22_SKUC_NKR_113-730x487.jpg\" alt=\"\" width=\"730\" height=\"487\" srcset=\"https:\/\/www.worldofart.org\/arhiv.worldofart.org\/aktualno\/wp-content\/uploads\/2019\/05\/2019_05_22_SKUC_NKR_113-730x487.jpg 730w, https:\/\/www.worldofart.org\/arhiv.worldofart.org\/aktualno\/wp-content\/uploads\/2019\/05\/2019_05_22_SKUC_NKR_113-338x225.jpg 338w, https:\/\/www.worldofart.org\/arhiv.worldofart.org\/aktualno\/wp-content\/uploads\/2019\/05\/2019_05_22_SKUC_NKR_113-768x512.jpg 768w, https:\/\/www.worldofart.org\/arhiv.worldofart.org\/aktualno\/wp-content\/uploads\/2019\/05\/2019_05_22_SKUC_NKR_113.jpg 1500w\" sizes=\"(max-width: 730px) 100vw, 730px\" \/><\/p>\n<p><strong>Dokumentacijski program<\/strong><\/p>\n<p>Ena od nalog Sorosovih centrov je bilo tudi zbiranje in dokumentiranje podatkov o umetnikih, umetnicah in umetni\u0161kih tendencah, zgodovinjenje teh tendenc, prevajanje zbranih podatkov in njihovo posredovanje centralni mre\u017ei. SCCA centri so bili nadgradnja dokumentacijskega centra SCCA-Budimpe\u0161ta, ki je v za\u010detku devetdesetih zasnoval ra\u010dunalni\u0161ko podatkovno bazo za dokumentiranje likovne umetnosti. Dvojezi\u010dna baza (jezik okolja in angle\u0161\u010dina) je posku\u0161ala zapolniti praznino v kanonizaciji sodobne umetnosti v Vzhodni Evropi, slu\u017eila pa naj bi seznanjanju kuratorjev in raziskovalcev z lokalno umetnostjo. V ta namen so SCCA-ji zbirali tudi mape umetnikov in umetnic (Artists\u2019 Files), gradiva, najve\u010dkrat predstavitve izbranih umetni\u0161kih projektov, pa so umetniki in umetnice prinesli na podlagi javnega poziva. Nekateri SCCA-ji so imeli obse\u017ene dokumentacijske programe, SCCA-Ljubljana se je celostnemu zbiranju dokumentacije o umetnikih odrekel, ker je to kontinuirano \u017ee po\u010del oddelek Dokumentacija-arhiv Moderne galerije v Ljubljani. Usoda dokumentacijskih baz \u0161tevilnih drugih centrov ni znana.<\/p>\n<p>V sklopu dokumentacijskega programa je SCCA-Ljubljana zasnoval tematski dokumentacijski, arhivarski in raziskovalni projekt o video umetnosti v slovenskem prostoru (1994\u20131999), sklenil pa se je s publikacijo <a href=\"http:\/\/www.videodokument.org\/\" target=\"_blank\" rel=\"noopener noreferrer\"><strong>Videodokument<\/strong><\/a>, ki sta jo pospremila knji\u017eica esejev in CD-rom.<\/p>\n<p>SCCA-Ljubljana\u00a0je leta 1997 v sodelovanju z Ljudmilo, \u0161e enim programom Zavoda za odprto dru\u017ebo \u2013 Slovenija, zasnoval spletni projekt\u00a0<a href=\"http:\/\/www.internet-portfolio.org\/\" target=\"_blank\" rel=\"noopener noreferrer\"><strong>Internet Portfolio<\/strong><\/a>, ki je umetnike in umetnice seznanjal tako z rabo interneta kot orodja kot potencialnega izraznega sredstva ter jim omogo\u010dil, da so v sodelovanju z izvedenci izdelali svojo predstavitev na spletu.<\/p>\n<hr \/>\n<p><img loading=\"lazy\" decoding=\"async\" class=\"alignnone size-large wp-image-14548\" src=\"https:\/\/www.worldofart.org\/arhiv.worldofart.org\/aktualno\/wp-content\/uploads\/2019\/06\/video-razstava-730x332.jpg\" alt=\"\" width=\"730\" height=\"332\" srcset=\"https:\/\/www.worldofart.org\/arhiv.worldofart.org\/aktualno\/wp-content\/uploads\/2019\/06\/video-razstava-730x332.jpg 730w, https:\/\/www.worldofart.org\/arhiv.worldofart.org\/aktualno\/wp-content\/uploads\/2019\/06\/video-razstava-338x154.jpg 338w, https:\/\/www.worldofart.org\/arhiv.worldofart.org\/aktualno\/wp-content\/uploads\/2019\/06\/video-razstava-768x349.jpg 768w, https:\/\/www.worldofart.org\/arhiv.worldofart.org\/aktualno\/wp-content\/uploads\/2019\/06\/video-razstava.jpg 1980w\" sizes=\"(max-width: 730px) 100vw, 730px\" \/><\/p>\n<p><strong>Video intervjuji<\/strong><\/p>\n<p>V video intervjuju so o vlogi in delovanju Sorosovega centra za sodobne umetnosti \u2013 Ljubljana razpravljale nekdanje sodelavke SCCA-Ljubljana, Lilijana Stepan\u010di\u010d, Barbara Bor\u010di\u0107, Sa\u0161a Nabergoj, umetnika Vuk \u0106osi\u0107 in Miran Mohar ter umetnostna zgodovinarka in teoreti\u010darka dr. Beti \u017derovc.<\/p>\n<p>Vpra\u0161anja: Miha Kelemina, Jasna Jernej\u0161ek; snemanje in monta\u017ea: Toni Poljanec.<\/p>\n<hr \/>\n<div id='gallery-1' class='gallery galleryid-14373 gallery-columns-5 gallery-size-thumbnail'><figure class='gallery-item'>\n\t\t\t<div class='gallery-icon landscape'>\n\t\t\t\t<a href='https:\/\/www.worldofart.org\/arhiv.worldofart.org\/aktualno\/wp-content\/uploads\/2019\/05\/2019_05_22_SKUC_NKR_092.jpg' rel=\"lightbox[14373]\"><img loading=\"lazy\" decoding=\"async\" width=\"140\" height=\"140\" src=\"https:\/\/www.worldofart.org\/arhiv.worldofart.org\/aktualno\/wp-content\/uploads\/2019\/05\/2019_05_22_SKUC_NKR_092-140x140.jpg\" class=\"attachment-thumbnail size-thumbnail\" alt=\"\" \/><\/a>\n\t\t\t<\/div><\/figure><figure class='gallery-item'>\n\t\t\t<div class='gallery-icon portrait'>\n\t\t\t\t<a href='https:\/\/www.worldofart.org\/arhiv.worldofart.org\/aktualno\/wp-content\/uploads\/2019\/05\/2019_05_22_SKUC_NKR_093.jpg' rel=\"lightbox[14373]\"><img loading=\"lazy\" decoding=\"async\" width=\"140\" height=\"140\" src=\"https:\/\/www.worldofart.org\/arhiv.worldofart.org\/aktualno\/wp-content\/uploads\/2019\/05\/2019_05_22_SKUC_NKR_093-140x140.jpg\" class=\"attachment-thumbnail size-thumbnail\" alt=\"\" \/><\/a>\n\t\t\t<\/div><\/figure><figure class='gallery-item'>\n\t\t\t<div class='gallery-icon portrait'>\n\t\t\t\t<a href='https:\/\/www.worldofart.org\/arhiv.worldofart.org\/aktualno\/wp-content\/uploads\/2019\/05\/2019_05_22_SKUC_NKR_099.jpg' rel=\"lightbox[14373]\"><img loading=\"lazy\" decoding=\"async\" width=\"140\" height=\"140\" src=\"https:\/\/www.worldofart.org\/arhiv.worldofart.org\/aktualno\/wp-content\/uploads\/2019\/05\/2019_05_22_SKUC_NKR_099-140x140.jpg\" class=\"attachment-thumbnail size-thumbnail\" alt=\"\" \/><\/a>\n\t\t\t<\/div><\/figure><figure class='gallery-item'>\n\t\t\t<div class='gallery-icon portrait'>\n\t\t\t\t<a href='https:\/\/www.worldofart.org\/arhiv.worldofart.org\/aktualno\/wp-content\/uploads\/2019\/05\/2019_05_22_SKUC_NKR_108.jpg' rel=\"lightbox[14373]\"><img loading=\"lazy\" decoding=\"async\" width=\"140\" height=\"140\" src=\"https:\/\/www.worldofart.org\/arhiv.worldofart.org\/aktualno\/wp-content\/uploads\/2019\/05\/2019_05_22_SKUC_NKR_108-140x140.jpg\" class=\"attachment-thumbnail size-thumbnail\" alt=\"\" \/><\/a>\n\t\t\t<\/div><\/figure><figure class='gallery-item'>\n\t\t\t<div class='gallery-icon portrait'>\n\t\t\t\t<a href='https:\/\/www.worldofart.org\/arhiv.worldofart.org\/aktualno\/wp-content\/uploads\/2019\/05\/2019_05_22_SKUC_NKR_106.jpg' rel=\"lightbox[14373]\"><img loading=\"lazy\" decoding=\"async\" width=\"140\" height=\"140\" src=\"https:\/\/www.worldofart.org\/arhiv.worldofart.org\/aktualno\/wp-content\/uploads\/2019\/05\/2019_05_22_SKUC_NKR_106-140x140.jpg\" class=\"attachment-thumbnail size-thumbnail\" alt=\"\" \/><\/a>\n\t\t\t<\/div><\/figure><figure class='gallery-item'>\n\t\t\t<div class='gallery-icon landscape'>\n\t\t\t\t<a href='https:\/\/www.worldofart.org\/arhiv.worldofart.org\/aktualno\/wp-content\/uploads\/2019\/05\/2019_05_22_SKUC_NKR_125.jpg' rel=\"lightbox[14373]\"><img loading=\"lazy\" decoding=\"async\" width=\"140\" height=\"140\" src=\"https:\/\/www.worldofart.org\/arhiv.worldofart.org\/aktualno\/wp-content\/uploads\/2019\/05\/2019_05_22_SKUC_NKR_125-140x140.jpg\" class=\"attachment-thumbnail size-thumbnail\" alt=\"\" \/><\/a>\n\t\t\t<\/div><\/figure><figure class='gallery-item'>\n\t\t\t<div class='gallery-icon landscape'>\n\t\t\t\t<a href='https:\/\/www.worldofart.org\/arhiv.worldofart.org\/aktualno\/wp-content\/uploads\/2019\/05\/2019_05_22_SKUC_NKR_116.jpg' rel=\"lightbox[14373]\"><img loading=\"lazy\" decoding=\"async\" width=\"140\" height=\"140\" src=\"https:\/\/www.worldofart.org\/arhiv.worldofart.org\/aktualno\/wp-content\/uploads\/2019\/05\/2019_05_22_SKUC_NKR_116-140x140.jpg\" class=\"attachment-thumbnail size-thumbnail\" alt=\"\" \/><\/a>\n\t\t\t<\/div><\/figure><figure class='gallery-item'>\n\t\t\t<div class='gallery-icon landscape'>\n\t\t\t\t<a href='https:\/\/www.worldofart.org\/arhiv.worldofart.org\/aktualno\/wp-content\/uploads\/2019\/05\/2019_05_22_SKUC_NKR_113.jpg' rel=\"lightbox[14373]\"><img loading=\"lazy\" decoding=\"async\" width=\"140\" height=\"140\" src=\"https:\/\/www.worldofart.org\/arhiv.worldofart.org\/aktualno\/wp-content\/uploads\/2019\/05\/2019_05_22_SKUC_NKR_113-140x140.jpg\" class=\"attachment-thumbnail size-thumbnail\" alt=\"\" \/><\/a>\n\t\t\t<\/div><\/figure><figure class='gallery-item'>\n\t\t\t<div class='gallery-icon landscape'>\n\t\t\t\t<a href='https:\/\/www.worldofart.org\/arhiv.worldofart.org\/aktualno\/wp-content\/uploads\/2019\/05\/scca-mreza-detajl.jpg' rel=\"lightbox[14373]\"><img loading=\"lazy\" decoding=\"async\" width=\"140\" height=\"140\" src=\"https:\/\/www.worldofart.org\/arhiv.worldofart.org\/aktualno\/wp-content\/uploads\/2019\/05\/scca-mreza-detajl-140x140.jpg\" class=\"attachment-thumbnail size-thumbnail\" alt=\"\" \/><\/a>\n\t\t\t<\/div><\/figure><figure class='gallery-item'>\n\t\t\t<div class='gallery-icon landscape'>\n\t\t\t\t<a href='https:\/\/www.worldofart.org\/arhiv.worldofart.org\/aktualno\/wp-content\/uploads\/2019\/05\/analiza-dotacij-detajl.png' rel=\"lightbox[14373]\"><img loading=\"lazy\" decoding=\"async\" width=\"140\" height=\"140\" src=\"https:\/\/www.worldofart.org\/arhiv.worldofart.org\/aktualno\/wp-content\/uploads\/2019\/05\/analiza-dotacij-detajl-140x140.png\" class=\"attachment-thumbnail size-thumbnail\" alt=\"\" \/><\/a>\n\t\t\t<\/div><\/figure>\n\t\t<\/div>\n\n<hr \/>\n<p><a href=\"https:\/\/www.worldofart.org\/arhiv.worldofart.org\/aktualno\/sedemnajsto-leto-2018-2020\/nadzor-kultivacija-razvoj\">Nazaj na razstavo.<\/a><\/p>\n","protected":false},"excerpt":{"rendered":"<p>nadzor &lt; kultivacija &gt; razvoj Delovanje Sorosovega centra za sodobne umetnosti \u2013 Ljubljana (1993\u20131999) 16. 5.\u20136. 6. 2019, Galerija \u0160kuc, Ljubljana Grafi\u010dno oblikovanje: Vesna Bukovec Fotografije: Klemen Ilovar Mre\u017ea SCCA Mre\u017ea dvajsetih Sorosovih centrov (SCCA Network) je bila ustanovljena v devetdesetih letih v nekdanjih socialisti\u010dnih in komunisti\u010dnih dr\u017eavah srednje in vzhodne Evrope ter Sovjetske zveze. [&hellip;]<\/p>\n","protected":false},"author":1,"featured_media":14362,"parent":14331,"menu_order":0,"comment_status":"closed","ping_status":"closed","template":"","meta":{"footnotes":""},"categories":[],"tags":[],"_links":{"self":[{"href":"https:\/\/www.worldofart.org\/arhiv.worldofart.org\/aktualno\/wp-json\/wp\/v2\/pages\/14373"}],"collection":[{"href":"https:\/\/www.worldofart.org\/arhiv.worldofart.org\/aktualno\/wp-json\/wp\/v2\/pages"}],"about":[{"href":"https:\/\/www.worldofart.org\/arhiv.worldofart.org\/aktualno\/wp-json\/wp\/v2\/types\/page"}],"author":[{"embeddable":true,"href":"https:\/\/www.worldofart.org\/arhiv.worldofart.org\/aktualno\/wp-json\/wp\/v2\/users\/1"}],"replies":[{"embeddable":true,"href":"https:\/\/www.worldofart.org\/arhiv.worldofart.org\/aktualno\/wp-json\/wp\/v2\/comments?post=14373"}],"version-history":[{"count":15,"href":"https:\/\/www.worldofart.org\/arhiv.worldofart.org\/aktualno\/wp-json\/wp\/v2\/pages\/14373\/revisions"}],"predecessor-version":[{"id":14589,"href":"https:\/\/www.worldofart.org\/arhiv.worldofart.org\/aktualno\/wp-json\/wp\/v2\/pages\/14373\/revisions\/14589"}],"up":[{"embeddable":true,"href":"https:\/\/www.worldofart.org\/arhiv.worldofart.org\/aktualno\/wp-json\/wp\/v2\/pages\/14331"}],"wp:featuredmedia":[{"embeddable":true,"href":"https:\/\/www.worldofart.org\/arhiv.worldofart.org\/aktualno\/wp-json\/wp\/v2\/media\/14362"}],"wp:attachment":[{"href":"https:\/\/www.worldofart.org\/arhiv.worldofart.org\/aktualno\/wp-json\/wp\/v2\/media?parent=14373"}],"wp:term":[{"taxonomy":"category","embeddable":true,"href":"https:\/\/www.worldofart.org\/arhiv.worldofart.org\/aktualno\/wp-json\/wp\/v2\/categories?post=14373"},{"taxonomy":"post_tag","embeddable":true,"href":"https:\/\/www.worldofart.org\/arhiv.worldofart.org\/aktualno\/wp-json\/wp\/v2\/tags?post=14373"}],"curies":[{"name":"wp","href":"https:\/\/api.w.org\/{rel}","templated":true}]}}