{"id":15353,"date":"2020-11-08T21:40:21","date_gmt":"2020-11-08T19:40:21","guid":{"rendered":"http:\/\/www.worldofart.org\/aktualno\/?page_id=15353"},"modified":"2020-11-08T21:40:21","modified_gmt":"2020-11-08T19:40:21","slug":"prijavnica-za-18-leto-sveta-umetnosti-2020-2022","status":"publish","type":"page","link":"https:\/\/www.worldofart.org\/arhiv.worldofart.org\/aktualno\/prijavnica-za-18-leto-sveta-umetnosti-2020-2022","title":{"rendered":"Prijavnica za 18. leto Sveta umetnosti 2020\/2022"},"content":{"rendered":"\n<div class=\"wpcf7 no-js\" id=\"wpcf7-f15354-o1\" lang=\"sl-SI\" dir=\"ltr\">\n<div class=\"screen-reader-response\"><p role=\"status\" aria-live=\"polite\" aria-atomic=\"true\"><\/p> <ul><\/ul><\/div>\n<form action=\"\/arhiv.worldofart.org\/aktualno\/wp-json\/wp\/v2\/pages\/15353#wpcf7-f15354-o1\" method=\"post\" class=\"wpcf7-form init\" aria-label=\"Contact form\" enctype=\"multipart\/form-data\" novalidate=\"novalidate\" data-status=\"init\">\n<div style=\"display: none;\">\n<input type=\"hidden\" name=\"_wpcf7\" value=\"15354\" \/>\n<input type=\"hidden\" name=\"_wpcf7_version\" value=\"5.8.7\" \/>\n<input type=\"hidden\" name=\"_wpcf7_locale\" value=\"sl_SI\" \/>\n<input type=\"hidden\" name=\"_wpcf7_unit_tag\" value=\"wpcf7-f15354-o1\" \/>\n<input type=\"hidden\" name=\"_wpcf7_container_post\" value=\"0\" \/>\n<input type=\"hidden\" name=\"_wpcf7_posted_data_hash\" value=\"\" \/>\n<\/div>\n<p>Prosimo, da izpolnite vsa polja.\n<\/p>\n<p><label> Ime in priimek:<\/label><br \/>\n<span class=\"wpcf7-form-control-wrap\" data-name=\"ime-in-priimek\"><input size=\"40\" class=\"wpcf7-form-control wpcf7-text wpcf7-validates-as-required\" aria-required=\"true\" aria-invalid=\"false\" value=\"\" type=\"text\" name=\"ime-in-priimek\" \/><\/span>\n<\/p>\n<p><label> Datum in kraj rojstva:<\/label><br \/>\n<span class=\"wpcf7-form-control-wrap\" data-name=\"datum-in-kraj-rojstva\"><input size=\"40\" class=\"wpcf7-form-control wpcf7-text wpcf7-validates-as-required\" aria-required=\"true\" aria-invalid=\"false\" value=\"\" type=\"text\" name=\"datum-in-kraj-rojstva\" \/><\/span>\n<\/p>\n<p><label> Naslov:<\/label><br \/>\n<span class=\"wpcf7-form-control-wrap\" data-name=\"naslov\"><input size=\"40\" class=\"wpcf7-form-control wpcf7-text wpcf7-validates-as-required\" aria-required=\"true\" aria-invalid=\"false\" value=\"\" type=\"text\" name=\"naslov\" \/><\/span>\n<\/p>\n<p><label> Telefon:<\/label><br \/>\n<span class=\"wpcf7-form-control-wrap\" data-name=\"telefon\"><input size=\"40\" class=\"wpcf7-form-control wpcf7-tel wpcf7-validates-as-required wpcf7-text wpcf7-validates-as-tel\" aria-required=\"true\" aria-invalid=\"false\" value=\"\" type=\"tel\" name=\"telefon\" \/><\/span>\n<\/p>\n<p><label> E-po\u0161ta:<\/label><br \/>\n<span class=\"wpcf7-form-control-wrap\" data-name=\"e-posta\"><input size=\"40\" class=\"wpcf7-form-control wpcf7-email wpcf7-validates-as-required wpcf7-text wpcf7-validates-as-email\" aria-required=\"true\" aria-invalid=\"false\" value=\"\" type=\"email\" name=\"e-posta\" \/><\/span>\n<\/p>\n<p><label> Status:<\/label><br \/>\n<span class=\"wpcf7-form-control-wrap\" data-name=\"status2\"><span class=\"wpcf7-form-control wpcf7-radio\"><span class=\"wpcf7-list-item first\"><input type=\"radio\" name=\"status2\" value=\"\u0161tudent\/-ka\" checked=\"checked\" \/><span class=\"wpcf7-list-item-label\">\u0161tudent\/-ka<\/span><\/span><span class=\"wpcf7-list-item\"><input type=\"radio\" name=\"status2\" value=\"brezposeln\/-a\" \/><span class=\"wpcf7-list-item-label\">brezposeln\/-a<\/span><\/span><span class=\"wpcf7-list-item\"><input type=\"radio\" name=\"status2\" value=\"samozaposlen\/-a\" \/><span class=\"wpcf7-list-item-label\">samozaposlen\/-a<\/span><\/span><span class=\"wpcf7-list-item\"><input type=\"radio\" name=\"status2\" value=\"zaposeln\/-a\" \/><span class=\"wpcf7-list-item-label\">zaposeln\/-a<\/span><\/span><span class=\"wpcf7-list-item last\"><input type=\"radio\" name=\"status2\" value=\"drugo\" \/><span class=\"wpcf7-list-item-label\">drugo<\/span><\/span><\/span><\/span>\n<\/p>\n<p><label>Prijavnici prilo\u017eite:<\/label><br \/>\n<label>1. \u017eivljenjepis<\/label><br \/>\n<span class=\"wpcf7-form-control-wrap\" data-name=\"zivljenjepis\"><input size=\"40\" class=\"wpcf7-form-control wpcf7-file wpcf7-validates-as-required\" accept=\".doc,.docx,.pdf,.txt\" aria-required=\"true\" aria-invalid=\"false\" type=\"file\" name=\"zivljenjepis\" \/><\/span>\n<\/p>\n<p><label>2. motivacijsko pismo<\/label><br \/>\n<span class=\"wpcf7-form-control-wrap\" data-name=\"motivacijsko-pismo\"><input size=\"40\" class=\"wpcf7-form-control wpcf7-file wpcf7-validates-as-required\" accept=\".doc,.docx,.pdf,.txt\" aria-required=\"true\" aria-invalid=\"false\" type=\"file\" name=\"motivacijsko-pismo\" \/><\/span>\n<\/p>\n<p><em>Velikost posemezne datoteke (formati: doc\/docx\/pdf\/txt) mora biti manj\u0161a od 3MB.<\/em>\n<\/p>\n<p>V primeru te\u017eav z izpolnjevanjem zgornjega obrazca in nalaganjem prilog po\u0161ljite vse informacije iz prijavnice, skupaj s prilogami, na naslov: <a href=\"mailto:miha.kelemina@scca-ljubljana.si\">miha.kelemina@scca-ljubljana.si<\/a>\n<\/p>\n<p>________________________________\n<\/p>\n<p><strong>VPRA\u0160ALNIK<\/strong>\n<\/p>\n<p>\u0160ola Svet umetnosti stremi k temu, da se prilagaja vsakokratni generaciji udele\u017eencev in udele\u017eenk. Z zbranimi podatki nam boste pomagali, da bomo program \u0161e pred za\u010detkom prilagodili va\u0161im \u017eeljam in potrebam. Zbrani podatki ne bodo vplivali na izbor kandidatov in kandidatk.*\n<\/p>\n<p><label>V katerem od popoldanskih terminov bi najla\u017eje obiskovali \u0161olo Svet umetnosti?<\/label><br \/>\n<span class=\"wpcf7-form-control-wrap\" data-name=\"dnevi\"><span class=\"wpcf7-form-control wpcf7-radio\"><span class=\"wpcf7-list-item first\"><input type=\"radio\" name=\"dnevi\" value=\"sreda\" checked=\"checked\" \/><span class=\"wpcf7-list-item-label\">sreda<\/span><\/span><span class=\"wpcf7-list-item\"><input type=\"radio\" name=\"dnevi\" value=\"\u010detrtek\" \/><span class=\"wpcf7-list-item-label\">\u010detrtek<\/span><\/span><span class=\"wpcf7-list-item last\"><input type=\"radio\" name=\"dnevi\" value=\"vikend\" \/><span class=\"wpcf7-list-item-label\">vikend<\/span><\/span><\/span><\/span>\n<\/p>\n<p><label>V primeru poslab\u0161anja epidemiolo\u0161ke slike bomo sre\u010danja izvedli na spletu. Bi jih v normalnih okoli\u0161\u010dinah raje obiskovali v \u017eivo ali preko spleta?<\/label><br \/>\n<span class=\"wpcf7-form-control-wrap\" data-name=\"nacin-solanja\"><span class=\"wpcf7-form-control wpcf7-radio\"><span class=\"wpcf7-list-item first\"><input type=\"radio\" name=\"nacin-solanja\" value=\"v \u017eivo\" checked=\"checked\" \/><span class=\"wpcf7-list-item-label\">v \u017eivo<\/span><\/span><span class=\"wpcf7-list-item last\"><input type=\"radio\" name=\"nacin-solanja\" value=\"prek spleta\" \/><span class=\"wpcf7-list-item-label\">prek spleta<\/span><\/span><\/span><\/span>\n<\/p>\n<p><label>Kateri segment izobra\u017eevanja vas najbolj zanima? Mo\u017enih je ve\u010d odgovorov.<\/label><br \/>\n<span class=\"wpcf7-form-control-wrap\" data-name=\"segmenti\"><span class=\"wpcf7-form-control wpcf7-checkbox wpcf7-validates-as-required\"><span class=\"wpcf7-list-item first\"><input type=\"checkbox\" name=\"segmenti[]\" value=\"prakti\u010dno delo\" \/><span class=\"wpcf7-list-item-label\">prakti\u010dno delo<\/span><\/span><span class=\"wpcf7-list-item\"><input type=\"checkbox\" name=\"segmenti[]\" value=\"financiranje\" \/><span class=\"wpcf7-list-item-label\">financiranje<\/span><\/span><span class=\"wpcf7-list-item\"><input type=\"checkbox\" name=\"segmenti[]\" value=\"teorija\" \/><span class=\"wpcf7-list-item-label\">teorija<\/span><\/span><span class=\"wpcf7-list-item last\"><input type=\"checkbox\" name=\"segmenti[]\" value=\"pisanje o sodobni umetnosti\" \/><span class=\"wpcf7-list-item-label\">pisanje o sodobni umetnosti<\/span><\/span><\/span><\/span>\n<\/p>\n<p><span class=\"wpcf7-form-control-wrap\" data-name=\"textarea-segmenti\"><textarea cols=\"40\" rows=\"10\" class=\"wpcf7-form-control wpcf7-textarea\" aria-invalid=\"false\" name=\"textarea-segmenti\"><\/textarea><\/span>\n<\/p>\n<p><label>Kurikul vam \u017eelimo \u010dim bolj prilagoditi, zato uvajamo izbirne vsebine. Pomagajte nam s predlogi. Katera dodatna znanja in ve\u0161\u010dine bi si \u017eeleli pridobiti?<\/label><br \/>\n<span class=\"wpcf7-form-control-wrap\" data-name=\"textarea-dodatna-znanja\"><textarea cols=\"40\" rows=\"10\" class=\"wpcf7-form-control wpcf7-textarea wpcf7-validates-as-required\" aria-required=\"true\" aria-invalid=\"false\" name=\"textarea-dodatna-znanja\"><\/textarea><\/span>\n<\/p>\n<p><label>Kak\u0161en format sre\u010danj vam najbolj ustreza? Mo\u017enih je ve\u010d odgovorov.<\/label><br \/>\n<span class=\"wpcf7-form-control-wrap\" data-name=\"format-srecanj\"><span class=\"wpcf7-form-control wpcf7-checkbox wpcf7-validates-as-required\"><span class=\"wpcf7-list-item first\"><input type=\"checkbox\" name=\"format-srecanj[]\" value=\"delavnica\" \/><span class=\"wpcf7-list-item-label\">delavnica<\/span><\/span><span class=\"wpcf7-list-item\"><input type=\"checkbox\" name=\"format-srecanj[]\" value=\"klasi\u010dna ex cathedra metoda\" \/><span class=\"wpcf7-list-item-label\">klasi\u010dna ex cathedra metoda<\/span><\/span><span class=\"wpcf7-list-item last\"><input type=\"checkbox\" name=\"format-srecanj[]\" value=\"razprava\" \/><span class=\"wpcf7-list-item-label\">razprava<\/span><\/span><\/span><\/span>\n<\/p>\n<p><span class=\"wpcf7-form-control-wrap\" data-name=\"textarea-format-srecanja\"><textarea cols=\"40\" rows=\"10\" class=\"wpcf7-form-control wpcf7-textarea\" aria-invalid=\"false\" name=\"textarea-format-srecanja\"><\/textarea><\/span>\n<\/p>\n<p><label>Ali potrebujete oziroma \u017eelite pri spremljanju predavanj kakr\u0161nekoli prilagoditve? (te\u017eave z zbranostjo, disleksija, strah pred javnim nastopom idr.)<\/label><br \/>\n<span class=\"wpcf7-form-control-wrap\" data-name=\"textarea-prilagoditve\"><textarea cols=\"40\" rows=\"10\" class=\"wpcf7-form-control wpcf7-textarea wpcf7-validates-as-required\" aria-required=\"true\" aria-invalid=\"false\" name=\"textarea-prilagoditve\"><\/textarea><\/span>\n<\/p>\n<p><label>Bi nas pred povabilom na razgovor \u017eeleli \u0161e na kaj opozoriti?<\/label><br \/>\n<span class=\"wpcf7-form-control-wrap\" data-name=\"textarea-opozorilo\"><textarea cols=\"40\" rows=\"10\" class=\"wpcf7-form-control wpcf7-textarea wpcf7-validates-as-required\" aria-required=\"true\" aria-invalid=\"false\" name=\"textarea-opozorilo\"><\/textarea><\/span>\n<\/p>\n<p>* Zbrane podake bomo hranili v skladu z uredbo o za\u0161\u010diti zasebnih podatkov GDPR.\n<\/p>\n<p><input class=\"wpcf7-form-control wpcf7-submit has-spinner\" type=\"submit\" value=\"Po\u0161lji\" \/>\n<\/p><p style=\"display: none !important;\" class=\"akismet-fields-container\" data-prefix=\"_wpcf7_ak_\"><label>&#916;<textarea name=\"_wpcf7_ak_hp_textarea\" cols=\"45\" rows=\"8\" maxlength=\"100\"><\/textarea><\/label><input type=\"hidden\" id=\"ak_js_1\" name=\"_wpcf7_ak_js\" value=\"90\"\/><script>document.getElementById( \"ak_js_1\" ).setAttribute( \"value\", ( new Date() ).getTime() );<\/script><\/p><div class=\"wpcf7-response-output\" aria-hidden=\"true\"><\/div>\n<\/form>\n<\/div>\n\n","protected":false},"excerpt":{"rendered":"","protected":false},"author":1,"featured_media":0,"parent":0,"menu_order":0,"comment_status":"closed","ping_status":"closed","template":"","meta":{"footnotes":""},"categories":[],"tags":[],"_links":{"self":[{"href":"https:\/\/www.worldofart.org\/arhiv.worldofart.org\/aktualno\/wp-json\/wp\/v2\/pages\/15353"}],"collection":[{"href":"https:\/\/www.worldofart.org\/arhiv.worldofart.org\/aktualno\/wp-json\/wp\/v2\/pages"}],"about":[{"href":"https:\/\/www.worldofart.org\/arhiv.worldofart.org\/aktualno\/wp-json\/wp\/v2\/types\/page"}],"author":[{"embeddable":true,"href":"https:\/\/www.worldofart.org\/arhiv.worldofart.org\/aktualno\/wp-json\/wp\/v2\/users\/1"}],"replies":[{"embeddable":true,"href":"https:\/\/www.worldofart.org\/arhiv.worldofart.org\/aktualno\/wp-json\/wp\/v2\/comments?post=15353"}],"version-history":[{"count":1,"href":"https:\/\/www.worldofart.org\/arhiv.worldofart.org\/aktualno\/wp-json\/wp\/v2\/pages\/15353\/revisions"}],"predecessor-version":[{"id":15355,"href":"https:\/\/www.worldofart.org\/arhiv.worldofart.org\/aktualno\/wp-json\/wp\/v2\/pages\/15353\/revisions\/15355"}],"wp:attachment":[{"href":"https:\/\/www.worldofart.org\/arhiv.worldofart.org\/aktualno\/wp-json\/wp\/v2\/media?parent=15353"}],"wp:term":[{"taxonomy":"category","embeddable":true,"href":"https:\/\/www.worldofart.org\/arhiv.worldofart.org\/aktualno\/wp-json\/wp\/v2\/categories?post=15353"},{"taxonomy":"post_tag","embeddable":true,"href":"https:\/\/www.worldofart.org\/arhiv.worldofart.org\/aktualno\/wp-json\/wp\/v2\/tags?post=15353"}],"curies":[{"name":"wp","href":"https:\/\/api.w.org\/{rel}","templated":true}]}}