{"id":155,"date":"2008-03-14T14:06:03","date_gmt":"2008-03-14T12:06:03","guid":{"rendered":"http:\/\/www.worldofart.org\/aktualno\/sodelovanje\/"},"modified":"2018-07-11T21:31:22","modified_gmt":"2018-07-11T19:31:22","slug":"mednarodna-poletna-sola","status":"publish","type":"page","link":"https:\/\/www.worldofart.org\/arhiv.worldofart.org\/aktualno\/enajsti-letnik-200708\/mednarodna-poletna-sola","title":{"rendered":"Mednarodna poletna \u0161ola v Erevanu 2008"},"content":{"rendered":"<p>Dolgoletni anga\u017ema Zavoda SCCA-Ljubljana na podro\u010dju izobra\u017eevanja v sodobni umetnosti je pripeljal do sodelovanja z <a href=\"http:\/\/www.naac.am\/\">Zdru\u017eenjem armenskih likovnih kritikov<\/a>, ki je leta 2006 pripravilo prvo poletno \u0161olo za kustose sodobne umetnosti. <\/p>\n<p>Nadaljnji razvoj \u0161ole, ki je postala vsakoletna, pa Zdru\u017eenje pripravlja z regionalnimi partnerji, ki sistemati\u010dno in dolgoro\u010dno vzpostavljajo platformo za spodbujanje in razumevanje sodobnih kuratorskih praks in kritike. <a href=\"http:\/\/www.scca-ljubljana.si\/\">SCCA-Ljubljana<\/a> tako skupaj s <a href=\"http:\/\/www.scca.kz\/\">Sorosovim centrom za sodobno umetnost iz Almatyja<\/a>  (Kazahstan) in istanbulskim <a href=\"http:\/\/www.btmadra.com\/\">BM Contemporary Art Centrom<\/a> sodeluje pri pripravi kurikuluma nove \u0161ole v regiji in izboru udele\u017eencev.<\/p>\n<hr \/>\n<ul>\n<li><a href=\"https:\/\/www.worldofart.org\/arhiv.worldofart.org\/aktualno\/archives\/191\">Svet umetnosti sodeloval na Poletni kuratorski \u0161oli v Erevanu (poro\u010dilo)<\/a><\/li>\n<li><a href=\"https:\/\/www.worldofart.org\/arhiv.worldofart.org\/aktualno\/archives\/178\">Svet umetnosti in video programi SCCA-Ljubljana na Poletni kuratorski \u0161oli v Erevanu (napoved)<\/a><\/li>\n<li><a href=\"https:\/\/www.worldofart.org\/arhiv.worldofart.org\/aktualno\/archives\/169\">Kon\u010dni izbor udele\u017eencev za Poletno kuratorsko \u0161olo v Erevanu<\/a><\/li>\n<li><a href=\"https:\/\/www.worldofart.org\/arhiv.worldofart.org\/aktualno\/archives\/154\">Razpis<\/a><\/li>\n<\/ul>\n","protected":false},"excerpt":{"rendered":"<p>Dolgoletni anga\u017ema Zavoda SCCA-Ljubljana na podro\u010dju izobra\u017eevanja v sodobni umetnosti je pripeljal do sodelovanja z Zdru\u017eenjem armenskih likovnih kritikov, ki je leta 2006 pripravilo prvo poletno \u0161olo za kustose sodobne umetnosti. Nadaljnji razvoj \u0161ole, ki je postala vsakoletna, pa Zdru\u017eenje pripravlja z regionalnimi partnerji, ki sistemati\u010dno in dolgoro\u010dno vzpostavljajo platformo za spodbujanje in razumevanje sodobnih [&hellip;]<\/p>\n","protected":false},"author":1,"featured_media":0,"parent":180,"menu_order":0,"comment_status":"closed","ping_status":"closed","template":"","meta":{"footnotes":""},"categories":[],"tags":[],"_links":{"self":[{"href":"https:\/\/www.worldofart.org\/arhiv.worldofart.org\/aktualno\/wp-json\/wp\/v2\/pages\/155"}],"collection":[{"href":"https:\/\/www.worldofart.org\/arhiv.worldofart.org\/aktualno\/wp-json\/wp\/v2\/pages"}],"about":[{"href":"https:\/\/www.worldofart.org\/arhiv.worldofart.org\/aktualno\/wp-json\/wp\/v2\/types\/page"}],"author":[{"embeddable":true,"href":"https:\/\/www.worldofart.org\/arhiv.worldofart.org\/aktualno\/wp-json\/wp\/v2\/users\/1"}],"replies":[{"embeddable":true,"href":"https:\/\/www.worldofart.org\/arhiv.worldofart.org\/aktualno\/wp-json\/wp\/v2\/comments?post=155"}],"version-history":[{"count":1,"href":"https:\/\/www.worldofart.org\/arhiv.worldofart.org\/aktualno\/wp-json\/wp\/v2\/pages\/155\/revisions"}],"predecessor-version":[{"id":9449,"href":"https:\/\/www.worldofart.org\/arhiv.worldofart.org\/aktualno\/wp-json\/wp\/v2\/pages\/155\/revisions\/9449"}],"up":[{"embeddable":true,"href":"https:\/\/www.worldofart.org\/arhiv.worldofart.org\/aktualno\/wp-json\/wp\/v2\/pages\/180"}],"wp:attachment":[{"href":"https:\/\/www.worldofart.org\/arhiv.worldofart.org\/aktualno\/wp-json\/wp\/v2\/media?parent=155"}],"wp:term":[{"taxonomy":"category","embeddable":true,"href":"https:\/\/www.worldofart.org\/arhiv.worldofart.org\/aktualno\/wp-json\/wp\/v2\/categories?post=155"},{"taxonomy":"post_tag","embeddable":true,"href":"https:\/\/www.worldofart.org\/arhiv.worldofart.org\/aktualno\/wp-json\/wp\/v2\/tags?post=155"}],"curies":[{"name":"wp","href":"https:\/\/api.w.org\/{rel}","templated":true}]}}