{"id":15576,"date":"2021-02-19T13:03:10","date_gmt":"2021-02-19T11:03:10","guid":{"rendered":"http:\/\/www.worldofart.org\/aktualno\/?page_id=15576"},"modified":"2022-07-12T13:34:30","modified_gmt":"2022-07-12T11:34:30","slug":"urnik-2021-2022","status":"publish","type":"page","link":"https:\/\/www.worldofart.org\/arhiv.worldofart.org\/aktualno\/osemnajsto-leto-2021-2022\/urnik-2021-2022","title":{"rendered":"Urnik 2021\/2022"},"content":{"rendered":"<p>Svet umetnosti | \u0160ola za kuratorske prakse in kriti\u0161ko pisanje | Leto 18<\/p>\n<hr \/>\n<p><strong>2. LETNIK (oktober 2021\u2013junij 2022)<\/strong><\/p>\n<p class=\"mesec13\"><strong>junij<\/strong><\/p>\n<table border=\"0\" width=\"1057\" cellspacing=\"0\" cellpadding=\"0\">\n<tbody>\n<tr>\n<td class=\"mesec\" valign=\"top\" width=\"20%\">\u010detrtek\u2013nedelja,<br \/>\n12.\u20136. 6. 2022<\/td>\n<td class=\"tdprogramsredina\" valign=\"top\" width=\"20%\">16.00\u201319.00<\/td>\n<td class=\"tdprogram\" valign=\"top\" width=\"60%\">Maximilian Lehner, Tia \u010ci\u010dek: <a href=\"https:\/\/www.worldofart.org\/arhiv.worldofart.org\/aktualno\/archives\/16005\"><em>Work, Curator, Work! Skupaj razmi\u0161ljamo in beremo o na\u010dinih delovanja<\/em><\/a>, delavnica, Cukrarna<\/td>\n<\/tr>\n<tr>\n<td class=\"mesec\" rowspan=\"2\" valign=\"top\" width=\"20%\">sreda,<br \/>\n8. 6. 2022<\/td>\n<td class=\"tdprogramsredina\" valign=\"top\" width=\"20%\">18.00\u201319.00<\/td>\n<td class=\"tdprogram\" valign=\"top\" width=\"60%\">Vodstvo ob zaprtju razstave <a href=\"https:\/\/www.worldofart.org\/arhiv.worldofart.org\/aktualno\/archives\/15960\"><em>Info Point<\/em><\/a> v Galeriji \u0160kuc<\/td>\n<\/tr>\n<tr>\n<td class=\"tdprogramsredina\" valign=\"top\" width=\"20%\">19.00\u201320.00<\/td>\n<td class=\"tdprogram\" valign=\"top\" width=\"60%\">Alenka Gregori\u010d, Vadim Fi\u0161kin, Miha Kelemina, Lara Plav\u010dak: <em>Kuratorski kolegij: Evalvacija<\/em><\/td>\n<\/tr>\n<\/tbody>\n<\/table>\n<p class=\"mesec13\"><strong>maj<\/strong><\/p>\n<table border=\"0\" width=\"1057\" cellspacing=\"0\" cellpadding=\"0\">\n<tbody>\n<tr>\n<td class=\"mesec\" valign=\"top\" width=\"20%\">\u010detrtek,<br \/>\n5. 5. 2022<\/td>\n<td class=\"tdprogramsredina\" valign=\"top\" width=\"20%\">17.00\u201318.30<\/td>\n<td class=\"tdprogram\" valign=\"top\" width=\"60%\">Alenka Gregori\u010d, Vadim Fi\u0161kin: <em>Kuratorski kolegij<\/em><\/td>\n<\/tr>\n<tr>\n<td class=\"mesec\" valign=\"top\" width=\"20%\">sreda\u2013petek,<br \/>\n11.\u201313. 5. 2022<\/td>\n<td class=\"tdprogramsredina\" valign=\"top\" width=\"20%\">9.00\u201317.00<\/td>\n<td class=\"tdprogram\" valign=\"top\" width=\"60%\">Postavljanje kon\u010dne razstave v Galeriji \u0160kuc<\/td>\n<\/tr>\n<tr>\n<td class=\"mesec\" valign=\"top\" width=\"20%\">petek,<br \/>\n13. 5. 2022<\/td>\n<td class=\"tdprogramsredina\" valign=\"top\" width=\"20%\">18.00<\/td>\n<td class=\"tdprogram\" valign=\"top\" width=\"60%\">Odprtje kon\u010dne razstave <a href=\"https:\/\/www.worldofart.org\/arhiv.worldofart.org\/aktualno\/archives\/15960\"><em>Info Point<\/em><\/a> v Galeriji \u0160kuc<\/td>\n<\/tr>\n<tr>\n<td class=\"mesec\" valign=\"top\" width=\"20%\">sreda,<br \/>\n18. 5. 2022<\/td>\n<td class=\"tdprogramsredina\" valign=\"top\" width=\"20%\">18.00<\/td>\n<td class=\"tdprogram\" valign=\"top\" width=\"60%\">Vodstvo po kon\u010dni razstavi <a href=\"https:\/\/www.worldofart.org\/arhiv.worldofart.org\/aktualno\/archives\/15960\"><em>Info Point<\/em><\/a> v Galeriji \u0160kuc<\/td>\n<\/tr>\n<tr>\n<td class=\"mesec\" valign=\"top\" width=\"20%\">\u010detrtek,<br \/>\n19. 5. 2022<\/td>\n<td class=\"tdprogramsredina\" valign=\"top\" width=\"20%\">17.00\u201318.30<\/td>\n<td class=\"tdprogram\" valign=\"top\" width=\"60%\">Katrin Mundt: <a href=\"https:\/\/www.worldofart.org\/arhiv.worldofart.org\/aktualno\/archives\/15977\"><em>Kuriranje filma in videa \u2013 samoizbrisno predavanje<\/em><\/a>, Muzejska predavalnica Slovenske kinoteke<\/td>\n<\/tr>\n<tr>\n<td class=\"mesec\" rowspan=\"2\" valign=\"top\" width=\"20%\">\u010detrtek,<br \/>\n26. 5. 2022<\/td>\n<td class=\"tdprogramsredina\" valign=\"top\" width=\"20%\">17.00\u201318.30<\/td>\n<td class=\"tdprogram\" valign=\"top\" width=\"60%\">Bla\u017e Vurnik: <em>Eti\u010dni vidiki v procesu priprave razstave<\/em>, predavanje<\/td>\n<\/tr>\n<tr>\n<td class=\"tdprogramsredina\" valign=\"top\" width=\"20%\">18.45\u201320.15<\/td>\n<td class=\"tdprogram\" valign=\"top\" width=\"60%\">Tadej Vaukman: <em>Strategija komuniciranja na dru\u017ebenih omre\u017ejih<\/em>, praktikum<\/td>\n<\/tr>\n<tr>\n<td class=\"mesec\" valign=\"top\" width=\"20%\">petek,<br \/>\n27. 5. 2022<\/td>\n<td class=\"tdprogramsredina\" valign=\"top\" width=\"20%\">15.00<\/td>\n<td class=\"tdprogram\" valign=\"top\" width=\"60%\">Vodstvo po kon\u010dni razstavi <a href=\"https:\/\/www.worldofart.org\/arhiv.worldofart.org\/aktualno\/archives\/15960\"><em>Info Point<\/em><\/a> v Galeriji \u0160kuc; Ljubljana Art Weekend<\/td>\n<\/tr>\n<\/tbody>\n<\/table>\n<p class=\"mesec13\"><strong>april<\/strong><\/p>\n<table border=\"0\" width=\"1057\" cellspacing=\"0\" cellpadding=\"0\">\n<tbody>\n<tr>\n<td class=\"mesec\" valign=\"top\" width=\"20%\">sreda,<br \/>\n6. 4. 2022<\/td>\n<td class=\"tdprogramsredina\" valign=\"top\" width=\"20%\">17.00\u201318.30<\/td>\n<td class=\"tdprogram\" valign=\"top\" width=\"60%\">Ur\u0161ka Comino: <em>Odnosi z javnostmi za razstavo sodobne umetnosti<\/em>, predavanje<\/td>\n<\/tr>\n<tr>\n<td class=\"mesec\" rowspan=\"2\" valign=\"top\" width=\"20%\">\u010detrtek,<br \/>\n14. 4. 2022<\/td>\n<td class=\"tdprogramsredina\" valign=\"top\" width=\"20%\">17.00\u201318.30<\/td>\n<td class=\"tdprogram\" valign=\"top\" width=\"60%\">Alenka Gregori\u010d, Vadim Fi\u0161kin: <em>Kuratorski kolegij<\/em><\/td>\n<\/tr>\n<tr>\n<td class=\"tdprogramsredina\" valign=\"top\" width=\"20%\">18.45\u201320.15<\/td>\n<td class=\"tdprogram\" valign=\"top\" width=\"60%\">Bla\u017e Vurnik: <em>Eti\u010dni vidiki v procesu priprave razstave<\/em>, predavanje<\/td>\n<\/tr>\n<tr>\n<td class=\"mesec\" rowspan=\"2\" valign=\"top\" width=\"20%\">\u010detrtek,<br \/>\n21. 4. 2022<\/td>\n<td class=\"tdprogramsredina\" valign=\"top\" width=\"20%\">17.00\u201318.30<\/td>\n<td class=\"tdprogram\" valign=\"top\" width=\"60%\">Alenka Gregori\u010d, Vadim Fi\u0161kin: <em>Kuratorski kolegij<\/em><\/td>\n<\/tr>\n<tr>\n<td class=\"tdprogramsredina\" valign=\"top\" width=\"20%\">18.45\u201320.15<\/td>\n<td class=\"tdprogram\" valign=\"top\" width=\"60%\">Ur\u0161ka Comino: <em>Odnosi z javnostmi za razstavo sodobne umetnosti<\/em>, praktikum<\/td>\n<\/tr>\n<tr>\n<td class=\"mesec\" rowspan=\"2\" valign=\"top\" width=\"20%\">\u010detrtek,<br \/>\n28. 4. 2022<\/td>\n<td class=\"tdprogramsredina\" valign=\"top\" width=\"20%\">17.00\u201318.30<\/td>\n<td class=\"tdprogram\" valign=\"top\" width=\"60%\">Alenka Gregori\u010d, Vadim Fi\u0161kin: <em>Kuratorski kolegij<\/em><\/td>\n<\/tr>\n<tr>\n<td class=\"tdprogramsredina\" valign=\"top\" width=\"20%\">18.45\u201320.15<\/td>\n<td class=\"tdprogram\" valign=\"top\" width=\"60%\">Ajdin Ba\u0161i\u0107: <em>Oblikovanje razstave<\/em>, predavanja<\/td>\n<\/tr>\n<\/tbody>\n<\/table>\n<p class=\"mesec13\"><strong>marec<\/strong><\/p>\n<table border=\"0\" width=\"1057\" cellspacing=\"0\" cellpadding=\"0\">\n<tbody>\n<tr>\n<td class=\"mesec\" rowspan=\"2\" valign=\"top\" width=\"20%\">\u010detrtek,<br \/>\n3. 3. 2022<\/td>\n<td class=\"tdprogramsredina\" valign=\"top\" width=\"20%\">17.00\u201318.30<\/td>\n<td class=\"tdprogram\" valign=\"top\" width=\"60%\">Vadim Fi\u0161kin: <em>Kuratorski kolegij<\/em>, Cukrarna<\/td>\n<\/tr>\n<tr>\n<td class=\"tdprogramsredina\" valign=\"top\" width=\"20%\">18.45\u201320.15<\/td>\n<td class=\"tdprogram\" valign=\"top\" width=\"60%\">Yasmin Martin Vodopivec: <em>Problemsko drevo in SWOT analiza<\/em>, praktikum<\/td>\n<\/tr>\n<tr>\n<td class=\"mesec\" valign=\"top\" width=\"20%\">\u010detrtek,<br \/>\n10. 3. 2022<\/td>\n<td class=\"tdprogramsredina\" valign=\"top\" width=\"20%\">19.00\u201320.30<\/td>\n<td class=\"tdprogram\" valign=\"top\" width=\"60%\"><span style=\"font-weight: 400;\">Odprtje razstave <\/span><a href=\"https:\/\/cukrarna.art\/sl\/program\/razstave\/6\/vracanje-pogleda\/\"><i><span style=\"font-weight: 400;\">Vra\u010danje pogleda<\/span><\/i><\/a><span style=\"font-weight: 400;\">, Cukrarna<\/span><\/td>\n<\/tr>\n<tr>\n<td class=\"mesec\" valign=\"top\" width=\"20%\">\u010detrtek,<br \/>\n17. 3. 2022<\/td>\n<td class=\"tdprogramsredina\" valign=\"top\" width=\"20%\">17.00\u201318.30<\/td>\n<td class=\"tdprogram\" valign=\"top\" width=\"60%\">Alenka Gregori\u010d, Vadim Fi\u0161kin: <em>Kuratorski kolegij<\/em>, Zoom<\/td>\n<\/tr>\n<tr>\n<td class=\"mesec\" valign=\"top\" width=\"20%\">\u010detrtek,<br \/>\n24. 3. 2022<\/td>\n<td class=\"tdprogramsredina\" valign=\"top\" width=\"20%\">17.00\u201318.30<\/td>\n<td class=\"tdprogram\" valign=\"top\" width=\"60%\">Vladimir Vidmar: <em>Branje razstave<\/em>, praktikum<\/td>\n<\/tr>\n<tr>\n<td class=\"mesec\" rowspan=\"2\" valign=\"top\" width=\"20%\">\u010detrtek,<br \/>\n31. 3. 2022<\/td>\n<td class=\"tdprogramsredina\" valign=\"top\" width=\"20%\">17.00\u201318.30<\/td>\n<td class=\"tdprogram\" valign=\"top\" width=\"60%\">Alenka Gregori\u010d, Vadim Fi\u0161kin: <em>Kuratorski kolegij<\/em>, Cukrarna<\/td>\n<\/tr>\n<tr>\n<td class=\"tdprogramsredina\" valign=\"top\" width=\"20%\">18.45\u201320.15<\/td>\n<td class=\"tdprogram\" valign=\"top\" width=\"60%\"><span style=\"font-weight: 400;\">Ur\u0161ka Comino: <\/span><em>Odnosi z javnostmi za razstavo sodobne umetnost<\/em><i>i<\/i><span style=\"font-weight: 400;\">, praktikum<\/span><\/td>\n<\/tr>\n<\/tbody>\n<\/table>\n<p class=\"mesec13\"><strong>februar<\/strong><\/p>\n<table border=\"0\" width=\"1057\" cellspacing=\"0\" cellpadding=\"0\">\n<tbody>\n<tr>\n<td class=\"mesec\" valign=\"top\" width=\"20%\">\u010detrtek,<br \/>\n3. 2. 2022<\/td>\n<td class=\"tdprogramsredina\" valign=\"top\" width=\"20%\">17.00\u201318.30<\/td>\n<td class=\"tdprogram\" valign=\"top\" width=\"60%\">Alenka Gregori\u010d, Vadim Fi\u0161kin: <em>Kuratorski kolegij<\/em>, Projektna soba<\/td>\n<\/tr>\n<tr>\n<td class=\"mesec\" valign=\"top\" width=\"20%\">\u010detrtek,<br \/>\n10. 2. 2022<\/td>\n<td class=\"tdprogramsredina\" valign=\"top\" width=\"20%\">18.00\u201320.15<\/td>\n<td class=\"tdprogram\" valign=\"top\" width=\"60%\">Yasmin Martin Vodopivec: <em>Mened\u017ement kot orodje za udejanjanje idej na podro\u010dju kulture<\/em>, praktikum, Cukrarna<\/td>\n<\/tr>\n<tr>\n<td class=\"mesec\" rowspan=\"2\" valign=\"top\" width=\"20%\">\u010detrtek,<br \/>\n18. 2. 2022<\/td>\n<td class=\"tdprogramsredina\" valign=\"top\" width=\"20%\">17.00\u201318.30<\/td>\n<td class=\"tdprogram\" valign=\"top\" width=\"60%\">Alenka Gregori\u010d, Vadim Fi\u0161kin: <em>Kuratorski kolegij<\/em>, Projektna soba<\/td>\n<\/tr>\n<tr>\n<td class=\"tdprogramsredina\" valign=\"top\" width=\"20%\">18.45\u201320.15<\/td>\n<td class=\"tdprogram\" valign=\"top\" width=\"60%\">Du\u0161an Dov\u010d: <em>Priprava finan\u010dnega na\u010drta za razstavo sodobne umetnosti<\/em>, praktikum, Projektna soba<\/td>\n<\/tr>\n<tr>\n<td class=\"mesec\" valign=\"top\" width=\"20%\">torek,<br \/>\n22. 2. 2022<\/td>\n<td class=\"tdprogramsredina\" valign=\"top\" width=\"20%\">17.00\u201318.30<\/td>\n<td class=\"tdprogram\" valign=\"top\" width=\"60%\">Valerie Wolf Gang: Predstavitev umetni\u0161ke prakse, Projektna soba<\/td>\n<\/tr>\n<tr>\n<td class=\"mesec\" valign=\"top\" width=\"20%\">\u010detrtek,<br \/>\n24. 2. 2022<\/td>\n<td class=\"tdprogramsredina\" valign=\"top\" width=\"20%\">18.00\u201319.30<\/td>\n<td class=\"tdprogram\" valign=\"top\" width=\"60%\"><span style=\"font-weight: 400;\">Obisk <\/span><span style=\"font-weight: 400;\">razstave <\/span><a href=\"https:\/\/mgml.si\/sl\/center-tobacna\/razstave\/601\/valerie-wolf-gang\/\"><i><span style=\"font-weight: 400;\">\u010cudoviti obraz umetne inteligence<\/span><\/i><\/a><span style=\"font-weight: 400;\"> Valerie Wolf Gang, Galerija Toba\u010dna<\/span><\/td>\n<\/tr>\n<\/tbody>\n<\/table>\n<p class=\"mesec13\"><strong>januar<\/strong><\/p>\n<table border=\"0\" width=\"1057\" cellspacing=\"0\" cellpadding=\"0\">\n<tbody>\n<tr>\n<td class=\"mesec\" valign=\"top\" width=\"20%\">\u010detrtek,<br \/>\n6. 1. 2022<\/td>\n<td class=\"tdprogramsredina\" valign=\"top\" width=\"20%\">17.00\u201319.00<\/td>\n<td class=\"tdprogram\" valign=\"top\" width=\"60%\">Delovni sestanek kuratorske ekipe, Projektna soba<\/td>\n<\/tr>\n<tr>\n<td class=\"mesec\" rowspan=\"2\" valign=\"top\" width=\"20%\">\u010detrtek,<br \/>\n13. 1. 2022<\/td>\n<td class=\"tdprogramsredina\" valign=\"top\" width=\"20%\">17.00\u201318.30<\/td>\n<td class=\"tdprogram\" valign=\"top\" width=\"60%\">Alenka Gregori\u010d, Vadim Fi\u0161kin: <em>Kuratorski kolegij<\/em>, Cukrarna<\/td>\n<\/tr>\n<tr>\n<td class=\"tdprogramsredina\" valign=\"top\" width=\"20%\">18.45\u201320.15<\/td>\n<td class=\"tdprogram\" valign=\"top\" width=\"60%\">Delovni sestanek kuratorske ekipe<\/td>\n<\/tr>\n<tr>\n<td class=\"mesec\" rowspan=\"2\" valign=\"top\" width=\"20%\">\u010detrtek,<br \/>\n27. 1. 2022<\/td>\n<td class=\"tdprogramsredina\" valign=\"top\" width=\"20%\">17.00\u201318.30<\/td>\n<td class=\"tdprogram\" valign=\"top\" width=\"60%\">Alenka Gregori\u010d, Vadim Fi\u0161kin: <em>Kuratorski kolegij<\/em>, Cukrarna<\/td>\n<\/tr>\n<tr>\n<td class=\"tdprogramsredina\" valign=\"top\" width=\"20%\">18.45\u201320.15<\/td>\n<td class=\"tdprogram\" valign=\"top\" width=\"60%\">Ur\u0161a Chitrakar: <em>Avtorske pravice v sodobni umetnosti<\/em>, predavanje, Cukrarna<\/td>\n<\/tr>\n<\/tbody>\n<\/table>\n<p class=\"mesec13\"><strong>december<\/strong><\/p>\n<table border=\"0\" width=\"1057\" cellspacing=\"0\" cellpadding=\"0\">\n<tbody>\n<tr>\n<td class=\"mesec\" valign=\"top\" width=\"20%\">\u010detrtek,<br \/>\n2. 12. 2021<\/td>\n<td class=\"tdprogramsredina\" valign=\"top\" width=\"20%\">17.00\u201318.30<\/td>\n<td class=\"tdprogram\" valign=\"top\" width=\"60%\">Vadim Fi\u0161kin: <em>Kuratorski kolegij<\/em>, Projektna soba<\/td>\n<\/tr>\n<tr>\n<td class=\"mesec\" rowspan=\"2\" valign=\"top\" width=\"20%\">ponedeljek,<br \/>\n6. 12. 2021<\/td>\n<td class=\"tdprogramsredina\" valign=\"top\" width=\"20%\">19.00\u201320.00<\/td>\n<td class=\"tdprogram\" valign=\"top\" width=\"60%\">Petar Odak: <i>Preganjani\/stra\u0161ljivi predmeti upanja in bojazni<\/i>, spletno predavanje<\/td>\n<\/tr>\n<tr>\n<td class=\"tdprogramsredina\" valign=\"top\" width=\"20%\">20.00\u201321.00<\/td>\n<td class=\"tdprogram\" valign=\"top\" width=\"60%\">Vladislav Beronja: <i>Ljubezen je hladnej\u0161a od smrti: Antiutopije jugoslovanskega temnega vala<\/i>, spletno predavanje<\/td>\n<\/tr>\n<tr>\n<td class=\"mesec\" rowspan=\"2\" valign=\"top\" width=\"20%\">torek,<br \/>\n7. 12. 2021<\/td>\n<td class=\"tdprogramsredina\" valign=\"top\" width=\"20%\">19.00\u201320.00<\/td>\n<td class=\"tdprogram\" valign=\"top\" width=\"60%\">Nika Mahni\u010d: <i>Sedimenti v ma\u0161ineriji za prihodnost<\/i>, spletno predavanje<\/td>\n<\/tr>\n<tr>\n<td class=\"tdprogramsredina\" valign=\"top\" width=\"20%\">20.00\u201321.00<\/td>\n<td class=\"tdprogram\" valign=\"top\" width=\"60%\">Domen Savi\u010d: <i>Skozi oko zasledovalca \u2013 medijski diskurz dru\u017ebe nadzora<\/i>, spletno predavanje<\/td>\n<\/tr>\n<tr>\n<td class=\"mesec\" rowspan=\"2\" valign=\"top\" width=\"20%\">\u010detrtek,<br \/>\n9. 12. 2021<\/td>\n<td class=\"tdprogramsredina\" valign=\"top\" width=\"20%\">17.00\u201318.30<\/td>\n<td class=\"tdprogram\" valign=\"top\" width=\"60%\">Vladimir Vidmar: <em>Bralni seminar<\/em>, Cukrarna<\/td>\n<\/tr>\n<tr>\n<td class=\"tdprogramsredina\" valign=\"top\" width=\"20%\">18.45\u201319.15<\/td>\n<td class=\"tdprogram\" valign=\"top\" width=\"60%\">Ur\u0161ka Je\u017e, <em>Pridobivanje sponzorskih sredstev<\/em>, praktikum<\/td>\n<\/tr>\n<tr>\n<td class=\"mesec\" rowspan=\"2\" valign=\"top\" width=\"20%\">\u010detrtek,<br \/>\n16. 12. 2021<\/td>\n<td class=\"tdprogramsredina\" valign=\"top\" width=\"20%\">17.00\u201318.30<\/td>\n<td class=\"tdprogram\" valign=\"top\" width=\"60%\">Alenka Gregori\u010d, Vadim Fi\u0161kin: <em>Kuratorski kolegij<\/em>, Cukrarna<\/td>\n<\/tr>\n<tr>\n<td class=\"tdprogramsredina\" valign=\"top\" width=\"20%\">18.45\u201319.15<\/td>\n<td class=\"tdprogram\" valign=\"top\" width=\"60%\">Ur\u0161ka Jurman, <em>Facilitacija<\/em>, praktikum<\/td>\n<\/tr>\n<tr>\n<td class=\"mesec\" valign=\"top\" width=\"20%\">\u010detrtek,<br \/>\n23. 12. 2021<\/td>\n<td class=\"tdprogramsredina\" valign=\"top\" width=\"20%\"><\/td>\n<td class=\"tdprogram\" valign=\"top\" width=\"60%\">prazniki, ni rednega sre\u010danja<\/td>\n<\/tr>\n<tr>\n<td class=\"mesec\" valign=\"top\" width=\"20%\">\u010detrtek,<br \/>\n30. 12. 2021<\/td>\n<td class=\"tdprogramsredina\" valign=\"top\" width=\"20%\"><\/td>\n<td class=\"tdprogram\" valign=\"top\" width=\"60%\">prazniki, ni rednega sre\u010danja<\/td>\n<\/tr>\n<\/tbody>\n<\/table>\n<p class=\"mesec13\"><strong>november<\/strong><\/p>\n<table border=\"0\" width=\"1057\" cellspacing=\"0\" cellpadding=\"0\">\n<tbody>\n<tr>\n<td class=\"mesec\" rowspan=\"2\" valign=\"top\" width=\"20%\">\u010detrtek,<br \/>\n4. 11. 2021<\/td>\n<td class=\"tdprogramsredina\" valign=\"top\" width=\"20%\">17.00\u201318.30<\/td>\n<td class=\"tdprogram\" valign=\"top\" width=\"60%\"><del>Vladimir Vidmar: <em>Bralni seminar<\/em><\/del><\/td>\n<\/tr>\n<tr>\n<td class=\"tdprogramsredina\" valign=\"top\" width=\"20%\">18.45\u201320.15<\/td>\n<td class=\"tdprogram\" valign=\"top\" width=\"60%\">Ur\u0161ka Je\u017e, <em>Pridobivanje sponzorskih sredstev<\/em>, praktikum<\/td>\n<\/tr>\n<tr>\n<td class=\"mesec\" rowspan=\"2\" valign=\"top\" width=\"20%\">\u010detrtek,<br \/>\n11. 11. 2021<\/td>\n<td class=\"tdprogramsredina\" valign=\"top\" width=\"20%\">17.00\u201318.30<\/td>\n<td class=\"tdprogram\" valign=\"top\" width=\"60%\">Alenka Gregori\u010d, Vadim Fi\u0161kin: <em>Kuratorski kolegij<\/em>, Cukrarna<\/td>\n<\/tr>\n<tr>\n<td class=\"tdprogramsredina\" valign=\"top\" width=\"20%\">18.45\u201320.15<\/td>\n<td class=\"tdprogram\" valign=\"top\" width=\"60%\">Ur\u0161ka Je\u017e, <em>Pridobivanje sponzorskih sredstev<\/em>, predavanje<\/td>\n<\/tr>\n<tr>\n<td class=\"mesec\" rowspan=\"2\" valign=\"top\" width=\"20%\">\u010detrtek,<br \/>\n18. 11. 2021<\/td>\n<td class=\"tdprogramsredina\" valign=\"top\" width=\"20%\">17.00\u201318.30<\/td>\n<td class=\"tdprogram\" valign=\"top\" width=\"60%\">Alenka Gregori\u010d, Vadim Fi\u0161kin: <em>Kuratorski kolegij<\/em>, Cukrarna<\/td>\n<\/tr>\n<tr>\n<td class=\"tdprogramsredina\" valign=\"top\" width=\"20%\">19.00\u201320.30<\/td>\n<td class=\"tdprogram\" valign=\"top\" width=\"60%\">Robertina \u0160ebjani\u010d: <a href=\"https:\/\/www.kinosiska.si\/dogodek\/aquatocene-in-aquaiformings\/\" target=\"_blank\" rel=\"noopener\">Aquatocene \/ V iskanju podvodne ti\u0161ine<\/a>;\u00a0AquA(l)formings \u2013 Podvodni preplet<\/td>\n<\/tr>\n<tr>\n<td class=\"mesec\" rowspan=\"2\" valign=\"top\" width=\"20%\">\u010detrtek,<br \/>\n25. 11. 2021<\/td>\n<td class=\"tdprogramsredina\" valign=\"top\" width=\"20%\">17.00\u201318.30<\/td>\n<td class=\"tdprogram\" valign=\"top\" width=\"60%\">Alenka Gregori\u010d, Vadim Fi\u0161kin: <em>Kuratorski kolegij<\/em>, Cukrarna<\/td>\n<\/tr>\n<tr>\n<td class=\"tdprogramsredina\" valign=\"top\" width=\"20%\">18.45\u201320.15<\/td>\n<td class=\"tdprogram\" valign=\"top\" width=\"60%\">Vladimir Vidmar: <em>Bralni seminar<\/em><\/td>\n<\/tr>\n<\/tbody>\n<\/table>\n<p class=\"mesec13\"><strong>oktober<\/strong><\/p>\n<table border=\"0\" width=\"1057\" cellspacing=\"0\" cellpadding=\"0\">\n<tbody>\n<tr>\n<td class=\"mesec\" valign=\"top\" width=\"20%\">ponedeljek,<br \/>\n11. 10. 2021<\/td>\n<td class=\"tdprogramsredina\" valign=\"top\" width=\"20%\">17.00\u201319.00<\/td>\n<td class=\"tdprogram\" valign=\"top\" width=\"60%\">Predstavitev virtualnih razstav, Projektna soba SCCA<\/td>\n<\/tr>\n<tr>\n<td class=\"mesec\" valign=\"top\" width=\"20%\">torek,<br \/>\n12. 10. 2021<\/td>\n<td class=\"tdprogramsredina\" valign=\"top\" width=\"20%\">17.00\u201318.30<\/td>\n<td class=\"tdprogram\" valign=\"top\" width=\"60%\">Predstavitev virtualnih razstav, Projektna soba SCCA<\/td>\n<\/tr>\n<tr>\n<td class=\"mesec\" valign=\"top\" width=\"20%\">torek,<br \/>\n21. 10. 2021<\/td>\n<td class=\"tdprogramsredina\" valign=\"top\" width=\"20%\">17.00\u201318.30<\/td>\n<td class=\"tdprogram\" valign=\"top\" width=\"60%\">Alenka Gregori\u010d, Vadim Fi\u0161kin: <em>Kuratorski kolegij<\/em>, Cukrarna<\/td>\n<\/tr>\n<tr>\n<td class=\"mesec\" valign=\"top\" width=\"20%\">\u010detrtek,<br \/>\n28. 10. 2021<\/td>\n<td class=\"tdprogramsredina\" valign=\"top\" width=\"20%\">17.00\u201318.30<\/td>\n<td class=\"tdprogram\" valign=\"top\" width=\"60%\">Vladimir Vidmar: <em>Bralni seminar<\/em><\/td>\n<\/tr>\n<\/tbody>\n<\/table>\n<p><a href=\"https:\/\/www.worldofart.org\/arhiv.worldofart.org\/aktualno\/osemnajsto-leto-2021-2022\/urnik-2021-2022-prvi-letnik\">Urnik 1. letnika<\/a><\/p>\n","protected":false},"excerpt":{"rendered":"<p>Svet umetnosti | \u0160ola za kuratorske prakse in kriti\u0161ko pisanje | Leto 18 2. LETNIK (oktober 2021\u2013junij 2022) junij \u010detrtek\u2013nedelja, 12.\u20136. 6. 2022 16.00\u201319.00 Maximilian Lehner, Tia \u010ci\u010dek: Work, Curator, Work! Skupaj razmi\u0161ljamo in beremo o na\u010dinih delovanja, delavnica, Cukrarna sreda, 8. 6. 2022 18.00\u201319.00 Vodstvo ob zaprtju razstave Info Point v Galeriji \u0160kuc 19.00\u201320.00 [&hellip;]<\/p>\n","protected":false},"author":1,"featured_media":0,"parent":15369,"menu_order":0,"comment_status":"closed","ping_status":"closed","template":"","meta":{"footnotes":""},"categories":[],"tags":[],"_links":{"self":[{"href":"https:\/\/www.worldofart.org\/arhiv.worldofart.org\/aktualno\/wp-json\/wp\/v2\/pages\/15576"}],"collection":[{"href":"https:\/\/www.worldofart.org\/arhiv.worldofart.org\/aktualno\/wp-json\/wp\/v2\/pages"}],"about":[{"href":"https:\/\/www.worldofart.org\/arhiv.worldofart.org\/aktualno\/wp-json\/wp\/v2\/types\/page"}],"author":[{"embeddable":true,"href":"https:\/\/www.worldofart.org\/arhiv.worldofart.org\/aktualno\/wp-json\/wp\/v2\/users\/1"}],"replies":[{"embeddable":true,"href":"https:\/\/www.worldofart.org\/arhiv.worldofart.org\/aktualno\/wp-json\/wp\/v2\/comments?post=15576"}],"version-history":[{"count":47,"href":"https:\/\/www.worldofart.org\/arhiv.worldofart.org\/aktualno\/wp-json\/wp\/v2\/pages\/15576\/revisions"}],"predecessor-version":[{"id":16075,"href":"https:\/\/www.worldofart.org\/arhiv.worldofart.org\/aktualno\/wp-json\/wp\/v2\/pages\/15576\/revisions\/16075"}],"up":[{"embeddable":true,"href":"https:\/\/www.worldofart.org\/arhiv.worldofart.org\/aktualno\/wp-json\/wp\/v2\/pages\/15369"}],"wp:attachment":[{"href":"https:\/\/www.worldofart.org\/arhiv.worldofart.org\/aktualno\/wp-json\/wp\/v2\/media?parent=15576"}],"wp:term":[{"taxonomy":"category","embeddable":true,"href":"https:\/\/www.worldofart.org\/arhiv.worldofart.org\/aktualno\/wp-json\/wp\/v2\/categories?post=15576"},{"taxonomy":"post_tag","embeddable":true,"href":"https:\/\/www.worldofart.org\/arhiv.worldofart.org\/aktualno\/wp-json\/wp\/v2\/tags?post=15576"}],"curies":[{"name":"wp","href":"https:\/\/api.w.org\/{rel}","templated":true}]}}