{"id":158,"date":"2008-03-14T15:14:44","date_gmt":"2008-03-14T13:14:44","guid":{"rendered":"http:\/\/www.worldofart.org\/aktualno\/mojca-puncer-hr\/"},"modified":"2018-07-17T09:22:42","modified_gmt":"2018-07-17T07:22:42","slug":"mojca-puncer-hr","status":"publish","type":"page","link":"https:\/\/www.worldofart.org\/arhiv.worldofart.org\/aktualno\/leto_2006-07\/teksti-udelezencev-200607\/mojca-puncer-hr","title":{"rendered":"Umjetnik je &#8220;turist&#8221;, putnik, transformer \u2026"},"content":{"rendered":"<blockquote><p>&#8220;Umjetnik je \u2018turist\u2019 (putnik, trnasformer, figura poze), koji na povr\u0161ini svoje ko\u017ee i gesta otkriva tragove  kulture, kroz koje prolazi.&#8221; (M. \u0160uvakovi\u0107)<\/p><\/blockquote>\n<p>Moj izbor radova za ovu izlo\u017ebu, \u010diji je glavni izazov suo\u010davanje osobnih perspektiva heterogene skupine kustosa, temelji se na odluci za suradnju s umjetnikom Simonom Macuhom, s kojim sam ve\u0107 sura\u0111ivala pri koncipiranju javne debate sa studentima \u010detvrte godine ljubljanske Akademije za likovnu umjetnost i dizajn, na temu: <em>Iznutra\/izvana: \u0161kola, sistem, studenti, mentori<\/em>, u okviru projekta LabSUs u Galeriji \u0160KUC u lipnju, 2007. godine. Simon Mauch svoje izra\u017eavanje ne ograni\u010dava samo na kiparstvo, nego se suo\u010dava tako\u0111er i s drugim medijima i drugim vrstama izra\u017eavanja.  Tako se na moj poziv odazvao s prijedlogom da na izlo\u017ebi predstavi seriju crte\u017ea na papiru, koja \u0107e za vrijeme pripreme za izlo\u017ebu nastati na putovanju u Maroku. Proces nastajanja slika u kontekstu ikonoklasti\u010dnog islama, u kojem modeli i sugovornici aktivno sudjeluju i sa svojim intervencijama, se pretvorio u svojevrsnu dru\u0161tvenu igru, koja Simona svakako zanima vi\u0161e kao produkcija razgledni\u010dnih motiva. Odlu\u010div\u0161i se za takvu performativnu gestu, upisuje se u ono polje umjetni\u010dkoga djelovanja, koje se temelji na komunikaciji, postavlja pitanja i poti\u010de dijalog.<\/p>\n<p>Razmi\u0161ljaju\u0107i o kontekstualizaciji rada Simona Maucha odlu\u010dila sam se pozvati jo\u0161 i Bo\u0161tjana Ma\u0161ero na sudjelovanje, filma\u0161a koji se bavi i fotografijom. U umjetni\u010dki kontekst stupio je projektom Kiki Omerzel Odnosi (2001.-), a na ovoj izlo\u017ebi trebao je pokazati fotografije, koje su nastale na na\u0161em zajedni\u010dkom putovanja po Turskoj tijekom ljeta 2007. U njegovom radu bilo mi je zanimljivo to da se u fotografijama radi vi\u0161e nego o preispitivanju filmsko-dokumentarne percepcije kroz fotografski pogled o strategiji naracije o kulturi i mjestima, kroz koje autor prolazi; ta strategija u kona\u010dnici postaje hod po polju vlastitih emocija. S autorom sam sudjelovala u procesu izbora fotografija i koncipiranja postava, koja bi s preciznom kontekstualizacijom, kao i izborom formata, dostigla vi\u0161edimenzionalnu \u010ditljivost. Tako bi estetsko-simboli\u010dna pro\u010di\u0161\u0107ena pove\u0107anja dopunili dosljedni i nepretenciozni snimci na manjem formatu, koji govore o kontekstu svog nastanka, kao i o artikuliranom pogledu na dru\u0161tvenu stvarnost. Na\u017ealost, autor je u trenutku pripreme medijske najave izlo\u017ebe, za koju je smatrao da je predugo trajala, odustao od projekta. <\/p>\n<p>Od prvotno zami\u0161ljene jukstapozicije dviju razli\u010ditih umjetni\u010dkih strategija bilje\u017eenja \u201cslijedova kulture\u201d u okviru galerijskog prostora, koje se po mom mi\u0161ljenju jako dobro mo\u017ee opisati izabranim citatom Mi\u0161ka \u0160uvakovi\u0107a, ostala je samo jedna. Ispra\u017enjavanjem mjesta ona, koja je otpala, strukturno jo\u0161 uvijek ima funkciju, kako unutar koncepta mog izbora tako i njegove realizacije unutar cijele izlo\u017ebe. To je ta \u201cmaterijalizacija slu\u010dajnosti\u201d, koja <em>moj osobni kustoski interes<\/em> za autorske naracije o stanju stvari u stvarnosti postavlja u druk\u010diju perspektivu od predvie\u0111ene. Unato\u010d svemu ga izdvaja iz domene individualnog i zapli\u0107e u nestabilnu i proto\u010dnu mre\u017eu znakova, poop\u0107avanja i tkanja zna\u010denja. Poetika artikuliranja znakova druge kulture, koja \u0107e sada biti samostalno predstavljena u javnoj sferi svijeta umjetnosti, je zna\u010denjski vi\u0161estrana, a ipak osobna, emocionalna i kao takva \u201cistinu\u201d o stvarnosti vra\u0107a domeni individualnih pogleda. No ne radi se samo o poetici, nego i o specifi\u010dnom prostorno-vremenskom senzoriju, koji odre\u0111uje na\u010dine, kako biti zajedno ili odvojeno, iznutra ili izvana.<\/p>\n<p>Mojca Puncer<\/p>\n","protected":false},"excerpt":{"rendered":"<p>&#8220;Umjetnik je \u2018turist\u2019 (putnik, trnasformer, figura poze), koji na povr\u0161ini svoje ko\u017ee i gesta otkriva tragove kulture, kroz koje prolazi.&#8221; (M. \u0160uvakovi\u0107) Moj izbor radova za ovu izlo\u017ebu, \u010diji je glavni izazov suo\u010davanje osobnih perspektiva heterogene skupine kustosa, temelji se na odluci za suradnju s umjetnikom Simonom Macuhom, s kojim sam ve\u0107 sura\u0111ivala pri koncipiranju [&hellip;]<\/p>\n","protected":false},"author":1,"featured_media":0,"parent":137,"menu_order":0,"comment_status":"closed","ping_status":"closed","template":"","meta":{"footnotes":""},"categories":[],"tags":[],"_links":{"self":[{"href":"https:\/\/www.worldofart.org\/arhiv.worldofart.org\/aktualno\/wp-json\/wp\/v2\/pages\/158"}],"collection":[{"href":"https:\/\/www.worldofart.org\/arhiv.worldofart.org\/aktualno\/wp-json\/wp\/v2\/pages"}],"about":[{"href":"https:\/\/www.worldofart.org\/arhiv.worldofart.org\/aktualno\/wp-json\/wp\/v2\/types\/page"}],"author":[{"embeddable":true,"href":"https:\/\/www.worldofart.org\/arhiv.worldofart.org\/aktualno\/wp-json\/wp\/v2\/users\/1"}],"replies":[{"embeddable":true,"href":"https:\/\/www.worldofart.org\/arhiv.worldofart.org\/aktualno\/wp-json\/wp\/v2\/comments?post=158"}],"version-history":[{"count":1,"href":"https:\/\/www.worldofart.org\/arhiv.worldofart.org\/aktualno\/wp-json\/wp\/v2\/pages\/158\/revisions"}],"predecessor-version":[{"id":9485,"href":"https:\/\/www.worldofart.org\/arhiv.worldofart.org\/aktualno\/wp-json\/wp\/v2\/pages\/158\/revisions\/9485"}],"up":[{"embeddable":true,"href":"https:\/\/www.worldofart.org\/arhiv.worldofart.org\/aktualno\/wp-json\/wp\/v2\/pages\/137"}],"wp:attachment":[{"href":"https:\/\/www.worldofart.org\/arhiv.worldofart.org\/aktualno\/wp-json\/wp\/v2\/media?parent=158"}],"wp:term":[{"taxonomy":"category","embeddable":true,"href":"https:\/\/www.worldofart.org\/arhiv.worldofart.org\/aktualno\/wp-json\/wp\/v2\/categories?post=158"},{"taxonomy":"post_tag","embeddable":true,"href":"https:\/\/www.worldofart.org\/arhiv.worldofart.org\/aktualno\/wp-json\/wp\/v2\/tags?post=158"}],"curies":[{"name":"wp","href":"https:\/\/api.w.org\/{rel}","templated":true}]}}