{"id":159,"date":"2008-03-14T15:21:58","date_gmt":"2008-03-14T13:21:58","guid":{"rendered":"http:\/\/www.worldofart.org\/aktualno\/leto_2006-07\/teksti-udelezencev-200607\/petra-grafenauer-krnc-hr\/"},"modified":"2018-07-17T09:22:31","modified_gmt":"2018-07-17T07:22:31","slug":"petra-grafenauer-krnc-hr","status":"publish","type":"page","link":"https:\/\/www.worldofart.org\/arhiv.worldofart.org\/aktualno\/leto_2006-07\/teksti-udelezencev-200607\/petra-grafenauer-krnc-hr","title":{"rendered":""},"content":{"rendered":"<p>Moj izbor umjetni\u010dkih radova je prije svega utemeljen u vjeri u zna\u010daj i kvalitetu odabranih djela. <\/p>\n<p>Drugi kriterij izbora je uvjetovan sa skupnom odlukom kustosa izlo\u017ebe da svatko od nas predstavi rad jednoga ili dva umjetnika, koja odabere s ozirom na subjektivni, neteoretski pogled na suvremenu umijetnost. Odabrala sam dva autora kojih radovi su blizu tome sta meni predstavlja kvalitetnu vizuelnu poetiku u suvremenosti. Radovi oba autora na prvi pogled \u010dine se \u201cestetskima\u201d, no nije rije\u010d o estetici praznoga, nego je to lijepo, koje je naseljeno istra\u017eivanjem povijesti i (ili) ideologija, kako samog svijeta umjetnosti tako i \u0161ireg dru\u0161tva, medija te pretakanja zna\u010denja me\u0111u navedenim elementima. Izme\u0111u radova dvoje umjetnika, koje sam izabrala za izlo\u017ebu, htjela sam uspostaviti dijalog i ta je \u017eelja svakako utjecala na izbor predstavljenih autora, a kasnije i na odluku da na izlo\u017ebi predstavim autorske knjige. Odluka o povezivanju autorskih poetika u odnosu na medij izra\u017eavanja ponudila se sama od sebe, a svakako je na izbor utjecao i moj osobni feti\u0161isti\u010dki odnos prema mediju knjige. <\/p>\n<p>Tre\u0107i kriterij za izbor je dakle umjetni\u010dki medij. Autorske knjige se (na\u017ealost) rijetko izla\u017eu. Pored toga su oba autora svijetu umjetnosti poznata prije svega po svom slikarskom radu i \u010dini se, kao da ostala produkcija nekako ostaje u pozadini. Budu\u0107i da smatram da ciklus pet autorskih knjiga <em>Hortus Conclusus<\/em> Ksenije \u010cer\u010de i instalacija I\u0161tvana I\u0161ta Huzjana <em>About words, sentences, paragraphs and an exclamation point<\/em>, koju sa\u010dinjavaju autorske knjige <em>Das Buch<\/em> i video rad, hrvatskoj publici nude pogled u kvalitetnu, jo\u0161 nevi\u0111enu umjetni\u010dku produkciju, istovremeno uspostavljaju\u0107i dijalog me\u0111u samim radovima, odlu\u010dila sam ih predstaviti na izlo\u017ebi <em>Labsus osebno\/osobno<\/em>.<\/p>\n<p>Petja Grafenauer Krnc<\/p>\n","protected":false},"excerpt":{"rendered":"<p>Moj izbor umjetni\u010dkih radova je prije svega utemeljen u vjeri u zna\u010daj i kvalitetu odabranih djela. Drugi kriterij izbora je uvjetovan sa skupnom odlukom kustosa izlo\u017ebe da svatko od nas predstavi rad jednoga ili dva umjetnika, koja odabere s ozirom na subjektivni, neteoretski pogled na suvremenu umijetnost. Odabrala sam dva autora kojih radovi su blizu [&hellip;]<\/p>\n","protected":false},"author":1,"featured_media":0,"parent":137,"menu_order":0,"comment_status":"closed","ping_status":"closed","template":"","meta":{"footnotes":""},"categories":[],"tags":[],"_links":{"self":[{"href":"https:\/\/www.worldofart.org\/arhiv.worldofart.org\/aktualno\/wp-json\/wp\/v2\/pages\/159"}],"collection":[{"href":"https:\/\/www.worldofart.org\/arhiv.worldofart.org\/aktualno\/wp-json\/wp\/v2\/pages"}],"about":[{"href":"https:\/\/www.worldofart.org\/arhiv.worldofart.org\/aktualno\/wp-json\/wp\/v2\/types\/page"}],"author":[{"embeddable":true,"href":"https:\/\/www.worldofart.org\/arhiv.worldofart.org\/aktualno\/wp-json\/wp\/v2\/users\/1"}],"replies":[{"embeddable":true,"href":"https:\/\/www.worldofart.org\/arhiv.worldofart.org\/aktualno\/wp-json\/wp\/v2\/comments?post=159"}],"version-history":[{"count":1,"href":"https:\/\/www.worldofart.org\/arhiv.worldofart.org\/aktualno\/wp-json\/wp\/v2\/pages\/159\/revisions"}],"predecessor-version":[{"id":9479,"href":"https:\/\/www.worldofart.org\/arhiv.worldofart.org\/aktualno\/wp-json\/wp\/v2\/pages\/159\/revisions\/9479"}],"up":[{"embeddable":true,"href":"https:\/\/www.worldofart.org\/arhiv.worldofart.org\/aktualno\/wp-json\/wp\/v2\/pages\/137"}],"wp:attachment":[{"href":"https:\/\/www.worldofart.org\/arhiv.worldofart.org\/aktualno\/wp-json\/wp\/v2\/media?parent=159"}],"wp:term":[{"taxonomy":"category","embeddable":true,"href":"https:\/\/www.worldofart.org\/arhiv.worldofart.org\/aktualno\/wp-json\/wp\/v2\/categories?post=159"},{"taxonomy":"post_tag","embeddable":true,"href":"https:\/\/www.worldofart.org\/arhiv.worldofart.org\/aktualno\/wp-json\/wp\/v2\/tags?post=159"}],"curies":[{"name":"wp","href":"https:\/\/api.w.org\/{rel}","templated":true}]}}