{"id":16,"date":"2006-12-11T20:57:21","date_gmt":"2006-12-11T19:57:21","guid":{"rendered":"http:\/\/www.worldofart.org\/aktualno\/seminar\/delavnice\/"},"modified":"2018-06-18T22:01:07","modified_gmt":"2018-06-18T20:01:07","slug":"program-2006-07","status":"publish","type":"page","link":"https:\/\/www.worldofart.org\/arhiv.worldofart.org\/aktualno\/seminar-2006-07\/program-2006-07","title":{"rendered":"Program 2006\/07"},"content":{"rendered":"<p class=\"leto\"><strong>2006<\/strong><\/p>\n<table width=\"100%\" border=\"0\" cellspacing=\"0\" cellpadding=\"0\">\n<tr>\n<td class=\"mesec\" width=\"20%\" valign=\"top\">november<\/td>\n<td class=\"tdprogramsredina\" width=\"20%\" valign=\"top\">petek, sobota<br \/>\n    10. &#8211; 11. 11. 2006<\/td>\n<td class=\"tdprogram\" width=\"60%\" valign=\"top\"><a href=\"https:\/\/www.worldofart.org\/arhiv.worldofart.org\/aktualno\/archives\/60\"><strong>\u017denja Leiler: \u010casopisni \u010dlanek in kritika<\/strong><\/a><\/td>\n<\/tr>\n<\/table>\n<p class=\"leto\"><strong>2007<\/strong><\/p>\n<table width=\"100%\" border=\"0\" cellspacing=\"0\" cellpadding=\"0\">\n<tr>\n<td class=\"mesec\" width=\"20%\" valign=\"top\">januar<\/td>\n<td class=\"tdprogramsredina\" width=\"20%\" valign=\"top\">sobota, nedelja<br \/>\n    6. &#8211; 7. 1. 2007<\/td>\n<td class=\"tdprogram\" width=\"60%\" valign=\"top\"><a href=\"https:\/\/www.worldofart.org\/arhiv.worldofart.org\/aktualno\/archives\/64\"><strong>Mi\u0161ko \u0160uvakovi\u0107: Teorija in praksa umetnostne kritike<\/strong><\/a><\/td>\n<\/tr>\n<tr>\n<td class=\"mesec\" width=\"20%\" valign=\"top\">februar<\/td>\n<td class=\"tdprogramsredina\" width=\"20%\" valign=\"top\">torek &#8211; nedelja<br \/>\n    6. &#8211; 11. 2. 2007<\/td>\n<td class=\"tdprogram\" width=\"60%\" valign=\"top\"><a href=\"https:\/\/www.worldofart.org\/arhiv.worldofart.org\/aktualno\/archives\/68\"><strong>Cl\u00e9mentine Deliss: Na\u010drt za mobilno fakulteto umetnosti<\/strong><\/a><\/td>\n<\/tr>\n<tr>\n<td class=\"mesec\" width=\"20%\" valign=\"top\">marec<\/td>\n<td class=\"tdprogramsredina\" width=\"20%\" valign=\"top\">sobota<br \/>\n    31. 3. 2007<\/td>\n<td class=\"tdprogram\" width=\"60%\" valign=\"top\"><a href=\"https:\/\/www.worldofart.org\/arhiv.worldofart.org\/aktualno\/archives\/76\"><strong>Je\u0161a Denegri: Zgodovinjenje sodobne umetnosti<\/strong><\/a><\/td>\n<\/tr>\n<tr>\n<td class=\"mesec\" width=\"20%\" valign=\"top\">april<\/td>\n<td class=\"tdprogramsredina\" width=\"20%\" valign=\"top\">petek, sobota<br \/>\n     13. &#8211; 14. 4. 2007<\/td>\n<td class=\"tdprogram\" width=\"60%\" valign=\"top\"><a href=\"https:\/\/www.worldofart.org\/arhiv.worldofart.org\/aktualno\/archives\/78\"><strong>Suzana Milevska: Tekst za katalog<\/strong><\/a><\/td>\n<\/tr>\n<tr>\n<td class=\"mesec\" width=\"20%\" valign=\"top\">junij<\/td>\n<td class=\"tdprogramsredina\" width=\"20%\" valign=\"top\">sreda &#8211; torek<br \/>\n     20. 6. &#8211; 3. 7. 2007<\/td>\n<td class=\"tdprogram\" width=\"60%\" valign=\"top\"><a href=\"https:\/\/www.worldofart.org\/arhiv.worldofart.org\/aktualno\/archives\/107\"><strong>Zemira Alajbegovi\u0107, Neven Korda: Video esej<\/strong><\/a><\/td>\n<\/tr>\n<\/table>\n","protected":false},"excerpt":{"rendered":"<p>2006 november petek, sobota 10. &#8211; 11. 11. 2006 \u017denja Leiler: \u010casopisni \u010dlanek in kritika 2007 januar sobota, nedelja 6. &#8211; 7. 1. 2007 Mi\u0161ko \u0160uvakovi\u0107: Teorija in praksa umetnostne kritike februar torek &#8211; nedelja 6. &#8211; 11. 2. 2007 Cl\u00e9mentine Deliss: Na\u010drt za mobilno fakulteto umetnosti marec sobota 31. 3. 2007 Je\u0161a Denegri: Zgodovinjenje [&hellip;]<\/p>\n","protected":false},"author":1,"featured_media":0,"parent":122,"menu_order":0,"comment_status":"closed","ping_status":"closed","template":"","meta":{"footnotes":""},"categories":[],"tags":[],"_links":{"self":[{"href":"https:\/\/www.worldofart.org\/arhiv.worldofart.org\/aktualno\/wp-json\/wp\/v2\/pages\/16"}],"collection":[{"href":"https:\/\/www.worldofart.org\/arhiv.worldofart.org\/aktualno\/wp-json\/wp\/v2\/pages"}],"about":[{"href":"https:\/\/www.worldofart.org\/arhiv.worldofart.org\/aktualno\/wp-json\/wp\/v2\/types\/page"}],"author":[{"embeddable":true,"href":"https:\/\/www.worldofart.org\/arhiv.worldofart.org\/aktualno\/wp-json\/wp\/v2\/users\/1"}],"replies":[{"embeddable":true,"href":"https:\/\/www.worldofart.org\/arhiv.worldofart.org\/aktualno\/wp-json\/wp\/v2\/comments?post=16"}],"version-history":[{"count":1,"href":"https:\/\/www.worldofart.org\/arhiv.worldofart.org\/aktualno\/wp-json\/wp\/v2\/pages\/16\/revisions"}],"predecessor-version":[{"id":9520,"href":"https:\/\/www.worldofart.org\/arhiv.worldofart.org\/aktualno\/wp-json\/wp\/v2\/pages\/16\/revisions\/9520"}],"up":[{"embeddable":true,"href":"https:\/\/www.worldofart.org\/arhiv.worldofart.org\/aktualno\/wp-json\/wp\/v2\/pages\/122"}],"wp:attachment":[{"href":"https:\/\/www.worldofart.org\/arhiv.worldofart.org\/aktualno\/wp-json\/wp\/v2\/media?parent=16"}],"wp:term":[{"taxonomy":"category","embeddable":true,"href":"https:\/\/www.worldofart.org\/arhiv.worldofart.org\/aktualno\/wp-json\/wp\/v2\/categories?post=16"},{"taxonomy":"post_tag","embeddable":true,"href":"https:\/\/www.worldofart.org\/arhiv.worldofart.org\/aktualno\/wp-json\/wp\/v2\/tags?post=16"}],"curies":[{"name":"wp","href":"https:\/\/api.w.org\/{rel}","templated":true}]}}