{"id":16071,"date":"2022-07-12T13:23:44","date_gmt":"2022-07-12T11:23:44","guid":{"rendered":"http:\/\/www.worldofart.org\/aktualno\/?page_id=16071"},"modified":"2022-07-12T13:23:44","modified_gmt":"2022-07-12T11:23:44","slug":"podpora-2021-2022","status":"publish","type":"page","link":"https:\/\/www.worldofart.org\/arhiv.worldofart.org\/aktualno\/osemnajsto-leto-2021-2022\/podpora-2021-2022","title":{"rendered":"Podpora 2021\/2022"},"content":{"rendered":"<p>Program Svet umetnosti pripravljamo v partnerstvu s\u00a0<strong><a href=\"https:\/\/cukrarna.art\/sl\/\" target=\"_blank\" rel=\"noopener\">Cukrarno<\/a>\/<\/strong><a href=\"https:\/\/mgml.si\/sl\/\" target=\"_blank\" rel=\"noopener\">Muzej in galerije mesta Ljubljane<\/a><\/p>\n<p><img loading=\"lazy\" decoding=\"async\" class=\"alignnone wp-image-12337\" src=\"https:\/\/www.worldofart.org\/arhiv.worldofart.org\/aktualno\/wp-content\/uploads\/2018\/01\/gallery_logo.mgml_.png\" alt=\"\" width=\"136\" height=\"108\" srcset=\"https:\/\/www.worldofart.org\/arhiv.worldofart.org\/aktualno\/wp-content\/uploads\/2018\/01\/gallery_logo.mgml_.png 568w, https:\/\/www.worldofart.org\/arhiv.worldofart.org\/aktualno\/wp-content\/uploads\/2018\/01\/gallery_logo.mgml_-338x268.png 338w\" sizes=\"(max-width: 136px) 100vw, 136px\" \/><\/p>\n<p><strong>Podpora 18. leta \u0161ole Svet umetnosti, 2021\/2022<\/strong><\/p>\n<p>Celoten program \u0161ole Svet umetnosti podpira <a href=\"https:\/\/www.ljubljana.si\/sl\/mestna-obcina\/mestna-uprava\/oddelki\/oddelek-za-kulturo\/\" target=\"_blank\" rel=\"noopener noreferrer\">Mestna ob\u010dina Ljubljana, Oddelek za kulturo<\/a> (2021, 2022).<br \/>\n<a href=\"https:\/\/www.ljubljana.si\/sl\/mestna-obcina\/mestna-uprava\/oddelki\/oddelek-za-kulturo\/\" target=\"_blank\" rel=\"noopener noreferrer\"><img loading=\"lazy\" decoding=\"async\" class=\" wp-image-12506 alignnone\" src=\"https:\/\/www.worldofart.org\/arhiv.worldofart.org\/aktualno\/wp-content\/uploads\/2018\/03\/grb-730x377.gif\" alt=\"\" width=\"178\" height=\"92\" srcset=\"https:\/\/www.worldofart.org\/arhiv.worldofart.org\/aktualno\/wp-content\/uploads\/2018\/03\/grb-730x377.gif 730w, https:\/\/www.worldofart.org\/arhiv.worldofart.org\/aktualno\/wp-content\/uploads\/2018\/03\/grb-338x175.gif 338w, https:\/\/www.worldofart.org\/arhiv.worldofart.org\/aktualno\/wp-content\/uploads\/2018\/03\/grb-768x397.gif 768w\" sizes=\"(max-width: 178px) 100vw, 178px\" \/><\/a><br \/>\nRazstavo Sveta umetnosti v Galeriji \u0160kuc podpira <a href=\"http:\/\/www.mk.gov.si\/\" target=\"_blank\" rel=\"noopener noreferrer\">Ministrstvo za kulturo Republike Slovenije<\/a> (2021).<\/p>\n<p><a href=\"http:\/\/www.mk.gov.si\/\" target=\"_blank\" rel=\"noopener noreferrer\"><img loading=\"lazy\" decoding=\"async\" class=\"alignnone wp-image-8089\" title=\"Ministrstvo za kulturo\" src=\"https:\/\/www.worldofart.org\/arhiv.worldofart.org\/aktualno\/wp-content\/uploads\/2010\/02\/Ministrstvo-za-kulturo.jpg\" alt=\"\" width=\"193\" height=\"53\" \/><\/a><\/p>\n<p>Javna predavanja in modul Pisanje o sodobni umetnosti podpira sklad <a href=\"http:\/\/kulturanova.hr\/\" target=\"_blank\" rel=\"noopener noreferrer\">Kultura nova<\/a>\u00a0(2021, 2022).<\/p>\n<p><a href=\"http:\/\/kulturanova.hr\/\" target=\"_blank\" rel=\"noopener noreferrer\"><img loading=\"lazy\" decoding=\"async\" class=\" wp-image-12059 alignnone\" src=\"https:\/\/www.worldofart.org\/arhiv.worldofart.org\/aktualno\/wp-content\/uploads\/2017\/09\/logo.png\" alt=\"\" width=\"185\" height=\"63\" \/><\/a><\/p>\n<p>Predavanje Andreje Hribernik smo pripravili v partnerstvu s <a href=\"https:\/\/www.glu-sg.si\/\" target=\"_blank\" rel=\"noopener\">Koro\u0161ko galerijo likovnih umetnosti<\/a>.<\/p>\n<p><a href=\"https:\/\/www.glu-sg.si\/\" target=\"_blank\" rel=\"noopener\"><img loading=\"lazy\" decoding=\"async\" class=\"alignnone wp-image-15605\" src=\"https:\/\/www.worldofart.org\/arhiv.worldofart.org\/aktualno\/wp-content\/uploads\/2021\/03\/kglu-logo.png\" alt=\"\" width=\"140\" height=\"92\" \/><\/a><\/p>\n<p>Predavanje Katrin Mundt je nastalo v partnerstvu z <a href=\"https:\/\/www.goethe.de\/ins\/si\/sl\/index.html\">Goethe-Institutom Ljubljana<\/a>.<\/p>\n<p><a href=\"https:\/\/www.goethe.de\/ins\/si\/sl\/index.html\" target=\"_blank\" rel=\"noopener\"><img loading=\"lazy\" decoding=\"async\" class=\"alignnone wp-image-13733\" src=\"https:\/\/www.worldofart.org\/arhiv.worldofart.org\/aktualno\/wp-content\/uploads\/2018\/09\/goethe-institut-logo.png\" alt=\"\" width=\"126\" height=\"59\" srcset=\"https:\/\/www.worldofart.org\/arhiv.worldofart.org\/aktualno\/wp-content\/uploads\/2018\/09\/goethe-institut-logo.png 400w, https:\/\/www.worldofart.org\/arhiv.worldofart.org\/aktualno\/wp-content\/uploads\/2018\/09\/goethe-institut-logo-338x158.png 338w\" sizes=\"(max-width: 126px) 100vw, 126px\" \/><\/a><\/p>\n","protected":false},"excerpt":{"rendered":"<p>Program Svet umetnosti pripravljamo v partnerstvu s\u00a0Cukrarno\/Muzej in galerije mesta Ljubljane Podpora 18. leta \u0161ole Svet umetnosti, 2021\/2022 Celoten program \u0161ole Svet umetnosti podpira Mestna ob\u010dina Ljubljana, Oddelek za kulturo (2021, 2022). Razstavo Sveta umetnosti v Galeriji \u0160kuc podpira Ministrstvo za kulturo Republike Slovenije (2021). Javna predavanja in modul Pisanje o sodobni umetnosti podpira sklad [&hellip;]<\/p>\n","protected":false},"author":1,"featured_media":0,"parent":15369,"menu_order":0,"comment_status":"closed","ping_status":"closed","template":"","meta":{"footnotes":""},"categories":[],"tags":[],"_links":{"self":[{"href":"https:\/\/www.worldofart.org\/arhiv.worldofart.org\/aktualno\/wp-json\/wp\/v2\/pages\/16071"}],"collection":[{"href":"https:\/\/www.worldofart.org\/arhiv.worldofart.org\/aktualno\/wp-json\/wp\/v2\/pages"}],"about":[{"href":"https:\/\/www.worldofart.org\/arhiv.worldofart.org\/aktualno\/wp-json\/wp\/v2\/types\/page"}],"author":[{"embeddable":true,"href":"https:\/\/www.worldofart.org\/arhiv.worldofart.org\/aktualno\/wp-json\/wp\/v2\/users\/1"}],"replies":[{"embeddable":true,"href":"https:\/\/www.worldofart.org\/arhiv.worldofart.org\/aktualno\/wp-json\/wp\/v2\/comments?post=16071"}],"version-history":[{"count":1,"href":"https:\/\/www.worldofart.org\/arhiv.worldofart.org\/aktualno\/wp-json\/wp\/v2\/pages\/16071\/revisions"}],"predecessor-version":[{"id":16072,"href":"https:\/\/www.worldofart.org\/arhiv.worldofart.org\/aktualno\/wp-json\/wp\/v2\/pages\/16071\/revisions\/16072"}],"up":[{"embeddable":true,"href":"https:\/\/www.worldofart.org\/arhiv.worldofart.org\/aktualno\/wp-json\/wp\/v2\/pages\/15369"}],"wp:attachment":[{"href":"https:\/\/www.worldofart.org\/arhiv.worldofart.org\/aktualno\/wp-json\/wp\/v2\/media?parent=16071"}],"wp:term":[{"taxonomy":"category","embeddable":true,"href":"https:\/\/www.worldofart.org\/arhiv.worldofart.org\/aktualno\/wp-json\/wp\/v2\/categories?post=16071"},{"taxonomy":"post_tag","embeddable":true,"href":"https:\/\/www.worldofart.org\/arhiv.worldofart.org\/aktualno\/wp-json\/wp\/v2\/tags?post=16071"}],"curies":[{"name":"wp","href":"https:\/\/api.w.org\/{rel}","templated":true}]}}