{"id":167,"date":"2008-05-16T13:14:31","date_gmt":"2008-05-16T11:14:31","guid":{"rendered":"http:\/\/www.worldofart.org\/aktualno\/mzin-st-20\/"},"modified":"2018-07-17T09:20:46","modified_gmt":"2018-07-17T07:20:46","slug":"mzin-st-20","status":"publish","type":"page","link":"https:\/\/www.worldofart.org\/arhiv.worldofart.org\/aktualno\/mzin-st-20","title":{"rendered":"Mzin \u0161t. 20."},"content":{"rendered":"<p><strong>Metelkova o\u017eivljena <\/strong><br \/>\n(ali kako je padel ljubljanski &#8220;berlinski&#8221; zid (op.a))<\/p>\n<p>Mzin v svoji 20. \u0161tevilki podrobno opi\u0161e dogajanje pred in po zasedbi Metelkove. Sama vsebina je razdeljena na tri dele: podroben opis dogajanja, podpore in umetnost, ki varuje Metelkovo.<\/p>\n<p>V okviru prvega dela Mzina uporabniki Metelkove in zainteresirana javnost razkrivata idejni naboj, ki ga nosi Metelkova, in njen pomen za mesto Ljubljana. Tukaj se razkrivajo interesi kapitala in mestnih oblasti, ki Mre\u017ei za Metelkovo (MzM) nikakor no\u010deta priznati legitimnosti za njeno zasedbo, kljub legitimnosti, ki jo je ustvarila \u0161iroka podpora strokovne javnosti, ki deluje na podro\u010dju kulture. V prvem delu Mzina so tehtno podani razlogi za zasedbo, katera predstavlja najve\u010dji problem v o\u010deh mestne oblasti. Vendar pa je bila zasedba logi\u010dna posledica triletnega procesa, ko mestna oblast nikakor ni hotela transparentno re\u0161iti problematike in prostorske stiske neodvisne \u2013 alternativne kulture v Ljubljani. Zavla\u010devanje sprejema odlo\u010ditev je povzro\u010dilo, da je MZM skoraj izgubila upanje za pridobitev prostorov. Kriti\u010dni moment se je zgodil, ko je mestna oblast za\u010dela na skrivaj ru\u0161iti stavbe na severnem delu Metelkove. Ob tem je pri\u0161lo do nagle mobilizacije javnosti in v nekaj urah se je pred Metelkovo zbralo ve\u010d kot sto ljudi, ki so vdrli v prostor in ga zasedli. <\/p>\n<p>Eden pomenljivej\u0161ih \u010dlankov v tej \u0161tevilki je WTC vs. WCC. Torej World Trade Center proti World Cultural Center. Izredno naklju\u010dje je, da so dan pred zasedbo Metelkove v Ljubljani otvorili Svetovni trgovski center kot sredi\u0161\u010de trgovanja in simbol kapitala. V sredi\u0161\u010du mesta pa nastane AKC Metelkova, ki se bori in zavzema za kulturni kapital in razvoj slovenske in mednarodne neodvisne kulture, ki je v tem \u010dasu vedno bolj pomembna. Tako je pomemben del metelkovske simbolike boj proti interesom krutega kapitala, \u0161e posebej v \u010dasih, ko je civilna dru\u017eba v Sloveniji zamrla. Boj za Metelkovo pa je pomemben tudi iz tega vidika, saj je spro\u017eil novo nastajanje civilne dru\u017ebe in njene neodvisnosti. Na Metelkovo bi morda lahko gledali kot na simbol neodvisnosti in ustvarjalnosti dr\u017eavljanov v sodobni zahodni dru\u017ebi.<\/p>\n<p>Drugi del Mzina je sestavljen iz pisem podpor, ki jih MzM prejema od slovenske kulturne scene in podobnih gibanj v tujini. Med temi pismi najdemo podporo ljubljanske Moderne galerije, akademskih slikarjev in drugi umetnikov, prav tako pa tudi politikov, kulturnih producentov, glasbenikov itd. Ve\u010dina teh prominentnih pisem obsoja mestno oblast in jo poziva k razumevanju dogajanja na Metelkovi ter posledi\u010dno na ljubljanski kulturni sceni.<\/p>\n<p>Tretji del pa Mzin zaklju\u010duje s squat-artom. Predmeti, ki so svoje \u017ee odslu\u017eili, sedaj slu\u017eijo za zapolnjevanje prostora na Metelkovi, kjer so dobili  novo vrednost. Po eni strani gre za prakti\u010dni razlog, da je te\u017eje izseliti uporabnike, \u010de bi pri\u0161lo do izselitve. Po drugi strani pa se je iz tega razvila  nova umetnost, ki je reciklirana, kar je bilo dobro prikazano tudi na eni od razstav Laboratorija kuratorskih praks\/Te\u010daja za kustose, kjer so v okviru razstave <a href=\"https:\/\/www.worldofart.org\/arhiv.worldofart.org\/arhiv.htm\">This art is recycled<\/a> zastopani tudi metelkovski umetniki s svojo produkcijo.<\/p>\n<p>Jernej \u0160kof<\/p>\n","protected":false},"excerpt":{"rendered":"<p>Metelkova o\u017eivljena (ali kako je padel ljubljanski &#8220;berlinski&#8221; zid (op.a)) Mzin v svoji 20. \u0161tevilki podrobno opi\u0161e dogajanje pred in po zasedbi Metelkove. Sama vsebina je razdeljena na tri dele: podroben opis dogajanja, podpore in umetnost, ki varuje Metelkovo. V okviru prvega dela Mzina uporabniki Metelkove in zainteresirana javnost razkrivata idejni naboj, ki ga nosi [&hellip;]<\/p>\n","protected":false},"author":1,"featured_media":0,"parent":0,"menu_order":0,"comment_status":"closed","ping_status":"closed","template":"","meta":{"footnotes":""},"categories":[45],"tags":[],"_links":{"self":[{"href":"https:\/\/www.worldofart.org\/arhiv.worldofart.org\/aktualno\/wp-json\/wp\/v2\/pages\/167"}],"collection":[{"href":"https:\/\/www.worldofart.org\/arhiv.worldofart.org\/aktualno\/wp-json\/wp\/v2\/pages"}],"about":[{"href":"https:\/\/www.worldofart.org\/arhiv.worldofart.org\/aktualno\/wp-json\/wp\/v2\/types\/page"}],"author":[{"embeddable":true,"href":"https:\/\/www.worldofart.org\/arhiv.worldofart.org\/aktualno\/wp-json\/wp\/v2\/users\/1"}],"replies":[{"embeddable":true,"href":"https:\/\/www.worldofart.org\/arhiv.worldofart.org\/aktualno\/wp-json\/wp\/v2\/comments?post=167"}],"version-history":[{"count":1,"href":"https:\/\/www.worldofart.org\/arhiv.worldofart.org\/aktualno\/wp-json\/wp\/v2\/pages\/167\/revisions"}],"predecessor-version":[{"id":9490,"href":"https:\/\/www.worldofart.org\/arhiv.worldofart.org\/aktualno\/wp-json\/wp\/v2\/pages\/167\/revisions\/9490"}],"wp:attachment":[{"href":"https:\/\/www.worldofart.org\/arhiv.worldofart.org\/aktualno\/wp-json\/wp\/v2\/media?parent=167"}],"wp:term":[{"taxonomy":"category","embeddable":true,"href":"https:\/\/www.worldofart.org\/arhiv.worldofart.org\/aktualno\/wp-json\/wp\/v2\/categories?post=167"},{"taxonomy":"post_tag","embeddable":true,"href":"https:\/\/www.worldofart.org\/arhiv.worldofart.org\/aktualno\/wp-json\/wp\/v2\/tags?post=167"}],"curies":[{"name":"wp","href":"https:\/\/api.w.org\/{rel}","templated":true}]}}