{"id":1703,"date":"2012-02-27T16:17:55","date_gmt":"2012-02-27T14:17:55","guid":{"rendered":"http:\/\/www.worldofart.org\/aktualno\/?page_id=1703"},"modified":"2018-06-18T18:31:14","modified_gmt":"2018-06-18T16:31:14","slug":"dela-na-razstavi-printaj","status":"publish","type":"page","link":"https:\/\/www.worldofart.org\/arhiv.worldofart.org\/aktualno\/stirinajsti-letnik-20112013\/atom2-a-je-to-umetnost-phantom-to-mindset\/dela-na-razstavi-printaj","title":{"rendered":"Dela na razstavi Printaj!"},"content":{"rendered":"<p><a href=\"https:\/\/www.worldofart.org\/arhiv.worldofart.org\/aktualno\/stirinajsti-letnik-20112013\/atom2-a-je-to-umetnost-phantom-to-mindset#printaj\"><strong>Printaj!<\/strong><\/a><br \/>\nRazstava umetni\u0161kih publikacij<\/p>\n<p><strong>15. 3. 2012\u201325. 3. 2012<\/strong><br \/>\n<a href=\"http:\/\/www.mglc-lj.si\/slo\/index.htm\" target=\"_blank\">MGLC<\/a>, Pod Turnom 3, 1000 Ljubljana<\/p>\n<hr \/>\n<p>Umetniki: <strong>Brigit Brenner, Dani Gal, Guerilla Girls, Clare Kenny, Lucie Kolb, Monochrom, Ana Rold\u00e1n, Shirana Shahbazi, Riikka Tauriainen<\/strong><\/p>\n<p>Pripravila: Sa\u0161a Nabergoj<br \/>\nAsistenta: Miha Kelemina, Simona \u017dvanut<\/p>\n<hr \/>\n<p><a href=\"http:\/\/www.curating.org\/index.php\/shared_projects\/Editions-Ready-to-Print-13-16-x-A4-A0-x-13\" target=\"_blank\">Vir: <em>Editions \u2013 Ready to Print 13<\/em><\/a><\/p>\n<div class=\"komentar2\">\n<p class=\"komentarslike\">\n<img loading=\"lazy\" decoding=\"async\" style=\"border:0; margin:0; padding:0 0 7px 0\" alt=\"Brigit Brenner, One man, one woman, one camera, no panty, 2011\" src=\"https:\/\/www.worldofart.org\/arhiv.worldofart.org\/aktualno\/wp-content\/2011-13\/printaj\/02_brigit-brenner_.jpg\" width=\"244\" height=\"183\" \/><br \/>\nBrigit Brenner, <em>One man, one woman, one camera,<br \/>\nno panty<\/em>, 2011<\/p>\n<\/div>\n<div class=\"komentar2\">\n<p class=\"komentarslike\">\n<img loading=\"lazy\" decoding=\"async\" style=\"border:0; margin:0; padding:0 0 7px 0\" alt=\"Clare Kenny, Cyclops, 2011\" src=\"https:\/\/www.worldofart.org\/arhiv.worldofart.org\/aktualno\/wp-content\/2011-13\/printaj\/05_clare-kenny_.jpg\" width=\"244\" height=\"183\" \/><br \/>\nClare Kenny, <em>Cyclops<\/em>, 2011<\/p>\n<\/div>\n<div style=\"clear:both\"><\/div>\n<div class=\"komentar2\">\n<p class=\"komentarslike\">\n<img loading=\"lazy\" decoding=\"async\" style=\"border:0; margin:0; padding:0 0 7px 0\" alt=\"Dani Gal, Ganz normales Papier, 2011\" src=\"https:\/\/www.worldofart.org\/arhiv.worldofart.org\/aktualno\/wp-content\/2011-13\/printaj\/03_dani-gal.jpg\" width=\"244\" height=\"344\" \/><br \/>\nDani Gal, <em>Ganz normales Papier<\/em>, 2011<\/p>\n<\/div>\n<div class=\"komentar2\">\n<p class=\"komentarslike\">\n<img loading=\"lazy\" decoding=\"async\" style=\"border:0; margin:0; padding:0 0 7px 0\" alt=\"Lucie Kolb, Rendezvous, 2011\" src=\"https:\/\/www.worldofart.org\/arhiv.worldofart.org\/aktualno\/wp-content\/2011-13\/printaj\/07_lucie-kolb.jpg\" width=\"244\" height=\"344\" \/><br \/>\nLucie Kolb, <em>Rendezvous<\/em>, 2011<\/p>\n<\/div>\n<div style=\"clear:both\"><\/div>\n<div class=\"komentar2\">\n<p class=\"komentarslike\">\n<img loading=\"lazy\" decoding=\"async\" style=\"border:0; margin:0; padding:0 0 7px 0\" alt=\"monochrom, monochrom print, 2011\" src=\"https:\/\/www.worldofart.org\/arhiv.worldofart.org\/aktualno\/wp-content\/2011-13\/printaj\/08_monochrom.jpg\" width=\"244\" height=\"344\" \/><br \/>\nmonochrom, <em>monochrom print<\/em>, 2011<\/p>\n<\/div>\n<div class=\"komentar2\">\n<p class=\"komentarslike\">\n<img loading=\"lazy\" decoding=\"async\" style=\"border:0; margin:0; padding:0 0 7px 0\" alt=\"Ana Rold\u00e1n, Cococomposions, 2011\" src=\"https:\/\/www.worldofart.org\/arhiv.worldofart.org\/aktualno\/wp-content\/2011-13\/printaj\/11_ana-roldan.jpg\" width=\"244\" height=\"344\" \/><br \/>\nAna Rold\u00e1n, <em>Cococomposions<\/em>, 2011<\/p>\n<\/div>\n<div style=\"clear:both\"><\/div>\n<div class=\"komentar2\">\n<p class=\"komentarslike\">\n<img loading=\"lazy\" decoding=\"async\" style=\"border:0; margin:0; padding:0 0 7px 0\" alt=\"Shirana Shahbazi, Komposition \u2013 24 \u2013 2011, 2011\" src=\"https:\/\/www.worldofart.org\/arhiv.worldofart.org\/aktualno\/wp-content\/2011-13\/printaj\/12_shirana-shahbazi.jpg\" width=\"244\" height=\"344\" \/><br \/>\nShirana Shahbazi, <em>Komposition \u2013 24 \u2013 2011<\/em>, 2011<\/p>\n<\/div>\n<div class=\"komentar2\">\n<p class=\"komentarslike\">\n<img loading=\"lazy\" decoding=\"async\" style=\"border:0; margin:0; padding:0 0 7px 0\" alt=\"Riikka Tauriainen, Shifter, 2011\" src=\"https:\/\/www.worldofart.org\/arhiv.worldofart.org\/aktualno\/wp-content\/2011-13\/printaj\/13_riikka-tauriainen.jpg\" width=\"244\" height=\"344\" \/><br \/>\nRiikka Tauriainen, <em>Shifter<\/em>, 2011<\/p>\n<\/div>\n<div style=\"clear:both\"><\/div>\n<div class=\"komentar2\">\n<p class=\"komentarslike\">\n<img loading=\"lazy\" decoding=\"async\" style=\"border:0; margin:0; padding:0 0 7px 0\" alt=\"Guerilla Girls, Free the Women Artists of Europe!, 2011\" src=\"https:\/\/www.worldofart.org\/arhiv.worldofart.org\/aktualno\/wp-content\/2011-13\/printaj\/04_guerilla-girls.jpg\" width=\"244\" height=\"344\" \/><br \/>\nGuerilla Girls, <em>Free the Women Artists of Europe!<\/em>,<br \/>\n2011<\/p>\n<\/div>\n<div style=\"clear:both\"><\/div>\n<hr \/>\n<p>Primeri postavitve<\/p>\n<p><img decoding=\"async\" src=\"https:\/\/www.worldofart.org\/arhiv.worldofart.org\/aktualno\/wp-content\/2011-13\/printaj\/primeri-postavitve01.jpg\" alt=\"Primeri postavitve edicij projekta Ready to Print\" \/><\/p>\n<p><img decoding=\"async\" src=\"https:\/\/www.worldofart.org\/arhiv.worldofart.org\/aktualno\/wp-content\/2011-13\/printaj\/primeri-postavitve02.jpg\" alt=\"Primeri postavitve edicij projekta Ready to Print\" \/><\/p>\n<p><img decoding=\"async\" src=\"https:\/\/www.worldofart.org\/arhiv.worldofart.org\/aktualno\/wp-content\/2011-13\/printaj\/primeri-postavitve03.jpg\" alt=\"Primeri postavitve edicij projekta Ready to Print\" \/><\/p>\n<p><img decoding=\"async\" src=\"https:\/\/www.worldofart.org\/arhiv.worldofart.org\/aktualno\/wp-content\/2011-13\/printaj\/primeri-postavitve04.jpg\" alt=\"Primeri postavitve edicij projekta Ready to Print\" \/><\/p>\n<p><img decoding=\"async\" src=\"https:\/\/www.worldofart.org\/arhiv.worldofart.org\/aktualno\/wp-content\/2011-13\/printaj\/primeri-postavitve05.jpg\" alt=\"Primeri postavitve edicij projekta Ready to Print\" \/><\/p>\n<p><img decoding=\"async\" src=\"https:\/\/www.worldofart.org\/arhiv.worldofart.org\/aktualno\/wp-content\/2011-13\/printaj\/primeri-postavitve06.jpg\" alt=\"Primeri postavitve edicij projekta Ready to Print\" \/><\/p>\n<p><img decoding=\"async\" src=\"https:\/\/www.worldofart.org\/arhiv.worldofart.org\/aktualno\/wp-content\/2011-13\/printaj\/primeri-postavitve07.jpg\" alt=\"Primeri postavitve edicij projekta Ready to Print\" \/><\/p>\n<p><img decoding=\"async\" src=\"https:\/\/www.worldofart.org\/arhiv.worldofart.org\/aktualno\/wp-content\/2011-13\/printaj\/primeri-postavitve08.jpg\" alt=\"Primeri postavitve edicij projekta Ready to Print\" \/><\/p>\n<p><img decoding=\"async\" src=\"https:\/\/www.worldofart.org\/arhiv.worldofart.org\/aktualno\/wp-content\/2011-13\/printaj\/primeri-postavitve09.jpg\" alt=\"Primeri postavitve edicij projekta Ready to Print\" \/><\/p>\n<hr \/>\n<p><a href=\"https:\/\/www.worldofart.org\/arhiv.worldofart.org\/aktualno\/archives\/1686\"><< nazaj na razstavo Printaj!<\/a><\/p>\n","protected":false},"excerpt":{"rendered":"<p>Printaj! Razstava umetni\u0161kih publikacij 15. 3. 2012\u201325. 3. 2012 MGLC, Pod Turnom 3, 1000 Ljubljana Umetniki: Brigit Brenner, Dani Gal, Guerilla Girls, Clare Kenny, Lucie Kolb, Monochrom, Ana Rold\u00e1n, Shirana Shahbazi, Riikka Tauriainen Pripravila: Sa\u0161a Nabergoj Asistenta: Miha Kelemina, Simona \u017dvanut Vir: Editions \u2013 Ready to Print 13 Brigit Brenner, One man, one woman, one [&hellip;]<\/p>\n","protected":false},"author":1,"featured_media":0,"parent":1404,"menu_order":0,"comment_status":"closed","ping_status":"closed","template":"","meta":{"footnotes":""},"categories":[],"tags":[],"_links":{"self":[{"href":"https:\/\/www.worldofart.org\/arhiv.worldofart.org\/aktualno\/wp-json\/wp\/v2\/pages\/1703"}],"collection":[{"href":"https:\/\/www.worldofart.org\/arhiv.worldofart.org\/aktualno\/wp-json\/wp\/v2\/pages"}],"about":[{"href":"https:\/\/www.worldofart.org\/arhiv.worldofart.org\/aktualno\/wp-json\/wp\/v2\/types\/page"}],"author":[{"embeddable":true,"href":"https:\/\/www.worldofart.org\/arhiv.worldofart.org\/aktualno\/wp-json\/wp\/v2\/users\/1"}],"replies":[{"embeddable":true,"href":"https:\/\/www.worldofart.org\/arhiv.worldofart.org\/aktualno\/wp-json\/wp\/v2\/comments?post=1703"}],"version-history":[{"count":1,"href":"https:\/\/www.worldofart.org\/arhiv.worldofart.org\/aktualno\/wp-json\/wp\/v2\/pages\/1703\/revisions"}],"predecessor-version":[{"id":9576,"href":"https:\/\/www.worldofart.org\/arhiv.worldofart.org\/aktualno\/wp-json\/wp\/v2\/pages\/1703\/revisions\/9576"}],"up":[{"embeddable":true,"href":"https:\/\/www.worldofart.org\/arhiv.worldofart.org\/aktualno\/wp-json\/wp\/v2\/pages\/1404"}],"wp:attachment":[{"href":"https:\/\/www.worldofart.org\/arhiv.worldofart.org\/aktualno\/wp-json\/wp\/v2\/media?parent=1703"}],"wp:term":[{"taxonomy":"category","embeddable":true,"href":"https:\/\/www.worldofart.org\/arhiv.worldofart.org\/aktualno\/wp-json\/wp\/v2\/categories?post=1703"},{"taxonomy":"post_tag","embeddable":true,"href":"https:\/\/www.worldofart.org\/arhiv.worldofart.org\/aktualno\/wp-json\/wp\/v2\/tags?post=1703"}],"curies":[{"name":"wp","href":"https:\/\/api.w.org\/{rel}","templated":true}]}}