{"id":181,"date":"2008-08-16T12:09:07","date_gmt":"2008-08-16T10:09:07","guid":{"rendered":"http:\/\/www.worldofart.org\/aktualno\/enajsti-letnik-20072008\/laboratorij-200708\/"},"modified":"2018-07-17T09:19:09","modified_gmt":"2018-07-17T07:19:09","slug":"laboratorij-200708","status":"publish","type":"page","link":"https:\/\/www.worldofart.org\/arhiv.worldofart.org\/aktualno\/enajsti-letnik-200708\/laboratorij-200708","title":{"rendered":"Laboratorij 2007\/08"},"content":{"rendered":"<p><strong>Laboratorij kuratorskih praks<\/strong> raziskuje sistem sodobne umetnosti in mo\u017ene na\u010dine (so)delovanja v njem. V okviru laboratorija se premi\u0161ljuje, analizira, kontekstualizira in vrednoti kuratorske prakse, pa tudi sedaj \u017ee desetletno zgodovino delovanja Sveta umetnosti, ki je kot edini slovenski izobra\u017eevalni program na podro\u010dju sodobne vizualne umetnosti sooblikoval mlaj\u0161o generacijo slovenskih kuratorjev in piscev.<\/p>\n<p>Od novembra 2007 laboranti raziskujejo sodobno umetni\u0161ko prakso in razli\u010dne na\u010dine kuratorskega delovanja ter pripravljajo vrsto javnih dogodkov, posvetov in akcij v Projektni sobi. Junija 2008 bodo pripravili razstavo sodobne umetnosti v <a href=\"http:\/\/www2.metelkova.org\/alkatraz\/\">Galeriji Alkatraz<\/a> v Ljubljani.<\/p>\n<hr \/>\n<ul>\n<li><a href=\"https:\/\/www.worldofart.org\/arhiv.worldofart.org\/aktualno\/enajsti-letnik-200708\/laboratorij-200708\/udelezenci-200708\/\">Udele\u017eenci<\/a><\/li>\n<li><a href=\"https:\/\/www.worldofart.org\/arhiv.worldofart.org\/aktualno\/enajsti-letnik-200708\/laboratorij-200708\/program-200708\/\">Program<\/a><\/li>\n<li><a href=\"https:\/\/www.worldofart.org\/arhiv.worldofart.org\/aktualno\/archives\/176\">Razstava<\/a><\/li>\n<\/ul>\n","protected":false},"excerpt":{"rendered":"<p>Laboratorij kuratorskih praks raziskuje sistem sodobne umetnosti in mo\u017ene na\u010dine (so)delovanja v njem. V okviru laboratorija se premi\u0161ljuje, analizira, kontekstualizira in vrednoti kuratorske prakse, pa tudi sedaj \u017ee desetletno zgodovino delovanja Sveta umetnosti, ki je kot edini slovenski izobra\u017eevalni program na podro\u010dju sodobne vizualne umetnosti sooblikoval mlaj\u0161o generacijo slovenskih kuratorjev in piscev. Od novembra 2007 [&hellip;]<\/p>\n","protected":false},"author":1,"featured_media":0,"parent":180,"menu_order":0,"comment_status":"closed","ping_status":"closed","template":"","meta":{"footnotes":""},"categories":[],"tags":[],"_links":{"self":[{"href":"https:\/\/www.worldofart.org\/arhiv.worldofart.org\/aktualno\/wp-json\/wp\/v2\/pages\/181"}],"collection":[{"href":"https:\/\/www.worldofart.org\/arhiv.worldofart.org\/aktualno\/wp-json\/wp\/v2\/pages"}],"about":[{"href":"https:\/\/www.worldofart.org\/arhiv.worldofart.org\/aktualno\/wp-json\/wp\/v2\/types\/page"}],"author":[{"embeddable":true,"href":"https:\/\/www.worldofart.org\/arhiv.worldofart.org\/aktualno\/wp-json\/wp\/v2\/users\/1"}],"replies":[{"embeddable":true,"href":"https:\/\/www.worldofart.org\/arhiv.worldofart.org\/aktualno\/wp-json\/wp\/v2\/comments?post=181"}],"version-history":[{"count":1,"href":"https:\/\/www.worldofart.org\/arhiv.worldofart.org\/aktualno\/wp-json\/wp\/v2\/pages\/181\/revisions"}],"predecessor-version":[{"id":9446,"href":"https:\/\/www.worldofart.org\/arhiv.worldofart.org\/aktualno\/wp-json\/wp\/v2\/pages\/181\/revisions\/9446"}],"up":[{"embeddable":true,"href":"https:\/\/www.worldofart.org\/arhiv.worldofart.org\/aktualno\/wp-json\/wp\/v2\/pages\/180"}],"wp:attachment":[{"href":"https:\/\/www.worldofart.org\/arhiv.worldofart.org\/aktualno\/wp-json\/wp\/v2\/media?parent=181"}],"wp:term":[{"taxonomy":"category","embeddable":true,"href":"https:\/\/www.worldofart.org\/arhiv.worldofart.org\/aktualno\/wp-json\/wp\/v2\/categories?post=181"},{"taxonomy":"post_tag","embeddable":true,"href":"https:\/\/www.worldofart.org\/arhiv.worldofart.org\/aktualno\/wp-json\/wp\/v2\/tags?post=181"}],"curies":[{"name":"wp","href":"https:\/\/api.w.org\/{rel}","templated":true}]}}