{"id":184,"date":"2008-08-16T12:21:31","date_gmt":"2008-08-16T10:21:31","guid":{"rendered":"http:\/\/www.worldofart.org\/aktualno\/enajsti-letnik-200708\/seminar-200708\/program-200708\/"},"modified":"2018-07-17T09:18:20","modified_gmt":"2018-07-17T07:18:20","slug":"program-200708","status":"publish","type":"page","link":"https:\/\/www.worldofart.org\/arhiv.worldofart.org\/aktualno\/enajsti-letnik-200708\/seminar-200708\/program-200708","title":{"rendered":"Program 2007\/08"},"content":{"rendered":"<p>Pridr\u017eujemo si pravico do spremembe urnika. <\/p>\n<p class=\"leto\"><strong>2007<\/strong><\/p>\n<table width=\"100%\" border=\"0\" cellspacing=\"0\" cellpadding=\"0\">\n<tr>\n<td class=\"mesec\" width=\"20%\" valign=\"top\">oktober<\/td>\n<td class=\"tdprogramsredina\" width=\"20%\" valign=\"top\">sobota<br \/>\n    27. 10. 2007<\/td>\n<td class=\"tdprogram\" width=\"60%\" valign=\"top\"><strong><a href=\"https:\/\/www.worldofart.org\/arhiv.worldofart.org\/aktualno\/archives\/130\">Mi\u0161ko \u0160uvakovi\u0107: Primerjalna teorija in zgodovina umetnosti: analiza<\/a><\/strong><\/td>\n<\/tr>\n<\/table>\n<p class=\"leto\"><strong>2008<\/strong><\/p>\n<table width=\"100%\" border=\"0\" cellspacing=\"0\" cellpadding=\"0\">\n<tr>\n<td class=\"mesec\" width=\"20%\" valign=\"top\">januar<\/td>\n<td class=\"tdprogramsredina\" width=\"20%\" valign=\"top\">\u010detrtek, petek, torek<br \/>\n    17., 18. in 29. 1. 2008\n     <\/td>\n<td class=\"tdprogram\" width=\"60%\" valign=\"top\"><strong><a href=\"https:\/\/www.worldofart.org\/arhiv.worldofart.org\/aktualno\/archives\/153\">Eda \u010cufer: Intervju kot orodje konceptualizacije<\/a><\/strong><\/td>\n<\/tr>\n<tr>\n<td class=\"mesec\" width=\"20%\" valign=\"top\">februar<\/td>\n<td class=\"tdprogramsredina\" width=\"20%\" valign=\"top\">ponedeljek, torek<br \/>\n11. &#8211; 12. 2. 2008\n<\/td>\n<td class=\"tdprogram\" width=\"60%\" valign=\"top\"><strong><a href=\"https:\/\/www.worldofart.org\/arhiv.worldofart.org\/aktualno\/archives\/148\">Suzana Milevska:  Kooperativno kuratorstvo: Kolektivno kuratorsko telo<\/a><\/strong><\/td>\n<\/tr>\n<tr>\n<td class=\"mesec\" width=\"20%\" valign=\"top\">junij-julij<\/td>\n<td class=\"tdprogramsredina\" width=\"20%\" valign=\"top\">18. 6. &#8211; 8. 7. 2008<\/td>\n<td class=\"tdprogram\" width=\"60%\" valign=\"top\"><strong><a href=\"https:\/\/www.worldofart.org\/arhiv.worldofart.org\/aktualno\/archives\/177\">Zemira Alajbegovi\u0107, Neven Korda: Video esej<\/a><\/strong><\/td>\n<\/tr>\n<\/table>\n","protected":false},"excerpt":{"rendered":"<p>Pridr\u017eujemo si pravico do spremembe urnika. 2007 oktober sobota 27. 10. 2007 Mi\u0161ko \u0160uvakovi\u0107: Primerjalna teorija in zgodovina umetnosti: analiza 2008 januar \u010detrtek, petek, torek 17., 18. in 29. 1. 2008 Eda \u010cufer: Intervju kot orodje konceptualizacije februar ponedeljek, torek 11. &#8211; 12. 2. 2008 Suzana Milevska: Kooperativno kuratorstvo: Kolektivno kuratorsko telo junij-julij 18. 6. [&hellip;]<\/p>\n","protected":false},"author":1,"featured_media":0,"parent":183,"menu_order":0,"comment_status":"closed","ping_status":"closed","template":"","meta":{"footnotes":""},"categories":[],"tags":[],"_links":{"self":[{"href":"https:\/\/www.worldofart.org\/arhiv.worldofart.org\/aktualno\/wp-json\/wp\/v2\/pages\/184"}],"collection":[{"href":"https:\/\/www.worldofart.org\/arhiv.worldofart.org\/aktualno\/wp-json\/wp\/v2\/pages"}],"about":[{"href":"https:\/\/www.worldofart.org\/arhiv.worldofart.org\/aktualno\/wp-json\/wp\/v2\/types\/page"}],"author":[{"embeddable":true,"href":"https:\/\/www.worldofart.org\/arhiv.worldofart.org\/aktualno\/wp-json\/wp\/v2\/users\/1"}],"replies":[{"embeddable":true,"href":"https:\/\/www.worldofart.org\/arhiv.worldofart.org\/aktualno\/wp-json\/wp\/v2\/comments?post=184"}],"version-history":[{"count":1,"href":"https:\/\/www.worldofart.org\/arhiv.worldofart.org\/aktualno\/wp-json\/wp\/v2\/pages\/184\/revisions"}],"predecessor-version":[{"id":9455,"href":"https:\/\/www.worldofart.org\/arhiv.worldofart.org\/aktualno\/wp-json\/wp\/v2\/pages\/184\/revisions\/9455"}],"up":[{"embeddable":true,"href":"https:\/\/www.worldofart.org\/arhiv.worldofart.org\/aktualno\/wp-json\/wp\/v2\/pages\/183"}],"wp:attachment":[{"href":"https:\/\/www.worldofart.org\/arhiv.worldofart.org\/aktualno\/wp-json\/wp\/v2\/media?parent=184"}],"wp:term":[{"taxonomy":"category","embeddable":true,"href":"https:\/\/www.worldofart.org\/arhiv.worldofart.org\/aktualno\/wp-json\/wp\/v2\/categories?post=184"},{"taxonomy":"post_tag","embeddable":true,"href":"https:\/\/www.worldofart.org\/arhiv.worldofart.org\/aktualno\/wp-json\/wp\/v2\/tags?post=184"}],"curies":[{"name":"wp","href":"https:\/\/api.w.org\/{rel}","templated":true}]}}