{"id":189,"date":"2008-08-16T13:46:09","date_gmt":"2008-08-16T11:46:09","guid":{"rendered":"http:\/\/www.worldofart.org\/aktualno\/program-predavanj-200809\/"},"modified":"2018-07-17T09:17:30","modified_gmt":"2018-07-17T07:17:30","slug":"predavanja","status":"publish","type":"page","link":"https:\/\/www.worldofart.org\/arhiv.worldofart.org\/aktualno\/dvanajsti-letnik-20082009\/predavanja","title":{"rendered":"Predavanja 2008\/09"},"content":{"rendered":"<p class=\"leto\"><strong>2008<\/strong><\/p>\n<table width=\"100%\" border=\"0\" cellspacing=\"0\" cellpadding=\"0\">\n<tr>\n<td class=\"mesec\" width=\"20%\" valign=\"top\">november<\/td>\n<td class=\"tdprogramsredina\" width=\"20%\" valign=\"top\">ponedeljek,<br \/>\n10. 11. 2008, ob 20. uri<\/td>\n<td class=\"tdprogram\" width=\"60%\" valign=\"top\"><a href=\"https:\/\/www.worldofart.org\/arhiv.worldofart.org\/aktualno\/archives\/199\">Angela Harutyunyan: \u0160pranje zgodovine: Kolektivno pisanje in\/kot kuriranje<\/a>\n<\/td>\n<\/tr>\n<tr>\n<td class=\"mesec\" width=\"20%\" valign=\"top\">december<\/td>\n<td class=\"tdprogramsredina\" width=\"20%\" valign=\"top\">sreda,<br \/>\n10. 12. 2008, ob 19. uri<\/td>\n<td class=\"tdprogram\" width=\"60%\" valign=\"top\"><a href=\"https:\/\/www.worldofart.org\/arhiv.worldofart.org\/aktualno\/archives\/205\">Eda \u010cufer: Poklic dramaturg, kustos, urednik<\/a><\/td>\n<\/tr>\n<\/table>\n<p class=\"leto\"><strong>2009<\/strong><\/p>\n<table width=\"100%\" border=\"0\" cellspacing=\"0\" cellpadding=\"0\">\n<tr>\n<td class=\"mesec\" width=\"20%\" valign=\"top\">april<\/td>\n<td class=\"tdprogramsredina\" width=\"20%\" valign=\"top\">\u010detrtek,<br \/>\n9. 4. 2009, ob 19. uri<\/td>\n<td class=\"tdprogram\" width=\"60%\" valign=\"top\"><a href=\"https:\/\/www.worldofart.org\/arhiv.worldofart.org\/aktualno\/archives\/213\">Suzana Milevska: Pogajanja: kuratorske prakse v \u010dasu globalizacije<\/a><\/td>\n<\/tr>\n<tr>\n<td class=\"mesec\" width=\"20%\" valign=\"top\">maj<\/td>\n<td class=\"tdprogramsredina\" width=\"20%\" valign=\"top\">\u010detrtek,<br \/>\n14. 5. 2009, ob 20. uri<\/td>\n<td class=\"tdprogram\" width=\"60%\" valign=\"top\"><a href=\"https:\/\/www.worldofart.org\/arhiv.worldofart.org\/aktualno\/archives\/217\">Branislav Dimitrijevi\u0107: Everything Is Gonna Be: Katarina Zdjelar in Zoran Todorovi\u0107 na 53. Bene\u0161kem bienalu<\/a><\/td>\n<\/tr>\n<\/table>\n<p class=\"leto\"><strong>2010<\/strong><\/p>\n<table width=\"100%\" border=\"0\" cellspacing=\"0\" cellpadding=\"0\">\n<tr>\n<td class=\"mesec\" width=\"20%\" valign=\"top\">januar<\/td>\n<td class=\"tdprogramsredina\" width=\"20%\" valign=\"top\">\u010detrtek,<br \/>\n14. 1. 2010, ob 19. uri<\/td>\n<td class=\"tdprogram\" width=\"60%\" valign=\"top\"><a href=\"https:\/\/www.worldofart.org\/arhiv.worldofart.org\/aktualno\/archives\/230\">Angela Harutyunyan: Coming to You Not to Be With You<\/a><\/td>\n<\/tr>\n<\/table>\n","protected":false},"excerpt":{"rendered":"<p>2008 november ponedeljek, 10. 11. 2008, ob 20. uri Angela Harutyunyan: \u0160pranje zgodovine: Kolektivno pisanje in\/kot kuriranje december sreda, 10. 12. 2008, ob 19. uri Eda \u010cufer: Poklic dramaturg, kustos, urednik 2009 april \u010detrtek, 9. 4. 2009, ob 19. uri Suzana Milevska: Pogajanja: kuratorske prakse v \u010dasu globalizacije maj \u010detrtek, 14. 5. 2009, ob 20. [&hellip;]<\/p>\n","protected":false},"author":1,"featured_media":0,"parent":232,"menu_order":0,"comment_status":"closed","ping_status":"closed","template":"","meta":{"footnotes":""},"categories":[],"tags":[],"_links":{"self":[{"href":"https:\/\/www.worldofart.org\/arhiv.worldofart.org\/aktualno\/wp-json\/wp\/v2\/pages\/189"}],"collection":[{"href":"https:\/\/www.worldofart.org\/arhiv.worldofart.org\/aktualno\/wp-json\/wp\/v2\/pages"}],"about":[{"href":"https:\/\/www.worldofart.org\/arhiv.worldofart.org\/aktualno\/wp-json\/wp\/v2\/types\/page"}],"author":[{"embeddable":true,"href":"https:\/\/www.worldofart.org\/arhiv.worldofart.org\/aktualno\/wp-json\/wp\/v2\/users\/1"}],"replies":[{"embeddable":true,"href":"https:\/\/www.worldofart.org\/arhiv.worldofart.org\/aktualno\/wp-json\/wp\/v2\/comments?post=189"}],"version-history":[{"count":1,"href":"https:\/\/www.worldofart.org\/arhiv.worldofart.org\/aktualno\/wp-json\/wp\/v2\/pages\/189\/revisions"}],"predecessor-version":[{"id":9433,"href":"https:\/\/www.worldofart.org\/arhiv.worldofart.org\/aktualno\/wp-json\/wp\/v2\/pages\/189\/revisions\/9433"}],"up":[{"embeddable":true,"href":"https:\/\/www.worldofart.org\/arhiv.worldofart.org\/aktualno\/wp-json\/wp\/v2\/pages\/232"}],"wp:attachment":[{"href":"https:\/\/www.worldofart.org\/arhiv.worldofart.org\/aktualno\/wp-json\/wp\/v2\/media?parent=189"}],"wp:term":[{"taxonomy":"category","embeddable":true,"href":"https:\/\/www.worldofart.org\/arhiv.worldofart.org\/aktualno\/wp-json\/wp\/v2\/categories?post=189"},{"taxonomy":"post_tag","embeddable":true,"href":"https:\/\/www.worldofart.org\/arhiv.worldofart.org\/aktualno\/wp-json\/wp\/v2\/tags?post=189"}],"curies":[{"name":"wp","href":"https:\/\/api.w.org\/{rel}","templated":true}]}}