{"id":1894,"date":"2012-03-26T21:25:22","date_gmt":"2012-03-26T19:25:22","guid":{"rendered":"http:\/\/www.worldofart.org\/aktualno\/?page_id=1894"},"modified":"2018-06-18T18:22:46","modified_gmt":"2018-06-18T16:22:46","slug":"fotografije-predavanja-in-otvoritve","status":"publish","type":"page","link":"https:\/\/www.worldofart.org\/arhiv.worldofart.org\/aktualno\/stirinajsti-letnik-20112013\/atom2-a-je-to-umetnost-phantom-to-mindset\/fotografije-predavanja-in-otvoritve","title":{"rendered":"Fotografije predavanja in otvoritve"},"content":{"rendered":"<p><a href=\"https:\/\/www.worldofart.org\/arhiv.worldofart.org\/aktualno\/stirinajsti-letnik-20112013\/atom2-a-je-to-umetnost-phantom-to-mindset#printaj\"><strong>Printaj!<\/strong><\/a><br \/>\nRazstava umetni\u0161kih publikacij<\/p>\n<p><strong>15. 3. 2012\u201325. 3. 2012<\/strong><br \/>\n<a href=\"http:\/\/www.mglc-lj.si\/slo\/index.htm\" target=\"_blank\">MGLC<\/a>, Pod Turnom 3, 1000 Ljubljana<br \/>\n<strong>Predavanje in otvoritev: \u010detrtek, 15. 3. 2012 ob 19.00<\/strong><\/p>\n<hr \/>\n<p>Foto: Jasna Jernej\u0161ek, SCCA arhiv<\/p>\n<hr \/>\n<p>Foto: SCCA arhiv<br \/>\n<img decoding=\"async\" src=\"https:\/\/www.worldofart.org\/arhiv.worldofart.org\/aktualno\/wp-content\/2011-13\/printaj\/otvoritev-predavanje\/printaj-predavanje01.jpg\" alt=\"Otvoritveno predavanje v okviru razstave Printaj!\" \/><\/p>\n<p><img decoding=\"async\" src=\"https:\/\/www.worldofart.org\/arhiv.worldofart.org\/aktualno\/wp-content\/2011-13\/printaj\/otvoritev-predavanje\/printaj-predavanje02.jpg\" alt=\"Otvoritveno predavanje v okviru razstave Printaj!\" \/><\/p>\n<p>Foto: Jasna Jernej\u0161ek<br \/>\n<img decoding=\"async\" src=\"https:\/\/www.worldofart.org\/arhiv.worldofart.org\/aktualno\/wp-content\/2011-13\/printaj\/otvoritev-predavanje\/printaj-predavanje03.jpg\" alt=\"Otvoritveno predavanje v okviru razstave Printaj!\" \/><\/p>\n<p><img decoding=\"async\" src=\"https:\/\/www.worldofart.org\/arhiv.worldofart.org\/aktualno\/wp-content\/2011-13\/printaj\/otvoritev-predavanje\/printaj-predavanje04.jpg\" alt=\"Otvoritveno predavanje v okviru razstave Printaj!\" \/><\/p>\n<p><img decoding=\"async\" src=\"https:\/\/www.worldofart.org\/arhiv.worldofart.org\/aktualno\/wp-content\/2011-13\/printaj\/otvoritev-predavanje\/printaj-predavanje05.jpg\" alt=\"Otvoritveno predavanje v okviru razstave Printaj!\" \/><\/p>\n<p><img decoding=\"async\" src=\"https:\/\/www.worldofart.org\/arhiv.worldofart.org\/aktualno\/wp-content\/2011-13\/printaj\/otvoritev-predavanje\/printaj-predavanje06.jpg\" alt=\"Otvoritveno predavanje v okviru razstave Printaj!\" \/><\/p>\n<p><img decoding=\"async\" src=\"https:\/\/www.worldofart.org\/arhiv.worldofart.org\/aktualno\/wp-content\/2011-13\/printaj\/otvoritev-predavanje\/printaj-predavanje07.jpg\" alt=\"Otvoritveno predavanje v okviru razstave Printaj!\" \/><\/p>\n<p><img decoding=\"async\" src=\"https:\/\/www.worldofart.org\/arhiv.worldofart.org\/aktualno\/wp-content\/2011-13\/printaj\/otvoritev-predavanje\/printaj-predavanje08.jpg\" alt=\"Otvoritveno predavanje v okviru razstave Printaj!\" \/><\/p>\n<p><img decoding=\"async\" src=\"https:\/\/www.worldofart.org\/arhiv.worldofart.org\/aktualno\/wp-content\/2011-13\/printaj\/otvoritev-predavanje\/printaj-otvoritev1.jpg\" alt=\"Otvoritev razstave Printaj!\" \/><\/p>\n<p>Foto: SCCA arhiv<br \/>\n<img decoding=\"async\" src=\"https:\/\/www.worldofart.org\/arhiv.worldofart.org\/aktualno\/wp-content\/2011-13\/printaj\/otvoritev-predavanje\/printaj-otvoritev2.jpg\" alt=\"Otvoritev razstave Printaj!\" \/><\/p>\n<p><img decoding=\"async\" src=\"https:\/\/www.worldofart.org\/arhiv.worldofart.org\/aktualno\/wp-content\/2011-13\/printaj\/otvoritev-predavanje\/printaj-otvoritev3.jpg\" alt=\"Otvoritev razstave Printaj!\" \/><\/p>\n<p><img decoding=\"async\" src=\"https:\/\/www.worldofart.org\/arhiv.worldofart.org\/aktualno\/wp-content\/2011-13\/printaj\/otvoritev-predavanje\/printaj-otvoritev4.jpg\" alt=\"Otvoritev razstave Printaj!\" \/><\/p>\n<p>Foto: Jasna Jernej\u0161ek<br \/>\n<a href=\"https:\/\/www.worldofart.org\/arhiv.worldofart.org\/aktualno\/wp-content\/2011-13\/printaj\/otvoritev-predavanje\/Printaj-panorama.jpg\" rel=\"lightbox[1894]\"><img decoding=\"async\" src=\"https:\/\/www.worldofart.org\/arhiv.worldofart.org\/aktualno\/wp-content\/2011-13\/printaj\/otvoritev-predavanje\/Printaj-panorama450.jpg\" alt=\"panorama razstave Printaj!, foto: Jasna Jernej\u0161ek\" \/><\/a><\/p>\n","protected":false},"excerpt":{"rendered":"<p>Printaj! Razstava umetni\u0161kih publikacij 15. 3. 2012\u201325. 3. 2012 MGLC, Pod Turnom 3, 1000 Ljubljana Predavanje in otvoritev: \u010detrtek, 15. 3. 2012 ob 19.00 Foto: Jasna Jernej\u0161ek, SCCA arhiv Foto: SCCA arhiv Foto: Jasna Jernej\u0161ek Foto: SCCA arhiv Foto: Jasna Jernej\u0161ek<\/p>\n","protected":false},"author":1,"featured_media":0,"parent":1404,"menu_order":0,"comment_status":"closed","ping_status":"closed","template":"","meta":{"footnotes":""},"categories":[],"tags":[],"_links":{"self":[{"href":"https:\/\/www.worldofart.org\/arhiv.worldofart.org\/aktualno\/wp-json\/wp\/v2\/pages\/1894"}],"collection":[{"href":"https:\/\/www.worldofart.org\/arhiv.worldofart.org\/aktualno\/wp-json\/wp\/v2\/pages"}],"about":[{"href":"https:\/\/www.worldofart.org\/arhiv.worldofart.org\/aktualno\/wp-json\/wp\/v2\/types\/page"}],"author":[{"embeddable":true,"href":"https:\/\/www.worldofart.org\/arhiv.worldofart.org\/aktualno\/wp-json\/wp\/v2\/users\/1"}],"replies":[{"embeddable":true,"href":"https:\/\/www.worldofart.org\/arhiv.worldofart.org\/aktualno\/wp-json\/wp\/v2\/comments?post=1894"}],"version-history":[{"count":1,"href":"https:\/\/www.worldofart.org\/arhiv.worldofart.org\/aktualno\/wp-json\/wp\/v2\/pages\/1894\/revisions"}],"predecessor-version":[{"id":9578,"href":"https:\/\/www.worldofart.org\/arhiv.worldofart.org\/aktualno\/wp-json\/wp\/v2\/pages\/1894\/revisions\/9578"}],"up":[{"embeddable":true,"href":"https:\/\/www.worldofart.org\/arhiv.worldofart.org\/aktualno\/wp-json\/wp\/v2\/pages\/1404"}],"wp:attachment":[{"href":"https:\/\/www.worldofart.org\/arhiv.worldofart.org\/aktualno\/wp-json\/wp\/v2\/media?parent=1894"}],"wp:term":[{"taxonomy":"category","embeddable":true,"href":"https:\/\/www.worldofart.org\/arhiv.worldofart.org\/aktualno\/wp-json\/wp\/v2\/categories?post=1894"},{"taxonomy":"post_tag","embeddable":true,"href":"https:\/\/www.worldofart.org\/arhiv.worldofart.org\/aktualno\/wp-json\/wp\/v2\/tags?post=1894"}],"curies":[{"name":"wp","href":"https:\/\/api.w.org\/{rel}","templated":true}]}}