{"id":190,"date":"2008-08-16T13:50:52","date_gmt":"2008-08-16T11:50:52","guid":{"rendered":"http:\/\/www.worldofart.org\/aktualno\/enajsti-letnik-200708\/ekipa-200708\/"},"modified":"2018-07-12T12:06:40","modified_gmt":"2018-07-12T10:06:40","slug":"ekipa-200708","status":"publish","type":"page","link":"https:\/\/www.worldofart.org\/arhiv.worldofart.org\/aktualno\/enajsti-letnik-200708\/ekipa-200708","title":{"rendered":"Ekipa 2007\/08"},"content":{"rendered":"<p>Vodja \u0161ole:<\/p>\n<p><img loading=\"lazy\" decoding=\"async\" width=\"100\" height=\"100\" align=\"left\" style=\"margin-right: 10px; margin-bottom: 5px; margin-top: 3px; margin-left: 0px\" src=\"https:\/\/www.worldofart.org\/arhiv.worldofart.org\/aktualno\/wp-content\/2007-08\/ekipa-board\/sasa_nabergoj.jpg\" alt=\"Sa\u0161a Nabergoj\" \/><strong>Sa\u0161a (Glavan) Nabergoj (1971)<\/strong><br \/>\nKon\u010dala \u0161tudij umetnostne zgodovine na Univerzi v Ljubljani. Pomo\u010dnica direktorice SCCA, Zavoda za sodobno umetnost\u2013Ljubljana. \u010clanica mednarodnega zdru\u017eenja umetnostnih kritikov AICA (International Association of Art Critics, Pariz) in mednarodnega zdru\u017eenja kustosov sodobne umetnosti IKT (International Association of Curators of Contemporary Art, Amsterdam). \u010clanica uredni\u0161kega odbora Maske, \u010dasopisa za scenske umetnosti. Deluje kot kustosinja, piska, urednica in predavateljica na podro\u010dju sodobne umetnosti.<br \/>\nSodelavka v pedago\u0161kem oddelku Moderne Galerije v Ljubljani (1995 \u2013 1997). Sodelavka pri razstavnih in raziskovalnih projektih v Narodni Galeriji v Ljubljani (1996 \u2013 1997). Asistentka umetni\u0161kega vodje Galerije \u0160kuc, Ljubljana (1997). Sodelavka Sorosovega centra za sodobno umetnost \u2013 Ljubljana (1997 \u2013 1999). Od leta 2000 zaposlena na SCCA, Zavodu za sodobno umetnost &#8211; Ljubljana. Od 1997 objavlja tekste o sodobni umetnosti in kulturi v razli\u010dnih slovenskih in mednarodnih publikacijah (katalogi Galerije \u0160kuc, publikacije  AC Metelkova Mesto, umetnostne revije FlashArt\/Italija, ZDA, Umelec\/\u010ce\u0161ka, Zarez\/Hrvatska, M\u2019ars\/Slovenija, dnevni \u010dasopisi Ve\u010der, Delo,&#8230;). V letih 1999 in 2000 raziskovalka v raziskovalnem projektu Prostorska problematike alternativne kulture (vodje projekta: Nevenka Kopriv\u0161ek, Bratko Bibi\u010d) in raziskovalnem projektu Manifesta na doma\u010dem pragu Zavoda SCCA-Ljubljana (1999-2000). 2002 \u2013 2004 podpredsednica mednarodne mre\u017ee ICAN (International Contemporary Arts Network). Od leta 2003 do 2006 urednica za slovensko podro\u010dje Praesens, srednjeevropske revije za sodobno umetnost, Budimpe\u0161ta, Mad\u017earska.<\/p>\n<hr \/>\n<p>Asistentka \u0161ole:<\/p>\n<p><img loading=\"lazy\" decoding=\"async\" width=\"100\" height=\"100\" align=\"left\" style=\"margin-right: 10px; margin-bottom: 5px; margin-top: 3px; margin-left: 0px\" src=\"https:\/\/www.worldofart.org\/arhiv.worldofart.org\/aktualno\/wp-content\/2007-08\/ekipa-board\/maja_lozic.jpg\" alt=\"Maja Lozi\u0107 \" \/><strong>Maja Lozi\u0107 (1979)<\/strong><br \/>\nKon\u010dala \u0161tudij umetnostne zgodovine na Filozofski fakulteti v Ljubljani. Leta 2005\/06 je v okviru SCCA opravila Te\u010daj za kustose. Med leti 2006 in 2007 se je izpopolnjevala v Belgiji. V Extra City Center for Contemporary Art Antwerpen je kot vodja produkcije in asistentka umetnika sodelovala pri razstavi <em>More Stories on Absence<\/em>. V MuHKA (Museum of Contemporary Art Antwerpen) je sodelovala kot asistentka produkcijskega oddelka in asistentka kuratorjev. Od aprila 2007 sodeluje s Centrom in Galerijo P74. Je asistentka Marjetice Potr\u010d in redna sodelavka Radia \u0160tudent. Ekipi SCCA se je pridru\u017eila oktobra 2007.<\/p>\n<div style=\"margin: 5px; color: #fff\">.<\/div>\n<hr \/>\n<p>Sovoditeljica Laboratorija (skupaj s Sa\u0161o Nabergoj):<\/p>\n<p><img loading=\"lazy\" decoding=\"async\" width=\"100\" height=\"100\" align=\"left\" style=\"margin-right: 10px; margin-bottom: 5px; margin-top: 3px; margin-left: 0px\" src=\"https:\/\/www.worldofart.org\/arhiv.worldofart.org\/aktualno\/wp-content\/2007-08\/ekipa-board\/petja_grafenauer_krnc.jpg\" alt=\"Petja Grafenauer Krnc\" \/><strong>Petja Grafenauer Krnc (1976)<\/strong><br \/>\nJe neodvisna likovna kriti\u010darka in kuratorka. Kon\u010duje doktorski \u0161tudij Zgodovinske antropologije likovnega na ISH v Ljubljani ter dodiplomski \u0161tudij Primerjalne knji\u017eevnosti in literarne teorije na Filozofski fakulteti v Ljubljani. Redno objavlja v \u010dasopisu Dnevnik in na Radiu \u0160tudent, kjer je bila od 2006-2007 urednica Redakcije za kulturo in humanisti\u010dne vede. Sodeluje z Galerijo Ganes Pratt.<\/p>\n<div style=\"margin: 24px; color: #fff\">.<\/div>\n<hr \/>\n<p>Svetovalka \u0161ole:<\/p>\n<p><img loading=\"lazy\" decoding=\"async\" width=\"100\" height=\"100\" align=\"left\" style=\"margin-right: 10px; margin-bottom: 5px; margin-top: 3px; margin-left: 0px\" src=\"https:\/\/www.worldofart.org\/arhiv.worldofart.org\/aktualno\/wp-content\/2007-08\/ekipa-board\/barbara_borcic.jpg\" alt=\"Barbara Bor\u010di\u0107\" \/><strong>Barbara Bor\u010di\u0107 (1954)<\/strong><br \/>\nUmetnostna zgodovinarka in anglistka. Direktorica Zavoda za sodobno umetnost SCCA\u2013Ljubljana. Na podro\u010dju sodobne umetnosti deluje kot kustosinja, publicistka, urednica in avtorica knjig s statusom samostojne ustvarjalke na podro\u010dju kulture. Prejemnica priznanja Izidorja Cankarja (2005). \u010clanica mednarodnega zdru\u017eenja umetnostnih kritikov AICA (International Association of Art Critics, Pariz) in mednarodnega zdru\u017eenja kustosov sodobne umetnosti IKT (International Association of Curators of Contemporary Art, Amsterdam) in upravnega odbora Asociacije, Dru\u0161tva nevladnih organizacij in samostojnih ustvarjalcev na podro\u010dju kulture in umetnosti.<\/p>\n<p>Vodja projektov v okviru Zavoda SCCA-Ljubljana: <em>Videodokument: Video umetnost v slovenskem prostoru 1969-1998, Videospotting, Internet Portfolio, PlatformaSCCA, Manifesta na doma\u010dem pragu, Kaj storiti z Balkansko umetnostjo, Kaj storiti z avdiovizualnimi arhivi<\/em> in sourednica knji\u017ene zbirke <em>\u017depna<\/em> in publikacij <em>PlatformaSCCA.<\/em><\/p>\n<p>Umetni\u0161ki vodja ljubljanske Galerije \u0160kuc (1982\u20131985), sodelavka zalo\u017ebe Studia humanitatis (1986\u20131993), odgovorna urednica revije Likovne besede (1991\u20131992); od leta 1993 zaposlena na Zavodu za odprto dru\u017ebo \u2013 Slovenija (Open Society Institute \u2013 Slovenia) kot asistentka direktorice Sorosovega centra za sodobne umetnosti-Ljubljana (SCCA-Ljubljana) in kot njegova direktorica (1997\u20131999). <\/p>\n<hr \/>\n<p>Svetovalec za finance in odnose z javnostmi:<\/p>\n<p><img loading=\"lazy\" decoding=\"async\" width=\"100\" height=\"100\" align=\"left\" style=\"margin-right: 10px; margin-bottom: 5px; margin-top: 3px; margin-left: 0px\" src=\"https:\/\/www.worldofart.org\/arhiv.worldofart.org\/aktualno\/wp-content\/2007-08\/ekipa-board\/dusan_dovc.jpg\" alt=\"Du\u0161an Dov\u010d\" \/><strong>Du\u0161an Dov\u010d (1973)<\/strong><br \/>\nObiskoval Gimnazijo Poljane in nadaljeval \u0161tudij slovenskega jezika in primerjalne knji\u017eevnosti na Filozofski fakulteti v Ljubljani. Od leta 1997 dela v kulturi. Od leta 2004 zaposlen kot vodja produkcije, vodja fundraisinga in odnosov z javnostmi na SCCA, Zavodu za sodobno umetnost \u2013 Ljubljana.<\/p>\n","protected":false},"excerpt":{"rendered":"<p>Vodja \u0161ole: Sa\u0161a (Glavan) Nabergoj (1971) Kon\u010dala \u0161tudij umetnostne zgodovine na Univerzi v Ljubljani. Pomo\u010dnica direktorice SCCA, Zavoda za sodobno umetnost\u2013Ljubljana. \u010clanica mednarodnega zdru\u017eenja umetnostnih kritikov AICA (International Association of Art Critics, Pariz) in mednarodnega zdru\u017eenja kustosov sodobne umetnosti IKT (International Association of Curators of Contemporary Art, Amsterdam). \u010clanica uredni\u0161kega odbora Maske, \u010dasopisa za scenske [&hellip;]<\/p>\n","protected":false},"author":1,"featured_media":0,"parent":180,"menu_order":0,"comment_status":"closed","ping_status":"closed","template":"","meta":{"footnotes":""},"categories":[],"tags":[],"_links":{"self":[{"href":"https:\/\/www.worldofart.org\/arhiv.worldofart.org\/aktualno\/wp-json\/wp\/v2\/pages\/190"}],"collection":[{"href":"https:\/\/www.worldofart.org\/arhiv.worldofart.org\/aktualno\/wp-json\/wp\/v2\/pages"}],"about":[{"href":"https:\/\/www.worldofart.org\/arhiv.worldofart.org\/aktualno\/wp-json\/wp\/v2\/types\/page"}],"author":[{"embeddable":true,"href":"https:\/\/www.worldofart.org\/arhiv.worldofart.org\/aktualno\/wp-json\/wp\/v2\/users\/1"}],"replies":[{"embeddable":true,"href":"https:\/\/www.worldofart.org\/arhiv.worldofart.org\/aktualno\/wp-json\/wp\/v2\/comments?post=190"}],"version-history":[{"count":1,"href":"https:\/\/www.worldofart.org\/arhiv.worldofart.org\/aktualno\/wp-json\/wp\/v2\/pages\/190\/revisions"}],"predecessor-version":[{"id":9445,"href":"https:\/\/www.worldofart.org\/arhiv.worldofart.org\/aktualno\/wp-json\/wp\/v2\/pages\/190\/revisions\/9445"}],"up":[{"embeddable":true,"href":"https:\/\/www.worldofart.org\/arhiv.worldofart.org\/aktualno\/wp-json\/wp\/v2\/pages\/180"}],"wp:attachment":[{"href":"https:\/\/www.worldofart.org\/arhiv.worldofart.org\/aktualno\/wp-json\/wp\/v2\/media?parent=190"}],"wp:term":[{"taxonomy":"category","embeddable":true,"href":"https:\/\/www.worldofart.org\/arhiv.worldofart.org\/aktualno\/wp-json\/wp\/v2\/categories?post=190"},{"taxonomy":"post_tag","embeddable":true,"href":"https:\/\/www.worldofart.org\/arhiv.worldofart.org\/aktualno\/wp-json\/wp\/v2\/tags?post=190"}],"curies":[{"name":"wp","href":"https:\/\/api.w.org\/{rel}","templated":true}]}}