{"id":1904,"date":"2012-03-26T21:58:15","date_gmt":"2012-03-26T19:58:15","guid":{"rendered":"http:\/\/www.worldofart.org\/aktualno\/?page_id=1904"},"modified":"2018-06-18T18:22:24","modified_gmt":"2018-06-18T16:22:24","slug":"fotodnevnik-studijske-ekskurzije-zurich-v-ljubljani","status":"publish","type":"page","link":"https:\/\/www.worldofart.org\/arhiv.worldofart.org\/aktualno\/fotodnevnik-studijske-ekskurzije-zurich-v-ljubljani","title":{"rendered":"Fotodnevnik \u0161tudijske ekskurzije Z\u00fcrich v Ljubljani (14.\u201316. 3. 2012)"},"content":{"rendered":"<p><a href=\"https:\/\/www.worldofart.org\/arhiv.worldofart.org\/aktualno\/wp-content\/2011-13\/Introduction-for-visiting-students.pdf\" target=\"_blank\"><strong>Spremljevalni program (pdf)<\/strong><\/a><br \/>\n[namenjen te\u010dajnikom 14. leta Sveta umetnosti, \u0161tudentom magistrskega \u0161tudija kuratorstva iz Z\u00fcricha in u\u010dencem \u0161ole za pisanje kritike sodobne umetnosti iz Zagreba]<\/p>\n<p>Pripravili: Sa\u0161a Nabergoj z <a href=\"https:\/\/www.worldofart.org\/arhiv.worldofart.org\/aktualno\/stirinajsti-letnik-20112013\/udelezenci-sole-20112013\">Majo Alibegovi\u0107, Majo Anton\u010di\u010d, Lenko \u0110orojevi\u0107, Jasno Jernej\u0161ek, Miho Kelemino, Darijo Kova\u010di\u010d, Nino Skumavc, Nino Sotel\u0161ek, Denisom Volkom<\/a><br \/>\nOblikovanje: Maja Alibegovi\u0107<\/p>\n<hr \/>\n<p>Foto: Jasna Jernej\u0161ek, SCCA arhiv<\/p>\n<hr \/>\n<p><strong>Sreda, 14. marec 2012<\/strong><\/p>\n<p><img decoding=\"async\" src=\"https:\/\/www.worldofart.org\/arhiv.worldofart.org\/aktualno\/wp-content\/2011-13\/printaj\/fotodnevnik450\/1sreda\/01.jpg\" title=\"SCCA\" \/><\/p>\n<p><img decoding=\"async\" src=\"https:\/\/www.worldofart.org\/arhiv.worldofart.org\/aktualno\/wp-content\/2011-13\/printaj\/fotodnevnik450\/1sreda\/02.jpg\" title=\"SCCA\" \/><\/p>\n<p><img decoding=\"async\" src=\"https:\/\/www.worldofart.org\/arhiv.worldofart.org\/aktualno\/wp-content\/2011-13\/printaj\/fotodnevnik450\/1sreda\/04.jpg\" title=\"MSUM\" \/><\/p>\n<p><img decoding=\"async\" src=\"https:\/\/www.worldofart.org\/arhiv.worldofart.org\/aktualno\/wp-content\/2011-13\/printaj\/fotodnevnik450\/1sreda\/05.jpg\" title=\"MSUM\" \/><\/p>\n<p><img decoding=\"async\" src=\"https:\/\/www.worldofart.org\/arhiv.worldofart.org\/aktualno\/wp-content\/2011-13\/printaj\/fotodnevnik450\/1sreda\/06.jpg\" title=\"MSUM\" \/><\/p>\n<p><img decoding=\"async\" src=\"https:\/\/www.worldofart.org\/arhiv.worldofart.org\/aktualno\/wp-content\/2011-13\/printaj\/fotodnevnik450\/1sreda\/07.jpg\" title=\"MSUM\" \/><\/p>\n<p><img decoding=\"async\" src=\"https:\/\/www.worldofart.org\/arhiv.worldofart.org\/aktualno\/wp-content\/2011-13\/printaj\/fotodnevnik450\/1sreda\/08.jpg\" title=\"MSUM\" \/><\/p>\n<p><img decoding=\"async\" src=\"https:\/\/www.worldofart.org\/arhiv.worldofart.org\/aktualno\/wp-content\/2011-13\/printaj\/fotodnevnik450\/1sreda\/09.jpg\" title=\"Galerija Alkatraz\" \/><\/p>\n<p><img decoding=\"async\" src=\"https:\/\/www.worldofart.org\/arhiv.worldofart.org\/aktualno\/wp-content\/2011-13\/printaj\/fotodnevnik450\/1sreda\/10.jpg\" title=\"Galerija Alkatraz\" \/><\/p>\n<hr \/>\n<p><strong>\u010cetrtek, 15. marec 2012<\/strong><\/p>\n<p><img decoding=\"async\" src=\"https:\/\/www.worldofart.org\/arhiv.worldofart.org\/aktualno\/wp-content\/2011-13\/printaj\/fotodnevnik450\/2cetrtek\/01.jpg\" title=\"Galeriji Metropolis\" \/><\/p>\n<p><img decoding=\"async\" src=\"https:\/\/www.worldofart.org\/arhiv.worldofart.org\/aktualno\/wp-content\/2011-13\/printaj\/fotodnevnik450\/2cetrtek\/02.jpg\" title=\"Moderna galerija, stalna zbirka, foto: Jasna Jernej\u0161ek\" \/><\/p>\n<p><img decoding=\"async\" src=\"https:\/\/www.worldofart.org\/arhiv.worldofart.org\/aktualno\/wp-content\/2011-13\/printaj\/fotodnevnik450\/2cetrtek\/03.jpg\" title=\"Moderna galerija, stalna zbirka, foto: Jasna Jernej\u0161ek\" \/><\/p>\n<p><img decoding=\"async\" src=\"https:\/\/www.worldofart.org\/arhiv.worldofart.org\/aktualno\/wp-content\/2011-13\/printaj\/fotodnevnik450\/2cetrtek\/04.jpg\" title=\"Moderna galerija, stalna zbirka, foto: Jasna Jernej\u0161ek\" \/><\/p>\n<p><img decoding=\"async\" src=\"https:\/\/www.worldofart.org\/arhiv.worldofart.org\/aktualno\/wp-content\/2011-13\/printaj\/fotodnevnik450\/2cetrtek\/05.jpg\" title=\"Moderna galerija, stalna zbirka, foto: Jasna Jernej\u0161ek\" \/><\/p>\n<p><img decoding=\"async\" src=\"https:\/\/www.worldofart.org\/arhiv.worldofart.org\/aktualno\/wp-content\/2011-13\/printaj\/fotodnevnik450\/2cetrtek\/06.jpg\" title=\"Moderna galerija, foto: Jasna Jernej\u0161ek\" \/><\/p>\n<p><img decoding=\"async\" src=\"https:\/\/www.worldofart.org\/arhiv.worldofart.org\/aktualno\/wp-content\/2011-13\/printaj\/fotodnevnik450\/2cetrtek\/07.jpg\" title=\"Moderna galerija, foto: Jasna Jernej\u0161ek\" \/><\/p>\n<p><a href=\"https:\/\/www.worldofart.org\/arhiv.worldofart.org\/aktualno\/wp-content\/2011-13\/printaj\/fotodnevnik450\/2cetrtek\/08-panorama.jpg\" rel=\"lightbox[1904]\"><img decoding=\"async\" src=\"https:\/\/www.worldofart.org\/arhiv.worldofart.org\/aktualno\/wp-content\/2011-13\/printaj\/fotodnevnik450\/2cetrtek\/08.jpg\" title=\"Moderna galerija, razstava Metke Kra\u0161ovec, foto: Jasna Jernej\u0161ek\" \/><\/a><\/p>\n<p><a href=\"https:\/\/www.worldofart.org\/arhiv.worldofart.org\/aktualno\/wp-content\/2011-13\/printaj\/fotodnevnik450\/2cetrtek\/09-panorama.jpg\" rel=\"lightbox[1904]\"><img decoding=\"async\" src=\"https:\/\/www.worldofart.org\/arhiv.worldofart.org\/aktualno\/wp-content\/2011-13\/printaj\/fotodnevnik450\/2cetrtek\/09.jpg\" title=\"Moderna galerija, razstava Metke Kra\u0161ovec, foto: Jasna Jernej\u0161ek\" \/><\/a><\/p>\n<p><img decoding=\"async\" src=\"https:\/\/www.worldofart.org\/arhiv.worldofart.org\/aktualno\/wp-content\/2011-13\/printaj\/fotodnevnik450\/2cetrtek\/10.jpg\" title=\"MGLC, foto: Jasna Jernej\u0161ek\" \/><\/p>\n<p><img decoding=\"async\" src=\"https:\/\/www.worldofart.org\/arhiv.worldofart.org\/aktualno\/wp-content\/2011-13\/printaj\/fotodnevnik450\/2cetrtek\/11.jpg\" title=\"MGLC, foto: Jasna Jernej\u0161ek\" \/><\/p>\n<p><img decoding=\"async\" src=\"https:\/\/www.worldofart.org\/arhiv.worldofart.org\/aktualno\/wp-content\/2011-13\/printaj\/fotodnevnik450\/2cetrtek\/12.jpg\" title=\"MGLC, foto: Jasna Jernej\u0161ek\" \/><\/p>\n<hr \/>\n<p><strong>Petek, 16. marec 2012<\/strong><\/p>\n<p><img decoding=\"async\" src=\"https:\/\/www.worldofart.org\/arhiv.worldofart.org\/aktualno\/wp-content\/2011-13\/printaj\/fotodnevnik450\/3petek\/01.jpg\" title=\"Mestna galerija, foto: Jasna Jernej\u0161ek\" \/><\/p>\n<p><img decoding=\"async\" src=\"https:\/\/www.worldofart.org\/arhiv.worldofart.org\/aktualno\/wp-content\/2011-13\/printaj\/fotodnevnik450\/3petek\/02.jpg\" title=\"Mestna galerija, foto: Jasna Jernej\u0161ek\" \/><\/p>\n<p><img decoding=\"async\" src=\"https:\/\/www.worldofart.org\/arhiv.worldofart.org\/aktualno\/wp-content\/2011-13\/printaj\/fotodnevnik450\/3petek\/03.jpg\" title=\"Mestna galerija, foto: Jasna Jernej\u0161ek\" \/><\/p>\n<p><img decoding=\"async\" src=\"https:\/\/www.worldofart.org\/arhiv.worldofart.org\/aktualno\/wp-content\/2011-13\/printaj\/fotodnevnik450\/3petek\/04.jpg\" title=\"Mestna galerija, foto: Jasna Jernej\u0161ek\" \/><\/p>\n<p><img decoding=\"async\" src=\"https:\/\/www.worldofart.org\/arhiv.worldofart.org\/aktualno\/wp-content\/2011-13\/printaj\/fotodnevnik450\/3petek\/05.jpg\" title=\"Mestna galerija, foto: Jasna Jernej\u0161ek\" \/><\/p>\n<p><img decoding=\"async\" src=\"https:\/\/www.worldofart.org\/arhiv.worldofart.org\/aktualno\/wp-content\/2011-13\/printaj\/fotodnevnik450\/3petek\/06.jpg\" title=\"Galerija \u0160kuc, foto: Jasna Jernej\u0161ek\" \/><\/p>\n<p><img decoding=\"async\" src=\"https:\/\/www.worldofart.org\/arhiv.worldofart.org\/aktualno\/wp-content\/2011-13\/printaj\/fotodnevnik450\/3petek\/07.jpg\" title=\"Aksioma, foto: Jasna Jernej\u0161ek\" \/><\/p>\n<p><img decoding=\"async\" src=\"https:\/\/www.worldofart.org\/arhiv.worldofart.org\/aktualno\/wp-content\/2011-13\/printaj\/fotodnevnik450\/3petek\/08.jpg\" title=\"Aksioma, foto: Jasna Jernej\u0161ek\" \/><\/p>\n<p><img decoding=\"async\" src=\"https:\/\/www.worldofart.org\/arhiv.worldofart.org\/aktualno\/wp-content\/2011-13\/printaj\/fotodnevnik450\/3petek\/09.jpg\" title=\"Aksioma, foto: Jasna Jernej\u0161ek\" \/><\/p>\n<p><img decoding=\"async\" src=\"https:\/\/www.worldofart.org\/arhiv.worldofart.org\/aktualno\/wp-content\/2011-13\/printaj\/fotodnevnik450\/3petek\/10.jpg\" title=\"Galerija Photon, foto: Jasna Jernej\u0161ek\" \/><\/p>\n<p><a href=\"https:\/\/www.worldofart.org\/arhiv.worldofart.org\/aktualno\/wp-content\/2011-13\/printaj\/fotodnevnik450\/3petek\/11-panorama.jpg\" rel=\"lightbox[1904]\"><img decoding=\"async\" src=\"https:\/\/www.worldofart.org\/arhiv.worldofart.org\/aktualno\/wp-content\/2011-13\/printaj\/fotodnevnik450\/3petek\/11.jpg\" title=\"Galerija Photon, foto: Jasna Jernej\u0161ek\" \/><br \/>\n<\/a><br \/>\n<img decoding=\"async\" src=\"https:\/\/www.worldofart.org\/arhiv.worldofart.org\/aktualno\/wp-content\/2011-13\/printaj\/fotodnevnik450\/3petek\/12.jpg\" title=\"Galerija P74, foto: Jasna Jernej\u0161ek\" \/><\/p>\n<p><img decoding=\"async\" src=\"https:\/\/www.worldofart.org\/arhiv.worldofart.org\/aktualno\/wp-content\/2011-13\/printaj\/fotodnevnik450\/3petek\/13.jpg\" title=\"Galerija P74, foto: Jasna Jernej\u0161ek\" \/><\/p>\n","protected":false},"excerpt":{"rendered":"<p>Spremljevalni program (pdf) [namenjen te\u010dajnikom 14. leta Sveta umetnosti, \u0161tudentom magistrskega \u0161tudija kuratorstva iz Z\u00fcricha in u\u010dencem \u0161ole za pisanje kritike sodobne umetnosti iz Zagreba] Pripravili: Sa\u0161a Nabergoj z Majo Alibegovi\u0107, Majo Anton\u010di\u010d, Lenko \u0110orojevi\u0107, Jasno Jernej\u0161ek, Miho Kelemino, Darijo Kova\u010di\u010d, Nino Skumavc, Nino Sotel\u0161ek, Denisom Volkom Oblikovanje: Maja Alibegovi\u0107 Foto: Jasna Jernej\u0161ek, SCCA arhiv [&hellip;]<\/p>\n","protected":false},"author":1,"featured_media":0,"parent":0,"menu_order":0,"comment_status":"closed","ping_status":"closed","template":"","meta":{"footnotes":""},"categories":[],"tags":[],"_links":{"self":[{"href":"https:\/\/www.worldofart.org\/arhiv.worldofart.org\/aktualno\/wp-json\/wp\/v2\/pages\/1904"}],"collection":[{"href":"https:\/\/www.worldofart.org\/arhiv.worldofart.org\/aktualno\/wp-json\/wp\/v2\/pages"}],"about":[{"href":"https:\/\/www.worldofart.org\/arhiv.worldofart.org\/aktualno\/wp-json\/wp\/v2\/types\/page"}],"author":[{"embeddable":true,"href":"https:\/\/www.worldofart.org\/arhiv.worldofart.org\/aktualno\/wp-json\/wp\/v2\/users\/1"}],"replies":[{"embeddable":true,"href":"https:\/\/www.worldofart.org\/arhiv.worldofart.org\/aktualno\/wp-json\/wp\/v2\/comments?post=1904"}],"version-history":[{"count":2,"href":"https:\/\/www.worldofart.org\/arhiv.worldofart.org\/aktualno\/wp-json\/wp\/v2\/pages\/1904\/revisions"}],"predecessor-version":[{"id":9458,"href":"https:\/\/www.worldofart.org\/arhiv.worldofart.org\/aktualno\/wp-json\/wp\/v2\/pages\/1904\/revisions\/9458"}],"wp:attachment":[{"href":"https:\/\/www.worldofart.org\/arhiv.worldofart.org\/aktualno\/wp-json\/wp\/v2\/media?parent=1904"}],"wp:term":[{"taxonomy":"category","embeddable":true,"href":"https:\/\/www.worldofart.org\/arhiv.worldofart.org\/aktualno\/wp-json\/wp\/v2\/categories?post=1904"},{"taxonomy":"post_tag","embeddable":true,"href":"https:\/\/www.worldofart.org\/arhiv.worldofart.org\/aktualno\/wp-json\/wp\/v2\/tags?post=1904"}],"curies":[{"name":"wp","href":"https:\/\/api.w.org\/{rel}","templated":true}]}}