{"id":236,"date":"2010-02-26T19:35:44","date_gmt":"2010-02-26T17:35:44","guid":{"rendered":"http:\/\/www.worldofart.org\/aktualno\/kako-sodelovati\/"},"modified":"2018-09-20T12:43:20","modified_gmt":"2018-09-20T10:43:20","slug":"vpis","status":"publish","type":"page","link":"https:\/\/www.worldofart.org\/arhiv.worldofart.org\/aktualno\/vpis","title":{"rendered":"Vpis"},"content":{"rendered":"<p><b>\u0160ola za kuratorske prakse in kriti\u0161ko pisanje Svet umetnosti <\/b>odpira svoja vrata 17. generaciji udele\u017eenk in udele\u017eencev.<\/p>\n<p>\u0160ola Svet umetnosti je edini izobra\u017eevalni program na podro\u010dju kuratorskih praks v Sloveniji. Ustanovljena je bila leta 1996\/1997, do sedaj jo je obiskovalo ve\u010d kot 150 udele\u017eenk in udele\u017eencev, ve\u010dina med njimi pa danes aktivno sooblikuje umetni\u0161ki prostor. Gre za dvoletni program, ki se na podlagi bogatih izku\u0161enj ves \u010das nadgrajuje in posodablja. Prvi letnik je sestavljen iz sedmih, drugi pa iz petih modulov, ki vklju\u010dujejo predavanja, delavnice, prakti\u010dno in terensko delo. Prihodnje kuratorke in kuratorji se na \u0161oli seznanijo z zgodovino kuratorskih praks, spoznajo \u0161tevilne podro\u010dne strokovnjake in strokovnjakinje, dobijo vpogled v kriti\u0161ki in teoretski aparat, ki jim bo v pomo\u010d pri nadaljnjem delu na podro\u010dju sodobne vizualne umetnosti, predvsem pa pridobijo ve\u0161\u010dine in metode prakti\u010dnega dela.<\/p>\n<p><b>Prvi letnik (oktober 2018\u2013junij 2019)<\/b> je posve\u010den pridobivanju umetnostnozgodovinskih, teoretskih in metodolo\u0161kih znanj. Udele\u017eenke in udele\u017eenci se bodo spoznali z umetnostnim sistemom, kulturnimi politikami, zgodovino razstavljanja in kuratorskih praks. Posvetili se bomo tudi pisanju o sodobni umetnosti, analizi umetni\u0161kih del in spoznavanju dela kuratorjev in kuratork.<\/p>\n<p><b>Drugi letnik (september 2018\u2013junij 2019)<\/b> je posve\u010den kuratorskim in kriti\u0161kim \u0161tudijam ter prakti\u010dnemu delu. Program vklju\u010duje obiske ateljejev, kuratorsko mapiranje, seminarje, raziskovalno delo in module o prakti\u010dnem delu ter snovanju razstave. Na rednih tedenskih kuratorskih sre\u010danjih z mentorjema Alenko Gregori\u010d in Miranom Moharjem bodo udele\u017eenci in udele\u017eenke zasnovali in realizirali kon\u010dno razstavo in spremljevalne dogodke.<\/p>\n<p>Ob koncu prvega letnika udele\u017eenci in udele\u017eenke pripravijo virtualno razstavo, na podlagi te in uspe\u0161nega dela v prvem letniku je izbrana manj\u0161a skupina, ki napredujejo v drugi letnik.<\/p>\n<p><a href=\"https:\/\/www.worldofart.org\/arhiv.worldofart.org\/aktualno\/sedemnajsto-leto-2018-2020\">Ve\u010d o programu<\/a><\/p>\n<p>Redna sre\u010danja potekajo ob \u010detrtkih med 16. in 19.30 uro v Projektni sobi SCCA na Metelkovi 6 v Ljubljani.<\/p>\n<p><img loading=\"lazy\" decoding=\"async\" src=\"https:\/\/www.worldofart.org\/arhiv.worldofart.org\/aktualno\/wp-content\/uploads\/2018\/08\/SU-leto17_vpis.gif\" alt=\"\" width=\"730\" height=\"411\" \/><\/p>\n<p><b>VPIS V 17. GENERACIJO \u0160OLE (2018\u20132020)<\/b><\/p>\n<p>Vpis v <b>17. generacijo \u0161ole Svet umetnosti <\/b>je odprt do <b>23. septembra 2018. <\/b>Program je namenjen vsem, ki jih zanima delo na podro\u010dju sodobne vizualne umetnosti in teorije, ne glede na izku\u0161nje, starost in izobrazbo.<\/p>\n<p>Prijavite se tako, da po\u0161ljete<a href=\"https:\/\/www.worldofart.org\/arhiv.worldofart.org\/aktualno\/prijavnica\"> <b>izpolnjeno elektronsko prijavnico<\/b><\/a>, <b>svoj \u017eivljenjepis<\/b> in <b>motivacijsko pismo<\/b>.<\/p>\n<p>V primeru, da imate te\u017eave z elektronsko prijavo, lahko oddate prijavo tudi na e-naslov svetumetnosti@scca-ljubljana.si ali jo po\u0161ljete po po\u0161ti na naslov: SCCA\u2013Ljubljana, Metelkova 6, 1000 Ljubljana.<\/p>\n<p>Za vsa morebitna vpra\u0161anja se obrnite na miha.kelemina@scca-ljubljana.si.<\/p>\n<p>Kandidatke in kandidati, ki se bodo na podlagi poslanega gradiva uvrstili v o\u017eji izbor, bomo povabili na razgovor, ki bo predvidoma v torek, 27. septembra 2018.<\/p>\n<p><b>\u0160OLNINA<\/b><\/p>\n<p>\u0160ola Svet umetnosti je pla\u010dljiva, vi\u0161ino \u0161olnine dolo\u010dimo pred za\u010detkom \u0161ole, odvisna pa je od obsega letnega u\u010dnega programa, \u00a0\u0161tevila aktivnost, vpisanih udele\u017eencev in udele\u017eenk, spremljevalnih dogodkov, gostujo\u010dih predavateljev in predavateljic ter od vi\u0161ine sredstev, ki jih \u0161ola pridobi preko razpisov in od sponzorjev. <u><\/u><u><\/u><\/p>\n<p>\u0160olnina za prvo \u0161olsko leto (oktober 2018\u2013junij 2019) zna\u0161a 350,00 EUR (za zaposlene) oz. 300,00 EUR (za brezposelne, \u0161tudente, \u0161tudentke in samozaposlene), namenjena je izvajanju u\u010dnega programa.<u><\/u><u><\/u><\/p>\n<p>\u0160olnina za drugo \u0161olsko leto (september 2019\u2013junij 2020) zna\u0161a 500,00 EUR , namenjena je izvajanju u\u010dnega programa in za\u010detnemu kapitalu kon\u010dne razstave, ki jo bodo udele\u017eenci in udele\u017eenke pripravili v Galeriji \u0160KUC.<u><\/u><u><\/u><\/p>\n<p>Omogo\u010damo obro\u010dno odpla\u010devanje \u0161olnine. Znesek \u0161olnine \u017ee vklju\u010duje DDV.<\/p>\n<p>Vabljeni, vabljene k vpisu!<\/p>\n","protected":false},"excerpt":{"rendered":"<p>\u0160ola za kuratorske prakse in kriti\u0161ko pisanje Svet umetnosti odpira svoja vrata 17. generaciji udele\u017eenk in udele\u017eencev. \u0160ola Svet umetnosti je edini izobra\u017eevalni program na podro\u010dju kuratorskih praks v Sloveniji. Ustanovljena je bila leta 1996\/1997, do sedaj jo je obiskovalo ve\u010d kot 150 udele\u017eenk in udele\u017eencev, ve\u010dina med njimi pa danes aktivno sooblikuje umetni\u0161ki prostor. [&hellip;]<\/p>\n","protected":false},"author":1,"featured_media":0,"parent":0,"menu_order":0,"comment_status":"closed","ping_status":"closed","template":"","meta":{"footnotes":""},"categories":[],"tags":[],"_links":{"self":[{"href":"https:\/\/www.worldofart.org\/arhiv.worldofart.org\/aktualno\/wp-json\/wp\/v2\/pages\/236"}],"collection":[{"href":"https:\/\/www.worldofart.org\/arhiv.worldofart.org\/aktualno\/wp-json\/wp\/v2\/pages"}],"about":[{"href":"https:\/\/www.worldofart.org\/arhiv.worldofart.org\/aktualno\/wp-json\/wp\/v2\/types\/page"}],"author":[{"embeddable":true,"href":"https:\/\/www.worldofart.org\/arhiv.worldofart.org\/aktualno\/wp-json\/wp\/v2\/users\/1"}],"replies":[{"embeddable":true,"href":"https:\/\/www.worldofart.org\/arhiv.worldofart.org\/aktualno\/wp-json\/wp\/v2\/comments?post=236"}],"version-history":[{"count":80,"href":"https:\/\/www.worldofart.org\/arhiv.worldofart.org\/aktualno\/wp-json\/wp\/v2\/pages\/236\/revisions"}],"predecessor-version":[{"id":13680,"href":"https:\/\/www.worldofart.org\/arhiv.worldofart.org\/aktualno\/wp-json\/wp\/v2\/pages\/236\/revisions\/13680"}],"wp:attachment":[{"href":"https:\/\/www.worldofart.org\/arhiv.worldofart.org\/aktualno\/wp-json\/wp\/v2\/media?parent=236"}],"wp:term":[{"taxonomy":"category","embeddable":true,"href":"https:\/\/www.worldofart.org\/arhiv.worldofart.org\/aktualno\/wp-json\/wp\/v2\/categories?post=236"},{"taxonomy":"post_tag","embeddable":true,"href":"https:\/\/www.worldofart.org\/arhiv.worldofart.org\/aktualno\/wp-json\/wp\/v2\/tags?post=236"}],"curies":[{"name":"wp","href":"https:\/\/api.w.org\/{rel}","templated":true}]}}